{"id":9996,"date":"2019-02-10T18:12:25","date_gmt":"2019-02-10T17:12:25","guid":{"rendered":"http:\/\/emblemedequebec.marret.co\/?page_id=9996"},"modified":"2024-10-08T13:44:52","modified_gmt":"2024-10-08T12:44:52","slug":"des-porcelaines-adams","status":"publish","type":"page","link":"https:\/\/emblemedequebec.marret.co\/index.php\/sur-la-vaisselle\/des-porcelaines-adams\/","title":{"rendered":"Des porcelaines Adams"},"content":{"rendered":"<p><a href=\"https:\/\/i0.wp.com\/emblemedequebec.marret.co\/wp-content\/uploads\/2019\/02\/5101-JLM-Assiette-05_wp.jpg?ssl=1\"><img data-recalc-dims=\"1\" loading=\"lazy\" decoding=\"async\" data-attachment-id=\"9994\" data-permalink=\"https:\/\/emblemedequebec.marret.co\/index.php\/sur-la-vaisselle\/des-porcelaines-adams\/5101-jlm-assiette-05_wp\/\" data-orig-file=\"https:\/\/i0.wp.com\/emblemedequebec.marret.co\/wp-content\/uploads\/2019\/02\/5101-JLM-Assiette-05_wp.jpg?fit=144%2C128&amp;ssl=1\" data-orig-size=\"144,128\" data-comments-opened=\"1\" data-image-meta=\"{&quot;aperture&quot;:&quot;0&quot;,&quot;credit&quot;:&quot;&quot;,&quot;camera&quot;:&quot;&quot;,&quot;caption&quot;:&quot;&quot;,&quot;created_timestamp&quot;:&quot;0&quot;,&quot;copyright&quot;:&quot;&quot;,&quot;focal_length&quot;:&quot;0&quot;,&quot;iso&quot;:&quot;0&quot;,&quot;shutter_speed&quot;:&quot;0&quot;,&quot;title&quot;:&quot;&quot;,&quot;orientation&quot;:&quot;1&quot;}\" data-image-title=\"5101-JLM Assiette 05_wp\" data-image-description=\"\" data-image-caption=\"\" data-medium-file=\"https:\/\/i0.wp.com\/emblemedequebec.marret.co\/wp-content\/uploads\/2019\/02\/5101-JLM-Assiette-05_wp.jpg?fit=144%2C128&amp;ssl=1\" data-large-file=\"https:\/\/i0.wp.com\/emblemedequebec.marret.co\/wp-content\/uploads\/2019\/02\/5101-JLM-Assiette-05_wp.jpg?fit=144%2C128&amp;ssl=1\" class=\" wp-image-9994 alignright\" src=\"https:\/\/i0.wp.com\/emblemedequebec.marret.co\/wp-content\/uploads\/2019\/02\/5101-JLM-Assiette-05_wp.jpg?resize=202%2C179&#038;ssl=1\" alt=\"\" width=\"202\" height=\"179\" data-wp-pid=\"9994\"><\/a>La famille Adams op\u00e8re son premier \u00e9tablissement de poteries dans le Staffordshire d\u00e8s 1657, et ce sont ses descendants qui cr\u00e9ent en 1769 la compagnie <em>William Adams &amp; Sons<\/em>. Cette entreprise produit des objets appel\u00e9s \u00ab&nbsp;<em>Etruscan Ware<\/em>&nbsp;\u00bb entre 1850 et 1900. D\u00e9velopp\u00e9 \u00e0 la fin du XVIII<sup>e<\/sup> si\u00e8cle par Josiah Wedgewood, ce style se caract\u00e9rise par des motifs inspir\u00e9s de l\u2019ancienne \u00c9trurie; il consiste en des ornements color\u00e9s sur de la c\u00e9ramique noire et pr\u00e9sente souvent des lions, des griffons ou des sphinx.<\/p>\n<p><a href=\"https:\/\/i0.wp.com\/emblemedequebec.marret.co\/wp-content\/uploads\/2019\/02\/5101-JLM-Assiette_wp.jpg?ssl=1\"><img data-recalc-dims=\"1\" loading=\"lazy\" decoding=\"async\" data-attachment-id=\"10707\" data-permalink=\"https:\/\/emblemedequebec.marret.co\/index.php\/sur-la-vaisselle\/des-porcelaines-adams\/5101-mcq-assiette-1-photoroom-a_100\/\" data-orig-file=\"https:\/\/i0.wp.com\/emblemedequebec.marret.co\/wp-content\/uploads\/2024\/10\/5101-MCQ-Assiette-1-Photoroom-a_100.png?fit=787%2C771&amp;ssl=1\" data-orig-size=\"787,771\" data-comments-opened=\"1\" data-image-meta=\"{&quot;aperture&quot;:&quot;0&quot;,&quot;credit&quot;:&quot;&quot;,&quot;camera&quot;:&quot;&quot;,&quot;caption&quot;:&quot;&quot;,&quot;created_timestamp&quot;:&quot;0&quot;,&quot;copyright&quot;:&quot;&quot;,&quot;focal_length&quot;:&quot;0&quot;,&quot;iso&quot;:&quot;0&quot;,&quot;shutter_speed&quot;:&quot;0&quot;,&quot;title&quot;:&quot;&quot;,&quot;orientation&quot;:&quot;0&quot;}\" data-image-title=\"5101-MCQ Assiette 1-Photoroom a_100\" data-image-description=\"\" data-image-caption=\"\" data-medium-file=\"https:\/\/i0.wp.com\/emblemedequebec.marret.co\/wp-content\/uploads\/2024\/10\/5101-MCQ-Assiette-1-Photoroom-a_100.png?fit=300%2C294&amp;ssl=1\" data-large-file=\"https:\/\/i0.wp.com\/emblemedequebec.marret.co\/wp-content\/uploads\/2024\/10\/5101-MCQ-Assiette-1-Photoroom-a_100.png?fit=640%2C627&amp;ssl=1\" class=\"alignnone size-medium wp-image-10707\" src=\"https:\/\/i0.wp.com\/emblemedequebec.marret.co\/wp-content\/uploads\/2024\/10\/5101-MCQ-Assiette-1-Photoroom-a_100.png?resize=300%2C294&#038;ssl=1\" alt=\"\" width=\"300\" height=\"294\" srcset=\"https:\/\/i0.wp.com\/emblemedequebec.marret.co\/wp-content\/uploads\/2024\/10\/5101-MCQ-Assiette-1-Photoroom-a_100.png?resize=300%2C294&amp;ssl=1 300w, https:\/\/i0.wp.com\/emblemedequebec.marret.co\/wp-content\/uploads\/2024\/10\/5101-MCQ-Assiette-1-Photoroom-a_100.png?resize=768%2C752&amp;ssl=1 768w, https:\/\/i0.wp.com\/emblemedequebec.marret.co\/wp-content\/uploads\/2024\/10\/5101-MCQ-Assiette-1-Photoroom-a_100.png?w=787&amp;ssl=1 787w\" sizes=\"auto, (max-width: 300px) 100vw, 300px\" \/><\/a><\/p>\n<h3><strong>Assiette<\/strong><\/h3>\n<p><em>Fabricant<\/em><em>&nbsp;: <\/em>The Adams Etruscan Ware.<br \/>\n<em>Couleurs&nbsp;: <\/em>Blanc, noir, ocre, polychrome.<br \/>\n<em>Diam\u00e8tre&nbsp;:<\/em> 258&nbsp;mm.<br \/>\n<em>Mat\u00e9riaux<\/em>&nbsp;: C\u00e9ramique et oxyde de m\u00e9tal; gla\u00e7ure.<br \/>\n<em>Inscriptions au dos&nbsp;:<\/em> The Adams Etruscan Ware. England Est<sup>d<\/sup> 1657 5&nbsp;32.<\/p>\n","protected":false},"excerpt":{"rendered":"<p>La famille Adams op\u00e8re son premier \u00e9tablissement de poteries dans le Staffordshire d\u00e8s 1657, et ce sont ses descendants qui cr\u00e9ent en 1769 la compagnie William Adams &amp; Sons. Cette entreprise produit des objets appel\u00e9s \u00ab&nbsp;Etruscan Ware&nbsp;\u00bb entre 1850 et &hellip; <a href=\"https:\/\/emblemedequebec.marret.co\/index.php\/sur-la-vaisselle\/des-porcelaines-adams\/\">Continuer la lecture <span class=\"meta-nav\">&rarr;<\/span><\/a><\/p>\n","protected":false},"author":1,"featured_media":0,"parent":8296,"menu_order":0,"comment_status":"closed","ping_status":"closed","template":"","meta":{"ngg_post_thumbnail":0,"jetpack_post_was_ever_published":false,"footnotes":""},"class_list":["post-9996","page","type-page","status-publish","hentry"],"aioseo_notices":[],"jetpack_sharing_enabled":true,"jetpack_shortlink":"https:\/\/wp.me\/P9K7xB-2Be","jetpack-related-posts":[{"id":8296,"url":"https:\/\/emblemedequebec.marret.co\/index.php\/sur-la-vaisselle\/","url_meta":{"origin":9996,"position":0},"title":"&#8230; sur la vaisselle","author":"marretgravereaux","date":"17 mars 2018","format":false,"excerpt":"Le dessin de Joseph L\u00e9gar\u00e9 se pr\u00eate bien \u00e0 une reproduction sur la porcelaine, la fa\u00efence ou la terre cuite, \u00a0ce qui explique qu\u2019on le retrouve sur des assiettes, des tasses, des pots ou sur des vases, ainsi que sur divers autres objets. Il semble toutefois qu\u2019il n\u2019y ait eu\u2026","rel":"","context":"Article similaire","block_context":{"text":"Article similaire","link":""},"img":{"alt_text":"","src":"https:\/\/i0.wp.com\/emblemedequebec.marret.co\/wp-content\/uploads\/2024\/10\/54813-JLM-Vase-1-Photoroom-a-300x300.png?resize=350%2C200&ssl=1","width":350,"height":200},"classes":[]},{"id":7617,"url":"https:\/\/emblemedequebec.marret.co\/index.php\/a-la-ville-de-quebec\/","url_meta":{"origin":9996,"position":1},"title":"&#8230; \u00e0 la ville de Qu\u00e9bec","author":"marretgravereaux","date":"13 mars 2018","format":false,"excerpt":"Le nouveau sceau de la ville de Qu\u00e9bec a \u00e9t\u00e9 adopt\u00e9 officiellement le 23 mai 1834 et il a, d\u00e8s ce moment-l\u00e0, \u00e9t\u00e9 utilis\u00e9 par la ville chaque fois que n\u00e9cessaire pour identifier des objets ou des personnes, illustrer des documents ou orner des meubles. L\u2019embl\u00e8me officiel est demeur\u00e9 le\u2026","rel":"","context":"Article similaire","block_context":{"text":"Article similaire","link":""},"img":{"alt_text":"","src":"https:\/\/i0.wp.com\/emblemedequebec.marret.co\/wp-content\/uploads\/2018\/05\/QP1-1-PV-1833-1834-23-mai-1834p_wp.jpg?resize=350%2C200","width":350,"height":200},"classes":[]},{"id":66,"url":"https:\/\/emblemedequebec.marret.co\/","url_meta":{"origin":9996,"position":2},"title":"Le premier embl\u00e8me de la ville de Qu\u00e9bec","author":"marretgravereaux","date":"24 octobre 2015","format":false,"excerpt":"Incorpor\u00e9e en 1833, la ville de Qu\u00e9bec tint ses premi\u00e8res \u00e9lections en avril. Lors de l\u2019une de ses premi\u00e8res r\u00e9unions, quelques semaines plus tard, le conseil de ville adopta un sceau dont le dessin fut r\u00e9alis\u00e9 par l\u2019un de ses conseillers, Joseph L\u00e9gar\u00e9. Utilis\u00e9 comme embl\u00e8me, voire comme armoiries, pour\u2026","rel":"","context":"Article similaire","block_context":{"text":"Article similaire","link":""},"img":{"alt_text":"","src":"https:\/\/i0.wp.com\/emblemedequebec.marret.co\/wp-content\/uploads\/2018\/03\/Ville-de-Qu%C3%A9bec-Dessin-original_wp-997x1024.jpg?resize=350%2C200","width":350,"height":200},"classes":[]},{"id":9878,"url":"https:\/\/emblemedequebec.marret.co\/index.php\/sur-des-imprimes\/des-cartes-a-jouer-avec-lembleme-de-quebec\/","url_meta":{"origin":9996,"position":3},"title":"Des cartes \u00e0 jouer avec l&#8217;embl\u00e8me de Qu\u00e9bec","author":"marretgravereaux","date":"21 ao\u00fbt 2018","format":false,"excerpt":"Lorsqu\u2019elle est fond\u00e9e en 1820, la compagnie Charles Goodall & Son se sp\u00e9cialise dans l\u2019impression de cartes de souhaits et de cartes \u00e0 jouer. L\u2019entreprise se d\u00e9veloppe rapidement et au milieu du XIXe\u00a0si\u00e8cle, elle produit, avec son concurrent Thomas de la Rue, les deux tiers des cartes \u00e0 jouer fabriqu\u00e9es\u2026","rel":"","context":"Article similaire","block_context":{"text":"Article similaire","link":""},"img":{"alt_text":"","src":"https:\/\/i0.wp.com\/emblemedequebec.marret.co\/wp-content\/uploads\/2018\/04\/2885-HC2-Cartes-03_wp-726x1024.jpg?resize=350%2C200","width":350,"height":200},"classes":[]},{"id":9168,"url":"https:\/\/emblemedequebec.marret.co\/index.php\/a-la-ville-de-quebec\/evolution-de-lembleme-a-la-ville-de-quebec\/","url_meta":{"origin":9996,"position":4},"title":"\u00c9volution de l&#8217;embl\u00e8me \u00e0 la ville de Qu\u00e9bec","author":"marretgravereaux","date":"12 mai 2018","format":false,"excerpt":"Apr\u00e8s son adoption officielle, le 23 mai 1834, le nouveau sceau de Qu\u00e9bec fait son apparition pour authentifier les ordonnances, r\u00e8glements ou r\u00e9solutions officiels. Mais, en m\u00eame temps, il devient l\u2019embl\u00e8me de la ville et, \u00e0 ce titre, orne ou illustre de multiples documents administratifs. Le sceau est toujours demeur\u00e9\u2026","rel":"","context":"Article similaire","block_context":{"text":"Article similaire","link":""},"img":{"alt_text":"","src":"https:\/\/i0.wp.com\/emblemedequebec.marret.co\/wp-content\/uploads\/2018\/05\/QP1-1-PV-1833-1834-23-mai-1834p_wp.jpg?resize=350%2C200","width":350,"height":200},"classes":[]},{"id":9228,"url":"https:\/\/emblemedequebec.marret.co\/index.php\/sur-des-imprimes\/quebec-gas-company\/","url_meta":{"origin":9996,"position":5},"title":"Quebec Gas Company","author":"marretgravereaux","date":"17 mai 2018","format":false,"excerpt":"L\u2019\u00e9clairage \u00ab\u00a0organis\u00e9\u00a0\u00bb des rues de Qu\u00e9bec ne date que de la premi\u00e8re moiti\u00e9 du XIXe si\u00e8cle. C\u2019est ainsi qu\u2019en 1818, la l\u00e9gislation en vigueur pr\u00e9voit que des hommes de guet fixent aux endroits pertinents des flambeaux et des lampes \u00e0 huile de charbon. Quelques ann\u00e9es plus tard, la ville installe\u2026","rel":"","context":"Article similaire","block_context":{"text":"Article similaire","link":""},"img":{"alt_text":"","src":"https:\/\/i0.wp.com\/emblemedequebec.marret.co\/wp-content\/uploads\/2018\/05\/Reverbere-2_wp.jpg?resize=350%2C200","width":350,"height":200},"classes":[]}],"_links":{"self":[{"href":"https:\/\/emblemedequebec.marret.co\/index.php\/wp-json\/wp\/v2\/pages\/9996","targetHints":{"allow":["GET"]}}],"collection":[{"href":"https:\/\/emblemedequebec.marret.co\/index.php\/wp-json\/wp\/v2\/pages"}],"about":[{"href":"https:\/\/emblemedequebec.marret.co\/index.php\/wp-json\/wp\/v2\/types\/page"}],"author":[{"embeddable":true,"href":"https:\/\/emblemedequebec.marret.co\/index.php\/wp-json\/wp\/v2\/users\/1"}],"replies":[{"embeddable":true,"href":"https:\/\/emblemedequebec.marret.co\/index.php\/wp-json\/wp\/v2\/comments?post=9996"}],"version-history":[{"count":2,"href":"https:\/\/emblemedequebec.marret.co\/index.php\/wp-json\/wp\/v2\/pages\/9996\/revisions"}],"predecessor-version":[{"id":10709,"href":"https:\/\/emblemedequebec.marret.co\/index.php\/wp-json\/wp\/v2\/pages\/9996\/revisions\/10709"}],"up":[{"embeddable":true,"href":"https:\/\/emblemedequebec.marret.co\/index.php\/wp-json\/wp\/v2\/pages\/8296"}],"wp:attachment":[{"href":"https:\/\/emblemedequebec.marret.co\/index.php\/wp-json\/wp\/v2\/media?parent=9996"}],"curies":[{"name":"wp","href":"https:\/\/api.w.org\/{rel}","templated":true}]}}