{"id":9889,"date":"2018-08-21T03:04:06","date_gmt":"2018-08-21T02:04:06","guid":{"rendered":"http:\/\/emblemedequebec.marret.co\/?page_id=9889"},"modified":"2018-08-21T03:04:06","modified_gmt":"2018-08-21T02:04:06","slug":"sur-des-cartes","status":"publish","type":"page","link":"https:\/\/emblemedequebec.marret.co\/index.php\/sur-des-cartes\/","title":{"rendered":"&#8230; sur des cartes"},"content":{"rendered":"<p><span lang=\"FR\"><span style=\"color: #333333;\">Un embl\u00e8me est, par d\u00e9finition, un moyen de s\u2019identifier &#8211; \u00ab&nbsp;une signature&nbsp;\u00bb et le nouveau sceau de la ville de Qu\u00e9bec a \u00e9t\u00e9 utilis\u00e9 par celle-ci sur ses documents officiels.<\/span><\/span><\/p>\n<p><span lang=\"FR\"><span style=\"color: #333333;\">Mais il est \u00e9galement pr\u00e9sent sur d\u2019autres imprim\u00e9s d\u2019usage courant&nbsp;:<\/span><\/span><u><\/u><\/p>\n<p><a href=\"https:\/\/i0.wp.com\/emblemedequebec.marret.co\/wp-content\/uploads\/2018\/04\/2634-JLM-CP-Tricentenaire-de-Qu%C3%A9bec_wp.jpg?ssl=1\"><img data-recalc-dims=\"1\" loading=\"lazy\" decoding=\"async\" data-attachment-id=\"8366\" data-permalink=\"https:\/\/emblemedequebec.marret.co\/index.php\/sur-des-cartes\/2634-jlm-cp-tricentenaire-de-quebec_wp\/\" data-orig-file=\"https:\/\/i0.wp.com\/emblemedequebec.marret.co\/wp-content\/uploads\/2018\/04\/2634-JLM-CP-Tricentenaire-de-Qu%C3%A9bec_wp.jpg?fit=753%2C1181&amp;ssl=1\" data-orig-size=\"753,1181\" data-comments-opened=\"1\" data-image-meta=\"{&quot;aperture&quot;:&quot;0&quot;,&quot;credit&quot;:&quot;&quot;,&quot;camera&quot;:&quot;&quot;,&quot;caption&quot;:&quot;&quot;,&quot;created_timestamp&quot;:&quot;0&quot;,&quot;copyright&quot;:&quot;&quot;,&quot;focal_length&quot;:&quot;0&quot;,&quot;iso&quot;:&quot;0&quot;,&quot;shutter_speed&quot;:&quot;0&quot;,&quot;title&quot;:&quot;&quot;,&quot;orientation&quot;:&quot;1&quot;}\" data-image-title=\"2634-JLM CP Tricentenaire de Qu\u00e9bec_wp\" data-image-description=\"\" data-image-caption=\"&lt;p&gt;Le Monument de Samuel de Champlain&lt;\/p&gt;\n\" data-medium-file=\"https:\/\/i0.wp.com\/emblemedequebec.marret.co\/wp-content\/uploads\/2018\/04\/2634-JLM-CP-Tricentenaire-de-Qu%C3%A9bec_wp.jpg?fit=191%2C300&amp;ssl=1\" data-large-file=\"https:\/\/i0.wp.com\/emblemedequebec.marret.co\/wp-content\/uploads\/2018\/04\/2634-JLM-CP-Tricentenaire-de-Qu%C3%A9bec_wp.jpg?fit=640%2C1004&amp;ssl=1\" width=\"149\" height=\"233\" class=\"wp-image-8366 alignleft\" alt=\"\" src=\"https:\/\/i0.wp.com\/emblemedequebec.marret.co\/wp-content\/uploads\/2018\/04\/2634-JLM-CP-Tricentenaire-de-Qu%C3%A9bec_wp.jpg?resize=149%2C233&#038;ssl=1\" data-wp-pid=\"8366\" srcset=\"https:\/\/i0.wp.com\/emblemedequebec.marret.co\/wp-content\/uploads\/2018\/04\/2634-JLM-CP-Tricentenaire-de-Qu%C3%A9bec_wp.jpg?resize=653%2C1024&amp;ssl=1 653w, https:\/\/i0.wp.com\/emblemedequebec.marret.co\/wp-content\/uploads\/2018\/04\/2634-JLM-CP-Tricentenaire-de-Qu%C3%A9bec_wp.jpg?resize=191%2C300&amp;ssl=1 191w, https:\/\/i0.wp.com\/emblemedequebec.marret.co\/wp-content\/uploads\/2018\/04\/2634-JLM-CP-Tricentenaire-de-Qu%C3%A9bec_wp.jpg?resize=383%2C600&amp;ssl=1 383w, https:\/\/i0.wp.com\/emblemedequebec.marret.co\/wp-content\/uploads\/2018\/04\/2634-JLM-CP-Tricentenaire-de-Qu%C3%A9bec_wp.jpg?w=753&amp;ssl=1 753w\" sizes=\"auto, (max-width: 149px) 100vw, 149px\" \/><\/a><\/p>\n<p>&nbsp;<\/p>\n<p><a href=\"https:\/\/emblemedequebec.marret.co\/index.php\/sur-des-imprimes\/des-cartes-postales-avec-le-premier-embleme-de-quebec\/\"><span lang=\"FR\"><span style=\"color: #333333;\">Cartes postales<\/span><\/span><\/a><\/p>\n<p><a href=\"https:\/\/i0.wp.com\/emblemedequebec.marret.co\/wp-content\/uploads\/2018\/04\/2875-HC-Cartes-1_wp.jpg?ssl=1\"><img data-recalc-dims=\"1\" loading=\"lazy\" decoding=\"async\" data-attachment-id=\"8522\" data-permalink=\"https:\/\/emblemedequebec.marret.co\/index.php\/sur-des-imprimes\/des-cartes-a-jouer-avec-lembleme-de-quebec\/2875-hc-cartes-1_wp\/\" data-orig-file=\"https:\/\/i0.wp.com\/emblemedequebec.marret.co\/wp-content\/uploads\/2018\/04\/2875-HC-Cartes-1_wp.jpg?fit=819%2C1151&amp;ssl=1\" data-orig-size=\"819,1151\" data-comments-opened=\"1\" data-image-meta=\"{&quot;aperture&quot;:&quot;0&quot;,&quot;credit&quot;:&quot;&quot;,&quot;camera&quot;:&quot;&quot;,&quot;caption&quot;:&quot;&quot;,&quot;created_timestamp&quot;:&quot;0&quot;,&quot;copyright&quot;:&quot;&quot;,&quot;focal_length&quot;:&quot;0&quot;,&quot;iso&quot;:&quot;0&quot;,&quot;shutter_speed&quot;:&quot;0&quot;,&quot;title&quot;:&quot;&quot;,&quot;orientation&quot;:&quot;1&quot;}\" data-image-title=\"2875-HC Cartes 1_wp\" data-image-description=\"\" data-image-caption=\"\" data-medium-file=\"https:\/\/i0.wp.com\/emblemedequebec.marret.co\/wp-content\/uploads\/2018\/04\/2875-HC-Cartes-1_wp.jpg?fit=213%2C300&amp;ssl=1\" data-large-file=\"https:\/\/i0.wp.com\/emblemedequebec.marret.co\/wp-content\/uploads\/2018\/04\/2875-HC-Cartes-1_wp.jpg?fit=640%2C899&amp;ssl=1\" width=\"150\" height=\"210\" class=\"wp-image-8522 alignleft\" alt=\"\" src=\"https:\/\/i0.wp.com\/emblemedequebec.marret.co\/wp-content\/uploads\/2018\/04\/2875-HC-Cartes-1_wp.jpg?resize=150%2C210&#038;ssl=1\" data-wp-pid=\"8522\" srcset=\"https:\/\/i0.wp.com\/emblemedequebec.marret.co\/wp-content\/uploads\/2018\/04\/2875-HC-Cartes-1_wp.jpg?resize=729%2C1024&amp;ssl=1 729w, https:\/\/i0.wp.com\/emblemedequebec.marret.co\/wp-content\/uploads\/2018\/04\/2875-HC-Cartes-1_wp.jpg?resize=213%2C300&amp;ssl=1 213w, https:\/\/i0.wp.com\/emblemedequebec.marret.co\/wp-content\/uploads\/2018\/04\/2875-HC-Cartes-1_wp.jpg?resize=768%2C1079&amp;ssl=1 768w, https:\/\/i0.wp.com\/emblemedequebec.marret.co\/wp-content\/uploads\/2018\/04\/2875-HC-Cartes-1_wp.jpg?resize=800%2C1124&amp;ssl=1 800w, https:\/\/i0.wp.com\/emblemedequebec.marret.co\/wp-content\/uploads\/2018\/04\/2875-HC-Cartes-1_wp.jpg?resize=427%2C600&amp;ssl=1 427w, https:\/\/i0.wp.com\/emblemedequebec.marret.co\/wp-content\/uploads\/2018\/04\/2875-HC-Cartes-1_wp.jpg?w=819&amp;ssl=1 819w\" sizes=\"auto, (max-width: 150px) 100vw, 150px\" \/><\/a><\/p>\n<p>&nbsp;<\/p>\n<p><a href=\"https:\/\/emblemedequebec.marret.co\/index.php\/des-cartes-a-jouer-avec-lembleme-de-quebec\/\"><span lang=\"FR\"><span style=\"color: #333333;\">Cartes \u00e0 jouer<\/span><\/span><\/a><\/p>\n<p><a href=\"https:\/\/i0.wp.com\/emblemedequebec.marret.co\/wp-content\/uploads\/2018\/08\/2271-JLM-Plan-1d_wp.jpg?ssl=1\"><img data-recalc-dims=\"1\" loading=\"lazy\" decoding=\"async\" data-attachment-id=\"9893\" data-permalink=\"https:\/\/emblemedequebec.marret.co\/index.php\/sur-des-cartes\/2271-jlm-plan-1d_wp\/\" data-orig-file=\"https:\/\/i0.wp.com\/emblemedequebec.marret.co\/wp-content\/uploads\/2018\/08\/2271-JLM-Plan-1d_wp.jpg?fit=561%2C591&amp;ssl=1\" data-orig-size=\"561,591\" data-comments-opened=\"1\" data-image-meta=\"{&quot;aperture&quot;:&quot;0&quot;,&quot;credit&quot;:&quot;&quot;,&quot;camera&quot;:&quot;&quot;,&quot;caption&quot;:&quot;&quot;,&quot;created_timestamp&quot;:&quot;0&quot;,&quot;copyright&quot;:&quot;&quot;,&quot;focal_length&quot;:&quot;0&quot;,&quot;iso&quot;:&quot;0&quot;,&quot;shutter_speed&quot;:&quot;0&quot;,&quot;title&quot;:&quot;&quot;,&quot;orientation&quot;:&quot;1&quot;}\" data-image-title=\"2271-JLM Plan 1d_wp\" data-image-description=\"\" data-image-caption=\"\" data-medium-file=\"https:\/\/i0.wp.com\/emblemedequebec.marret.co\/wp-content\/uploads\/2018\/08\/2271-JLM-Plan-1d_wp.jpg?fit=285%2C300&amp;ssl=1\" data-large-file=\"https:\/\/i0.wp.com\/emblemedequebec.marret.co\/wp-content\/uploads\/2018\/08\/2271-JLM-Plan-1d_wp.jpg?fit=561%2C591&amp;ssl=1\" width=\"150\" height=\"158\" class=\"wp-image-9893 alignleft\" alt=\"\" src=\"https:\/\/i0.wp.com\/emblemedequebec.marret.co\/wp-content\/uploads\/2018\/08\/2271-JLM-Plan-1d_wp.jpg?resize=150%2C158&#038;ssl=1\" data-wp-pid=\"9893\" srcset=\"https:\/\/i0.wp.com\/emblemedequebec.marret.co\/wp-content\/uploads\/2018\/08\/2271-JLM-Plan-1d_wp.jpg?w=561&amp;ssl=1 561w, https:\/\/i0.wp.com\/emblemedequebec.marret.co\/wp-content\/uploads\/2018\/08\/2271-JLM-Plan-1d_wp.jpg?resize=285%2C300&amp;ssl=1 285w\" sizes=\"auto, (max-width: 150px) 100vw, 150px\" \/><\/a><\/p>\n<p>&nbsp;<\/p>\n<p style=\"padding-left: 30px;\"><span lang=\"FR\"><span style=\"color: #333333;\">Cartes g\u00e9ographiques ou touristiques<\/span><\/span><\/p>\n","protected":false},"excerpt":{"rendered":"<p>Un embl\u00e8me est, par d\u00e9finition, un moyen de s\u2019identifier &#8211; \u00ab&nbsp;une signature&nbsp;\u00bb et le nouveau sceau de la ville de Qu\u00e9bec a \u00e9t\u00e9 utilis\u00e9 par celle-ci sur ses documents officiels. Mais il est \u00e9galement pr\u00e9sent sur d\u2019autres imprim\u00e9s d\u2019usage courant&nbsp;: &hellip; <a href=\"https:\/\/emblemedequebec.marret.co\/index.php\/sur-des-cartes\/\">Continuer la lecture <span class=\"meta-nav\">&rarr;<\/span><\/a><\/p>\n","protected":false},"author":1,"featured_media":0,"parent":0,"menu_order":0,"comment_status":"closed","ping_status":"closed","template":"","meta":{"ngg_post_thumbnail":0,"jetpack_post_was_ever_published":false,"footnotes":""},"class_list":["post-9889","page","type-page","status-publish","hentry"],"aioseo_notices":[],"jetpack_sharing_enabled":true,"jetpack_shortlink":"https:\/\/wp.me\/P9K7xB-2zv","jetpack-related-posts":[{"id":9878,"url":"https:\/\/emblemedequebec.marret.co\/index.php\/sur-des-imprimes\/des-cartes-a-jouer-avec-lembleme-de-quebec\/","url_meta":{"origin":9889,"position":0},"title":"Des cartes \u00e0 jouer avec l&#8217;embl\u00e8me de Qu\u00e9bec","author":"marretgravereaux","date":"21 ao\u00fbt 2018","format":false,"excerpt":"Lorsqu\u2019elle est fond\u00e9e en 1820, la compagnie Charles Goodall & Son se sp\u00e9cialise dans l\u2019impression de cartes de souhaits et de cartes \u00e0 jouer. L\u2019entreprise se d\u00e9veloppe rapidement et au milieu du XIXe\u00a0si\u00e8cle, elle produit, avec son concurrent Thomas de la Rue, les deux tiers des cartes \u00e0 jouer fabriqu\u00e9es\u2026","rel":"","context":"Article similaire","block_context":{"text":"Article similaire","link":""},"img":{"alt_text":"","src":"https:\/\/i0.wp.com\/emblemedequebec.marret.co\/wp-content\/uploads\/2018\/04\/2885-HC2-Cartes-03_wp-726x1024.jpg?resize=350%2C200","width":350,"height":200},"classes":[]},{"id":8494,"url":"https:\/\/emblemedequebec.marret.co\/index.php\/sur-des-imprimes\/des-cartes-postales-avec-le-premier-embleme-de-quebec\/","url_meta":{"origin":9889,"position":1},"title":"Des cartes postales avec le premier embl\u00e8me de Qu\u00e9bec\u2026","author":"marretgravereaux","date":"17 avril 2018","format":false,"excerpt":"Au fil des ann\u00e9es, de nombreuses cartes postales ont \u00e9t\u00e9 \u00e9mises avec, en illustration, le premier embl\u00e8me de la ville de Qu\u00e9bec\u00a0: Une carte postale \u00e9mise par la compagnie Raphael Tuck & sons dans le cadre de la s\u00e9rie \u00ab\u00a0Canadian Coats of Arms\u00a0\u00bb \u00a0 Une s\u00e9rie de cartes postales sur\u2026","rel":"","context":"Article similaire","block_context":{"text":"Article similaire","link":""},"img":{"alt_text":"","src":"https:\/\/i0.wp.com\/emblemedequebec.marret.co\/wp-content\/uploads\/2018\/04\/2641-JLM2-CP-Tuck_wp-1024x641.jpg?resize=350%2C200","width":350,"height":200},"classes":[]},{"id":9265,"url":"https:\/\/emblemedequebec.marret.co\/index.php\/a-la-ville-de-quebec\/les-cartes-dalfred-hawkins\/","url_meta":{"origin":9889,"position":2},"title":"Les cartes d&rsquo;Alfred Hawkins","author":"marretgravereaux","date":"24 mai 2018","format":false,"excerpt":"N\u00e9 en 1792 en Angleterre, Alfred Hawkins s\u2019installe \u00e0 Qu\u00e9bec en 1817 et s\u2019associe avec John Leland Maquay pour op\u00e9rer un commerce de vins et spiritueux. Il s\u2019implique tr\u00e8s rapidement dans la vie sociale et \u00e9conomique de Qu\u00e9bec, tant dans des associations mondaines que financi\u00e8res, telles la Quebec Assembly, la\u2026","rel":"","context":"Article similaire","block_context":{"text":"Article similaire","link":""},"img":{"alt_text":"","src":"https:\/\/i0.wp.com\/emblemedequebec.marret.co\/wp-content\/uploads\/2018\/05\/Hawkins-Alfred-Pictures-of-Quebec-p290a_wp.jpg?resize=350%2C200","width":350,"height":200},"classes":[]},{"id":7617,"url":"https:\/\/emblemedequebec.marret.co\/index.php\/a-la-ville-de-quebec\/","url_meta":{"origin":9889,"position":3},"title":"&#8230; \u00e0 la ville de Qu\u00e9bec","author":"marretgravereaux","date":"13 mars 2018","format":false,"excerpt":"Le nouveau sceau de la ville de Qu\u00e9bec a \u00e9t\u00e9 adopt\u00e9 officiellement le 23 mai 1834 et il a, d\u00e8s ce moment-l\u00e0, \u00e9t\u00e9 utilis\u00e9 par la ville chaque fois que n\u00e9cessaire pour identifier des objets ou des personnes, illustrer des documents ou orner des meubles. L\u2019embl\u00e8me officiel est demeur\u00e9 le\u2026","rel":"","context":"Article similaire","block_context":{"text":"Article similaire","link":""},"img":{"alt_text":"","src":"https:\/\/i0.wp.com\/emblemedequebec.marret.co\/wp-content\/uploads\/2018\/05\/QP1-1-PV-1833-1834-23-mai-1834p_wp.jpg?resize=350%2C200","width":350,"height":200},"classes":[]},{"id":9168,"url":"https:\/\/emblemedequebec.marret.co\/index.php\/a-la-ville-de-quebec\/evolution-de-lembleme-a-la-ville-de-quebec\/","url_meta":{"origin":9889,"position":4},"title":"\u00c9volution de l&#8217;embl\u00e8me \u00e0 la ville de Qu\u00e9bec","author":"marretgravereaux","date":"12 mai 2018","format":false,"excerpt":"Apr\u00e8s son adoption officielle, le 23 mai 1834, le nouveau sceau de Qu\u00e9bec fait son apparition pour authentifier les ordonnances, r\u00e8glements ou r\u00e9solutions officiels. Mais, en m\u00eame temps, il devient l\u2019embl\u00e8me de la ville et, \u00e0 ce titre, orne ou illustre de multiples documents administratifs. Le sceau est toujours demeur\u00e9\u2026","rel":"","context":"Article similaire","block_context":{"text":"Article similaire","link":""},"img":{"alt_text":"","src":"https:\/\/i0.wp.com\/emblemedequebec.marret.co\/wp-content\/uploads\/2018\/05\/QP1-1-PV-1833-1834-23-mai-1834p_wp.jpg?resize=350%2C200","width":350,"height":200},"classes":[]},{"id":7597,"url":"https:\/\/emblemedequebec.marret.co\/index.php\/sur-des-imprimes\/","url_meta":{"origin":9889,"position":5},"title":"&#8230; sur des imprim\u00e9s","author":"marretgravereaux","date":"13 mars 2018","format":false,"excerpt":"Adopt\u00e9 officiellement le 23 mai 1834, le nouveau sceau de la ville de Qu\u00e9bec a d\u00e8s lors \u00e9t\u00e9 utilis\u00e9 par celle-ci pour s\u2019identifier sur des documents officiels, ou les illustrer. Il appara\u00eet donc sur le papier \u00e0 lettres et les \u00ab comptes de taxes \u00bb, les divers rapports de commissions\u2026","rel":"","context":"Article similaire","block_context":{"text":"Article similaire","link":""},"img":{"alt_text":"","src":"https:\/\/i0.wp.com\/emblemedequebec.marret.co\/wp-content\/uploads\/2018\/03\/1835-Carte-de-Hawkins-2010-17_008a_wp-1024x982.jpg?resize=350%2C200","width":350,"height":200},"classes":[]}],"_links":{"self":[{"href":"https:\/\/emblemedequebec.marret.co\/index.php\/wp-json\/wp\/v2\/pages\/9889","targetHints":{"allow":["GET"]}}],"collection":[{"href":"https:\/\/emblemedequebec.marret.co\/index.php\/wp-json\/wp\/v2\/pages"}],"about":[{"href":"https:\/\/emblemedequebec.marret.co\/index.php\/wp-json\/wp\/v2\/types\/page"}],"author":[{"embeddable":true,"href":"https:\/\/emblemedequebec.marret.co\/index.php\/wp-json\/wp\/v2\/users\/1"}],"replies":[{"embeddable":true,"href":"https:\/\/emblemedequebec.marret.co\/index.php\/wp-json\/wp\/v2\/comments?post=9889"}],"version-history":[{"count":0,"href":"https:\/\/emblemedequebec.marret.co\/index.php\/wp-json\/wp\/v2\/pages\/9889\/revisions"}],"wp:attachment":[{"href":"https:\/\/emblemedequebec.marret.co\/index.php\/wp-json\/wp\/v2\/media?parent=9889"}],"curies":[{"name":"wp","href":"https:\/\/api.w.org\/{rel}","templated":true}]}}