{"id":9655,"date":"2018-08-10T22:51:10","date_gmt":"2018-08-10T21:51:10","guid":{"rendered":"http:\/\/emblemedequebec.marret.co\/?page_id=9655"},"modified":"2018-08-12T01:51:38","modified_gmt":"2018-08-12T00:51:38","slug":"jeton-en-plastique-1983","status":"publish","type":"page","link":"https:\/\/emblemedequebec.marret.co\/index.php\/a-la-societe-numismatique-de-quebec-s-n-q\/jeton-en-plastique-1983\/","title":{"rendered":"Jeton en plastique (1983)"},"content":{"rendered":"<p>En 1983, la Soci\u00e9t\u00e9 numismatique de Qu\u00e9bec d\u00e9cide d\u2019\u00e9mettre un jeton en plastique rigide (\u00ab&nbsp;gravoply&nbsp;\u00bb) pour souligner l\u2019exposition tenue dans le cadre de son 23<sup>e<\/sup>&nbsp;anniversaire.<\/p>\n<p>De forme dod\u00e9cagonale &#8211; 12 c\u00f4t\u00e9s -, le jeton est grav\u00e9 sur une mince couche m\u00e9tallique de couleur bleue, le fond \u00e9tant de couleur argent. L\u2019avers porte l\u2019embl\u00e8me de la S.N.Q. avec, en l\u00e9gende, les inscriptions \u00ab&nbsp;Soci\u00e9t\u00e9 numismatique de Qu\u00e9bec Inc.&nbsp;\u00bb et \u00ab&nbsp;Jeton-souvenir&nbsp;\u00bb; chacun des 470&nbsp;jetons est num\u00e9rot\u00e9.<\/p>\n<p style=\"text-align: center;\"><a href=\"https:\/\/i0.wp.com\/emblemedequebec.marret.co\/wp-content\/uploads\/2018\/08\/SNQ-1983-jeton-avers_wp.jpg?ssl=1\"><img data-recalc-dims=\"1\" loading=\"lazy\" decoding=\"async\" data-attachment-id=\"9563\" data-permalink=\"https:\/\/emblemedequebec.marret.co\/index.php\/a-la-societe-numismatique-de-quebec-s-n-q\/jeton-en-plastique-1983\/snq-1983-jeton-avers_wp\/\" data-orig-file=\"https:\/\/i0.wp.com\/emblemedequebec.marret.co\/wp-content\/uploads\/2018\/08\/SNQ-1983-jeton-avers_wp.jpg?fit=204%2C207&amp;ssl=1\" data-orig-size=\"204,207\" data-comments-opened=\"1\" data-image-meta=\"{&quot;aperture&quot;:&quot;0&quot;,&quot;credit&quot;:&quot;&quot;,&quot;camera&quot;:&quot;&quot;,&quot;caption&quot;:&quot;&quot;,&quot;created_timestamp&quot;:&quot;0&quot;,&quot;copyright&quot;:&quot;&quot;,&quot;focal_length&quot;:&quot;0&quot;,&quot;iso&quot;:&quot;0&quot;,&quot;shutter_speed&quot;:&quot;0&quot;,&quot;title&quot;:&quot;&quot;,&quot;orientation&quot;:&quot;1&quot;}\" data-image-title=\"SNQ 1983 &amp;#8211; jeton (avers)_wp\" data-image-description=\"\" data-image-caption=\"\" data-medium-file=\"https:\/\/i0.wp.com\/emblemedequebec.marret.co\/wp-content\/uploads\/2018\/08\/SNQ-1983-jeton-avers_wp.jpg?fit=204%2C207&amp;ssl=1\" data-large-file=\"https:\/\/i0.wp.com\/emblemedequebec.marret.co\/wp-content\/uploads\/2018\/08\/SNQ-1983-jeton-avers_wp.jpg?fit=204%2C207&amp;ssl=1\" width=\"225\" height=\"228\" class=\"alignnone wp-image-9563\" alt=\"\" src=\"https:\/\/i0.wp.com\/emblemedequebec.marret.co\/wp-content\/uploads\/2018\/08\/SNQ-1983-jeton-avers_wp.jpg?resize=225%2C228&#038;ssl=1\" data-wp-pid=\"9563\"><\/a> &nbsp; <a href=\"https:\/\/i0.wp.com\/emblemedequebec.marret.co\/wp-content\/uploads\/2018\/08\/SNQ-1983-jeton-revers_wp.jpg?ssl=1\"><img data-recalc-dims=\"1\" loading=\"lazy\" decoding=\"async\" data-attachment-id=\"9564\" data-permalink=\"https:\/\/emblemedequebec.marret.co\/index.php\/a-la-societe-numismatique-de-quebec-s-n-q\/jeton-en-plastique-1983\/snq-1983-jeton-revers_wp\/\" data-orig-file=\"https:\/\/i0.wp.com\/emblemedequebec.marret.co\/wp-content\/uploads\/2018\/08\/SNQ-1983-jeton-revers_wp.jpg?fit=196%2C207&amp;ssl=1\" data-orig-size=\"196,207\" data-comments-opened=\"1\" data-image-meta=\"{&quot;aperture&quot;:&quot;0&quot;,&quot;credit&quot;:&quot;&quot;,&quot;camera&quot;:&quot;&quot;,&quot;caption&quot;:&quot;&quot;,&quot;created_timestamp&quot;:&quot;0&quot;,&quot;copyright&quot;:&quot;&quot;,&quot;focal_length&quot;:&quot;0&quot;,&quot;iso&quot;:&quot;0&quot;,&quot;shutter_speed&quot;:&quot;0&quot;,&quot;title&quot;:&quot;&quot;,&quot;orientation&quot;:&quot;1&quot;}\" data-image-title=\"SNQ 1983 &amp;#8211; jeton (revers)_wp\" data-image-description=\"\" data-image-caption=\"\" data-medium-file=\"https:\/\/i0.wp.com\/emblemedequebec.marret.co\/wp-content\/uploads\/2018\/08\/SNQ-1983-jeton-revers_wp.jpg?fit=196%2C207&amp;ssl=1\" data-large-file=\"https:\/\/i0.wp.com\/emblemedequebec.marret.co\/wp-content\/uploads\/2018\/08\/SNQ-1983-jeton-revers_wp.jpg?fit=196%2C207&amp;ssl=1\" width=\"227\" height=\"240\" class=\"alignnone wp-image-9564\" alt=\"\" src=\"https:\/\/i0.wp.com\/emblemedequebec.marret.co\/wp-content\/uploads\/2018\/08\/SNQ-1983-jeton-revers_wp.jpg?resize=227%2C240&#038;ssl=1\" data-wp-pid=\"9564\"><\/a><\/p>\n<p>Le revers pr\u00e9sente, au centre, et sur quatre lignes, les inscriptions&nbsp;:<\/p>\n<p style=\"text-align: center;\">\u00ab&nbsp;23<sup>e<\/sup><br \/>\nanniversaire<br \/>\nde la S.N.Q,<br \/>\n22, 23 octobre 1983&nbsp;\u00bb.<\/p>\n<p><u>Donn\u00e9es techniques :<\/u><\/p>\n<p><em>Dessinateur du revers&nbsp;<\/em>: Claude Bernard.<br \/>\n<em>Fabricant&nbsp;: <\/em>Decalco (Qu\u00e9bec).<br \/>\n<em>Mat\u00e9riau&nbsp;: <\/em>Gravoply.<br \/>\n<em>Forme&nbsp;: <\/em>Dod\u00e9cagonale.<br \/>\n<em>Tirage<\/em>&nbsp;: 470 (tous num\u00e9rot\u00e9s)<\/p>\n<p><a href=\"https:\/\/i0.wp.com\/emblemedequebec.marret.co\/wp-content\/uploads\/2018\/08\/SNQ-et-Andr%C3%A9-Slivitzky_wp.jpg?ssl=1\"><img data-recalc-dims=\"1\" loading=\"lazy\" decoding=\"async\" data-attachment-id=\"9654\" data-permalink=\"https:\/\/emblemedequebec.marret.co\/index.php\/a-la-societe-numismatique-de-quebec-s-n-q\/jeton-en-plastique-1983\/snq-et-andre-slivitzky_wp\/\" data-orig-file=\"https:\/\/i0.wp.com\/emblemedequebec.marret.co\/wp-content\/uploads\/2018\/08\/SNQ-et-Andr%C3%A9-Slivitzky_wp.jpg?fit=295%2C259&amp;ssl=1\" data-orig-size=\"295,259\" data-comments-opened=\"1\" data-image-meta=\"{&quot;aperture&quot;:&quot;0&quot;,&quot;credit&quot;:&quot;&quot;,&quot;camera&quot;:&quot;&quot;,&quot;caption&quot;:&quot;&quot;,&quot;created_timestamp&quot;:&quot;0&quot;,&quot;copyright&quot;:&quot;&quot;,&quot;focal_length&quot;:&quot;0&quot;,&quot;iso&quot;:&quot;0&quot;,&quot;shutter_speed&quot;:&quot;0&quot;,&quot;title&quot;:&quot;&quot;,&quot;orientation&quot;:&quot;1&quot;}\" data-image-title=\"SNQ et Andr\u00e9 Slivitzky_wp\" data-image-description=\"\" data-image-caption=\"\" data-medium-file=\"https:\/\/i0.wp.com\/emblemedequebec.marret.co\/wp-content\/uploads\/2018\/08\/SNQ-et-Andr%C3%A9-Slivitzky_wp.jpg?fit=295%2C259&amp;ssl=1\" data-large-file=\"https:\/\/i0.wp.com\/emblemedequebec.marret.co\/wp-content\/uploads\/2018\/08\/SNQ-et-Andr%C3%A9-Slivitzky_wp.jpg?fit=295%2C259&amp;ssl=1\" width=\"197\" height=\"173\" class=\"wp-image-9654 alignright\" alt=\"\" src=\"https:\/\/i0.wp.com\/emblemedequebec.marret.co\/wp-content\/uploads\/2018\/08\/SNQ-et-Andr%C3%A9-Slivitzky_wp.jpg?resize=197%2C173&#038;ssl=1\" data-wp-pid=\"9654\"><\/a><\/p>\n<ul>\n<li>Un autre jeton en <em>gravoply<\/em> et mesurant 33mm a \u00e9t\u00e9 \u00e9mis avec l\u2019embl\u00e8me de la S.N.Q. Il pr\u00e9sente, au revers, des armoiries et, en l\u00e9gende, les inscriptions \u00ab&nbsp;Andr\u00e9 M. Slivitzky&nbsp;\u00bb et \u00ab&nbsp;Numismate et Historien&nbsp;\u00bb. Celles-ci sont grav\u00e9es en noir sur un fond de couleur cuivre.&nbsp;<\/li>\n<\/ul>\n","protected":false},"excerpt":{"rendered":"<p>En 1983, la Soci\u00e9t\u00e9 numismatique de Qu\u00e9bec d\u00e9cide d\u2019\u00e9mettre un jeton en plastique rigide (\u00ab&nbsp;gravoply&nbsp;\u00bb) pour souligner l\u2019exposition tenue dans le cadre de son 23e&nbsp;anniversaire. De forme dod\u00e9cagonale &#8211; 12 c\u00f4t\u00e9s -, le jeton est grav\u00e9 sur une mince couche &hellip; <a href=\"https:\/\/emblemedequebec.marret.co\/index.php\/a-la-societe-numismatique-de-quebec-s-n-q\/jeton-en-plastique-1983\/\">Continuer la lecture <span class=\"meta-nav\">&rarr;<\/span><\/a><\/p>\n","protected":false},"author":1,"featured_media":0,"parent":7599,"menu_order":0,"comment_status":"closed","ping_status":"closed","template":"","meta":{"ngg_post_thumbnail":0,"jetpack_post_was_ever_published":false,"footnotes":""},"class_list":["post-9655","page","type-page","status-publish","hentry"],"aioseo_notices":[],"jetpack_sharing_enabled":true,"jetpack_shortlink":"https:\/\/wp.me\/P9K7xB-2vJ","jetpack-related-posts":[{"id":9771,"url":"https:\/\/emblemedequebec.marret.co\/index.php\/a-la-societe-numismatique-de-quebec-s-n-q\/jetons-et-billets-en-bois\/","url_meta":{"origin":9655,"position":0},"title":"Jetons et billets en bois","author":"marretgravereaux","date":"15 ao\u00fbt 2018","format":false,"excerpt":"1987 \u2013 Embl\u00e8me de la S.N.Q. (premier dessin) En 1987, la Soci\u00e9t\u00e9 numismatique de Qu\u00e9bec \u00e9met pour la premi\u00e8re fois un jeton en bois. Celui-ci arbore, \u00e0 l\u2019avers, l\u2019embl\u00e8me officiel de la S.N.Q. Sur le revers apparaissent, en bleu \u2013 en noir pour le num\u00e9ro -, les inscriptions\u00a0: \u00ab Banquet\u2026","rel":"","context":"Article similaire","block_context":{"text":"Article similaire","link":""},"img":{"alt_text":"","src":"https:\/\/i0.wp.com\/emblemedequebec.marret.co\/wp-content\/uploads\/2018\/08\/SNQ1-Banquet-1987-a_wp.jpg?resize=350%2C200","width":350,"height":200},"classes":[]},{"id":7599,"url":"https:\/\/emblemedequebec.marret.co\/index.php\/a-la-societe-numismatique-de-quebec-s-n-q\/","url_meta":{"origin":9655,"position":1},"title":"&#8230; \u00e0 la Soci\u00e9t\u00e9 numismatique de Qu\u00e9bec (S.N.Q.)","author":"marretgravereaux","date":"13 mars 2018","format":false,"excerpt":"Fond\u00e9e en 1960, la Soci\u00e9t\u00e9 numismatique de Qu\u00e9bec adopte comme embl\u00e8me, quelques mois plus tard \u2013 le 21 f\u00e9vrier 1961 -, le dessin apparaissant sur le jeton d\u2019un penny de la Banque de Qu\u00e9bec, lui-m\u00eame inspir\u00e9 de celui de la ville de Qu\u00e9bec. Dans les ann\u00e9es qui suivent, l\u2019on voit\u2026","rel":"","context":"Article similaire","block_context":{"text":"Article similaire","link":""},"img":{"alt_text":"","src":"https:\/\/i0.wp.com\/emblemedequebec.marret.co\/wp-content\/uploads\/2018\/05\/1966-02-08-5e-SNQ-Programme-p2-3-c_wp.jpg?resize=350%2C200","width":350,"height":200},"classes":[]},{"id":9816,"url":"https:\/\/emblemedequebec.marret.co\/index.php\/a-la-societe-numismatique-de-quebec-s-n-q\/epinglettes\/","url_meta":{"origin":9655,"position":2},"title":"\u00c9pinglettes","author":"marretgravereaux","date":"16 ao\u00fbt 2018","format":false,"excerpt":"1988 \u2013 \u00c9pinglette souvenir En 1988, la Soci\u00e9t\u00e9 numismatique de Qu\u00e9bec fait fabrique pour ses membres, une \u00e9pinglette avec l\u2019embl\u00e8me de l\u2019association\u00a0; celle-ci renforce le sentiment d\u2019appartenance et constitue en m\u00eame temps un souvenir\u2026 Donn\u00e9es techniques : Mat\u00e9riau\u00a0: M\u00e9tal couleur argent. Diam\u00e8tre\u00a0: 23\u00a0mm. Fabricant\u00a0: L\u2019\u00c9pinglerie (Candiac, Qu\u00e9bec). Date de fabrication\u00a0:\u2026","rel":"","context":"Article similaire","block_context":{"text":"Article similaire","link":""},"img":{"alt_text":"","src":"https:\/\/i0.wp.com\/emblemedequebec.marret.co\/wp-content\/uploads\/2018\/08\/SNQ-%C3%89pinglette-2010-16_003_1_wp.jpg?resize=350%2C200","width":350,"height":200},"classes":[]},{"id":9716,"url":"https:\/\/emblemedequebec.marret.co\/index.php\/a-la-societe-numismatique-de-quebec-s-n-q\/billets-dactivites\/","url_meta":{"origin":9655,"position":3},"title":"Billets d&rsquo;activit\u00e9s","author":"marretgravereaux","date":"12 ao\u00fbt 2018","format":false,"excerpt":"Au fil des ans, la Soci\u00e9t\u00e9 numismatique de Qu\u00e9bec a \u00e9t\u00e9 amen\u00e9e \u00e0 \u00e9mettre divers billets pour faciliter le d\u00e9roulement de ses activit\u00e9s, tant lors de ses r\u00e9unions mensuelles qu\u2019\u00e0 l\u2019occasion de ses expositions et soir\u00e9es annuelles\u00a0: Billets d\u2019entr\u00e9e \u2013 Coupons de tirage de prix de pr\u00e9sence Billets d\u2019ench\u00e8res Sachets\u2026","rel":"","context":"Article similaire","block_context":{"text":"Article similaire","link":""},"img":{"alt_text":"","src":"https:\/\/i0.wp.com\/emblemedequebec.marret.co\/wp-content\/uploads\/2018\/08\/SNQ-1983-Billet-prix-de-pr%C3%A9sence-v2-a_wp.jpg?resize=350%2C200","width":350,"height":200},"classes":[]},{"id":9528,"url":"https:\/\/emblemedequebec.marret.co\/index.php\/a-la-societe-numismatique-de-quebec-s-n-q\/billets-a-valeur-1997-2000\/","url_meta":{"origin":9655,"position":4},"title":"Billets \u00ab \u00e0 valeur \u00bb (1997-2000)","author":"marretgravereaux","date":"9 ao\u00fbt 2018","format":false,"excerpt":"Pendant les ann\u00e9es 1997, 1998 et 1999, la Soci\u00e9t\u00e9 numismatique de Qu\u00e9bec et son club junior associ\u00e9, les Jeunes Mordus de la Monnaie, d\u00e9cident d\u2019\u00e9mettre des billets pour mettre en valeur le patrimoine local, dans une s\u00e9rie intitul\u00e9e \u00ab\u00a0Vision de Qu\u00e9bec\u00a0\u00bb. Les collectionneurs int\u00e9ress\u00e9s peuvent ainsi se procurer deux billets\u2026","rel":"","context":"Article similaire","block_context":{"text":"Article similaire","link":""},"img":{"alt_text":"","src":"https:\/\/i0.wp.com\/emblemedequebec.marret.co\/wp-content\/uploads\/2018\/08\/SNQ-1997-Vision-de-Qu%C3%A9bec-Enveloppe_wp.jpg?resize=350%2C200","width":350,"height":200},"classes":[]},{"id":9627,"url":"https:\/\/emblemedequebec.marret.co\/index.php\/a-la-societe-numismatique-de-quebec-s-n-q\/billets-du-50e-anniversaire-2010\/","url_meta":{"origin":9655,"position":5},"title":"Billets du 50e anniversaire (2010)","author":"marretgravereaux","date":"12 ao\u00fbt 2018","format":false,"excerpt":"En 2010, la Soci\u00e9t\u00e9 numismatique de Qu\u00e9bec f\u00eate le 50e\u00a0anniversaire de sa fondation. \u00c0 cette occasion, elle organise diverses activit\u00e9s et \u00e9met des billets dont dix rappellent sommairement l\u2019histoire du club et deux soulignent l\u2019exposition et le banquet ayant lieu pendant les f\u00eates\u2026 S\u00e9rie historique \u00c9mis mensuellement, de novembre\u00a02009 \u00e0\u2026","rel":"","context":"Article similaire","block_context":{"text":"Article similaire","link":""},"img":{"alt_text":"","src":"https:\/\/i0.wp.com\/emblemedequebec.marret.co\/wp-content\/uploads\/2018\/08\/SNQ-50e-Billets-01-10-Avers-NB_wp.jpg?resize=350%2C200","width":350,"height":200},"classes":[]}],"_links":{"self":[{"href":"https:\/\/emblemedequebec.marret.co\/index.php\/wp-json\/wp\/v2\/pages\/9655","targetHints":{"allow":["GET"]}}],"collection":[{"href":"https:\/\/emblemedequebec.marret.co\/index.php\/wp-json\/wp\/v2\/pages"}],"about":[{"href":"https:\/\/emblemedequebec.marret.co\/index.php\/wp-json\/wp\/v2\/types\/page"}],"author":[{"embeddable":true,"href":"https:\/\/emblemedequebec.marret.co\/index.php\/wp-json\/wp\/v2\/users\/1"}],"replies":[{"embeddable":true,"href":"https:\/\/emblemedequebec.marret.co\/index.php\/wp-json\/wp\/v2\/comments?post=9655"}],"version-history":[{"count":0,"href":"https:\/\/emblemedequebec.marret.co\/index.php\/wp-json\/wp\/v2\/pages\/9655\/revisions"}],"up":[{"embeddable":true,"href":"https:\/\/emblemedequebec.marret.co\/index.php\/wp-json\/wp\/v2\/pages\/7599"}],"wp:attachment":[{"href":"https:\/\/emblemedequebec.marret.co\/index.php\/wp-json\/wp\/v2\/media?parent=9655"}],"curies":[{"name":"wp","href":"https:\/\/api.w.org\/{rel}","templated":true}]}}