{"id":9466,"date":"2018-08-08T03:53:49","date_gmt":"2018-08-08T02:53:49","guid":{"rendered":"http:\/\/emblemedequebec.marret.co\/?page_id=9466"},"modified":"2018-08-08T14:43:42","modified_gmt":"2018-08-08T13:43:42","slug":"medaille-du-congres-de-lassociation-canadienne-de-numismatique-1989","status":"publish","type":"page","link":"https:\/\/emblemedequebec.marret.co\/index.php\/a-la-societe-numismatique-de-quebec-s-n-q\/medaille-du-congres-de-lassociation-canadienne-de-numismatique-1989\/","title":{"rendered":"M\u00e9daille du congr\u00e8s de l\u2019Association canadienne de numismatique (1989)"},"content":{"rendered":"<p>En 1989, la Soci\u00e9t\u00e9 numismatique de Qu\u00e9bec est l\u2019h\u00f4te du Congr\u00e8s annuel de l\u2019<em>Association Canadienne de Numismatique<\/em> &#8211; le plus important \u00e9v\u00e8nement du genre au Canada &#8211; et celui-ci a lieu \u00e0 Qu\u00e9bec du 26 au 30 juillet.<\/p>\n<p>\u00c0 cette occasion, la Monnaie Royale Canadienne est mandat\u00e9e pour frapper la m\u00e9daille officielle de cette rencontre. Celle-ci pr\u00e9sente d\u2019un c\u00f4t\u00e9, l\u2019embl\u00e8me officiel de la <em>Canadian Numismatic Association<\/em> et, de l\u2019autre, celui de la S.N.Q., l\u00e9g\u00e8rement modifi\u00e9 pour faire r\u00e9f\u00e9rence au congr\u00e8s&nbsp;: en l\u00e9gende, les inscriptions \u00ab&nbsp;Congr\u00e8s&nbsp; &nbsp;A.C.N.&nbsp; &nbsp;1989&nbsp; &nbsp;C.N.A.&nbsp; &nbsp;Association&nbsp;\u00bb et \u00ab&nbsp;Soci\u00e9t\u00e9 numismatique de Qu\u00e9bec&nbsp;\u00bb&nbsp;; sous le dessin de l\u2019embl\u00e8me \u00ab&nbsp;July 26-30 Juillet&nbsp;\u00bb et \u00ab&nbsp;Qu\u00e9bec (Qu\u00e9bec)&nbsp;\u00bb.<\/p>\n<p style=\"text-align: center;\"><a href=\"https:\/\/i0.wp.com\/emblemedequebec.marret.co\/wp-content\/uploads\/2018\/08\/SNQ-1989-Congr%C3%A8s-ACN-a-1_wp.jpg?ssl=1\"><img data-recalc-dims=\"1\" loading=\"lazy\" decoding=\"async\" data-attachment-id=\"9464\" data-permalink=\"https:\/\/emblemedequebec.marret.co\/index.php\/a-la-societe-numismatique-de-quebec-s-n-q\/medaille-du-congres-de-lassociation-canadienne-de-numismatique-1989\/snq-1989-congres-acn-a-1_wp\/\" data-orig-file=\"https:\/\/i0.wp.com\/emblemedequebec.marret.co\/wp-content\/uploads\/2018\/08\/SNQ-1989-Congr%C3%A8s-ACN-a-1_wp.jpg?fit=295%2C294&amp;ssl=1\" data-orig-size=\"295,294\" data-comments-opened=\"1\" data-image-meta=\"{&quot;aperture&quot;:&quot;0&quot;,&quot;credit&quot;:&quot;&quot;,&quot;camera&quot;:&quot;&quot;,&quot;caption&quot;:&quot;&quot;,&quot;created_timestamp&quot;:&quot;0&quot;,&quot;copyright&quot;:&quot;&quot;,&quot;focal_length&quot;:&quot;0&quot;,&quot;iso&quot;:&quot;0&quot;,&quot;shutter_speed&quot;:&quot;0&quot;,&quot;title&quot;:&quot;&quot;,&quot;orientation&quot;:&quot;1&quot;}\" data-image-title=\"SNQ 1989 &amp;#8211; Congr\u00e8s ACN (a) 1_wp\" data-image-description=\"\" data-image-caption=\"\" data-medium-file=\"https:\/\/i0.wp.com\/emblemedequebec.marret.co\/wp-content\/uploads\/2018\/08\/SNQ-1989-Congr%C3%A8s-ACN-a-1_wp.jpg?fit=295%2C294&amp;ssl=1\" data-large-file=\"https:\/\/i0.wp.com\/emblemedequebec.marret.co\/wp-content\/uploads\/2018\/08\/SNQ-1989-Congr%C3%A8s-ACN-a-1_wp.jpg?fit=295%2C294&amp;ssl=1\" width=\"295\" height=\"294\" class=\"alignnone size-full wp-image-9464\" alt=\"\" src=\"https:\/\/i0.wp.com\/emblemedequebec.marret.co\/wp-content\/uploads\/2018\/08\/SNQ-1989-Congr%C3%A8s-ACN-a-1_wp.jpg?resize=295%2C294&#038;ssl=1\" data-wp-pid=\"9464\" srcset=\"https:\/\/i0.wp.com\/emblemedequebec.marret.co\/wp-content\/uploads\/2018\/08\/SNQ-1989-Congr%C3%A8s-ACN-a-1_wp.jpg?w=295&amp;ssl=1 295w, https:\/\/i0.wp.com\/emblemedequebec.marret.co\/wp-content\/uploads\/2018\/08\/SNQ-1989-Congr%C3%A8s-ACN-a-1_wp.jpg?resize=150%2C150&amp;ssl=1 150w\" sizes=\"auto, (max-width: 295px) 100vw, 295px\" \/><\/a> &nbsp;&nbsp; <a href=\"https:\/\/i0.wp.com\/emblemedequebec.marret.co\/wp-content\/uploads\/2018\/08\/SNQ-1989-Congr%C3%A8s-ACN-r-1_wp.jpg?ssl=1\"><img data-recalc-dims=\"1\" loading=\"lazy\" decoding=\"async\" data-attachment-id=\"9465\" data-permalink=\"https:\/\/emblemedequebec.marret.co\/index.php\/a-la-societe-numismatique-de-quebec-s-n-q\/medaille-du-congres-de-lassociation-canadienne-de-numismatique-1989\/snq-1989-congres-acn-r-1_wp\/\" data-orig-file=\"https:\/\/i0.wp.com\/emblemedequebec.marret.co\/wp-content\/uploads\/2018\/08\/SNQ-1989-Congr%C3%A8s-ACN-r-1_wp.jpg?fit=295%2C295&amp;ssl=1\" data-orig-size=\"295,295\" data-comments-opened=\"1\" data-image-meta=\"{&quot;aperture&quot;:&quot;0&quot;,&quot;credit&quot;:&quot;&quot;,&quot;camera&quot;:&quot;&quot;,&quot;caption&quot;:&quot;&quot;,&quot;created_timestamp&quot;:&quot;0&quot;,&quot;copyright&quot;:&quot;&quot;,&quot;focal_length&quot;:&quot;0&quot;,&quot;iso&quot;:&quot;0&quot;,&quot;shutter_speed&quot;:&quot;0&quot;,&quot;title&quot;:&quot;&quot;,&quot;orientation&quot;:&quot;1&quot;}\" data-image-title=\"SNQ 1989 &amp;#8211; Congr\u00e8s ACN (r) 1_wp\" data-image-description=\"\" data-image-caption=\"\" data-medium-file=\"https:\/\/i0.wp.com\/emblemedequebec.marret.co\/wp-content\/uploads\/2018\/08\/SNQ-1989-Congr%C3%A8s-ACN-r-1_wp.jpg?fit=295%2C295&amp;ssl=1\" data-large-file=\"https:\/\/i0.wp.com\/emblemedequebec.marret.co\/wp-content\/uploads\/2018\/08\/SNQ-1989-Congr%C3%A8s-ACN-r-1_wp.jpg?fit=295%2C295&amp;ssl=1\" width=\"295\" height=\"295\" class=\"alignnone size-full wp-image-9465\" alt=\"\" src=\"https:\/\/i0.wp.com\/emblemedequebec.marret.co\/wp-content\/uploads\/2018\/08\/SNQ-1989-Congr%C3%A8s-ACN-r-1_wp.jpg?resize=295%2C295&#038;ssl=1\" data-wp-pid=\"9465\" srcset=\"https:\/\/i0.wp.com\/emblemedequebec.marret.co\/wp-content\/uploads\/2018\/08\/SNQ-1989-Congr%C3%A8s-ACN-r-1_wp.jpg?w=295&amp;ssl=1 295w, https:\/\/i0.wp.com\/emblemedequebec.marret.co\/wp-content\/uploads\/2018\/08\/SNQ-1989-Congr%C3%A8s-ACN-r-1_wp.jpg?resize=150%2C150&amp;ssl=1 150w\" sizes=\"auto, (max-width: 295px) 100vw, 295px\" \/><\/a><\/p>\n<p style=\"padding-left: 30px;\"><u>Donn\u00e9es techniques :<\/u><\/p>\n<p style=\"padding-left: 30px;\"><em>Dessinateur du revers&nbsp;<\/em>: Jean-Luc Marret.<br \/>\n<em>Fabricant&nbsp;: <\/em>Monnaie royale canadienne \u2013 M.R.C.<br \/>\n<em>Diam\u00e8tre&nbsp;:<\/em> 39&nbsp;mm.<br \/>\n<em>Tranche<\/em>&nbsp;: unie.<\/p>\n<p style=\"padding-left: 30px;\"><em>Frappe<\/em>&nbsp;:<\/p>\n<p style=\"padding-left: 60px;\">Cuivre naturel&nbsp;: 300&nbsp;exemplaires.<br \/>\nArgent&nbsp;: 100&nbsp;exemplaires.<\/p>\n<p>L\u2019\u00e9mission comprend, en outre, 80 pi\u00e8ces \u00ab&nbsp;unifaces&nbsp;\u00bb frapp\u00e9es sur divers m\u00e9taux et qui sont remises aux b\u00e9n\u00e9voles impliqu\u00e9s dans l\u2019organisation ainsi qu\u2019aux r\u00e9cipiendaires de prix.<\/p>\n","protected":false},"excerpt":{"rendered":"<p>En 1989, la Soci\u00e9t\u00e9 numismatique de Qu\u00e9bec est l\u2019h\u00f4te du Congr\u00e8s annuel de l\u2019Association Canadienne de Numismatique &#8211; le plus important \u00e9v\u00e8nement du genre au Canada &#8211; et celui-ci a lieu \u00e0 Qu\u00e9bec du 26 au 30 juillet. \u00c0 cette &hellip; <a href=\"https:\/\/emblemedequebec.marret.co\/index.php\/a-la-societe-numismatique-de-quebec-s-n-q\/medaille-du-congres-de-lassociation-canadienne-de-numismatique-1989\/\">Continuer la lecture <span class=\"meta-nav\">&rarr;<\/span><\/a><\/p>\n","protected":false},"author":1,"featured_media":0,"parent":7599,"menu_order":0,"comment_status":"closed","ping_status":"closed","template":"","meta":{"ngg_post_thumbnail":0,"jetpack_post_was_ever_published":false,"footnotes":""},"class_list":["post-9466","page","type-page","status-publish","hentry"],"aioseo_notices":[],"jetpack_sharing_enabled":true,"jetpack_shortlink":"https:\/\/wp.me\/P9K7xB-2sG","jetpack-related-posts":[{"id":9771,"url":"https:\/\/emblemedequebec.marret.co\/index.php\/a-la-societe-numismatique-de-quebec-s-n-q\/jetons-et-billets-en-bois\/","url_meta":{"origin":9466,"position":0},"title":"Jetons et billets en bois","author":"marretgravereaux","date":"15 ao\u00fbt 2018","format":false,"excerpt":"1987 \u2013 Embl\u00e8me de la S.N.Q. (premier dessin) En 1987, la Soci\u00e9t\u00e9 numismatique de Qu\u00e9bec \u00e9met pour la premi\u00e8re fois un jeton en bois. Celui-ci arbore, \u00e0 l\u2019avers, l\u2019embl\u00e8me officiel de la S.N.Q. Sur le revers apparaissent, en bleu \u2013 en noir pour le num\u00e9ro -, les inscriptions\u00a0: \u00ab Banquet\u2026","rel":"","context":"Article similaire","block_context":{"text":"Article similaire","link":""},"img":{"alt_text":"","src":"https:\/\/i0.wp.com\/emblemedequebec.marret.co\/wp-content\/uploads\/2018\/08\/SNQ1-Banquet-1987-a_wp.jpg?resize=350%2C200","width":350,"height":200},"classes":[]},{"id":9432,"url":"https:\/\/emblemedequebec.marret.co\/index.php\/a-la-societe-numismatique-de-quebec-s-n-q\/medaillons-1984-2010\/","url_meta":{"origin":9466,"position":1},"title":"M\u00e9daillons (1984 \u2013 2010)","author":"marretgravereaux","date":"7 ao\u00fbt 2018","format":false,"excerpt":"Entre 1984 et 2010, la Soci\u00e9t\u00e9 numismatique de Qu\u00e9bec a \u00e9mis des m\u00e9dailles \u00e0 douze reprises pour souligner ses activit\u00e9s et divers anniversaires. Elle fit appel \u00e0 un atelier mon\u00e9taire canadien \u2013 Pressed Metal Products - pour frapper ces pi\u00e8ces. L\u2019avers de celles-ci, le m\u00eame durant toutes ces ann\u00e9es, montre\u2026","rel":"","context":"Article similaire","block_context":{"text":"Article similaire","link":""},"img":{"alt_text":"","src":"https:\/\/i0.wp.com\/emblemedequebec.marret.co\/wp-content\/uploads\/2018\/08\/Revers-M%C3%A9daille-SNQ-2d_wp-1024x1024.jpg?resize=350%2C200","width":350,"height":200},"classes":[]},{"id":6054,"url":"https:\/\/emblemedequebec.marret.co\/index.php\/documents-et-references\/","url_meta":{"origin":9466,"position":2},"title":"Documents et r\u00e9f\u00e9rences","author":"marretgravereaux","date":"12 mai 2017","format":false,"excerpt":"\u00c0 propos de l\u2019ensemble du site. Marret, Jean-Luc. Le premier embl\u00e8me de la ville de Qu\u00e9bec. Histoire et usage (1831-2010). Qu\u00e9bec, 2010. Origine de l'embl\u00e8me de Qu\u00e9bec Cogn\u00e9, Daniel. The seal of Quebec City. Heraldic America. Vachon, Auguste. La m\u00e9daille Kebeca Liberata a-t-elle inspir\u00e9 le premier sceau de la ville\u2026","rel":"","context":"Article similaire","block_context":{"text":"Article similaire","link":""},"img":{"alt_text":"","src":"","width":0,"height":0},"classes":[]},{"id":9716,"url":"https:\/\/emblemedequebec.marret.co\/index.php\/a-la-societe-numismatique-de-quebec-s-n-q\/billets-dactivites\/","url_meta":{"origin":9466,"position":3},"title":"Billets d&rsquo;activit\u00e9s","author":"marretgravereaux","date":"12 ao\u00fbt 2018","format":false,"excerpt":"Au fil des ans, la Soci\u00e9t\u00e9 numismatique de Qu\u00e9bec a \u00e9t\u00e9 amen\u00e9e \u00e0 \u00e9mettre divers billets pour faciliter le d\u00e9roulement de ses activit\u00e9s, tant lors de ses r\u00e9unions mensuelles qu\u2019\u00e0 l\u2019occasion de ses expositions et soir\u00e9es annuelles\u00a0: Billets d\u2019entr\u00e9e \u2013 Coupons de tirage de prix de pr\u00e9sence Billets d\u2019ench\u00e8res Sachets\u2026","rel":"","context":"Article similaire","block_context":{"text":"Article similaire","link":""},"img":{"alt_text":"","src":"https:\/\/i0.wp.com\/emblemedequebec.marret.co\/wp-content\/uploads\/2018\/08\/SNQ-1983-Billet-prix-de-pr%C3%A9sence-v2-a_wp.jpg?resize=350%2C200","width":350,"height":200},"classes":[]},{"id":9816,"url":"https:\/\/emblemedequebec.marret.co\/index.php\/a-la-societe-numismatique-de-quebec-s-n-q\/epinglettes\/","url_meta":{"origin":9466,"position":4},"title":"\u00c9pinglettes","author":"marretgravereaux","date":"16 ao\u00fbt 2018","format":false,"excerpt":"1988 \u2013 \u00c9pinglette souvenir En 1988, la Soci\u00e9t\u00e9 numismatique de Qu\u00e9bec fait fabrique pour ses membres, une \u00e9pinglette avec l\u2019embl\u00e8me de l\u2019association\u00a0; celle-ci renforce le sentiment d\u2019appartenance et constitue en m\u00eame temps un souvenir\u2026 Donn\u00e9es techniques : Mat\u00e9riau\u00a0: M\u00e9tal couleur argent. Diam\u00e8tre\u00a0: 23\u00a0mm. Fabricant\u00a0: L\u2019\u00c9pinglerie (Candiac, Qu\u00e9bec). Date de fabrication\u00a0:\u2026","rel":"","context":"Article similaire","block_context":{"text":"Article similaire","link":""},"img":{"alt_text":"","src":"https:\/\/i0.wp.com\/emblemedequebec.marret.co\/wp-content\/uploads\/2018\/08\/SNQ-%C3%89pinglette-2010-16_003_1_wp.jpg?resize=350%2C200","width":350,"height":200},"classes":[]},{"id":9905,"url":"https:\/\/emblemedequebec.marret.co\/index.php\/a-la-societe-numismatique-de-quebec-s-n-q\/billets-danniversaire-2015-2019\/","url_meta":{"origin":9466,"position":5},"title":"Billets d&rsquo;anniversaire (2015-2020)","author":"marretgravereaux","date":"25 ao\u00fbt 2018","format":false,"excerpt":"En 2015, la Soci\u00e9t\u00e9 numismatique de Qu\u00e9bec d\u00e9cide de proc\u00e9der \u00e0 l\u2019\u00e9mission d\u2019une s\u00e9rie de cinq billets, \u00e0 para\u00eetre chaque ann\u00e9e, jusqu\u2019en 2020, date de son 60e\u00a0anniversaire de fondation. De fabrication artisanale, ce billet garde la m\u00eame facture au fil de la s\u00e9rie, mais les couleurs, les signes et les\u2026","rel":"","context":"Article similaire","block_context":{"text":"Article similaire","link":""},"img":{"alt_text":"","src":"https:\/\/i0.wp.com\/emblemedequebec.marret.co\/wp-content\/uploads\/2018\/08\/SNQ-2015-Billet-anniversaire-a_wp.jpg?resize=350%2C200","width":350,"height":200},"classes":[]}],"_links":{"self":[{"href":"https:\/\/emblemedequebec.marret.co\/index.php\/wp-json\/wp\/v2\/pages\/9466","targetHints":{"allow":["GET"]}}],"collection":[{"href":"https:\/\/emblemedequebec.marret.co\/index.php\/wp-json\/wp\/v2\/pages"}],"about":[{"href":"https:\/\/emblemedequebec.marret.co\/index.php\/wp-json\/wp\/v2\/types\/page"}],"author":[{"embeddable":true,"href":"https:\/\/emblemedequebec.marret.co\/index.php\/wp-json\/wp\/v2\/users\/1"}],"replies":[{"embeddable":true,"href":"https:\/\/emblemedequebec.marret.co\/index.php\/wp-json\/wp\/v2\/comments?post=9466"}],"version-history":[{"count":0,"href":"https:\/\/emblemedequebec.marret.co\/index.php\/wp-json\/wp\/v2\/pages\/9466\/revisions"}],"up":[{"embeddable":true,"href":"https:\/\/emblemedequebec.marret.co\/index.php\/wp-json\/wp\/v2\/pages\/7599"}],"wp:attachment":[{"href":"https:\/\/emblemedequebec.marret.co\/index.php\/wp-json\/wp\/v2\/media?parent=9466"}],"curies":[{"name":"wp","href":"https:\/\/api.w.org\/{rel}","templated":true}]}}