{"id":9422,"date":"2018-08-07T23:46:54","date_gmt":"2018-08-07T22:46:54","guid":{"rendered":"http:\/\/emblemedequebec.marret.co\/?page_id=9422"},"modified":"2018-08-08T14:16:51","modified_gmt":"2018-08-08T13:16:51","slug":"dollar-souvenir-1980","status":"publish","type":"page","link":"https:\/\/emblemedequebec.marret.co\/index.php\/a-la-societe-numismatique-de-quebec-s-n-q\/dollar-souvenir-1980\/","title":{"rendered":"Dollar souvenir (1980)"},"content":{"rendered":"<p><a href=\"https:\/\/i0.wp.com\/emblemedequebec.marret.co\/wp-content\/uploads\/2018\/08\/SNQ-1980-pi%C3%A8ce-recto_wp.jpg?ssl=1\"><img data-recalc-dims=\"1\" loading=\"lazy\" decoding=\"async\" data-attachment-id=\"9425\" data-permalink=\"https:\/\/emblemedequebec.marret.co\/index.php\/a-la-societe-numismatique-de-quebec-s-n-q\/dollar-souvenir-1980\/snq-1980-piece-recto_wp\/\" data-orig-file=\"https:\/\/i0.wp.com\/emblemedequebec.marret.co\/wp-content\/uploads\/2018\/08\/SNQ-1980-pi%C3%A8ce-recto_wp.jpg?fit=295%2C295&amp;ssl=1\" data-orig-size=\"295,295\" data-comments-opened=\"1\" data-image-meta=\"{&quot;aperture&quot;:&quot;0&quot;,&quot;credit&quot;:&quot;&quot;,&quot;camera&quot;:&quot;&quot;,&quot;caption&quot;:&quot;&quot;,&quot;created_timestamp&quot;:&quot;0&quot;,&quot;copyright&quot;:&quot;&quot;,&quot;focal_length&quot;:&quot;0&quot;,&quot;iso&quot;:&quot;0&quot;,&quot;shutter_speed&quot;:&quot;0&quot;,&quot;title&quot;:&quot;&quot;,&quot;orientation&quot;:&quot;1&quot;}\" data-image-title=\"SNQ 1980 &amp;#8211; pi\u00e8ce (recto)_wp\" data-image-description=\"\" data-image-caption=\"\" data-medium-file=\"https:\/\/i0.wp.com\/emblemedequebec.marret.co\/wp-content\/uploads\/2018\/08\/SNQ-1980-pi%C3%A8ce-recto_wp.jpg?fit=295%2C295&amp;ssl=1\" data-large-file=\"https:\/\/i0.wp.com\/emblemedequebec.marret.co\/wp-content\/uploads\/2018\/08\/SNQ-1980-pi%C3%A8ce-recto_wp.jpg?fit=295%2C295&amp;ssl=1\" width=\"250\" height=\"250\" class=\"wp-image-9425 alignleft\" alt=\"\" src=\"https:\/\/i0.wp.com\/emblemedequebec.marret.co\/wp-content\/uploads\/2018\/08\/SNQ-1980-pi%C3%A8ce-recto_wp.jpg?resize=250%2C250&#038;ssl=1\" data-wp-pid=\"9425\" srcset=\"https:\/\/i0.wp.com\/emblemedequebec.marret.co\/wp-content\/uploads\/2018\/08\/SNQ-1980-pi%C3%A8ce-recto_wp.jpg?w=295&amp;ssl=1 295w, https:\/\/i0.wp.com\/emblemedequebec.marret.co\/wp-content\/uploads\/2018\/08\/SNQ-1980-pi%C3%A8ce-recto_wp.jpg?resize=150%2C150&amp;ssl=1 150w\" sizes=\"auto, (max-width: 250px) 100vw, 250px\" \/><\/a>Fond\u00e9e en 1960, la Soci\u00e9t\u00e9 numismatique de Qu\u00e9bec a attendu vingt ans pour \u00e9mettre une premi\u00e8re pi\u00e8ce. En 1980, les jetons d\u2019\u00e9change \u2013 appel\u00e9s alors dollars de commerce \u2013 \u00e9tant populaires, les dirigeants de la S.N.Q. d\u00e9cident d\u2019en \u00e9mettre un pour souligner le 20<sup>e<\/sup> anniversaire de fondation de leur association et de lui attribuer une valeur d\u2019\u00e9change de&nbsp;1&nbsp;$.<\/p>\n<p>L\u2019avers de la pi\u00e8ce montre le logo de la S.N.Q. avec de l\u00e9g\u00e8res modifications&nbsp;: les inscriptions <em>1960&nbsp; XX&nbsp; 1980<\/em>, ont \u00e9t\u00e9 ajout\u00e9es avec, au-dessous, le mot <em>anniversaire<\/em> &#8211; les deux XX repr\u00e9sentant le chiffre 20 en chiffres romains.<\/p>\n<p><a href=\"https:\/\/i0.wp.com\/emblemedequebec.marret.co\/wp-content\/uploads\/2018\/08\/SNQ-1980-pi%C3%A8ce-verso2_wp.jpg?ssl=1\"><img data-recalc-dims=\"1\" loading=\"lazy\" decoding=\"async\" data-attachment-id=\"9470\" data-permalink=\"https:\/\/emblemedequebec.marret.co\/index.php\/a-la-societe-numismatique-de-quebec-s-n-q\/dollar-souvenir-1980\/snq-1980-piece-verso2_wp\/\" data-orig-file=\"https:\/\/i0.wp.com\/emblemedequebec.marret.co\/wp-content\/uploads\/2018\/08\/SNQ-1980-pi%C3%A8ce-verso2_wp.jpg?fit=286%2C295&amp;ssl=1\" data-orig-size=\"286,295\" data-comments-opened=\"1\" data-image-meta=\"{&quot;aperture&quot;:&quot;0&quot;,&quot;credit&quot;:&quot;&quot;,&quot;camera&quot;:&quot;&quot;,&quot;caption&quot;:&quot;&quot;,&quot;created_timestamp&quot;:&quot;0&quot;,&quot;copyright&quot;:&quot;&quot;,&quot;focal_length&quot;:&quot;0&quot;,&quot;iso&quot;:&quot;0&quot;,&quot;shutter_speed&quot;:&quot;0&quot;,&quot;title&quot;:&quot;&quot;,&quot;orientation&quot;:&quot;1&quot;}\" data-image-title=\"SNQ 1980 &amp;#8211; pi\u00e8ce (verso2)_wp\" data-image-description=\"\" data-image-caption=\"\" data-medium-file=\"https:\/\/i0.wp.com\/emblemedequebec.marret.co\/wp-content\/uploads\/2018\/08\/SNQ-1980-pi%C3%A8ce-verso2_wp.jpg?fit=286%2C295&amp;ssl=1\" data-large-file=\"https:\/\/i0.wp.com\/emblemedequebec.marret.co\/wp-content\/uploads\/2018\/08\/SNQ-1980-pi%C3%A8ce-verso2_wp.jpg?fit=286%2C295&amp;ssl=1\" width=\"243\" height=\"250\" class=\"wp-image-9470 alignright\" alt=\"\" src=\"https:\/\/i0.wp.com\/emblemedequebec.marret.co\/wp-content\/uploads\/2018\/08\/SNQ-1980-pi%C3%A8ce-verso2_wp.jpg?resize=243%2C250&#038;ssl=1\" data-wp-pid=\"9470\"><\/a>Le motif du revers a \u00e9t\u00e9 dessin\u00e9 par un des membres de la S.N.Q., M.&nbsp;Roland Guilbault. Il pr\u00e9sente de mani\u00e8re moderne et stylis\u00e9e une fleur de lys, embl\u00e8me du Qu\u00e9bec&nbsp;; la tige centrale a la forme du chiffre 1&nbsp; (pour 1 $).&nbsp; Les 14 lignes \u00e0 la droite de la fleur de lys repr\u00e9sentent les 14 membres fondateurs de la S.N.Q.<\/p>\n<p>La pi\u00e8ce de base fut produite en acier-nickel et la S.N.Q. en fit plaquer 400 en or. Andr\u00e9 Fecteau, un membre actif de la S.N.Q., en acheta pour sa part 125 pi\u00e8ces et obtint la permission de la S.N.Q. de les faire plaquer en bronze. La S.N.Q. \u00e9mit \u00e9galement 142 pi\u00e8ces en argent pur.<\/p>\n<p>&nbsp;<\/p>\n<p style=\"padding-left: 30px;\"><span style=\"text-decoration: underline;\">Donn\u00e9es techniques<\/span> :<\/p>\n<p style=\"padding-left: 60px;\"><em>Dessinateur&nbsp;<\/em>: Roland Guilbault.<br \/>\n<em>Fabricant&nbsp;: <\/em>The Sherritt Mint (Fort Saskatchewan, Alberta).<br \/>\n<em>Diam\u00e8tre&nbsp;:<\/em> 33&nbsp;mm.<br \/>\n<em>Tranche<\/em>&nbsp;: cannel\u00e9e.<\/p>\n<p style=\"padding-left: 60px;\"><em>Frappe<\/em>&nbsp;:<\/p>\n<p style=\"padding-left: 90px;\">Argent pur .999 : 142 exemplaires.<br \/>\nNickel renforc\u00e9 d\u2019acier : 3&nbsp;975 exemplaires.<br \/>\nNickel renforc\u00e9 d\u2019acier, plaqu\u00e9 or : 400 exemplaires.<br \/>\nNickel renforc\u00e9 d\u2019acier, plaqu\u00e9 bronze : 125 exemplaires.<\/p>\n","protected":false},"excerpt":{"rendered":"<p>Fond\u00e9e en 1960, la Soci\u00e9t\u00e9 numismatique de Qu\u00e9bec a attendu vingt ans pour \u00e9mettre une premi\u00e8re pi\u00e8ce. En 1980, les jetons d\u2019\u00e9change \u2013 appel\u00e9s alors dollars de commerce \u2013 \u00e9tant populaires, les dirigeants de la S.N.Q. d\u00e9cident d\u2019en \u00e9mettre un &hellip; <a href=\"https:\/\/emblemedequebec.marret.co\/index.php\/a-la-societe-numismatique-de-quebec-s-n-q\/dollar-souvenir-1980\/\">Continuer la lecture <span class=\"meta-nav\">&rarr;<\/span><\/a><\/p>\n","protected":false},"author":1,"featured_media":0,"parent":7599,"menu_order":0,"comment_status":"closed","ping_status":"closed","template":"","meta":{"ngg_post_thumbnail":0,"jetpack_post_was_ever_published":false,"footnotes":""},"class_list":["post-9422","page","type-page","status-publish","hentry"],"aioseo_notices":[],"jetpack_sharing_enabled":true,"jetpack_shortlink":"https:\/\/wp.me\/P9K7xB-2rY","jetpack-related-posts":[{"id":9432,"url":"https:\/\/emblemedequebec.marret.co\/index.php\/a-la-societe-numismatique-de-quebec-s-n-q\/medaillons-1984-2010\/","url_meta":{"origin":9422,"position":0},"title":"M\u00e9daillons (1984 \u2013 2010)","author":"marretgravereaux","date":"7 ao\u00fbt 2018","format":false,"excerpt":"Entre 1984 et 2010, la Soci\u00e9t\u00e9 numismatique de Qu\u00e9bec a \u00e9mis des m\u00e9dailles \u00e0 douze reprises pour souligner ses activit\u00e9s et divers anniversaires. Elle fit appel \u00e0 un atelier mon\u00e9taire canadien \u2013 Pressed Metal Products - pour frapper ces pi\u00e8ces. L\u2019avers de celles-ci, le m\u00eame durant toutes ces ann\u00e9es, montre\u2026","rel":"","context":"Article similaire","block_context":{"text":"Article similaire","link":""},"img":{"alt_text":"","src":"https:\/\/i0.wp.com\/emblemedequebec.marret.co\/wp-content\/uploads\/2018\/08\/Revers-M%C3%A9daille-SNQ-2d_wp-1024x1024.jpg?resize=350%2C200","width":350,"height":200},"classes":[]},{"id":9627,"url":"https:\/\/emblemedequebec.marret.co\/index.php\/a-la-societe-numismatique-de-quebec-s-n-q\/billets-du-50e-anniversaire-2010\/","url_meta":{"origin":9422,"position":1},"title":"Billets du 50e anniversaire (2010)","author":"marretgravereaux","date":"12 ao\u00fbt 2018","format":false,"excerpt":"En 2010, la Soci\u00e9t\u00e9 numismatique de Qu\u00e9bec f\u00eate le 50e\u00a0anniversaire de sa fondation. \u00c0 cette occasion, elle organise diverses activit\u00e9s et \u00e9met des billets dont dix rappellent sommairement l\u2019histoire du club et deux soulignent l\u2019exposition et le banquet ayant lieu pendant les f\u00eates\u2026 S\u00e9rie historique \u00c9mis mensuellement, de novembre\u00a02009 \u00e0\u2026","rel":"","context":"Article similaire","block_context":{"text":"Article similaire","link":""},"img":{"alt_text":"","src":"https:\/\/i0.wp.com\/emblemedequebec.marret.co\/wp-content\/uploads\/2018\/08\/SNQ-50e-Billets-01-10-Avers-NB_wp.jpg?resize=350%2C200","width":350,"height":200},"classes":[]},{"id":9716,"url":"https:\/\/emblemedequebec.marret.co\/index.php\/a-la-societe-numismatique-de-quebec-s-n-q\/billets-dactivites\/","url_meta":{"origin":9422,"position":2},"title":"Billets d&rsquo;activit\u00e9s","author":"marretgravereaux","date":"12 ao\u00fbt 2018","format":false,"excerpt":"Au fil des ans, la Soci\u00e9t\u00e9 numismatique de Qu\u00e9bec a \u00e9t\u00e9 amen\u00e9e \u00e0 \u00e9mettre divers billets pour faciliter le d\u00e9roulement de ses activit\u00e9s, tant lors de ses r\u00e9unions mensuelles qu\u2019\u00e0 l\u2019occasion de ses expositions et soir\u00e9es annuelles\u00a0: Billets d\u2019entr\u00e9e \u2013 Coupons de tirage de prix de pr\u00e9sence Billets d\u2019ench\u00e8res Sachets\u2026","rel":"","context":"Article similaire","block_context":{"text":"Article similaire","link":""},"img":{"alt_text":"","src":"https:\/\/i0.wp.com\/emblemedequebec.marret.co\/wp-content\/uploads\/2018\/08\/SNQ-1983-Billet-prix-de-pr%C3%A9sence-v2-a_wp.jpg?resize=350%2C200","width":350,"height":200},"classes":[]},{"id":7599,"url":"https:\/\/emblemedequebec.marret.co\/index.php\/a-la-societe-numismatique-de-quebec-s-n-q\/","url_meta":{"origin":9422,"position":3},"title":"&#8230; \u00e0 la Soci\u00e9t\u00e9 numismatique de Qu\u00e9bec (S.N.Q.)","author":"marretgravereaux","date":"13 mars 2018","format":false,"excerpt":"Fond\u00e9e en 1960, la Soci\u00e9t\u00e9 numismatique de Qu\u00e9bec adopte comme embl\u00e8me, quelques mois plus tard \u2013 le 21 f\u00e9vrier 1961 -, le dessin apparaissant sur le jeton d\u2019un penny de la Banque de Qu\u00e9bec, lui-m\u00eame inspir\u00e9 de celui de la ville de Qu\u00e9bec. Dans les ann\u00e9es qui suivent, l\u2019on voit\u2026","rel":"","context":"Article similaire","block_context":{"text":"Article similaire","link":""},"img":{"alt_text":"","src":"https:\/\/i0.wp.com\/emblemedequebec.marret.co\/wp-content\/uploads\/2018\/05\/1966-02-08-5e-SNQ-Programme-p2-3-c_wp.jpg?resize=350%2C200","width":350,"height":200},"classes":[]},{"id":9655,"url":"https:\/\/emblemedequebec.marret.co\/index.php\/a-la-societe-numismatique-de-quebec-s-n-q\/jeton-en-plastique-1983\/","url_meta":{"origin":9422,"position":4},"title":"Jeton en plastique (1983)","author":"marretgravereaux","date":"10 ao\u00fbt 2018","format":false,"excerpt":"En 1983, la Soci\u00e9t\u00e9 numismatique de Qu\u00e9bec d\u00e9cide d\u2019\u00e9mettre un jeton en plastique rigide (\u00ab\u00a0gravoply\u00a0\u00bb) pour souligner l\u2019exposition tenue dans le cadre de son 23e\u00a0anniversaire. De forme dod\u00e9cagonale - 12 c\u00f4t\u00e9s -, le jeton est grav\u00e9 sur une mince couche m\u00e9tallique de couleur bleue, le fond \u00e9tant de couleur argent.\u2026","rel":"","context":"Article similaire","block_context":{"text":"Article similaire","link":""},"img":{"alt_text":"","src":"https:\/\/i0.wp.com\/emblemedequebec.marret.co\/wp-content\/uploads\/2018\/08\/SNQ-1983-jeton-avers_wp.jpg?resize=350%2C200","width":350,"height":200},"classes":[]},{"id":9528,"url":"https:\/\/emblemedequebec.marret.co\/index.php\/a-la-societe-numismatique-de-quebec-s-n-q\/billets-a-valeur-1997-2000\/","url_meta":{"origin":9422,"position":5},"title":"Billets \u00ab \u00e0 valeur \u00bb (1997-2000)","author":"marretgravereaux","date":"9 ao\u00fbt 2018","format":false,"excerpt":"Pendant les ann\u00e9es 1997, 1998 et 1999, la Soci\u00e9t\u00e9 numismatique de Qu\u00e9bec et son club junior associ\u00e9, les Jeunes Mordus de la Monnaie, d\u00e9cident d\u2019\u00e9mettre des billets pour mettre en valeur le patrimoine local, dans une s\u00e9rie intitul\u00e9e \u00ab\u00a0Vision de Qu\u00e9bec\u00a0\u00bb. Les collectionneurs int\u00e9ress\u00e9s peuvent ainsi se procurer deux billets\u2026","rel":"","context":"Article similaire","block_context":{"text":"Article similaire","link":""},"img":{"alt_text":"","src":"https:\/\/i0.wp.com\/emblemedequebec.marret.co\/wp-content\/uploads\/2018\/08\/SNQ-1997-Vision-de-Qu%C3%A9bec-Enveloppe_wp.jpg?resize=350%2C200","width":350,"height":200},"classes":[]}],"_links":{"self":[{"href":"https:\/\/emblemedequebec.marret.co\/index.php\/wp-json\/wp\/v2\/pages\/9422","targetHints":{"allow":["GET"]}}],"collection":[{"href":"https:\/\/emblemedequebec.marret.co\/index.php\/wp-json\/wp\/v2\/pages"}],"about":[{"href":"https:\/\/emblemedequebec.marret.co\/index.php\/wp-json\/wp\/v2\/types\/page"}],"author":[{"embeddable":true,"href":"https:\/\/emblemedequebec.marret.co\/index.php\/wp-json\/wp\/v2\/users\/1"}],"replies":[{"embeddable":true,"href":"https:\/\/emblemedequebec.marret.co\/index.php\/wp-json\/wp\/v2\/comments?post=9422"}],"version-history":[{"count":0,"href":"https:\/\/emblemedequebec.marret.co\/index.php\/wp-json\/wp\/v2\/pages\/9422\/revisions"}],"up":[{"embeddable":true,"href":"https:\/\/emblemedequebec.marret.co\/index.php\/wp-json\/wp\/v2\/pages\/7599"}],"wp:attachment":[{"href":"https:\/\/emblemedequebec.marret.co\/index.php\/wp-json\/wp\/v2\/media?parent=9422"}],"curies":[{"name":"wp","href":"https:\/\/api.w.org\/{rel}","templated":true}]}}