{"id":9311,"date":"2018-05-27T22:29:14","date_gmt":"2018-05-27T21:29:14","guid":{"rendered":"http:\/\/emblemedequebec.marret.co\/?page_id=9311"},"modified":"2018-05-27T22:30:47","modified_gmt":"2018-05-27T21:30:47","slug":"quebec-rifles-171st-battalion","status":"publish","type":"page","link":"https:\/\/emblemedequebec.marret.co\/index.php\/sur-des-bijoux\/quebec-rifles-171st-battalion\/","title":{"rendered":"Quebec Rifles &#8211; 171st Battalion"},"content":{"rendered":"<p>Le 171<sup>e<\/sup> Bataillon outremer \u00ab<strong>Quebec Rifles<\/strong>&nbsp;\u00bb voit le jour en juillet 1916 comme <em>corps exp\u00e9ditionnaire canadien <\/em>&#8211; Overseas Battalion \u2013. Ses fantassins embarquent en novembre de la m\u00eame ann\u00e9e pour l\u2019Angleterre et fournissent des renforts au front lors de la Premi\u00e8re Guerre mondiale.<\/p>\n<p>Dissous en 1917, ce bataillon fut recr\u00e9\u00e9 en 1920 au sein de \u00ab&nbsp;<a href=\"https:\/\/fr.wikipedia.org\/wiki\/The_Royal_Rifles_of_Canada\" target=\"_blank\" rel=\"noopener\"><em>The Royal Rifles of Canada<\/em><\/a>&nbsp;\u00bb, r\u00e9giment d\u2019infanterie canadienne qui a fonctionn\u00e9, sous diverses appellations, de 1862 \u00e0 1966.<\/p>\n<p><a href=\"https:\/\/i0.wp.com\/emblemedequebec.marret.co\/wp-content\/uploads\/2018\/05\/3851-JLM-Quebec-Rifles-FR1a_wp.jpg?ssl=1\"><img data-recalc-dims=\"1\" loading=\"lazy\" decoding=\"async\" data-attachment-id=\"9299\" data-permalink=\"https:\/\/emblemedequebec.marret.co\/index.php\/sur-des-bijoux\/quebec-rifles-171st-battalion\/3851-jlm-quebec-rifles-fr1a_wp\/\" data-orig-file=\"https:\/\/i0.wp.com\/emblemedequebec.marret.co\/wp-content\/uploads\/2018\/05\/3851-JLM-Quebec-Rifles-FR1a_wp.jpg?fit=868%2C886&amp;ssl=1\" data-orig-size=\"868,886\" data-comments-opened=\"1\" data-image-meta=\"{&quot;aperture&quot;:&quot;11&quot;,&quot;credit&quot;:&quot;&quot;,&quot;camera&quot;:&quot;NIKON D7000&quot;,&quot;caption&quot;:&quot;&quot;,&quot;created_timestamp&quot;:&quot;1387813409&quot;,&quot;copyright&quot;:&quot;&quot;,&quot;focal_length&quot;:&quot;105&quot;,&quot;iso&quot;:&quot;100&quot;,&quot;shutter_speed&quot;:&quot;0.16666666666667&quot;,&quot;title&quot;:&quot;&quot;,&quot;orientation&quot;:&quot;1&quot;}\" data-image-title=\"3851-JLM Quebec Rifles FR1a_wp\" data-image-description=\"\" data-image-caption=\"\" data-medium-file=\"https:\/\/i0.wp.com\/emblemedequebec.marret.co\/wp-content\/uploads\/2018\/05\/3851-JLM-Quebec-Rifles-FR1a_wp.jpg?fit=294%2C300&amp;ssl=1\" data-large-file=\"https:\/\/i0.wp.com\/emblemedequebec.marret.co\/wp-content\/uploads\/2018\/05\/3851-JLM-Quebec-Rifles-FR1a_wp.jpg?fit=640%2C653&amp;ssl=1\" width=\"299\" height=\"305\" class=\"alignnone wp-image-9299\" alt=\"\" src=\"https:\/\/i0.wp.com\/emblemedequebec.marret.co\/wp-content\/uploads\/2018\/05\/3851-JLM-Quebec-Rifles-FR1a_wp.jpg?resize=299%2C305&#038;ssl=1\" data-wp-pid=\"9299\" srcset=\"https:\/\/i0.wp.com\/emblemedequebec.marret.co\/wp-content\/uploads\/2018\/05\/3851-JLM-Quebec-Rifles-FR1a_wp.jpg?w=868&amp;ssl=1 868w, https:\/\/i0.wp.com\/emblemedequebec.marret.co\/wp-content\/uploads\/2018\/05\/3851-JLM-Quebec-Rifles-FR1a_wp.jpg?resize=294%2C300&amp;ssl=1 294w, https:\/\/i0.wp.com\/emblemedequebec.marret.co\/wp-content\/uploads\/2018\/05\/3851-JLM-Quebec-Rifles-FR1a_wp.jpg?resize=768%2C784&amp;ssl=1 768w, https:\/\/i0.wp.com\/emblemedequebec.marret.co\/wp-content\/uploads\/2018\/05\/3851-JLM-Quebec-Rifles-FR1a_wp.jpg?resize=800%2C817&amp;ssl=1 800w, https:\/\/i0.wp.com\/emblemedequebec.marret.co\/wp-content\/uploads\/2018\/05\/3851-JLM-Quebec-Rifles-FR1a_wp.jpg?resize=588%2C600&amp;ssl=1 588w\" sizes=\"auto, (max-width: 299px) 100vw, 299px\" \/><\/a> &nbsp;&nbsp; <a href=\"https:\/\/i0.wp.com\/emblemedequebec.marret.co\/wp-content\/uploads\/2018\/05\/3851-JLM-Quebec-Rifles-FR2a_wp.jpg?ssl=1\"><img data-recalc-dims=\"1\" loading=\"lazy\" decoding=\"async\" data-attachment-id=\"9300\" data-permalink=\"https:\/\/emblemedequebec.marret.co\/index.php\/sur-des-bijoux\/quebec-rifles-171st-battalion\/3851-jlm-quebec-rifles-fr2a_wp\/\" data-orig-file=\"https:\/\/i0.wp.com\/emblemedequebec.marret.co\/wp-content\/uploads\/2018\/05\/3851-JLM-Quebec-Rifles-FR2a_wp.jpg?fit=746%2C886&amp;ssl=1\" data-orig-size=\"746,886\" data-comments-opened=\"1\" data-image-meta=\"{&quot;aperture&quot;:&quot;11&quot;,&quot;credit&quot;:&quot;&quot;,&quot;camera&quot;:&quot;NIKON D7000&quot;,&quot;caption&quot;:&quot;&quot;,&quot;created_timestamp&quot;:&quot;1387813409&quot;,&quot;copyright&quot;:&quot;&quot;,&quot;focal_length&quot;:&quot;105&quot;,&quot;iso&quot;:&quot;100&quot;,&quot;shutter_speed&quot;:&quot;0.16666666666667&quot;,&quot;title&quot;:&quot;&quot;,&quot;orientation&quot;:&quot;1&quot;}\" data-image-title=\"3851-JLM Quebec Rifles FR2a_wp\" data-image-description=\"\" data-image-caption=\"\" data-medium-file=\"https:\/\/i0.wp.com\/emblemedequebec.marret.co\/wp-content\/uploads\/2018\/05\/3851-JLM-Quebec-Rifles-FR2a_wp.jpg?fit=253%2C300&amp;ssl=1\" data-large-file=\"https:\/\/i0.wp.com\/emblemedequebec.marret.co\/wp-content\/uploads\/2018\/05\/3851-JLM-Quebec-Rifles-FR2a_wp.jpg?fit=640%2C760&amp;ssl=1\" width=\"227\" height=\"270\" class=\"alignnone wp-image-9300\" alt=\"\" src=\"https:\/\/i0.wp.com\/emblemedequebec.marret.co\/wp-content\/uploads\/2018\/05\/3851-JLM-Quebec-Rifles-FR2a_wp.jpg?resize=227%2C270&#038;ssl=1\" data-wp-pid=\"9300\" srcset=\"https:\/\/i0.wp.com\/emblemedequebec.marret.co\/wp-content\/uploads\/2018\/05\/3851-JLM-Quebec-Rifles-FR2a_wp.jpg?w=746&amp;ssl=1 746w, https:\/\/i0.wp.com\/emblemedequebec.marret.co\/wp-content\/uploads\/2018\/05\/3851-JLM-Quebec-Rifles-FR2a_wp.jpg?resize=253%2C300&amp;ssl=1 253w, https:\/\/i0.wp.com\/emblemedequebec.marret.co\/wp-content\/uploads\/2018\/05\/3851-JLM-Quebec-Rifles-FR2a_wp.jpg?resize=505%2C600&amp;ssl=1 505w\" sizes=\"auto, (max-width: 227px) 100vw, 227px\" \/><\/a><\/p>\n<p><strong>Qu\u00e9bec Rifles &#8211; 171 &#8211; Overseas Battalion&nbsp;: Insigne<\/strong><\/p>\n<p><em>Mat\u00e9riau<\/em>&nbsp;: Laiton.<br \/>\n<em>Fabricant&nbsp;: <\/em>Hemsley<br \/>\n<em>Dimensions&nbsp;:<\/em> 45&nbsp;mm x 43&nbsp;mm.<\/p>\n<p>&nbsp;<\/p>\n<p><a href=\"https:\/\/i0.wp.com\/emblemedequebec.marret.co\/wp-content\/uploads\/2018\/05\/3853-JLM-Quebec-Rifles-FR1a_wp.jpg?ssl=1\"><img data-recalc-dims=\"1\" loading=\"lazy\" decoding=\"async\" data-attachment-id=\"9301\" data-permalink=\"https:\/\/emblemedequebec.marret.co\/index.php\/sur-des-bijoux\/quebec-rifles-171st-battalion\/3853-jlm-quebec-rifles-fr1a_wp\/\" data-orig-file=\"https:\/\/i0.wp.com\/emblemedequebec.marret.co\/wp-content\/uploads\/2018\/05\/3853-JLM-Quebec-Rifles-FR1a_wp.jpg?fit=861%2C886&amp;ssl=1\" data-orig-size=\"861,886\" data-comments-opened=\"1\" data-image-meta=\"{&quot;aperture&quot;:&quot;11&quot;,&quot;credit&quot;:&quot;&quot;,&quot;camera&quot;:&quot;NIKON D7000&quot;,&quot;caption&quot;:&quot;&quot;,&quot;created_timestamp&quot;:&quot;1419897600&quot;,&quot;copyright&quot;:&quot;&quot;,&quot;focal_length&quot;:&quot;105&quot;,&quot;iso&quot;:&quot;100&quot;,&quot;shutter_speed&quot;:&quot;0.1&quot;,&quot;title&quot;:&quot;&quot;,&quot;orientation&quot;:&quot;1&quot;}\" data-image-title=\"3853-JLM Quebec Rifles FR1a_wp\" data-image-description=\"\" data-image-caption=\"\" data-medium-file=\"https:\/\/i0.wp.com\/emblemedequebec.marret.co\/wp-content\/uploads\/2018\/05\/3853-JLM-Quebec-Rifles-FR1a_wp.jpg?fit=292%2C300&amp;ssl=1\" data-large-file=\"https:\/\/i0.wp.com\/emblemedequebec.marret.co\/wp-content\/uploads\/2018\/05\/3853-JLM-Quebec-Rifles-FR1a_wp.jpg?fit=640%2C659&amp;ssl=1\" width=\"300\" height=\"309\" class=\"alignnone wp-image-9301\" alt=\"\" src=\"https:\/\/i0.wp.com\/emblemedequebec.marret.co\/wp-content\/uploads\/2018\/05\/3853-JLM-Quebec-Rifles-FR1a_wp.jpg?resize=300%2C309&#038;ssl=1\" data-wp-pid=\"9301\" srcset=\"https:\/\/i0.wp.com\/emblemedequebec.marret.co\/wp-content\/uploads\/2018\/05\/3853-JLM-Quebec-Rifles-FR1a_wp.jpg?w=861&amp;ssl=1 861w, https:\/\/i0.wp.com\/emblemedequebec.marret.co\/wp-content\/uploads\/2018\/05\/3853-JLM-Quebec-Rifles-FR1a_wp.jpg?resize=292%2C300&amp;ssl=1 292w, https:\/\/i0.wp.com\/emblemedequebec.marret.co\/wp-content\/uploads\/2018\/05\/3853-JLM-Quebec-Rifles-FR1a_wp.jpg?resize=768%2C790&amp;ssl=1 768w, https:\/\/i0.wp.com\/emblemedequebec.marret.co\/wp-content\/uploads\/2018\/05\/3853-JLM-Quebec-Rifles-FR1a_wp.jpg?resize=800%2C823&amp;ssl=1 800w, https:\/\/i0.wp.com\/emblemedequebec.marret.co\/wp-content\/uploads\/2018\/05\/3853-JLM-Quebec-Rifles-FR1a_wp.jpg?resize=583%2C600&amp;ssl=1 583w\" sizes=\"auto, (max-width: 300px) 100vw, 300px\" \/><\/a> <a href=\"https:\/\/i0.wp.com\/emblemedequebec.marret.co\/wp-content\/uploads\/2018\/05\/3853-JLM-Quebec-Rifles-FR1b_wp.jpg?ssl=1\"><img data-recalc-dims=\"1\" loading=\"lazy\" decoding=\"async\" data-attachment-id=\"9302\" data-permalink=\"https:\/\/emblemedequebec.marret.co\/index.php\/sur-des-bijoux\/quebec-rifles-171st-battalion\/3853-jlm-quebec-rifles-fr1b_wp\/\" data-orig-file=\"https:\/\/i0.wp.com\/emblemedequebec.marret.co\/wp-content\/uploads\/2018\/05\/3853-JLM-Quebec-Rifles-FR1b_wp.jpg?fit=230%2C295&amp;ssl=1\" data-orig-size=\"230,295\" data-comments-opened=\"1\" data-image-meta=\"{&quot;aperture&quot;:&quot;11&quot;,&quot;credit&quot;:&quot;&quot;,&quot;camera&quot;:&quot;NIKON D7000&quot;,&quot;caption&quot;:&quot;&quot;,&quot;created_timestamp&quot;:&quot;1419897600&quot;,&quot;copyright&quot;:&quot;&quot;,&quot;focal_length&quot;:&quot;105&quot;,&quot;iso&quot;:&quot;100&quot;,&quot;shutter_speed&quot;:&quot;0.1&quot;,&quot;title&quot;:&quot;&quot;,&quot;orientation&quot;:&quot;1&quot;}\" data-image-title=\"3853-JLM Quebec Rifles FR1b_wp\" data-image-description=\"\" data-image-caption=\"\" data-medium-file=\"https:\/\/i0.wp.com\/emblemedequebec.marret.co\/wp-content\/uploads\/2018\/05\/3853-JLM-Quebec-Rifles-FR1b_wp.jpg?fit=230%2C295&amp;ssl=1\" data-large-file=\"https:\/\/i0.wp.com\/emblemedequebec.marret.co\/wp-content\/uploads\/2018\/05\/3853-JLM-Quebec-Rifles-FR1b_wp.jpg?fit=230%2C295&amp;ssl=1\" width=\"225\" height=\"289\" class=\"alignnone wp-image-9302\" alt=\"\" src=\"https:\/\/i0.wp.com\/emblemedequebec.marret.co\/wp-content\/uploads\/2018\/05\/3853-JLM-Quebec-Rifles-FR1b_wp.jpg?resize=225%2C289&#038;ssl=1\" data-wp-pid=\"9302\"><\/a><\/p>\n<p><span lang=\"FR\" style=\"margin: 0px; padding: 0cm; border: 1pt windowtext; color: #333333; font-family: 'Georgia','serif'; font-size: 12pt;\"><b>Qu\u00e9bec Rifles &#8211; 171 &#8211; Overseas Battalion&nbsp;: Insigne (taille r\u00e9duite)<\/b><\/span><\/p>\n<p><em>Mat\u00e9riau<\/em>&nbsp;: Laiton.<br \/>\n<em>Fabricant&nbsp;: <\/em>Hemsley<br \/>\n<em>Dimensions&nbsp;:<\/em> 31&nbsp;mm x 30&nbsp;mm.<\/p>\n<p>&nbsp;<\/p>\n<p><a href=\"https:\/\/i0.wp.com\/emblemedequebec.marret.co\/wp-content\/uploads\/2018\/05\/3857-Quebec-Rifles-%C3%89tui-photo-cuir-1a_wp.jpg?ssl=1\"><img data-recalc-dims=\"1\" loading=\"lazy\" decoding=\"async\" data-attachment-id=\"9314\" data-permalink=\"https:\/\/emblemedequebec.marret.co\/index.php\/sur-des-bijoux\/quebec-rifles-171st-battalion\/3857-quebec-rifles-etui-photo-cuir-1a_wp\/\" data-orig-file=\"https:\/\/i0.wp.com\/emblemedequebec.marret.co\/wp-content\/uploads\/2018\/05\/3857-Quebec-Rifles-%C3%89tui-photo-cuir-1a_wp.jpg?fit=764%2C886&amp;ssl=1\" data-orig-size=\"764,886\" data-comments-opened=\"1\" data-image-meta=\"{&quot;aperture&quot;:&quot;0&quot;,&quot;credit&quot;:&quot;&quot;,&quot;camera&quot;:&quot;&quot;,&quot;caption&quot;:&quot;&quot;,&quot;created_timestamp&quot;:&quot;0&quot;,&quot;copyright&quot;:&quot;&quot;,&quot;focal_length&quot;:&quot;0&quot;,&quot;iso&quot;:&quot;0&quot;,&quot;shutter_speed&quot;:&quot;0&quot;,&quot;title&quot;:&quot;&quot;,&quot;orientation&quot;:&quot;1&quot;}\" data-image-title=\"3857 Quebec Rifles &amp;#8211; \u00c9tui photo cuir 1a_wp\" data-image-description=\"\" data-image-caption=\"\" data-medium-file=\"https:\/\/i0.wp.com\/emblemedequebec.marret.co\/wp-content\/uploads\/2018\/05\/3857-Quebec-Rifles-%C3%89tui-photo-cuir-1a_wp.jpg?fit=259%2C300&amp;ssl=1\" data-large-file=\"https:\/\/i0.wp.com\/emblemedequebec.marret.co\/wp-content\/uploads\/2018\/05\/3857-Quebec-Rifles-%C3%89tui-photo-cuir-1a_wp.jpg?fit=640%2C742&amp;ssl=1\" width=\"300\" height=\"348\" class=\"alignnone wp-image-9314\" alt=\"\" src=\"https:\/\/i0.wp.com\/emblemedequebec.marret.co\/wp-content\/uploads\/2018\/05\/3857-Quebec-Rifles-%C3%89tui-photo-cuir-1a_wp.jpg?resize=300%2C348&#038;ssl=1\" data-wp-pid=\"9314\" srcset=\"https:\/\/i0.wp.com\/emblemedequebec.marret.co\/wp-content\/uploads\/2018\/05\/3857-Quebec-Rifles-%C3%89tui-photo-cuir-1a_wp.jpg?w=764&amp;ssl=1 764w, https:\/\/i0.wp.com\/emblemedequebec.marret.co\/wp-content\/uploads\/2018\/05\/3857-Quebec-Rifles-%C3%89tui-photo-cuir-1a_wp.jpg?resize=259%2C300&amp;ssl=1 259w, https:\/\/i0.wp.com\/emblemedequebec.marret.co\/wp-content\/uploads\/2018\/05\/3857-Quebec-Rifles-%C3%89tui-photo-cuir-1a_wp.jpg?resize=517%2C600&amp;ssl=1 517w\" sizes=\"auto, (max-width: 300px) 100vw, 300px\" \/><\/a>&nbsp;<\/p>\n<p><span lang=\"FR\" style=\"margin: 0px; padding: 0cm; border: 1pt windowtext; color: #333333; font-family: 'Georgia','serif'; font-size: 12pt;\"><b>Qu\u00e9bec Rifles &#8211; 171 &#8211; Overseas Battalion&nbsp;: \u00c9tui porte-photo<\/b><\/span><\/p>\n<p><em>Mat\u00e9riau<\/em>&nbsp;: Cuir.<br \/>\n<em>Dimensions&nbsp;:<\/em> 127&nbsp;mm x 114&nbsp;mm.<\/p>\n","protected":false},"excerpt":{"rendered":"<p>Le 171e Bataillon outremer \u00abQuebec Rifles&nbsp;\u00bb voit le jour en juillet 1916 comme corps exp\u00e9ditionnaire canadien &#8211; Overseas Battalion \u2013. Ses fantassins embarquent en novembre de la m\u00eame ann\u00e9e pour l\u2019Angleterre et fournissent des renforts au front lors de la &hellip; <a href=\"https:\/\/emblemedequebec.marret.co\/index.php\/sur-des-bijoux\/quebec-rifles-171st-battalion\/\">Continuer la lecture <span class=\"meta-nav\">&rarr;<\/span><\/a><\/p>\n","protected":false},"author":1,"featured_media":0,"parent":7601,"menu_order":0,"comment_status":"closed","ping_status":"closed","template":"","meta":{"ngg_post_thumbnail":0,"jetpack_post_was_ever_published":false,"footnotes":""},"class_list":["post-9311","page","type-page","status-publish","hentry"],"aioseo_notices":[],"jetpack_sharing_enabled":true,"jetpack_shortlink":"https:\/\/wp.me\/P9K7xB-2qb","jetpack-related-posts":[{"id":8306,"url":"https:\/\/emblemedequebec.marret.co\/index.php\/ses-origines\/sources-dinspiration-pour-le-sceau-de-quebec\/","url_meta":{"origin":9311,"position":0},"title":"Sources d\u2019inspiration pour le sceau de Qu\u00e9bec","author":"marretgravereaux","date":"18 mars 2018","format":false,"excerpt":"\u00c9lu au conseil de la Cit\u00e9 de Qu\u00e9bec le 25\u00a0avril 1833, Joseph L\u00e9gar\u00e9 soumet dans les jours suivants un projet de sceau pour la Corporation municipale, lequel fait l\u2019objet de discussions lors de la s\u00e9ance du 24\u00a0mai. Il n\u2019a donc eu que peu de temps pour le pr\u00e9parer et l\u2019on\u2026","rel":"","context":"Article similaire","block_context":{"text":"Article similaire","link":""},"img":{"alt_text":"","src":"https:\/\/i0.wp.com\/emblemedequebec.marret.co\/wp-content\/uploads\/2024\/10\/1749-Paix-dAix-la-Chapelle-10-Photoroom-a_50-300x297.png?resize=350%2C200&ssl=1","width":350,"height":200},"classes":[]},{"id":9265,"url":"https:\/\/emblemedequebec.marret.co\/index.php\/a-la-ville-de-quebec\/les-cartes-dalfred-hawkins\/","url_meta":{"origin":9311,"position":1},"title":"Les cartes d&rsquo;Alfred Hawkins","author":"marretgravereaux","date":"24 mai 2018","format":false,"excerpt":"N\u00e9 en 1792 en Angleterre, Alfred Hawkins s\u2019installe \u00e0 Qu\u00e9bec en 1817 et s\u2019associe avec John Leland Maquay pour op\u00e9rer un commerce de vins et spiritueux. Il s\u2019implique tr\u00e8s rapidement dans la vie sociale et \u00e9conomique de Qu\u00e9bec, tant dans des associations mondaines que financi\u00e8res, telles la Quebec Assembly, la\u2026","rel":"","context":"Article similaire","block_context":{"text":"Article similaire","link":""},"img":{"alt_text":"","src":"https:\/\/i0.wp.com\/emblemedequebec.marret.co\/wp-content\/uploads\/2018\/05\/Hawkins-Alfred-Pictures-of-Quebec-p290a_wp.jpg?resize=350%2C200","width":350,"height":200},"classes":[]},{"id":66,"url":"https:\/\/emblemedequebec.marret.co\/","url_meta":{"origin":9311,"position":2},"title":"Le premier embl\u00e8me de la ville de Qu\u00e9bec","author":"marretgravereaux","date":"24 octobre 2015","format":false,"excerpt":"Incorpor\u00e9e en 1833, la ville de Qu\u00e9bec tint ses premi\u00e8res \u00e9lections en avril. Lors de l\u2019une de ses premi\u00e8res r\u00e9unions, quelques semaines plus tard, le conseil de ville adopta un sceau dont le dessin fut r\u00e9alis\u00e9 par l\u2019un de ses conseillers, Joseph L\u00e9gar\u00e9. Utilis\u00e9 comme embl\u00e8me, voire comme armoiries, pour\u2026","rel":"","context":"Article similaire","block_context":{"text":"Article similaire","link":""},"img":{"alt_text":"","src":"https:\/\/i0.wp.com\/emblemedequebec.marret.co\/wp-content\/uploads\/2018\/03\/Ville-de-Qu%C3%A9bec-Dessin-original_wp-997x1024.jpg?resize=350%2C200","width":350,"height":200},"classes":[]},{"id":9528,"url":"https:\/\/emblemedequebec.marret.co\/index.php\/a-la-societe-numismatique-de-quebec-s-n-q\/billets-a-valeur-1997-2000\/","url_meta":{"origin":9311,"position":3},"title":"Billets \u00ab \u00e0 valeur \u00bb (1997-2000)","author":"marretgravereaux","date":"9 ao\u00fbt 2018","format":false,"excerpt":"Pendant les ann\u00e9es 1997, 1998 et 1999, la Soci\u00e9t\u00e9 numismatique de Qu\u00e9bec et son club junior associ\u00e9, les Jeunes Mordus de la Monnaie, d\u00e9cident d\u2019\u00e9mettre des billets pour mettre en valeur le patrimoine local, dans une s\u00e9rie intitul\u00e9e \u00ab\u00a0Vision de Qu\u00e9bec\u00a0\u00bb. Les collectionneurs int\u00e9ress\u00e9s peuvent ainsi se procurer deux billets\u2026","rel":"","context":"Article similaire","block_context":{"text":"Article similaire","link":""},"img":{"alt_text":"","src":"https:\/\/i0.wp.com\/emblemedequebec.marret.co\/wp-content\/uploads\/2018\/08\/SNQ-1997-Vision-de-Qu%C3%A9bec-Enveloppe_wp.jpg?resize=350%2C200","width":350,"height":200},"classes":[]},{"id":8701,"url":"https:\/\/emblemedequebec.marret.co\/index.php\/dans-la-numismatique\/exposition-commerciale-de-quebec-1894\/","url_meta":{"origin":9311,"position":4},"title":"Exposition commerciale de Qu\u00e9bec (1894)","author":"marretgravereaux","date":"22 avril 2018","format":false,"excerpt":"La premi\u00e8re exposition agricole de Qu\u00e9bec, organis\u00e9e par la Soci\u00e9t\u00e9 d'agriculture de Qu\u00e9bec, se tient les 20 et 21 octobre 1818. Mais il faut attendre 1854 pour que Qu\u00e9bec mette sur pied une exposition d\u2019envergure r\u00e9ellement provinciale et visant \u00e0 promouvoir l\u2019agriculture, l\u2019industrie et le commerce. Cet \u00e9v\u00e8nement aurait d\u00fb\u2026","rel":"","context":"Article similaire","block_context":{"text":"Article similaire","link":""},"img":{"alt_text":"","src":"https:\/\/i0.wp.com\/emblemedequebec.marret.co\/wp-content\/uploads\/2018\/04\/Exposition-provinciale-1894_wp-1024x601.jpg?resize=350%2C200","width":350,"height":200},"classes":[]},{"id":8922,"url":"https:\/\/emblemedequebec.marret.co\/index.php\/sur-des-bijoux\/quebec-curling-club\/","url_meta":{"origin":9311,"position":5},"title":"Quebec Curling Club","author":"marretgravereaux","date":"1 mai 2018","format":false,"excerpt":"Le curling se joue \u00e0 l'origine sur des surfaces glac\u00e9es naturelles, telles, \u00e0 Qu\u00e9bec, le Saint-Laurent ou la rivi\u00e8re Saint-Charles. Mais, \u00e0 l\u2019initiative des \u00c9cossais le Quebec Curling Club voit le jour en 1821 et, au d\u00e9but, seuls des fils et des filles d'\u00c9cossais peuvent en devenir membres. Apr\u00e8s Montr\u00e9al\u2026","rel":"","context":"Dans &quot;Non class\u00e9&quot;","block_context":{"text":"Non class\u00e9","link":"https:\/\/emblemedequebec.marret.co\/index.php\/category\/non-classe\/"},"img":{"alt_text":"","src":"https:\/\/i0.wp.com\/emblemedequebec.marret.co\/wp-content\/uploads\/2018\/04\/2321-MMC-M930_50_1_638_wp.jpg?resize=350%2C200","width":350,"height":200},"classes":[]}],"_links":{"self":[{"href":"https:\/\/emblemedequebec.marret.co\/index.php\/wp-json\/wp\/v2\/pages\/9311","targetHints":{"allow":["GET"]}}],"collection":[{"href":"https:\/\/emblemedequebec.marret.co\/index.php\/wp-json\/wp\/v2\/pages"}],"about":[{"href":"https:\/\/emblemedequebec.marret.co\/index.php\/wp-json\/wp\/v2\/types\/page"}],"author":[{"embeddable":true,"href":"https:\/\/emblemedequebec.marret.co\/index.php\/wp-json\/wp\/v2\/users\/1"}],"replies":[{"embeddable":true,"href":"https:\/\/emblemedequebec.marret.co\/index.php\/wp-json\/wp\/v2\/comments?post=9311"}],"version-history":[{"count":0,"href":"https:\/\/emblemedequebec.marret.co\/index.php\/wp-json\/wp\/v2\/pages\/9311\/revisions"}],"up":[{"embeddable":true,"href":"https:\/\/emblemedequebec.marret.co\/index.php\/wp-json\/wp\/v2\/pages\/7601"}],"wp:attachment":[{"href":"https:\/\/emblemedequebec.marret.co\/index.php\/wp-json\/wp\/v2\/media?parent=9311"}],"curies":[{"name":"wp","href":"https:\/\/api.w.org\/{rel}","templated":true}]}}