{"id":9249,"date":"2018-05-22T17:57:38","date_gmt":"2018-05-22T16:57:38","guid":{"rendered":"http:\/\/emblemedequebec.marret.co\/?page_id=9249"},"modified":"2018-05-23T21:59:04","modified_gmt":"2018-05-23T20:59:04","slug":"monument-short-wallick-1891","status":"publish","type":"page","link":"https:\/\/emblemedequebec.marret.co\/index.php\/a-la-ville-de-quebec\/monument-short-wallick-1891\/","title":{"rendered":"Monument Short-Wallick (1891)"},"content":{"rendered":"<p><span lang=\"FR\"><span style=\"color: #333333;\">Le 15&nbsp;mai 1889, vers 23h30, un incendie se d\u00e9clare sur la rue Saint-Vallier \u00e0 Qu\u00e9bec. Dans ce quartier o\u00f9 presque &nbsp;toutes les maisons sont en bois, le feu se propage dans toutes les directions et avec une rapidit\u00e9 effrayante. Manquant d\u2019eau, les pompiers sont vite d\u00e9pass\u00e9s et demandent l\u2019aide de la garnison de Qu\u00e9bec. Pour arr\u00eater l\u2019incendie, les militaires d\u00e9cident de faire dispara\u00eetre quelques maisons et placent un baril de poudre dans l\u2019une d\u2019entre elles. &nbsp;Comme celui-ci tarde \u00e0 sauter, le major Short et le sergent Wallick entrent dans l\u2019\u00e9difice pour voir ce qu\u2019il en est&nbsp;; mais au moment o\u00f9 ils en font l\u2019examen, le baril explose et les tue\u2026 L\u2019incendie aura aussi d\u00e9truit plus de 400&nbsp;maisons.<\/span><\/span><\/p>\n<div id=\"attachment_9244\" style=\"width: 310px\" class=\"wp-caption alignright\"><a href=\"https:\/\/i0.wp.com\/emblemedequebec.marret.co\/wp-content\/uploads\/2018\/05\/1891-11-12-L%C3%89lecteur-p1a_wp.jpg?ssl=1\"><img data-recalc-dims=\"1\" loading=\"lazy\" decoding=\"async\" aria-describedby=\"caption-attachment-9244\" data-attachment-id=\"9244\" data-permalink=\"https:\/\/emblemedequebec.marret.co\/index.php\/a-la-ville-de-quebec\/monument-short-wallick-1891\/1891-11-12-lalecteur-pdf\/\" data-orig-file=\"https:\/\/i0.wp.com\/emblemedequebec.marret.co\/wp-content\/uploads\/2018\/05\/1891-11-12-L%C3%89lecteur-p1a_wp.jpg?fit=812%2C886&amp;ssl=1\" data-orig-size=\"812,886\" data-comments-opened=\"1\" data-image-meta=\"{&quot;aperture&quot;:&quot;0&quot;,&quot;credit&quot;:&quot;Jean-Luc&quot;,&quot;camera&quot;:&quot;&quot;,&quot;caption&quot;:&quot;&quot;,&quot;created_timestamp&quot;:&quot;0&quot;,&quot;copyright&quot;:&quot;&quot;,&quot;focal_length&quot;:&quot;0&quot;,&quot;iso&quot;:&quot;0&quot;,&quot;shutter_speed&quot;:&quot;0&quot;,&quot;title&quot;:&quot;1891-11-12 L&#039;\\u00c3\\u203alecteur.pdf&quot;,&quot;orientation&quot;:&quot;1&quot;}\" data-image-title=\"1891-11-12 L&amp;rsquo;\u00c3\u203alecteur.pdf\" data-image-description=\"\" data-image-caption=\"&lt;p&gt;L\u2019\u00c9lecteur, 12 novembre 1891&lt;\/p&gt;\n\" data-medium-file=\"https:\/\/i0.wp.com\/emblemedequebec.marret.co\/wp-content\/uploads\/2018\/05\/1891-11-12-L%C3%89lecteur-p1a_wp.jpg?fit=275%2C300&amp;ssl=1\" data-large-file=\"https:\/\/i0.wp.com\/emblemedequebec.marret.co\/wp-content\/uploads\/2018\/05\/1891-11-12-L%C3%89lecteur-p1a_wp.jpg?fit=640%2C698&amp;ssl=1\" width=\"300\" height=\"327\" class=\" wp-image-9244\" alt=\"\" src=\"https:\/\/i0.wp.com\/emblemedequebec.marret.co\/wp-content\/uploads\/2018\/05\/1891-11-12-L%C3%89lecteur-p1a_wp.jpg?resize=300%2C327&#038;ssl=1\" data-wp-pid=\"9244\" srcset=\"https:\/\/i0.wp.com\/emblemedequebec.marret.co\/wp-content\/uploads\/2018\/05\/1891-11-12-L%C3%89lecteur-p1a_wp.jpg?w=812&amp;ssl=1 812w, https:\/\/i0.wp.com\/emblemedequebec.marret.co\/wp-content\/uploads\/2018\/05\/1891-11-12-L%C3%89lecteur-p1a_wp.jpg?resize=275%2C300&amp;ssl=1 275w, https:\/\/i0.wp.com\/emblemedequebec.marret.co\/wp-content\/uploads\/2018\/05\/1891-11-12-L%C3%89lecteur-p1a_wp.jpg?resize=768%2C838&amp;ssl=1 768w, https:\/\/i0.wp.com\/emblemedequebec.marret.co\/wp-content\/uploads\/2018\/05\/1891-11-12-L%C3%89lecteur-p1a_wp.jpg?resize=800%2C873&amp;ssl=1 800w, https:\/\/i0.wp.com\/emblemedequebec.marret.co\/wp-content\/uploads\/2018\/05\/1891-11-12-L%C3%89lecteur-p1a_wp.jpg?resize=550%2C600&amp;ssl=1 550w\" sizes=\"auto, (max-width: 300px) 100vw, 300px\" \/><\/a><p id=\"caption-attachment-9244\" class=\"wp-caption-text\">L\u2019\u00c9lecteur, 12 novembre 1891<\/p><\/div>\n<p>&nbsp;<\/p>\n<p><span lang=\"FR\"><span style=\"color: #333333;\">Situ\u00e9 face au Man\u00e8ge militaire de Qu\u00e9bec, le monument Short-Wallick est con\u00e7u par le sculpteur Philippe H\u00e9bert pour honorer la m\u00e9moire de ces deux hommes morts dans des conditions tragiques&nbsp;; il est <a href=\"http:\/\/numerique.banq.qc.ca\/patrimoine\/details\/52327\/2516606?docsearchtext=short%20wallick\" target=\"_blank\" rel=\"noopener\">inaugur\u00e9 le 12&nbsp;novembre 1891<\/a>. Au pied du monument, une femme repr\u00e9sente la ville de Qu\u00e9bec exprimant la reconnaissance des citoyens aux deux h\u00e9ros.<\/span><\/span><\/p>\n<p style=\"text-align: center;\">~~~~~~~<\/p>\n<p>&nbsp;<\/p>\n<p>&nbsp;<\/p>\n<p><a href=\"https:\/\/i0.wp.com\/emblemedequebec.marret.co\/wp-content\/uploads\/2018\/05\/Monument-Short-Wallick-CP06a_wp.jpg?ssl=1\"><img data-recalc-dims=\"1\" loading=\"lazy\" decoding=\"async\" data-attachment-id=\"9245\" data-permalink=\"https:\/\/emblemedequebec.marret.co\/index.php\/a-la-ville-de-quebec\/monument-short-wallick-1891\/monument-short-wallick-cp06a_wp\/\" data-orig-file=\"https:\/\/i0.wp.com\/emblemedequebec.marret.co\/wp-content\/uploads\/2018\/05\/Monument-Short-Wallick-CP06a_wp.jpg?fit=886%2C562&amp;ssl=1\" data-orig-size=\"886,562\" data-comments-opened=\"1\" data-image-meta=\"{&quot;aperture&quot;:&quot;0&quot;,&quot;credit&quot;:&quot;&quot;,&quot;camera&quot;:&quot;&quot;,&quot;caption&quot;:&quot;&quot;,&quot;created_timestamp&quot;:&quot;0&quot;,&quot;copyright&quot;:&quot;&quot;,&quot;focal_length&quot;:&quot;0&quot;,&quot;iso&quot;:&quot;0&quot;,&quot;shutter_speed&quot;:&quot;0&quot;,&quot;title&quot;:&quot;&quot;,&quot;orientation&quot;:&quot;1&quot;}\" data-image-title=\"Monument Short-Wallick &amp;#8211; CP06a_wp\" data-image-description=\"\" data-image-caption=\"\" data-medium-file=\"https:\/\/i0.wp.com\/emblemedequebec.marret.co\/wp-content\/uploads\/2018\/05\/Monument-Short-Wallick-CP06a_wp.jpg?fit=300%2C190&amp;ssl=1\" data-large-file=\"https:\/\/i0.wp.com\/emblemedequebec.marret.co\/wp-content\/uploads\/2018\/05\/Monument-Short-Wallick-CP06a_wp.jpg?fit=640%2C406&amp;ssl=1\" width=\"337\" height=\"214\" class=\"wp-image-9245 alignnone\" alt=\"\" src=\"https:\/\/i0.wp.com\/emblemedequebec.marret.co\/wp-content\/uploads\/2018\/05\/Monument-Short-Wallick-CP06a_wp.jpg?resize=337%2C214&#038;ssl=1\" data-wp-pid=\"9245\" srcset=\"https:\/\/i0.wp.com\/emblemedequebec.marret.co\/wp-content\/uploads\/2018\/05\/Monument-Short-Wallick-CP06a_wp.jpg?w=886&amp;ssl=1 886w, https:\/\/i0.wp.com\/emblemedequebec.marret.co\/wp-content\/uploads\/2018\/05\/Monument-Short-Wallick-CP06a_wp.jpg?resize=300%2C190&amp;ssl=1 300w, https:\/\/i0.wp.com\/emblemedequebec.marret.co\/wp-content\/uploads\/2018\/05\/Monument-Short-Wallick-CP06a_wp.jpg?resize=768%2C487&amp;ssl=1 768w, https:\/\/i0.wp.com\/emblemedequebec.marret.co\/wp-content\/uploads\/2018\/05\/Monument-Short-Wallick-CP06a_wp.jpg?resize=800%2C507&amp;ssl=1 800w, https:\/\/i0.wp.com\/emblemedequebec.marret.co\/wp-content\/uploads\/2018\/05\/Monument-Short-Wallick-CP06a_wp.jpg?resize=600%2C381&amp;ssl=1 600w\" sizes=\"auto, (max-width: 337px) 100vw, 337px\" \/><\/a> <a href=\"https:\/\/i0.wp.com\/emblemedequebec.marret.co\/wp-content\/uploads\/2018\/05\/Monument-Short-Wallick-2010-09_001a_wp.jpg?ssl=1\"><img data-recalc-dims=\"1\" loading=\"lazy\" decoding=\"async\" data-attachment-id=\"9246\" data-permalink=\"https:\/\/emblemedequebec.marret.co\/index.php\/a-la-ville-de-quebec\/monument-short-wallick-1891\/monument-short-wallick-2010-09_001a_wp\/\" data-orig-file=\"https:\/\/i0.wp.com\/emblemedequebec.marret.co\/wp-content\/uploads\/2018\/05\/Monument-Short-Wallick-2010-09_001a_wp.jpg?fit=605%2C886&amp;ssl=1\" data-orig-size=\"605,886\" data-comments-opened=\"1\" data-image-meta=\"{&quot;aperture&quot;:&quot;5.6&quot;,&quot;credit&quot;:&quot;&quot;,&quot;camera&quot;:&quot;Canon EOS DIGITAL REBEL XSi&quot;,&quot;caption&quot;:&quot;&quot;,&quot;created_timestamp&quot;:&quot;1279875396&quot;,&quot;copyright&quot;:&quot;&quot;,&quot;focal_length&quot;:&quot;21&quot;,&quot;iso&quot;:&quot;400&quot;,&quot;shutter_speed&quot;:&quot;0.00625&quot;,&quot;title&quot;:&quot;&quot;,&quot;orientation&quot;:&quot;1&quot;}\" data-image-title=\"Monument Short-Wallick (2010-09_001a)_wp\" data-image-description=\"\" data-image-caption=\"\" data-medium-file=\"https:\/\/i0.wp.com\/emblemedequebec.marret.co\/wp-content\/uploads\/2018\/05\/Monument-Short-Wallick-2010-09_001a_wp.jpg?fit=205%2C300&amp;ssl=1\" data-large-file=\"https:\/\/i0.wp.com\/emblemedequebec.marret.co\/wp-content\/uploads\/2018\/05\/Monument-Short-Wallick-2010-09_001a_wp.jpg?fit=605%2C886&amp;ssl=1\" width=\"269\" height=\"393\" class=\"wp-image-9246 alignright\" alt=\"\" src=\"https:\/\/i0.wp.com\/emblemedequebec.marret.co\/wp-content\/uploads\/2018\/05\/Monument-Short-Wallick-2010-09_001a_wp.jpg?resize=269%2C393&#038;ssl=1\" data-wp-pid=\"9246\" srcset=\"https:\/\/i0.wp.com\/emblemedequebec.marret.co\/wp-content\/uploads\/2018\/05\/Monument-Short-Wallick-2010-09_001a_wp.jpg?w=605&amp;ssl=1 605w, https:\/\/i0.wp.com\/emblemedequebec.marret.co\/wp-content\/uploads\/2018\/05\/Monument-Short-Wallick-2010-09_001a_wp.jpg?resize=205%2C300&amp;ssl=1 205w, https:\/\/i0.wp.com\/emblemedequebec.marret.co\/wp-content\/uploads\/2018\/05\/Monument-Short-Wallick-2010-09_001a_wp.jpg?resize=410%2C600&amp;ssl=1 410w\" sizes=\"auto, (max-width: 269px) 100vw, 269px\" \/><\/a>&nbsp;<a href=\"https:\/\/i0.wp.com\/emblemedequebec.marret.co\/wp-content\/uploads\/2018\/05\/Monument-Short-Wallick-2010-09_007a_wp.jpg?ssl=1\"><img data-recalc-dims=\"1\" loading=\"lazy\" decoding=\"async\" data-attachment-id=\"9247\" data-permalink=\"https:\/\/emblemedequebec.marret.co\/index.php\/a-la-ville-de-quebec\/monument-short-wallick-1891\/monument-short-wallick-2010-09_007a_wp\/\" data-orig-file=\"https:\/\/i0.wp.com\/emblemedequebec.marret.co\/wp-content\/uploads\/2018\/05\/Monument-Short-Wallick-2010-09_007a_wp.jpg?fit=886%2C443&amp;ssl=1\" data-orig-size=\"886,443\" data-comments-opened=\"1\" data-image-meta=\"{&quot;aperture&quot;:&quot;7.1&quot;,&quot;credit&quot;:&quot;&quot;,&quot;camera&quot;:&quot;Canon EOS DIGITAL REBEL XSi&quot;,&quot;caption&quot;:&quot;&quot;,&quot;created_timestamp&quot;:&quot;1279875447&quot;,&quot;copyright&quot;:&quot;&quot;,&quot;focal_length&quot;:&quot;18&quot;,&quot;iso&quot;:&quot;200&quot;,&quot;shutter_speed&quot;:&quot;0.008&quot;,&quot;title&quot;:&quot;&quot;,&quot;orientation&quot;:&quot;1&quot;}\" data-image-title=\"Monument Short-Wallick (2010-09_007a)_wp\" data-image-description=\"\" data-image-caption=\"\" data-medium-file=\"https:\/\/i0.wp.com\/emblemedequebec.marret.co\/wp-content\/uploads\/2018\/05\/Monument-Short-Wallick-2010-09_007a_wp.jpg?fit=300%2C150&amp;ssl=1\" data-large-file=\"https:\/\/i0.wp.com\/emblemedequebec.marret.co\/wp-content\/uploads\/2018\/05\/Monument-Short-Wallick-2010-09_007a_wp.jpg?fit=640%2C320&amp;ssl=1\" width=\"346\" height=\"173\" class=\"alignnone wp-image-9247\" alt=\"\" src=\"https:\/\/i0.wp.com\/emblemedequebec.marret.co\/wp-content\/uploads\/2018\/05\/Monument-Short-Wallick-2010-09_007a_wp.jpg?resize=346%2C173&#038;ssl=1\" data-wp-pid=\"9247\" srcset=\"https:\/\/i0.wp.com\/emblemedequebec.marret.co\/wp-content\/uploads\/2018\/05\/Monument-Short-Wallick-2010-09_007a_wp.jpg?w=886&amp;ssl=1 886w, https:\/\/i0.wp.com\/emblemedequebec.marret.co\/wp-content\/uploads\/2018\/05\/Monument-Short-Wallick-2010-09_007a_wp.jpg?resize=300%2C150&amp;ssl=1 300w, https:\/\/i0.wp.com\/emblemedequebec.marret.co\/wp-content\/uploads\/2018\/05\/Monument-Short-Wallick-2010-09_007a_wp.jpg?resize=768%2C384&amp;ssl=1 768w, https:\/\/i0.wp.com\/emblemedequebec.marret.co\/wp-content\/uploads\/2018\/05\/Monument-Short-Wallick-2010-09_007a_wp.jpg?resize=800%2C400&amp;ssl=1 800w, https:\/\/i0.wp.com\/emblemedequebec.marret.co\/wp-content\/uploads\/2018\/05\/Monument-Short-Wallick-2010-09_007a_wp.jpg?resize=600%2C300&amp;ssl=1 600w\" sizes=\"auto, (max-width: 346px) 100vw, 346px\" \/><\/a>&nbsp;<\/p>\n<p>&nbsp;<\/p>\n","protected":false},"excerpt":{"rendered":"<p>Le 15&nbsp;mai 1889, vers 23h30, un incendie se d\u00e9clare sur la rue Saint-Vallier \u00e0 Qu\u00e9bec. Dans ce quartier o\u00f9 presque &nbsp;toutes les maisons sont en bois, le feu se propage dans toutes les directions et avec une rapidit\u00e9 effrayante. Manquant &hellip; <a href=\"https:\/\/emblemedequebec.marret.co\/index.php\/a-la-ville-de-quebec\/monument-short-wallick-1891\/\">Continuer la lecture <span class=\"meta-nav\">&rarr;<\/span><\/a><\/p>\n","protected":false},"author":1,"featured_media":0,"parent":7617,"menu_order":0,"comment_status":"closed","ping_status":"closed","template":"","meta":{"ngg_post_thumbnail":0,"jetpack_post_was_ever_published":false,"footnotes":""},"class_list":["post-9249","page","type-page","status-publish","hentry"],"aioseo_notices":[],"jetpack_sharing_enabled":true,"jetpack_shortlink":"https:\/\/wp.me\/P9K7xB-2pb","jetpack-related-posts":[{"id":9236,"url":"https:\/\/emblemedequebec.marret.co\/index.php\/a-la-ville-de-quebec\/monument-aux-victimes-de-lhospice-saint-charles\/","url_meta":{"origin":9249,"position":0},"title":"Monument aux victimes de l&rsquo;hospice Saint-Charles","author":"marretgravereaux","date":"20 mai 2018","format":false,"excerpt":"Construit en 1923-1924 dans le quartier Saint-Roch, l\u2019h\u00f4pital de la marine est d\u2019abord destin\u00e9 \u00e0 soigner les marins et les immigrants\u00a0; \u00e0 partir de 1888, il change de vocation, accueillant les orphelins et les enfants pauvres. En 1927, l\u2019hospice Saint-Charles est sous la responsabilit\u00e9 des S\u0153urs du Bon Pasteur et\u2026","rel":"","context":"Article similaire","block_context":{"text":"Article similaire","link":""},"img":{"alt_text":"","src":"https:\/\/i0.wp.com\/emblemedequebec.marret.co\/wp-content\/uploads\/2018\/05\/Monument-St-Charles-2013-16_002a_wp.jpg?resize=350%2C200","width":350,"height":200},"classes":[]},{"id":7599,"url":"https:\/\/emblemedequebec.marret.co\/index.php\/a-la-societe-numismatique-de-quebec-s-n-q\/","url_meta":{"origin":9249,"position":1},"title":"&#8230; \u00e0 la Soci\u00e9t\u00e9 numismatique de Qu\u00e9bec (S.N.Q.)","author":"marretgravereaux","date":"13 mars 2018","format":false,"excerpt":"Fond\u00e9e en 1960, la Soci\u00e9t\u00e9 numismatique de Qu\u00e9bec adopte comme embl\u00e8me, quelques mois plus tard \u2013 le 21 f\u00e9vrier 1961 -, le dessin apparaissant sur le jeton d\u2019un penny de la Banque de Qu\u00e9bec, lui-m\u00eame inspir\u00e9 de celui de la ville de Qu\u00e9bec. Dans les ann\u00e9es qui suivent, l\u2019on voit\u2026","rel":"","context":"Article similaire","block_context":{"text":"Article similaire","link":""},"img":{"alt_text":"","src":"https:\/\/i0.wp.com\/emblemedequebec.marret.co\/wp-content\/uploads\/2018\/05\/1966-02-08-5e-SNQ-Programme-p2-3-c_wp.jpg?resize=350%2C200","width":350,"height":200},"classes":[]},{"id":10268,"url":"https:\/\/emblemedequebec.marret.co\/index.php\/dans-la-numismatique\/exposition-commerciale-de-quebec-1894\/carnaval-de-quebec-1894\/","url_meta":{"origin":9249,"position":2},"title":"Carnaval de Qu\u00e9bec (1894)","author":"marretgravereaux","date":"28 mai 2020","format":false,"excerpt":"~~~~~ En 1893 - et alors que la ville est durement affect\u00e9e par le d\u00e9clin de ses activit\u00e9s portuaires -, Frank Carrel lance un appel dans le Quebec Daily Telegraph (dont il est propri\u00e9taire) pour que l\u2019on organise un carnaval l\u2019hiver suivant\u00a0; le succ\u00e8s rencontr\u00e9 \u00e0 Montr\u00e9al l\u2019a inspir\u00e9 et\u2026","rel":"","context":"Article similaire","block_context":{"text":"Article similaire","link":""},"img":{"alt_text":"","src":"https:\/\/i0.wp.com\/emblemedequebec.marret.co\/wp-content\/uploads\/2024\/10\/1521-JFD-Carnival-Photoroom-a-204x300.png?resize=350%2C200&ssl=1","width":350,"height":200},"classes":[]},{"id":7681,"url":"https:\/\/emblemedequebec.marret.co\/index.php\/ses-origines\/les-premiers-sceaux-de-quebec\/","url_meta":{"origin":9249,"position":3},"title":"Sceau provisoire, sceau permanent","author":"marretgravereaux","date":"15 mars 2018","format":false,"excerpt":"Qu\u00e9bec aurait pu avoir des armes d\u00e8s le XVIIe si\u00e8cle si le gouverneur de Frontenac avait men\u00e9 \u00e0 bien son projet. En effet, le 13\u00a0octobre 1673, il \u00e9crivait au ministre\u00a0: \u00ab\u00a0C\u2019est \u00e0 quoi, Mgr, vous aviserez, s\u2019il vous pla\u00eet, comme aussi aux livr\u00e9es et aux armes que le Roi voudra\u2026","rel":"","context":"Article similaire","block_context":{"text":"Article similaire","link":""},"img":{"alt_text":"","src":"https:\/\/i0.wp.com\/emblemedequebec.marret.co\/wp-content\/uploads\/2018\/03\/1833-06-17-Sceau-2010-09_031_wp.jpg?resize=350%2C200","width":350,"height":200},"classes":[]},{"id":8306,"url":"https:\/\/emblemedequebec.marret.co\/index.php\/ses-origines\/sources-dinspiration-pour-le-sceau-de-quebec\/","url_meta":{"origin":9249,"position":4},"title":"Sources d\u2019inspiration pour le sceau de Qu\u00e9bec","author":"marretgravereaux","date":"18 mars 2018","format":false,"excerpt":"\u00c9lu au conseil de la Cit\u00e9 de Qu\u00e9bec le 25\u00a0avril 1833, Joseph L\u00e9gar\u00e9 soumet dans les jours suivants un projet de sceau pour la Corporation municipale, lequel fait l\u2019objet de discussions lors de la s\u00e9ance du 24\u00a0mai. Il n\u2019a donc eu que peu de temps pour le pr\u00e9parer et l\u2019on\u2026","rel":"","context":"Article similaire","block_context":{"text":"Article similaire","link":""},"img":{"alt_text":"","src":"https:\/\/i0.wp.com\/emblemedequebec.marret.co\/wp-content\/uploads\/2024\/10\/1749-Paix-dAix-la-Chapelle-10-Photoroom-a_50-300x297.png?resize=350%2C200&ssl=1","width":350,"height":200},"classes":[]},{"id":8324,"url":"https:\/\/emblemedequebec.marret.co\/index.php\/ses-origines\/le-dessin-du-sceau\/","url_meta":{"origin":9249,"position":5},"title":"Le dessin du sceau","author":"marretgravereaux","date":"19 mars 2018","format":false,"excerpt":"Les \u00e9lections municipales de la Cit\u00e9 de Qu\u00e9bec ont lieu \u00e0 la fin avril\u00a01833. Le 24\u00a0mai, soit moins d\u2019un mois apr\u00e8s, le Conseil choisit son nouveau sceau\u00a0: \u00ab\u00a0R\u00e9solu que le Sceau de la Corporation tel que pr\u00e9sent\u00e9 par M.\u00a0L\u00e9gar\u00e9 soit adopt\u00e9 comme le Sceau de la Corporation. Le dit Sceau\u2026","rel":"","context":"Article similaire","block_context":{"text":"Article similaire","link":""},"img":{"alt_text":"","src":"https:\/\/i0.wp.com\/emblemedequebec.marret.co\/wp-content\/uploads\/2018\/05\/QP1-1-PV-1833-1834-23-mai-1834p_wp.jpg?resize=350%2C200","width":350,"height":200},"classes":[]}],"_links":{"self":[{"href":"https:\/\/emblemedequebec.marret.co\/index.php\/wp-json\/wp\/v2\/pages\/9249","targetHints":{"allow":["GET"]}}],"collection":[{"href":"https:\/\/emblemedequebec.marret.co\/index.php\/wp-json\/wp\/v2\/pages"}],"about":[{"href":"https:\/\/emblemedequebec.marret.co\/index.php\/wp-json\/wp\/v2\/types\/page"}],"author":[{"embeddable":true,"href":"https:\/\/emblemedequebec.marret.co\/index.php\/wp-json\/wp\/v2\/users\/1"}],"replies":[{"embeddable":true,"href":"https:\/\/emblemedequebec.marret.co\/index.php\/wp-json\/wp\/v2\/comments?post=9249"}],"version-history":[{"count":0,"href":"https:\/\/emblemedequebec.marret.co\/index.php\/wp-json\/wp\/v2\/pages\/9249\/revisions"}],"up":[{"embeddable":true,"href":"https:\/\/emblemedequebec.marret.co\/index.php\/wp-json\/wp\/v2\/pages\/7617"}],"wp:attachment":[{"href":"https:\/\/emblemedequebec.marret.co\/index.php\/wp-json\/wp\/v2\/media?parent=9249"}],"curies":[{"name":"wp","href":"https:\/\/api.w.org\/{rel}","templated":true}]}}