{"id":9236,"date":"2018-05-20T16:50:19","date_gmt":"2018-05-20T15:50:19","guid":{"rendered":"http:\/\/emblemedequebec.marret.co\/?page_id=9236"},"modified":"2018-12-28T19:33:36","modified_gmt":"2018-12-28T18:33:36","slug":"monument-aux-victimes-de-lhospice-saint-charles","status":"publish","type":"page","link":"https:\/\/emblemedequebec.marret.co\/index.php\/a-la-ville-de-quebec\/monument-aux-victimes-de-lhospice-saint-charles\/","title":{"rendered":"Monument aux victimes de l&rsquo;hospice Saint-Charles"},"content":{"rendered":"<p><span lang=\"FR\"><span style=\"color: #333333;\">Construit en 1923-1924 dans le quartier Saint-Roch, l\u2019h\u00f4pital de la marine est d\u2019abord destin\u00e9 \u00e0 soigner les marins et les immigrants&nbsp;; \u00e0 partir de 1888, il change de vocation, accueillant les orphelins et les enfants pauvres. <\/span><\/span><\/p>\n<p><span lang=\"FR\"><span style=\"color: #333333;\">En 1927, l\u2019hospice Saint-Charles est sous la responsabilit\u00e9 des S\u0153urs du Bon Pasteur et il h\u00e9berge 30&nbsp;religieuses et 371&nbsp;enfants lorsque, le 14&nbsp;d\u00e9cembre, un incendie ravage l\u2019\u00e9difice, faisant plusieurs victimes (de 28 \u00e0 36 selon les sources).<\/span><\/span><\/p>\n<p><span lang=\"FR\"><span style=\"color: #333333;\">\u00c9rig\u00e9 dans le cimeti\u00e8re Saint-Charles, un monument comm\u00e9moratif rappelle le souvenir de toutes ces victimes.<\/span><\/span><\/p>\n<p style=\"text-align: center;\"><a href=\"https:\/\/i0.wp.com\/emblemedequebec.marret.co\/wp-content\/uploads\/2018\/05\/Monument-St-Charles-2013-16_002a_wp.jpg?ssl=1\"><img data-recalc-dims=\"1\" loading=\"lazy\" decoding=\"async\" data-attachment-id=\"9240\" data-permalink=\"https:\/\/emblemedequebec.marret.co\/index.php\/a-la-ville-de-quebec\/monument-aux-victimes-de-lhospice-saint-charles\/monument-st-charles-2013-16_002a_wp\/\" data-orig-file=\"https:\/\/i0.wp.com\/emblemedequebec.marret.co\/wp-content\/uploads\/2018\/05\/Monument-St-Charles-2013-16_002a_wp.jpg?fit=591%2C886&amp;ssl=1\" data-orig-size=\"591,886\" data-comments-opened=\"1\" data-image-meta=\"{&quot;aperture&quot;:&quot;13&quot;,&quot;credit&quot;:&quot;&quot;,&quot;camera&quot;:&quot;Canon EOS DIGITAL REBEL XSi&quot;,&quot;caption&quot;:&quot;&quot;,&quot;created_timestamp&quot;:&quot;1373886030&quot;,&quot;copyright&quot;:&quot;&quot;,&quot;focal_length&quot;:&quot;28&quot;,&quot;iso&quot;:&quot;200&quot;,&quot;shutter_speed&quot;:&quot;0.004&quot;,&quot;title&quot;:&quot;&quot;,&quot;orientation&quot;:&quot;1&quot;}\" data-image-title=\"Monument St-Charles (2013-16_002a_wp)\" data-image-description=\"\" data-image-caption=\"\" data-medium-file=\"https:\/\/i0.wp.com\/emblemedequebec.marret.co\/wp-content\/uploads\/2018\/05\/Monument-St-Charles-2013-16_002a_wp.jpg?fit=200%2C300&amp;ssl=1\" data-large-file=\"https:\/\/i0.wp.com\/emblemedequebec.marret.co\/wp-content\/uploads\/2018\/05\/Monument-St-Charles-2013-16_002a_wp.jpg?fit=591%2C886&amp;ssl=1\" class=\"alignnone wp-image-9240\" src=\"https:\/\/i0.wp.com\/emblemedequebec.marret.co\/wp-content\/uploads\/2018\/05\/Monument-St-Charles-2013-16_002a_wp.jpg?resize=300%2C450&#038;ssl=1\" alt=\"\" width=\"300\" height=\"450\" data-wp-pid=\"9240\" srcset=\"https:\/\/i0.wp.com\/emblemedequebec.marret.co\/wp-content\/uploads\/2018\/05\/Monument-St-Charles-2013-16_002a_wp.jpg?w=591&amp;ssl=1 591w, https:\/\/i0.wp.com\/emblemedequebec.marret.co\/wp-content\/uploads\/2018\/05\/Monument-St-Charles-2013-16_002a_wp.jpg?resize=200%2C300&amp;ssl=1 200w, https:\/\/i0.wp.com\/emblemedequebec.marret.co\/wp-content\/uploads\/2018\/05\/Monument-St-Charles-2013-16_002a_wp.jpg?resize=400%2C600&amp;ssl=1 400w\" sizes=\"auto, (max-width: 300px) 100vw, 300px\" \/><\/a> &nbsp; <a href=\"https:\/\/i0.wp.com\/emblemedequebec.marret.co\/wp-content\/uploads\/2018\/05\/Monument-St-Charles-2013-16_006a_wp.jpg?ssl=1\"><img data-recalc-dims=\"1\" loading=\"lazy\" decoding=\"async\" data-attachment-id=\"9241\" data-permalink=\"https:\/\/emblemedequebec.marret.co\/index.php\/a-la-ville-de-quebec\/monument-aux-victimes-de-lhospice-saint-charles\/monument-st-charles-2013-16_006a_wp\/\" data-orig-file=\"https:\/\/i0.wp.com\/emblemedequebec.marret.co\/wp-content\/uploads\/2018\/05\/Monument-St-Charles-2013-16_006a_wp.jpg?fit=886%2C886&amp;ssl=1\" data-orig-size=\"886,886\" data-comments-opened=\"1\" data-image-meta=\"{&quot;aperture&quot;:&quot;10&quot;,&quot;credit&quot;:&quot;&quot;,&quot;camera&quot;:&quot;Canon EOS DIGITAL REBEL XSi&quot;,&quot;caption&quot;:&quot;&quot;,&quot;created_timestamp&quot;:&quot;1373886088&quot;,&quot;copyright&quot;:&quot;&quot;,&quot;focal_length&quot;:&quot;55&quot;,&quot;iso&quot;:&quot;200&quot;,&quot;shutter_speed&quot;:&quot;0.005&quot;,&quot;title&quot;:&quot;&quot;,&quot;orientation&quot;:&quot;1&quot;}\" data-image-title=\"Monument St-Charles (2013-16_006a_wp)\" data-image-description=\"\" data-image-caption=\"\" data-medium-file=\"https:\/\/i0.wp.com\/emblemedequebec.marret.co\/wp-content\/uploads\/2018\/05\/Monument-St-Charles-2013-16_006a_wp.jpg?fit=300%2C300&amp;ssl=1\" data-large-file=\"https:\/\/i0.wp.com\/emblemedequebec.marret.co\/wp-content\/uploads\/2018\/05\/Monument-St-Charles-2013-16_006a_wp.jpg?fit=640%2C640&amp;ssl=1\" class=\"alignnone wp-image-9241\" src=\"https:\/\/i0.wp.com\/emblemedequebec.marret.co\/wp-content\/uploads\/2018\/05\/Monument-St-Charles-2013-16_006a_wp.jpg?resize=302%2C302&#038;ssl=1\" alt=\"\" width=\"302\" height=\"302\" data-wp-pid=\"9241\" srcset=\"https:\/\/i0.wp.com\/emblemedequebec.marret.co\/wp-content\/uploads\/2018\/05\/Monument-St-Charles-2013-16_006a_wp.jpg?w=886&amp;ssl=1 886w, https:\/\/i0.wp.com\/emblemedequebec.marret.co\/wp-content\/uploads\/2018\/05\/Monument-St-Charles-2013-16_006a_wp.jpg?resize=150%2C150&amp;ssl=1 150w, https:\/\/i0.wp.com\/emblemedequebec.marret.co\/wp-content\/uploads\/2018\/05\/Monument-St-Charles-2013-16_006a_wp.jpg?resize=300%2C300&amp;ssl=1 300w, https:\/\/i0.wp.com\/emblemedequebec.marret.co\/wp-content\/uploads\/2018\/05\/Monument-St-Charles-2013-16_006a_wp.jpg?resize=768%2C768&amp;ssl=1 768w, https:\/\/i0.wp.com\/emblemedequebec.marret.co\/wp-content\/uploads\/2018\/05\/Monument-St-Charles-2013-16_006a_wp.jpg?resize=800%2C800&amp;ssl=1 800w, https:\/\/i0.wp.com\/emblemedequebec.marret.co\/wp-content\/uploads\/2018\/05\/Monument-St-Charles-2013-16_006a_wp.jpg?resize=600%2C600&amp;ssl=1 600w\" sizes=\"auto, (max-width: 302px) 100vw, 302px\" \/><\/a><\/p>\n<p style=\"padding-left: 30px;\"><span style=\"color: #333333;\">\u00ab&nbsp;Le monument collectif comm\u00e9morant les victimes de l&rsquo;incendie ayant eu lieu \u00e0 l&rsquo;Hospice Saint-Charles le 14 d\u00e9cembre 1927 est d&rsquo;une grande sobri\u00e9t\u00e9 et d&rsquo;une rare \u00e9l\u00e9gance. Il est de style art d\u00e9co, selon l&rsquo;historienne de l&rsquo;art Th\u00e9r\u00e8se Labb\u00e9. C&rsquo;est un monolithe en granit brut rose p\u00e2le qui repose sur un socle du m\u00eame mat\u00e9riau. Le socle est d&rsquo;une largeur de 190,5 cm, d&rsquo;une longueur de 76,2 cm et d&rsquo;une hauteur de 30,5 cm. La structure verticale du monument se r\u00e9tr\u00e9cit aux deux tiers de sa hauteur et se termine par un bord sup\u00e9rieur horizontal. Sur la face principale, s&rsquo;allongeant du haut vers le centre, un rectangle contient une croix latine nue et deux rameaux incrust\u00e9s en bas-relief de chaque c\u00f4t\u00e9 des bras de la croix. Au centre inf\u00e9rieur du monument, un m\u00e9daillon de bronze arbore des armoiries avec une femme assise sur les rives d&rsquo;un fleuve, tenant dans son bras droit une corne d&rsquo;abondance et s&rsquo;appuyant sur un bouclier orn\u00e9 d&rsquo;un lion. Un castor est \u00e0 ses pieds sur la rive et un voilier vogue au loin. Une devise en latin Natura Fortis Industria Crescit encercle le haut de ces armoiries, tandis qu&rsquo;une citation en latin Condita Quebecense\/AD MDCVIII\/ CIVITATIS REGIMINE\/DONATA A.D.\/MDCCCXXXIII\/QUEBEC\/ est \u00e9crite \u00e0 l&rsquo;horizontale au bas. Sous le m\u00e9daillon de bronze, des lettres, aussi en bronze, apparaissant en haut-relief rendent hommage aux victimes. \u00bb<\/span><\/p>\n<p style=\"text-align: right; padding-left: 30px;\"><span style=\"color: #333333;\"><em>Source&nbsp;: Culture et Communications Qu\u00e9bec.<br \/>\n<a href=\"http:\/\/www.patrimoine-culturel.gouv.qc.ca\/rpcq\/detail.do?methode=consulter&amp;id=185028&amp;type=bien#.WwFzdXd82k0\" target=\"_blank\" rel=\"noopener\">R\u00e9pertoire du patrimoine culturel du Qu\u00e9bec<\/a>.<\/em> <\/span><\/p>\n<p style=\"text-align: center;\">~~~~~~~<\/p>\n<p style=\"text-align: center;\"><a href=\"https:\/\/i0.wp.com\/emblemedequebec.marret.co\/wp-content\/uploads\/2018\/05\/1927-12-15-La-Presse-p1_wp.jpg?ssl=1\"><img data-recalc-dims=\"1\" loading=\"lazy\" decoding=\"async\" data-attachment-id=\"9238\" data-permalink=\"https:\/\/emblemedequebec.marret.co\/index.php\/a-la-ville-de-quebec\/monument-aux-victimes-de-lhospice-saint-charles\/1927-12-15-la-presse-p1_wp\/\" data-orig-file=\"https:\/\/i0.wp.com\/emblemedequebec.marret.co\/wp-content\/uploads\/2018\/05\/1927-12-15-La-Presse-p1_wp.jpg?fit=1181%2C726&amp;ssl=1\" data-orig-size=\"1181,726\" data-comments-opened=\"1\" data-image-meta=\"{&quot;aperture&quot;:&quot;0&quot;,&quot;credit&quot;:&quot;Biblioth\\u00e8que et Archives nation&quot;,&quot;camera&quot;:&quot;&quot;,&quot;caption&quot;:&quot;&quot;,&quot;created_timestamp&quot;:&quot;0&quot;,&quot;copyright&quot;:&quot;&quot;,&quot;focal_length&quot;:&quot;0&quot;,&quot;iso&quot;:&quot;0&quot;,&quot;shutter_speed&quot;:&quot;0&quot;,&quot;title&quot;:&quot;&quot;,&quot;orientation&quot;:&quot;1&quot;}\" data-image-title=\"1927-12-15 La Presse p1_wp\" data-image-description=\"\" data-image-caption=\"\" data-medium-file=\"https:\/\/i0.wp.com\/emblemedequebec.marret.co\/wp-content\/uploads\/2018\/05\/1927-12-15-La-Presse-p1_wp.jpg?fit=300%2C184&amp;ssl=1\" data-large-file=\"https:\/\/i0.wp.com\/emblemedequebec.marret.co\/wp-content\/uploads\/2018\/05\/1927-12-15-La-Presse-p1_wp.jpg?fit=640%2C393&amp;ssl=1\" class=\"wp-image-9238 aligncenter\" src=\"https:\/\/i0.wp.com\/emblemedequebec.marret.co\/wp-content\/uploads\/2018\/05\/1927-12-15-La-Presse-p1_wp.jpg?resize=640%2C393&#038;ssl=1\" alt=\"\" width=\"640\" height=\"393\" data-wp-pid=\"9238\" srcset=\"https:\/\/i0.wp.com\/emblemedequebec.marret.co\/wp-content\/uploads\/2018\/05\/1927-12-15-La-Presse-p1_wp.jpg?resize=1024%2C629&amp;ssl=1 1024w, https:\/\/i0.wp.com\/emblemedequebec.marret.co\/wp-content\/uploads\/2018\/05\/1927-12-15-La-Presse-p1_wp.jpg?resize=300%2C184&amp;ssl=1 300w, https:\/\/i0.wp.com\/emblemedequebec.marret.co\/wp-content\/uploads\/2018\/05\/1927-12-15-La-Presse-p1_wp.jpg?resize=768%2C472&amp;ssl=1 768w, https:\/\/i0.wp.com\/emblemedequebec.marret.co\/wp-content\/uploads\/2018\/05\/1927-12-15-La-Presse-p1_wp.jpg?resize=800%2C492&amp;ssl=1 800w, https:\/\/i0.wp.com\/emblemedequebec.marret.co\/wp-content\/uploads\/2018\/05\/1927-12-15-La-Presse-p1_wp.jpg?resize=600%2C369&amp;ssl=1 600w, https:\/\/i0.wp.com\/emblemedequebec.marret.co\/wp-content\/uploads\/2018\/05\/1927-12-15-La-Presse-p1_wp.jpg?w=1181&amp;ssl=1 1181w\" sizes=\"auto, (max-width: 640px) 100vw, 640px\" \/><\/a><span style=\"font-size: 10pt;\">La Presse, 15 d\u00e9cembre 1927<\/span><\/p>\n<div id=\"attachment_9239\" style=\"width: 650px\" class=\"wp-caption alignnone\"><a href=\"https:\/\/i0.wp.com\/emblemedequebec.marret.co\/wp-content\/uploads\/2018\/05\/incendie-de-lhospice-st-charles-1927-12-20-archives-de-la-ville-de-quc3a9bec-fonds-ville-de-quc3a9bec-q-c2-10-n001565.jpg?ssl=1\"><img data-recalc-dims=\"1\" loading=\"lazy\" decoding=\"async\" aria-describedby=\"caption-attachment-9239\" data-attachment-id=\"9239\" data-permalink=\"https:\/\/emblemedequebec.marret.co\/index.php\/a-la-ville-de-quebec\/monument-aux-victimes-de-lhospice-saint-charles\/incendie-de-lhospice-st-charles-1927-12-20-archives-de-la-ville-de-quc3a9bec-fonds-ville-de-quc3a9bec-q-c2-10-n001565\/\" data-orig-file=\"https:\/\/i0.wp.com\/emblemedequebec.marret.co\/wp-content\/uploads\/2018\/05\/incendie-de-lhospice-st-charles-1927-12-20-archives-de-la-ville-de-quc3a9bec-fonds-ville-de-quc3a9bec-q-c2-10-n001565.jpg?fit=1600%2C1168&amp;ssl=1\" data-orig-size=\"1600,1168\" data-comments-opened=\"1\" data-image-meta=\"{&quot;aperture&quot;:&quot;0&quot;,&quot;credit&quot;:&quot;&quot;,&quot;camera&quot;:&quot;&quot;,&quot;caption&quot;:&quot;&quot;,&quot;created_timestamp&quot;:&quot;0&quot;,&quot;copyright&quot;:&quot;&quot;,&quot;focal_length&quot;:&quot;0&quot;,&quot;iso&quot;:&quot;0&quot;,&quot;shutter_speed&quot;:&quot;0&quot;,&quot;title&quot;:&quot;&quot;,&quot;orientation&quot;:&quot;1&quot;}\" data-image-title=\"incendie-de-lhospice-st-charles-1927-12-20-archives-de-la-ville-de-quc3a9bec-fonds-ville-de-quc3a9bec-q-c2-10-n001565\" data-image-description=\"&lt;p&gt;Archives de la Ville de Qu\u00e9bec, Fonds Ville de Qu\u00e9bec, Q-C2-10-N001565&lt;\/p&gt;\n\" data-image-caption=\"&lt;p&gt;Incendie de l\u2019Hospice St-Charles, 14 d\u00e9cembre 1927&lt;\/p&gt;\n\" data-medium-file=\"https:\/\/i0.wp.com\/emblemedequebec.marret.co\/wp-content\/uploads\/2018\/05\/incendie-de-lhospice-st-charles-1927-12-20-archives-de-la-ville-de-quc3a9bec-fonds-ville-de-quc3a9bec-q-c2-10-n001565.jpg?fit=300%2C219&amp;ssl=1\" data-large-file=\"https:\/\/i0.wp.com\/emblemedequebec.marret.co\/wp-content\/uploads\/2018\/05\/incendie-de-lhospice-st-charles-1927-12-20-archives-de-la-ville-de-quc3a9bec-fonds-ville-de-quc3a9bec-q-c2-10-n001565.jpg?fit=640%2C468&amp;ssl=1\" class=\"size-large wp-image-9239\" src=\"https:\/\/i0.wp.com\/emblemedequebec.marret.co\/wp-content\/uploads\/2018\/05\/incendie-de-lhospice-st-charles-1927-12-20-archives-de-la-ville-de-quc3a9bec-fonds-ville-de-quc3a9bec-q-c2-10-n001565.jpg?resize=640%2C468&#038;ssl=1\" alt=\"\" width=\"640\" height=\"468\" data-wp-pid=\"9239\" srcset=\"https:\/\/i0.wp.com\/emblemedequebec.marret.co\/wp-content\/uploads\/2018\/05\/incendie-de-lhospice-st-charles-1927-12-20-archives-de-la-ville-de-quc3a9bec-fonds-ville-de-quc3a9bec-q-c2-10-n001565.jpg?resize=1024%2C748&amp;ssl=1 1024w, https:\/\/i0.wp.com\/emblemedequebec.marret.co\/wp-content\/uploads\/2018\/05\/incendie-de-lhospice-st-charles-1927-12-20-archives-de-la-ville-de-quc3a9bec-fonds-ville-de-quc3a9bec-q-c2-10-n001565.jpg?resize=300%2C219&amp;ssl=1 300w, https:\/\/i0.wp.com\/emblemedequebec.marret.co\/wp-content\/uploads\/2018\/05\/incendie-de-lhospice-st-charles-1927-12-20-archives-de-la-ville-de-quc3a9bec-fonds-ville-de-quc3a9bec-q-c2-10-n001565.jpg?resize=768%2C561&amp;ssl=1 768w, https:\/\/i0.wp.com\/emblemedequebec.marret.co\/wp-content\/uploads\/2018\/05\/incendie-de-lhospice-st-charles-1927-12-20-archives-de-la-ville-de-quc3a9bec-fonds-ville-de-quc3a9bec-q-c2-10-n001565.jpg?resize=800%2C584&amp;ssl=1 800w, https:\/\/i0.wp.com\/emblemedequebec.marret.co\/wp-content\/uploads\/2018\/05\/incendie-de-lhospice-st-charles-1927-12-20-archives-de-la-ville-de-quc3a9bec-fonds-ville-de-quc3a9bec-q-c2-10-n001565.jpg?resize=1200%2C876&amp;ssl=1 1200w, https:\/\/i0.wp.com\/emblemedequebec.marret.co\/wp-content\/uploads\/2018\/05\/incendie-de-lhospice-st-charles-1927-12-20-archives-de-la-ville-de-quc3a9bec-fonds-ville-de-quc3a9bec-q-c2-10-n001565.jpg?resize=600%2C438&amp;ssl=1 600w, https:\/\/i0.wp.com\/emblemedequebec.marret.co\/wp-content\/uploads\/2018\/05\/incendie-de-lhospice-st-charles-1927-12-20-archives-de-la-ville-de-quc3a9bec-fonds-ville-de-quc3a9bec-q-c2-10-n001565.jpg?w=1600&amp;ssl=1 1600w, https:\/\/i0.wp.com\/emblemedequebec.marret.co\/wp-content\/uploads\/2018\/05\/incendie-de-lhospice-st-charles-1927-12-20-archives-de-la-ville-de-quc3a9bec-fonds-ville-de-quc3a9bec-q-c2-10-n001565.jpg?w=1280&amp;ssl=1 1280w\" sizes=\"auto, (max-width: 640px) 100vw, 640px\" \/><\/a><p id=\"caption-attachment-9239\" class=\"wp-caption-text\"><span style=\"font-size: 10pt;\">Incendie de l\u2019Hospice St-Charles, 14 d\u00e9cembre 1927 &#8211;&nbsp;<span lang=\"FR\" style=\"background: white; margin: 0px; padding: 0cm; border: 1pt windowtext; color: #444444; font-family: 'Georgia','serif';\">Archives de la Ville de Qu\u00e9bec, Fonds Ville de Qu\u00e9bec, Q-C2-10-N001565<\/span><\/span><\/p><\/div>\n<p>Le site <em>Patrimoin, histoire et multimedia<\/em> consacre un <a href=\"https:\/\/tolkien2008.wordpress.com\/2011\/01\/30\/lincendie-de-lhospice-saint-charles-quebec-14-decembre-1927\/\" target=\"_blank\" rel=\"noopener\">article<\/a> \u00e0 l&rsquo;histoire de cet incendie&#8230;<\/p>\n","protected":false},"excerpt":{"rendered":"<p>Construit en 1923-1924 dans le quartier Saint-Roch, l\u2019h\u00f4pital de la marine est d\u2019abord destin\u00e9 \u00e0 soigner les marins et les immigrants&nbsp;; \u00e0 partir de 1888, il change de vocation, accueillant les orphelins et les enfants pauvres. En 1927, l\u2019hospice Saint-Charles &hellip; <a href=\"https:\/\/emblemedequebec.marret.co\/index.php\/a-la-ville-de-quebec\/monument-aux-victimes-de-lhospice-saint-charles\/\">Continuer la lecture <span class=\"meta-nav\">&rarr;<\/span><\/a><\/p>\n","protected":false},"author":1,"featured_media":0,"parent":7617,"menu_order":0,"comment_status":"closed","ping_status":"closed","template":"","meta":{"ngg_post_thumbnail":0,"jetpack_post_was_ever_published":false,"footnotes":""},"class_list":["post-9236","page","type-page","status-publish","hentry"],"aioseo_notices":[],"jetpack_sharing_enabled":true,"jetpack_shortlink":"https:\/\/wp.me\/P9K7xB-2oY","jetpack-related-posts":[{"id":9249,"url":"https:\/\/emblemedequebec.marret.co\/index.php\/a-la-ville-de-quebec\/monument-short-wallick-1891\/","url_meta":{"origin":9236,"position":0},"title":"Monument Short-Wallick (1891)","author":"marretgravereaux","date":"22 mai 2018","format":false,"excerpt":"Le 15\u00a0mai 1889, vers 23h30, un incendie se d\u00e9clare sur la rue Saint-Vallier \u00e0 Qu\u00e9bec. Dans ce quartier o\u00f9 presque \u00a0toutes les maisons sont en bois, le feu se propage dans toutes les directions et avec une rapidit\u00e9 effrayante. Manquant d\u2019eau, les pompiers sont vite d\u00e9pass\u00e9s et demandent l\u2019aide de\u2026","rel":"","context":"Article similaire","block_context":{"text":"Article similaire","link":""},"img":{"alt_text":"","src":"https:\/\/i0.wp.com\/emblemedequebec.marret.co\/wp-content\/uploads\/2018\/05\/1891-11-12-L%C3%89lecteur-p1a_wp.jpg?resize=350%2C200","width":350,"height":200},"classes":[]},{"id":9509,"url":"https:\/\/emblemedequebec.marret.co\/index.php\/a-la-societe-numismatique-de-quebec-s-n-q\/billets-sur-lhistoire-des-banques-fondees-a-quebec-1995-1999\/","url_meta":{"origin":9236,"position":1},"title":"Billets sur l\u2019histoire des banques fond\u00e9es \u00e0 Qu\u00e9bec (1995-1999)","author":"marretgravereaux","date":"8 ao\u00fbt 2018","format":false,"excerpt":"Au cours des ann\u00e9es 1995 \u00e0 1999, la Soci\u00e9t\u00e9 numismatique de Qu\u00e9bec veut rappeler le souvenir des cinq banques \u00e0 charte qui ont \u00e9t\u00e9 fond\u00e9es dans la ville de Qu\u00e9bec lors du XIXe si\u00e8cle. Elle demande \u00e0 Jean-Pierre Par\u00e9, membre fondateur de la S.N.Q. et sp\u00e9cialiste des banques, de faire\u2026","rel":"","context":"Article similaire","block_context":{"text":"Article similaire","link":""},"img":{"alt_text":"","src":"https:\/\/i0.wp.com\/emblemedequebec.marret.co\/wp-content\/uploads\/2018\/08\/SNQ-1995-35e-Banque-de-Qu%C3%A9bec-Avers-d%C3%A9tail_wp.jpg?resize=350%2C200","width":350,"height":200},"classes":[]},{"id":8324,"url":"https:\/\/emblemedequebec.marret.co\/index.php\/ses-origines\/le-dessin-du-sceau\/","url_meta":{"origin":9236,"position":2},"title":"Le dessin du sceau","author":"marretgravereaux","date":"19 mars 2018","format":false,"excerpt":"Les \u00e9lections municipales de la Cit\u00e9 de Qu\u00e9bec ont lieu \u00e0 la fin avril\u00a01833. Le 24\u00a0mai, soit moins d\u2019un mois apr\u00e8s, le Conseil choisit son nouveau sceau\u00a0: \u00ab\u00a0R\u00e9solu que le Sceau de la Corporation tel que pr\u00e9sent\u00e9 par M.\u00a0L\u00e9gar\u00e9 soit adopt\u00e9 comme le Sceau de la Corporation. Le dit Sceau\u2026","rel":"","context":"Article similaire","block_context":{"text":"Article similaire","link":""},"img":{"alt_text":"","src":"https:\/\/i0.wp.com\/emblemedequebec.marret.co\/wp-content\/uploads\/2018\/05\/QP1-1-PV-1833-1834-23-mai-1834p_wp.jpg?resize=350%2C200","width":350,"height":200},"classes":[]},{"id":8922,"url":"https:\/\/emblemedequebec.marret.co\/index.php\/sur-des-bijoux\/quebec-curling-club\/","url_meta":{"origin":9236,"position":3},"title":"Quebec Curling Club","author":"marretgravereaux","date":"1 mai 2018","format":false,"excerpt":"Le curling se joue \u00e0 l'origine sur des surfaces glac\u00e9es naturelles, telles, \u00e0 Qu\u00e9bec, le Saint-Laurent ou la rivi\u00e8re Saint-Charles. Mais, \u00e0 l\u2019initiative des \u00c9cossais le Quebec Curling Club voit le jour en 1821 et, au d\u00e9but, seuls des fils et des filles d'\u00c9cossais peuvent en devenir membres. Apr\u00e8s Montr\u00e9al\u2026","rel":"","context":"Dans &quot;Non class\u00e9&quot;","block_context":{"text":"Non class\u00e9","link":"https:\/\/emblemedequebec.marret.co\/index.php\/category\/non-classe\/"},"img":{"alt_text":"","src":"https:\/\/i0.wp.com\/emblemedequebec.marret.co\/wp-content\/uploads\/2018\/04\/2321-MMC-M930_50_1_638_wp.jpg?resize=350%2C200","width":350,"height":200},"classes":[]},{"id":8306,"url":"https:\/\/emblemedequebec.marret.co\/index.php\/ses-origines\/sources-dinspiration-pour-le-sceau-de-quebec\/","url_meta":{"origin":9236,"position":4},"title":"Sources d\u2019inspiration pour le sceau de Qu\u00e9bec","author":"marretgravereaux","date":"18 mars 2018","format":false,"excerpt":"\u00c9lu au conseil de la Cit\u00e9 de Qu\u00e9bec le 25\u00a0avril 1833, Joseph L\u00e9gar\u00e9 soumet dans les jours suivants un projet de sceau pour la Corporation municipale, lequel fait l\u2019objet de discussions lors de la s\u00e9ance du 24\u00a0mai. Il n\u2019a donc eu que peu de temps pour le pr\u00e9parer et l\u2019on\u2026","rel":"","context":"Article similaire","block_context":{"text":"Article similaire","link":""},"img":{"alt_text":"","src":"https:\/\/i0.wp.com\/emblemedequebec.marret.co\/wp-content\/uploads\/2024\/10\/1749-Paix-dAix-la-Chapelle-10-Photoroom-a_50-300x297.png?resize=350%2C200&ssl=1","width":350,"height":200},"classes":[]},{"id":10268,"url":"https:\/\/emblemedequebec.marret.co\/index.php\/dans-la-numismatique\/exposition-commerciale-de-quebec-1894\/carnaval-de-quebec-1894\/","url_meta":{"origin":9236,"position":5},"title":"Carnaval de Qu\u00e9bec (1894)","author":"marretgravereaux","date":"28 mai 2020","format":false,"excerpt":"~~~~~ En 1893 - et alors que la ville est durement affect\u00e9e par le d\u00e9clin de ses activit\u00e9s portuaires -, Frank Carrel lance un appel dans le Quebec Daily Telegraph (dont il est propri\u00e9taire) pour que l\u2019on organise un carnaval l\u2019hiver suivant\u00a0; le succ\u00e8s rencontr\u00e9 \u00e0 Montr\u00e9al l\u2019a inspir\u00e9 et\u2026","rel":"","context":"Article similaire","block_context":{"text":"Article similaire","link":""},"img":{"alt_text":"","src":"https:\/\/i0.wp.com\/emblemedequebec.marret.co\/wp-content\/uploads\/2024\/10\/1521-JFD-Carnival-Photoroom-a-204x300.png?resize=350%2C200&ssl=1","width":350,"height":200},"classes":[]}],"_links":{"self":[{"href":"https:\/\/emblemedequebec.marret.co\/index.php\/wp-json\/wp\/v2\/pages\/9236","targetHints":{"allow":["GET"]}}],"collection":[{"href":"https:\/\/emblemedequebec.marret.co\/index.php\/wp-json\/wp\/v2\/pages"}],"about":[{"href":"https:\/\/emblemedequebec.marret.co\/index.php\/wp-json\/wp\/v2\/types\/page"}],"author":[{"embeddable":true,"href":"https:\/\/emblemedequebec.marret.co\/index.php\/wp-json\/wp\/v2\/users\/1"}],"replies":[{"embeddable":true,"href":"https:\/\/emblemedequebec.marret.co\/index.php\/wp-json\/wp\/v2\/comments?post=9236"}],"version-history":[{"count":0,"href":"https:\/\/emblemedequebec.marret.co\/index.php\/wp-json\/wp\/v2\/pages\/9236\/revisions"}],"up":[{"embeddable":true,"href":"https:\/\/emblemedequebec.marret.co\/index.php\/wp-json\/wp\/v2\/pages\/7617"}],"wp:attachment":[{"href":"https:\/\/emblemedequebec.marret.co\/index.php\/wp-json\/wp\/v2\/media?parent=9236"}],"curies":[{"name":"wp","href":"https:\/\/api.w.org\/{rel}","templated":true}]}}