{"id":9228,"date":"2018-05-17T22:38:08","date_gmt":"2018-05-17T21:38:08","guid":{"rendered":"http:\/\/emblemedequebec.marret.co\/?page_id=9228"},"modified":"2018-05-17T22:53:03","modified_gmt":"2018-05-17T21:53:03","slug":"quebec-gas-company","status":"publish","type":"page","link":"https:\/\/emblemedequebec.marret.co\/index.php\/sur-des-imprimes\/quebec-gas-company\/","title":{"rendered":"Quebec Gas Company"},"content":{"rendered":"<p><a href=\"https:\/\/i0.wp.com\/emblemedequebec.marret.co\/wp-content\/uploads\/2018\/05\/Reverbere-2_wp.jpg?ssl=1\"><img data-recalc-dims=\"1\" loading=\"lazy\" decoding=\"async\" data-attachment-id=\"9227\" data-permalink=\"https:\/\/emblemedequebec.marret.co\/index.php\/sur-des-imprimes\/quebec-gas-company\/reverbere-2_wp\/\" data-orig-file=\"https:\/\/i0.wp.com\/emblemedequebec.marret.co\/wp-content\/uploads\/2018\/05\/Reverbere-2_wp.jpg?fit=462%2C886&amp;ssl=1\" data-orig-size=\"462,886\" data-comments-opened=\"1\" data-image-meta=\"{&quot;aperture&quot;:&quot;2.8&quot;,&quot;credit&quot;:&quot;&quot;,&quot;camera&quot;:&quot;DSC-W110&quot;,&quot;caption&quot;:&quot;&quot;,&quot;created_timestamp&quot;:&quot;1341197013&quot;,&quot;copyright&quot;:&quot;&quot;,&quot;focal_length&quot;:&quot;5.35&quot;,&quot;iso&quot;:&quot;125&quot;,&quot;shutter_speed&quot;:&quot;0.025&quot;,&quot;title&quot;:&quot;&quot;,&quot;orientation&quot;:&quot;1&quot;}\" data-image-title=\"Reverbere 2_wp\" data-image-description=\"\" data-image-caption=\"\" data-medium-file=\"https:\/\/i0.wp.com\/emblemedequebec.marret.co\/wp-content\/uploads\/2018\/05\/Reverbere-2_wp.jpg?fit=156%2C300&amp;ssl=1\" data-large-file=\"https:\/\/i0.wp.com\/emblemedequebec.marret.co\/wp-content\/uploads\/2018\/05\/Reverbere-2_wp.jpg?fit=462%2C886&amp;ssl=1\" width=\"161\" height=\"309\" class=\"wp-image-9227 alignright\" alt=\"\" src=\"https:\/\/i0.wp.com\/emblemedequebec.marret.co\/wp-content\/uploads\/2018\/05\/Reverbere-2_wp.jpg?resize=161%2C309&#038;ssl=1\" data-wp-pid=\"9227\" srcset=\"https:\/\/i0.wp.com\/emblemedequebec.marret.co\/wp-content\/uploads\/2018\/05\/Reverbere-2_wp.jpg?w=462&amp;ssl=1 462w, https:\/\/i0.wp.com\/emblemedequebec.marret.co\/wp-content\/uploads\/2018\/05\/Reverbere-2_wp.jpg?resize=156%2C300&amp;ssl=1 156w, https:\/\/i0.wp.com\/emblemedequebec.marret.co\/wp-content\/uploads\/2018\/05\/Reverbere-2_wp.jpg?resize=313%2C600&amp;ssl=1 313w\" sizes=\"auto, (max-width: 161px) 100vw, 161px\" \/><\/a>L\u2019\u00e9clairage \u00ab&nbsp;organis\u00e9&nbsp;\u00bb des rues de Qu\u00e9bec ne date que de la premi\u00e8re moiti\u00e9 du XIXe si\u00e8cle. C\u2019est ainsi qu\u2019en 1818, la l\u00e9gislation en vigueur pr\u00e9voit que des hommes de guet fixent aux endroits pertinents des flambeaux et des lampes \u00e0 huile de charbon. Quelques ann\u00e9es plus tard, la ville installe des r\u00e9verb\u00e8res au coin des rues et engage des allumeurs pour alimenter, nettoyer, allumer et \u00e9teindre ces lampes.<\/p>\n<p>En 1846, la ville de Qu\u00e9bec &#8211; alors dirig\u00e9e par le maire George Okill Stuart \u2013 obtient l\u2019autorisation du gouvernement pour \u00e9tablir un r\u00e9seau de distribution de gaz qui assure un \u00e9clairage efficace des rues. La <em>Quebec Gas Company<\/em> est cr\u00e9\u00e9e \u00e0 cette fin peu apr\u00e8s et incorpor\u00e9e en mai 1849. Le nouveau syst\u00e8me d\u2019\u00e9clairage au gaz des rues est inaugur\u00e9 le 1<sup>er<\/sup> novembre suivant.<\/p>\n<p>La Compagnie poursuit ses op\u00e9rations jusqu\u2019en 1909, alors qu\u2019elle est absorb\u00e9e par la <em>Quebec Railway, Light, Heat and Power Company<\/em>.<\/p>\n<p style=\"text-align: center;\">~~~~~~~<\/p>\n<p><a href=\"https:\/\/i0.wp.com\/emblemedequebec.marret.co\/wp-content\/uploads\/2018\/05\/2351-MMC-M930.50.5.17a_wp-1.jpg?ssl=1\"><img data-recalc-dims=\"1\" loading=\"lazy\" decoding=\"async\" data-attachment-id=\"9226\" data-permalink=\"https:\/\/emblemedequebec.marret.co\/index.php\/sur-des-imprimes\/quebec-gas-company\/2351-mmc-m930-50-5-17a_wp-2\/\" data-orig-file=\"https:\/\/i0.wp.com\/emblemedequebec.marret.co\/wp-content\/uploads\/2018\/05\/2351-MMC-M930.50.5.17a_wp-1.jpg?fit=886%2C461&amp;ssl=1\" data-orig-size=\"886,461\" data-comments-opened=\"1\" data-image-meta=\"{&quot;aperture&quot;:&quot;0&quot;,&quot;credit&quot;:&quot;&quot;,&quot;camera&quot;:&quot;&quot;,&quot;caption&quot;:&quot;&quot;,&quot;created_timestamp&quot;:&quot;1167609600&quot;,&quot;copyright&quot;:&quot;\\u00a9 McCord Museum, Montreal, Canada, 2007&quot;,&quot;focal_length&quot;:&quot;0&quot;,&quot;iso&quot;:&quot;0&quot;,&quot;shutter_speed&quot;:&quot;0&quot;,&quot;title&quot;:&quot;&quot;,&quot;orientation&quot;:&quot;1&quot;}\" data-image-title=\"2351-MMC M930.50.5.17a_wp\" data-image-description=\"&lt;p&gt;Quebec Gas Co. &amp;#8211; John Henry Walker (1831-1899)&lt;br \/&gt;\nEncre sur papier &amp;#8211; Gravure sur bois ; 12 x 22.4 cm.&lt;br \/&gt;\nMus\u00e9e McCord. M930.50.5.172.&lt;\/p&gt;\n\" data-image-caption=\"&lt;p&gt;Quebec Gas Company&lt;\/p&gt;\n\" data-medium-file=\"https:\/\/i0.wp.com\/emblemedequebec.marret.co\/wp-content\/uploads\/2018\/05\/2351-MMC-M930.50.5.17a_wp-1.jpg?fit=300%2C156&amp;ssl=1\" data-large-file=\"https:\/\/i0.wp.com\/emblemedequebec.marret.co\/wp-content\/uploads\/2018\/05\/2351-MMC-M930.50.5.17a_wp-1.jpg?fit=640%2C333&amp;ssl=1\" width=\"640\" height=\"333\" class=\"size-full wp-image-9226 aligncenter\" alt=\"\" src=\"https:\/\/i0.wp.com\/emblemedequebec.marret.co\/wp-content\/uploads\/2018\/05\/2351-MMC-M930.50.5.17a_wp-1.jpg?resize=640%2C333&#038;ssl=1\" data-wp-pid=\"9226\" srcset=\"https:\/\/i0.wp.com\/emblemedequebec.marret.co\/wp-content\/uploads\/2018\/05\/2351-MMC-M930.50.5.17a_wp-1.jpg?w=886&amp;ssl=1 886w, https:\/\/i0.wp.com\/emblemedequebec.marret.co\/wp-content\/uploads\/2018\/05\/2351-MMC-M930.50.5.17a_wp-1.jpg?resize=300%2C156&amp;ssl=1 300w, https:\/\/i0.wp.com\/emblemedequebec.marret.co\/wp-content\/uploads\/2018\/05\/2351-MMC-M930.50.5.17a_wp-1.jpg?resize=768%2C400&amp;ssl=1 768w, https:\/\/i0.wp.com\/emblemedequebec.marret.co\/wp-content\/uploads\/2018\/05\/2351-MMC-M930.50.5.17a_wp-1.jpg?resize=800%2C416&amp;ssl=1 800w, https:\/\/i0.wp.com\/emblemedequebec.marret.co\/wp-content\/uploads\/2018\/05\/2351-MMC-M930.50.5.17a_wp-1.jpg?resize=600%2C312&amp;ssl=1 600w\" sizes=\"auto, (max-width: 640px) 100vw, 640px\" \/><\/a><\/p>\n<p style=\"padding-left: 120px;\"><b><span lang=\"FR\">Gravure<\/span><\/b><span lang=\"FR\"><br \/>\n<span style=\"color: #6f1e1a;\"><i>Quebec Gas Co.<\/i><br \/>\n<\/span> <\/span><span lang=\"FR\"><span style=\"color: #333333;\">John Henry Walker (1831-1899)<br \/>\n<\/span> <\/span><span lang=\"FR\">Encre sur papier &#8211; Gravure sur bois&nbsp;; 12 x 22.4 cm.<br \/>\nMus\u00e9e McCord. M930.50.5.172.<\/span><\/p>\n","protected":false},"excerpt":{"rendered":"<p>L\u2019\u00e9clairage \u00ab&nbsp;organis\u00e9&nbsp;\u00bb des rues de Qu\u00e9bec ne date que de la premi\u00e8re moiti\u00e9 du XIXe si\u00e8cle. C\u2019est ainsi qu\u2019en 1818, la l\u00e9gislation en vigueur pr\u00e9voit que des hommes de guet fixent aux endroits pertinents des flambeaux et des lampes \u00e0 &hellip; <a href=\"https:\/\/emblemedequebec.marret.co\/index.php\/sur-des-imprimes\/quebec-gas-company\/\">Continuer la lecture <span class=\"meta-nav\">&rarr;<\/span><\/a><\/p>\n","protected":false},"author":1,"featured_media":0,"parent":7597,"menu_order":0,"comment_status":"closed","ping_status":"closed","template":"","meta":{"ngg_post_thumbnail":0,"jetpack_post_was_ever_published":false,"footnotes":""},"class_list":["post-9228","page","type-page","status-publish","hentry"],"aioseo_notices":[],"jetpack_sharing_enabled":true,"jetpack_shortlink":"https:\/\/wp.me\/P9K7xB-2oQ","jetpack-related-posts":[{"id":10268,"url":"https:\/\/emblemedequebec.marret.co\/index.php\/dans-la-numismatique\/exposition-commerciale-de-quebec-1894\/carnaval-de-quebec-1894\/","url_meta":{"origin":9228,"position":0},"title":"Carnaval de Qu\u00e9bec (1894)","author":"marretgravereaux","date":"28 mai 2020","format":false,"excerpt":"~~~~~ En 1893 - et alors que la ville est durement affect\u00e9e par le d\u00e9clin de ses activit\u00e9s portuaires -, Frank Carrel lance un appel dans le Quebec Daily Telegraph (dont il est propri\u00e9taire) pour que l\u2019on organise un carnaval l\u2019hiver suivant\u00a0; le succ\u00e8s rencontr\u00e9 \u00e0 Montr\u00e9al l\u2019a inspir\u00e9 et\u2026","rel":"","context":"Article similaire","block_context":{"text":"Article similaire","link":""},"img":{"alt_text":"","src":"https:\/\/i0.wp.com\/emblemedequebec.marret.co\/wp-content\/uploads\/2024\/10\/1521-JFD-Carnival-Photoroom-a-204x300.png?resize=350%2C200&ssl=1","width":350,"height":200},"classes":[]},{"id":8889,"url":"https:\/\/emblemedequebec.marret.co\/index.php\/dans-la-numismatique\/le-tricentenaire-de-quebec-1908\/","url_meta":{"origin":9228,"position":1},"title":"Le Tricentenaire de Qu\u00e9bec (1908)","author":"marretgravereaux","date":"29 avril 2018","format":false,"excerpt":"C\u2019est en juillet 1908 que la ville de Qu\u00e9bec souligne son 300e anniversaire de fondation, avec des f\u00eates d\u2019un niveau jamais \u00e9gal\u00e9 auparavant. Centr\u00e9es sur l\u2019histoire militaire de Qu\u00e9bec, les c\u00e9l\u00e9brations ont lieu en pr\u00e9sence du Prince de Galles, le futur roi Georges\u00a0VI. Venus de plusieurs pays, dont la Grande-Bretagne,\u2026","rel":"","context":"Article similaire","block_context":{"text":"Article similaire","link":""},"img":{"alt_text":"","src":"https:\/\/i0.wp.com\/emblemedequebec.marret.co\/wp-content\/uploads\/2018\/04\/Tricentenaire-Affiche-promotionnelle_wp-787x1024.jpg?resize=350%2C200","width":350,"height":200},"classes":[]},{"id":7617,"url":"https:\/\/emblemedequebec.marret.co\/index.php\/a-la-ville-de-quebec\/","url_meta":{"origin":9228,"position":2},"title":"&#8230; \u00e0 la ville de Qu\u00e9bec","author":"marretgravereaux","date":"13 mars 2018","format":false,"excerpt":"Le nouveau sceau de la ville de Qu\u00e9bec a \u00e9t\u00e9 adopt\u00e9 officiellement le 23 mai 1834 et il a, d\u00e8s ce moment-l\u00e0, \u00e9t\u00e9 utilis\u00e9 par la ville chaque fois que n\u00e9cessaire pour identifier des objets ou des personnes, illustrer des documents ou orner des meubles. L\u2019embl\u00e8me officiel est demeur\u00e9 le\u2026","rel":"","context":"Article similaire","block_context":{"text":"Article similaire","link":""},"img":{"alt_text":"","src":"https:\/\/i0.wp.com\/emblemedequebec.marret.co\/wp-content\/uploads\/2018\/05\/QP1-1-PV-1833-1834-23-mai-1834p_wp.jpg?resize=350%2C200","width":350,"height":200},"classes":[]},{"id":66,"url":"https:\/\/emblemedequebec.marret.co\/","url_meta":{"origin":9228,"position":3},"title":"Le premier embl\u00e8me de la ville de Qu\u00e9bec","author":"marretgravereaux","date":"24 octobre 2015","format":false,"excerpt":"Incorpor\u00e9e en 1833, la ville de Qu\u00e9bec tint ses premi\u00e8res \u00e9lections en avril. Lors de l\u2019une de ses premi\u00e8res r\u00e9unions, quelques semaines plus tard, le conseil de ville adopta un sceau dont le dessin fut r\u00e9alis\u00e9 par l\u2019un de ses conseillers, Joseph L\u00e9gar\u00e9. Utilis\u00e9 comme embl\u00e8me, voire comme armoiries, pour\u2026","rel":"","context":"Article similaire","block_context":{"text":"Article similaire","link":""},"img":{"alt_text":"","src":"https:\/\/i0.wp.com\/emblemedequebec.marret.co\/wp-content\/uploads\/2018\/03\/Ville-de-Qu%C3%A9bec-Dessin-original_wp-997x1024.jpg?resize=350%2C200","width":350,"height":200},"classes":[]},{"id":7614,"url":"https:\/\/emblemedequebec.marret.co\/index.php\/ses-origines\/","url_meta":{"origin":9228,"position":4},"title":"Histoire officielle du premier embl\u00e8me de Qu\u00e9bec","author":"marretgravereaux","date":"13 mars 2018","format":false,"excerpt":"Qu\u00e9bec aurait pu avoir des armes d\u00e8s le XVIIe si\u00e8cle si le gouverneur de Frontenac avait men\u00e9 \u00e0 bien son projet. En effet, le 13\u00a0octobre 1673, il \u00e9crivait au ministre\u00a0: \u00ab\u00a0C\u2019est \u00e0 quoi, Mgr, vous aviserez, s\u2019il vous pla\u00eet, comme aussi aux livr\u00e9es et aux armes que le Roi voudra\u2026","rel":"","context":"Article similaire","block_context":{"text":"Article similaire","link":""},"img":{"alt_text":"","src":"https:\/\/i0.wp.com\/emblemedequebec.marret.co\/wp-content\/uploads\/2018\/03\/Frontenac_wp.jpg?resize=350%2C200","width":350,"height":200},"classes":[]},{"id":9168,"url":"https:\/\/emblemedequebec.marret.co\/index.php\/a-la-ville-de-quebec\/evolution-de-lembleme-a-la-ville-de-quebec\/","url_meta":{"origin":9228,"position":5},"title":"\u00c9volution de l&#8217;embl\u00e8me \u00e0 la ville de Qu\u00e9bec","author":"marretgravereaux","date":"12 mai 2018","format":false,"excerpt":"Apr\u00e8s son adoption officielle, le 23 mai 1834, le nouveau sceau de Qu\u00e9bec fait son apparition pour authentifier les ordonnances, r\u00e8glements ou r\u00e9solutions officiels. Mais, en m\u00eame temps, il devient l\u2019embl\u00e8me de la ville et, \u00e0 ce titre, orne ou illustre de multiples documents administratifs. Le sceau est toujours demeur\u00e9\u2026","rel":"","context":"Article similaire","block_context":{"text":"Article similaire","link":""},"img":{"alt_text":"","src":"https:\/\/i0.wp.com\/emblemedequebec.marret.co\/wp-content\/uploads\/2018\/05\/QP1-1-PV-1833-1834-23-mai-1834p_wp.jpg?resize=350%2C200","width":350,"height":200},"classes":[]}],"_links":{"self":[{"href":"https:\/\/emblemedequebec.marret.co\/index.php\/wp-json\/wp\/v2\/pages\/9228","targetHints":{"allow":["GET"]}}],"collection":[{"href":"https:\/\/emblemedequebec.marret.co\/index.php\/wp-json\/wp\/v2\/pages"}],"about":[{"href":"https:\/\/emblemedequebec.marret.co\/index.php\/wp-json\/wp\/v2\/types\/page"}],"author":[{"embeddable":true,"href":"https:\/\/emblemedequebec.marret.co\/index.php\/wp-json\/wp\/v2\/users\/1"}],"replies":[{"embeddable":true,"href":"https:\/\/emblemedequebec.marret.co\/index.php\/wp-json\/wp\/v2\/comments?post=9228"}],"version-history":[{"count":0,"href":"https:\/\/emblemedequebec.marret.co\/index.php\/wp-json\/wp\/v2\/pages\/9228\/revisions"}],"up":[{"embeddable":true,"href":"https:\/\/emblemedequebec.marret.co\/index.php\/wp-json\/wp\/v2\/pages\/7597"}],"wp:attachment":[{"href":"https:\/\/emblemedequebec.marret.co\/index.php\/wp-json\/wp\/v2\/media?parent=9228"}],"curies":[{"name":"wp","href":"https:\/\/api.w.org\/{rel}","templated":true}]}}