{"id":9188,"date":"2018-05-12T16:02:44","date_gmt":"2018-05-12T15:02:44","guid":{"rendered":"http:\/\/emblemedequebec.marret.co\/?page_id=9188"},"modified":"2024-10-01T17:46:22","modified_gmt":"2024-10-01T16:46:22","slug":"la-tribune-de-la-salle-du-conseil","status":"publish","type":"page","link":"https:\/\/emblemedequebec.marret.co\/index.php\/a-la-ville-de-quebec\/la-tribune-de-la-salle-du-conseil\/","title":{"rendered":"La tribune de la salle du conseil"},"content":{"rendered":"<p>Le \u00ab&nbsp;nouvel h\u00f4tel&nbsp;\u00bb de ville de Qu\u00e9bec a \u00e9t\u00e9 construit, en 1895-1896, \u00e0 partir des plans dessin\u00e9s par les architectes Georges E. Tanguay et Alfred N. Vall\u00e9e. \u00c9l\u00e9gant et majestueux, ce b\u00e2timent a \u00e9galement un int\u00e9rieur remarquable pour sa d\u00e9coration, comme le montre la salle du conseil.<\/p>\n<p style=\"text-align: center;\"><a href=\"https:\/\/i0.wp.com\/emblemedequebec.marret.co\/wp-content\/uploads\/2018\/05\/9102-JLM-CP-H%C3%B4tel-de-ville_wp.jpg?ssl=1\"><img data-recalc-dims=\"1\" loading=\"lazy\" decoding=\"async\" data-attachment-id=\"9194\" data-permalink=\"https:\/\/emblemedequebec.marret.co\/index.php\/a-la-ville-de-quebec\/la-tribune-de-la-salle-du-conseil\/9102-jlm-cp-hotel-de-ville_wp\/\" data-orig-file=\"https:\/\/i0.wp.com\/emblemedequebec.marret.co\/wp-content\/uploads\/2018\/05\/9102-JLM-CP-H%C3%B4tel-de-ville_wp.jpg?fit=808%2C514&amp;ssl=1\" data-orig-size=\"808,514\" data-comments-opened=\"1\" data-image-meta=\"{&quot;aperture&quot;:&quot;0&quot;,&quot;credit&quot;:&quot;&quot;,&quot;camera&quot;:&quot;&quot;,&quot;caption&quot;:&quot;&quot;,&quot;created_timestamp&quot;:&quot;0&quot;,&quot;copyright&quot;:&quot;&quot;,&quot;focal_length&quot;:&quot;0&quot;,&quot;iso&quot;:&quot;0&quot;,&quot;shutter_speed&quot;:&quot;0&quot;,&quot;title&quot;:&quot;&quot;,&quot;orientation&quot;:&quot;1&quot;}\" data-image-title=\"9102-JLM CP H\u00f4tel de ville_wp\" data-image-description=\"\" data-image-caption=\"\" data-medium-file=\"https:\/\/i0.wp.com\/emblemedequebec.marret.co\/wp-content\/uploads\/2018\/05\/9102-JLM-CP-H%C3%B4tel-de-ville_wp.jpg?fit=300%2C191&amp;ssl=1\" data-large-file=\"https:\/\/i0.wp.com\/emblemedequebec.marret.co\/wp-content\/uploads\/2018\/05\/9102-JLM-CP-H%C3%B4tel-de-ville_wp.jpg?fit=640%2C407&amp;ssl=1\" class=\"wp-image-9194 aligncenter\" src=\"https:\/\/i0.wp.com\/emblemedequebec.marret.co\/wp-content\/uploads\/2018\/05\/9102-JLM-CP-H%C3%B4tel-de-ville_wp.jpg?resize=427%2C272&#038;ssl=1\" alt=\"\" width=\"427\" height=\"272\" data-wp-pid=\"9194\" srcset=\"https:\/\/i0.wp.com\/emblemedequebec.marret.co\/wp-content\/uploads\/2018\/05\/9102-JLM-CP-H%C3%B4tel-de-ville_wp.jpg?w=808&amp;ssl=1 808w, https:\/\/i0.wp.com\/emblemedequebec.marret.co\/wp-content\/uploads\/2018\/05\/9102-JLM-CP-H%C3%B4tel-de-ville_wp.jpg?resize=300%2C191&amp;ssl=1 300w, https:\/\/i0.wp.com\/emblemedequebec.marret.co\/wp-content\/uploads\/2018\/05\/9102-JLM-CP-H%C3%B4tel-de-ville_wp.jpg?resize=768%2C489&amp;ssl=1 768w, https:\/\/i0.wp.com\/emblemedequebec.marret.co\/wp-content\/uploads\/2018\/05\/9102-JLM-CP-H%C3%B4tel-de-ville_wp.jpg?resize=800%2C509&amp;ssl=1 800w, https:\/\/i0.wp.com\/emblemedequebec.marret.co\/wp-content\/uploads\/2018\/05\/9102-JLM-CP-H%C3%B4tel-de-ville_wp.jpg?resize=600%2C382&amp;ssl=1 600w\" sizes=\"auto, (max-width: 427px) 100vw, 427px\" \/><\/a><span style=\"font-size: 10pt;\"><em>Carte postale repr\u00e9sentant la salle, vers 1907<\/em><\/span><\/p>\n<p>Publi\u00e9 l\u2019ann\u00e9e suivant l\u2019inauguration de l\u2019\u00e9difice \u2013 celle-ci a eu lieu le 15&nbsp;septembre 1896 -, l\u2019<em>Album biographique des membres du Conseil de ville pour 1896-1897<\/em> pr\u00e9sente des illustrations de cette salle avec l\u2019usage qui en est fait; en 1952, la \u00ab&nbsp;cour du Recorder \u00bb est devenue la cour municipale\u2026.<\/p>\n<p><a href=\"https:\/\/i0.wp.com\/emblemedequebec.marret.co\/wp-content\/uploads\/2018\/05\/1897-Album-biographique-des-membres-du-Conseil-p62-2_wp.jpg?ssl=1\"><img data-recalc-dims=\"1\" loading=\"lazy\" decoding=\"async\" data-attachment-id=\"9199\" data-permalink=\"https:\/\/emblemedequebec.marret.co\/index.php\/a-la-ville-de-quebec\/la-tribune-de-la-salle-du-conseil\/1897-album-biographique-des-membres-du-conseil-extraits-3\/\" data-orig-file=\"https:\/\/i0.wp.com\/emblemedequebec.marret.co\/wp-content\/uploads\/2018\/05\/1897-Album-biographique-des-membres-du-Conseil-p62-2_wp.jpg?fit=1126%2C899&amp;ssl=1\" data-orig-size=\"1126,899\" data-comments-opened=\"1\" data-image-meta=\"{&quot;aperture&quot;:&quot;0&quot;,&quot;credit&quot;:&quot;Jean-Luc&quot;,&quot;camera&quot;:&quot;&quot;,&quot;caption&quot;:&quot;&quot;,&quot;created_timestamp&quot;:&quot;0&quot;,&quot;copyright&quot;:&quot;&quot;,&quot;focal_length&quot;:&quot;0&quot;,&quot;iso&quot;:&quot;0&quot;,&quot;shutter_speed&quot;:&quot;0&quot;,&quot;title&quot;:&quot;1897 Album biographique des membres du Conseil (Extraits)&quot;,&quot;orientation&quot;:&quot;1&quot;}\" data-image-title=\"1897 Album biographique des membres du Conseil (Extraits)\" data-image-description=\"\" data-image-caption=\"\" data-medium-file=\"https:\/\/i0.wp.com\/emblemedequebec.marret.co\/wp-content\/uploads\/2018\/05\/1897-Album-biographique-des-membres-du-Conseil-p62-2_wp.jpg?fit=300%2C240&amp;ssl=1\" data-large-file=\"https:\/\/i0.wp.com\/emblemedequebec.marret.co\/wp-content\/uploads\/2018\/05\/1897-Album-biographique-des-membres-du-Conseil-p62-2_wp.jpg?fit=640%2C511&amp;ssl=1\" class=\"alignnone wp-image-9199\" src=\"https:\/\/i0.wp.com\/emblemedequebec.marret.co\/wp-content\/uploads\/2018\/05\/1897-Album-biographique-des-membres-du-Conseil-p62-2_wp.jpg?resize=301%2C240&#038;ssl=1\" alt=\"\" width=\"301\" height=\"240\" data-wp-pid=\"9199\" srcset=\"https:\/\/i0.wp.com\/emblemedequebec.marret.co\/wp-content\/uploads\/2018\/05\/1897-Album-biographique-des-membres-du-Conseil-p62-2_wp.jpg?resize=1024%2C818&amp;ssl=1 1024w, https:\/\/i0.wp.com\/emblemedequebec.marret.co\/wp-content\/uploads\/2018\/05\/1897-Album-biographique-des-membres-du-Conseil-p62-2_wp.jpg?resize=300%2C240&amp;ssl=1 300w, https:\/\/i0.wp.com\/emblemedequebec.marret.co\/wp-content\/uploads\/2018\/05\/1897-Album-biographique-des-membres-du-Conseil-p62-2_wp.jpg?resize=768%2C613&amp;ssl=1 768w, https:\/\/i0.wp.com\/emblemedequebec.marret.co\/wp-content\/uploads\/2018\/05\/1897-Album-biographique-des-membres-du-Conseil-p62-2_wp.jpg?resize=800%2C639&amp;ssl=1 800w, https:\/\/i0.wp.com\/emblemedequebec.marret.co\/wp-content\/uploads\/2018\/05\/1897-Album-biographique-des-membres-du-Conseil-p62-2_wp.jpg?resize=600%2C479&amp;ssl=1 600w, https:\/\/i0.wp.com\/emblemedequebec.marret.co\/wp-content\/uploads\/2018\/05\/1897-Album-biographique-des-membres-du-Conseil-p62-2_wp.jpg?w=1126&amp;ssl=1 1126w\" sizes=\"auto, (max-width: 301px) 100vw, 301px\" \/><\/a> &nbsp;&nbsp; <a href=\"https:\/\/i0.wp.com\/emblemedequebec.marret.co\/wp-content\/uploads\/2018\/05\/1897-Album-biographique-des-membres-du-Conseil-p63-2_wp.jpg?ssl=1\"><img data-recalc-dims=\"1\" loading=\"lazy\" decoding=\"async\" data-attachment-id=\"9200\" data-permalink=\"https:\/\/emblemedequebec.marret.co\/index.php\/a-la-ville-de-quebec\/la-tribune-de-la-salle-du-conseil\/1897-album-biographique-des-membres-du-conseil-extraits-4\/\" data-orig-file=\"https:\/\/i0.wp.com\/emblemedequebec.marret.co\/wp-content\/uploads\/2018\/05\/1897-Album-biographique-des-membres-du-Conseil-p63-2_wp.jpg?fit=1175%2C899&amp;ssl=1\" data-orig-size=\"1175,899\" data-comments-opened=\"1\" data-image-meta=\"{&quot;aperture&quot;:&quot;0&quot;,&quot;credit&quot;:&quot;Jean-Luc&quot;,&quot;camera&quot;:&quot;&quot;,&quot;caption&quot;:&quot;&quot;,&quot;created_timestamp&quot;:&quot;0&quot;,&quot;copyright&quot;:&quot;&quot;,&quot;focal_length&quot;:&quot;0&quot;,&quot;iso&quot;:&quot;0&quot;,&quot;shutter_speed&quot;:&quot;0&quot;,&quot;title&quot;:&quot;1897 Album biographique des membres du Conseil (Extraits)&quot;,&quot;orientation&quot;:&quot;1&quot;}\" data-image-title=\"1897 Album biographique des membres du Conseil (Extraits)\" data-image-description=\"\" data-image-caption=\"\" data-medium-file=\"https:\/\/i0.wp.com\/emblemedequebec.marret.co\/wp-content\/uploads\/2018\/05\/1897-Album-biographique-des-membres-du-Conseil-p63-2_wp.jpg?fit=300%2C230&amp;ssl=1\" data-large-file=\"https:\/\/i0.wp.com\/emblemedequebec.marret.co\/wp-content\/uploads\/2018\/05\/1897-Album-biographique-des-membres-du-Conseil-p63-2_wp.jpg?fit=640%2C489&amp;ssl=1\" class=\"alignnone wp-image-9200\" src=\"https:\/\/i0.wp.com\/emblemedequebec.marret.co\/wp-content\/uploads\/2018\/05\/1897-Album-biographique-des-membres-du-Conseil-p63-2_wp.jpg?resize=315%2C241&#038;ssl=1\" alt=\"\" width=\"315\" height=\"241\" data-wp-pid=\"9200\" srcset=\"https:\/\/i0.wp.com\/emblemedequebec.marret.co\/wp-content\/uploads\/2018\/05\/1897-Album-biographique-des-membres-du-Conseil-p63-2_wp.jpg?resize=1024%2C783&amp;ssl=1 1024w, https:\/\/i0.wp.com\/emblemedequebec.marret.co\/wp-content\/uploads\/2018\/05\/1897-Album-biographique-des-membres-du-Conseil-p63-2_wp.jpg?resize=300%2C230&amp;ssl=1 300w, https:\/\/i0.wp.com\/emblemedequebec.marret.co\/wp-content\/uploads\/2018\/05\/1897-Album-biographique-des-membres-du-Conseil-p63-2_wp.jpg?resize=768%2C588&amp;ssl=1 768w, https:\/\/i0.wp.com\/emblemedequebec.marret.co\/wp-content\/uploads\/2018\/05\/1897-Album-biographique-des-membres-du-Conseil-p63-2_wp.jpg?resize=800%2C612&amp;ssl=1 800w, https:\/\/i0.wp.com\/emblemedequebec.marret.co\/wp-content\/uploads\/2018\/05\/1897-Album-biographique-des-membres-du-Conseil-p63-2_wp.jpg?resize=600%2C459&amp;ssl=1 600w, https:\/\/i0.wp.com\/emblemedequebec.marret.co\/wp-content\/uploads\/2018\/05\/1897-Album-biographique-des-membres-du-Conseil-p63-2_wp.jpg?w=1175&amp;ssl=1 1175w\" sizes=\"auto, (max-width: 315px) 100vw, 315px\" \/><\/a> &nbsp;<\/p>\n<p>Au centre de cette salle, une ornementation impressionnante se trouve en arri\u00e8re du fauteuil du pr\u00e9sident du conseil municipal et comprend une reproduction du premier embl\u00e8me de la ville.<u><\/u><\/p>\n<p><img data-recalc-dims=\"1\" loading=\"lazy\" decoding=\"async\" data-attachment-id=\"10479\" data-permalink=\"https:\/\/emblemedequebec.marret.co\/index.php\/a-la-ville-de-quebec\/la-tribune-de-la-salle-du-conseil\/fauteuil-du-president-2010-14_025-photoroom-a_150\/\" data-orig-file=\"https:\/\/i0.wp.com\/emblemedequebec.marret.co\/wp-content\/uploads\/2024\/10\/Fauteuil-du-president-2010-14_025-Photoroom-a_150.png?fit=687%2C1181&amp;ssl=1\" data-orig-size=\"687,1181\" data-comments-opened=\"1\" data-image-meta=\"{&quot;aperture&quot;:&quot;0&quot;,&quot;credit&quot;:&quot;&quot;,&quot;camera&quot;:&quot;&quot;,&quot;caption&quot;:&quot;&quot;,&quot;created_timestamp&quot;:&quot;0&quot;,&quot;copyright&quot;:&quot;&quot;,&quot;focal_length&quot;:&quot;0&quot;,&quot;iso&quot;:&quot;0&quot;,&quot;shutter_speed&quot;:&quot;0&quot;,&quot;title&quot;:&quot;&quot;,&quot;orientation&quot;:&quot;0&quot;}\" data-image-title=\"Fauteuil du pr\u00e9sident (2010-14_025-Photoroom) a_150\" data-image-description=\"\" data-image-caption=\"\" data-medium-file=\"https:\/\/i0.wp.com\/emblemedequebec.marret.co\/wp-content\/uploads\/2024\/10\/Fauteuil-du-president-2010-14_025-Photoroom-a_150.png?fit=175%2C300&amp;ssl=1\" data-large-file=\"https:\/\/i0.wp.com\/emblemedequebec.marret.co\/wp-content\/uploads\/2024\/10\/Fauteuil-du-president-2010-14_025-Photoroom-a_150.png?fit=596%2C1024&amp;ssl=1\" class=\"alignnone  wp-image-10479\" src=\"https:\/\/i0.wp.com\/emblemedequebec.marret.co\/wp-content\/uploads\/2024\/10\/Fauteuil-du-president-2010-14_025-Photoroom-a_150.png?resize=220%2C377&#038;ssl=1\" alt=\"\" width=\"220\" height=\"377\" srcset=\"https:\/\/i0.wp.com\/emblemedequebec.marret.co\/wp-content\/uploads\/2024\/10\/Fauteuil-du-president-2010-14_025-Photoroom-a_150.png?resize=175%2C300&amp;ssl=1 175w, https:\/\/i0.wp.com\/emblemedequebec.marret.co\/wp-content\/uploads\/2024\/10\/Fauteuil-du-president-2010-14_025-Photoroom-a_150.png?resize=596%2C1024&amp;ssl=1 596w, https:\/\/i0.wp.com\/emblemedequebec.marret.co\/wp-content\/uploads\/2024\/10\/Fauteuil-du-president-2010-14_025-Photoroom-a_150.png?w=687&amp;ssl=1 687w\" sizes=\"auto, (max-width: 220px) 100vw, 220px\" \/>&nbsp; &nbsp; <img data-recalc-dims=\"1\" loading=\"lazy\" decoding=\"async\" data-attachment-id=\"10478\" data-permalink=\"https:\/\/emblemedequebec.marret.co\/index.php\/a-la-ville-de-quebec\/la-tribune-de-la-salle-du-conseil\/fauteuil-du-president-2010-14_020-photoroom-a_150\/\" data-orig-file=\"https:\/\/i0.wp.com\/emblemedequebec.marret.co\/wp-content\/uploads\/2024\/10\/Fauteuil-du-president-2010-14_020-Photoroom-a_150.png?fit=1181%2C811&amp;ssl=1\" data-orig-size=\"1181,811\" data-comments-opened=\"1\" data-image-meta=\"{&quot;aperture&quot;:&quot;0&quot;,&quot;credit&quot;:&quot;&quot;,&quot;camera&quot;:&quot;&quot;,&quot;caption&quot;:&quot;&quot;,&quot;created_timestamp&quot;:&quot;0&quot;,&quot;copyright&quot;:&quot;&quot;,&quot;focal_length&quot;:&quot;0&quot;,&quot;iso&quot;:&quot;0&quot;,&quot;shutter_speed&quot;:&quot;0&quot;,&quot;title&quot;:&quot;&quot;,&quot;orientation&quot;:&quot;0&quot;}\" data-image-title=\"Fauteuil du pr\u00e9sident (2010-14_020-Photoroom) a_150\" data-image-description=\"\" data-image-caption=\"\" data-medium-file=\"https:\/\/i0.wp.com\/emblemedequebec.marret.co\/wp-content\/uploads\/2024\/10\/Fauteuil-du-president-2010-14_020-Photoroom-a_150.png?fit=300%2C206&amp;ssl=1\" data-large-file=\"https:\/\/i0.wp.com\/emblemedequebec.marret.co\/wp-content\/uploads\/2024\/10\/Fauteuil-du-president-2010-14_020-Photoroom-a_150.png?fit=640%2C439&amp;ssl=1\" class=\"alignnone  wp-image-10478\" src=\"https:\/\/i0.wp.com\/emblemedequebec.marret.co\/wp-content\/uploads\/2024\/10\/Fauteuil-du-president-2010-14_020-Photoroom-a_150.png?resize=400%2C275&#038;ssl=1\" alt=\"\" width=\"400\" height=\"275\" srcset=\"https:\/\/i0.wp.com\/emblemedequebec.marret.co\/wp-content\/uploads\/2024\/10\/Fauteuil-du-president-2010-14_020-Photoroom-a_150.png?resize=300%2C206&amp;ssl=1 300w, https:\/\/i0.wp.com\/emblemedequebec.marret.co\/wp-content\/uploads\/2024\/10\/Fauteuil-du-president-2010-14_020-Photoroom-a_150.png?resize=1024%2C703&amp;ssl=1 1024w, https:\/\/i0.wp.com\/emblemedequebec.marret.co\/wp-content\/uploads\/2024\/10\/Fauteuil-du-president-2010-14_020-Photoroom-a_150.png?resize=768%2C527&amp;ssl=1 768w, https:\/\/i0.wp.com\/emblemedequebec.marret.co\/wp-content\/uploads\/2024\/10\/Fauteuil-du-president-2010-14_020-Photoroom-a_150.png?w=1181&amp;ssl=1 1181w\" sizes=\"auto, (max-width: 400px) 100vw, 400px\" \/><\/p>\n<div id=\"attachment_9193\" style=\"width: 360px\" class=\"wp-caption aligncenter\"><a href=\"https:\/\/i0.wp.com\/emblemedequebec.marret.co\/wp-content\/uploads\/2018\/05\/1986-12-30-Le-Soleil-p2b_wp.jpg?ssl=1\"><img data-recalc-dims=\"1\" loading=\"lazy\" decoding=\"async\" aria-describedby=\"caption-attachment-9193\" data-attachment-id=\"9193\" data-permalink=\"https:\/\/emblemedequebec.marret.co\/index.php\/a-la-ville-de-quebec\/la-tribune-de-la-salle-du-conseil\/1986-12-30-le-soleil-p2b_wp\/\" data-orig-file=\"https:\/\/i0.wp.com\/emblemedequebec.marret.co\/wp-content\/uploads\/2018\/05\/1986-12-30-Le-Soleil-p2b_wp.jpg?fit=599%2C886&amp;ssl=1\" data-orig-size=\"599,886\" data-comments-opened=\"1\" data-image-meta=\"{&quot;aperture&quot;:&quot;0&quot;,&quot;credit&quot;:&quot;Biblioth\\u00e8que et Archives nation&quot;,&quot;camera&quot;:&quot;&quot;,&quot;caption&quot;:&quot;&quot;,&quot;created_timestamp&quot;:&quot;0&quot;,&quot;copyright&quot;:&quot;&quot;,&quot;focal_length&quot;:&quot;0&quot;,&quot;iso&quot;:&quot;0&quot;,&quot;shutter_speed&quot;:&quot;0&quot;,&quot;title&quot;:&quot;&quot;,&quot;orientation&quot;:&quot;1&quot;}\" data-image-title=\"1986-12-30 Le Soleil p2b_wp\" data-image-description=\"\" data-image-caption=\"&lt;p&gt;Le Soleil, 30 d\u00e9cembre 1996&lt;\/p&gt;\n\" data-medium-file=\"https:\/\/i0.wp.com\/emblemedequebec.marret.co\/wp-content\/uploads\/2018\/05\/1986-12-30-Le-Soleil-p2b_wp.jpg?fit=203%2C300&amp;ssl=1\" data-large-file=\"https:\/\/i0.wp.com\/emblemedequebec.marret.co\/wp-content\/uploads\/2018\/05\/1986-12-30-Le-Soleil-p2b_wp.jpg?fit=599%2C886&amp;ssl=1\" class=\" wp-image-9193\" src=\"https:\/\/i0.wp.com\/emblemedequebec.marret.co\/wp-content\/uploads\/2018\/05\/1986-12-30-Le-Soleil-p2b_wp.jpg?resize=350%2C518&#038;ssl=1\" alt=\"\" width=\"350\" height=\"518\" data-wp-pid=\"9193\" srcset=\"https:\/\/i0.wp.com\/emblemedequebec.marret.co\/wp-content\/uploads\/2018\/05\/1986-12-30-Le-Soleil-p2b_wp.jpg?w=599&amp;ssl=1 599w, https:\/\/i0.wp.com\/emblemedequebec.marret.co\/wp-content\/uploads\/2018\/05\/1986-12-30-Le-Soleil-p2b_wp.jpg?resize=203%2C300&amp;ssl=1 203w, https:\/\/i0.wp.com\/emblemedequebec.marret.co\/wp-content\/uploads\/2018\/05\/1986-12-30-Le-Soleil-p2b_wp.jpg?resize=406%2C600&amp;ssl=1 406w\" sizes=\"auto, (max-width: 350px) 100vw, 350px\" \/><\/a><p id=\"caption-attachment-9193\" class=\"wp-caption-text\">Le Soleil, 30 d\u00e9cembre 1996<\/p><\/div>\n<p>&nbsp;<\/p>\n","protected":false},"excerpt":{"rendered":"<p>Le \u00ab&nbsp;nouvel h\u00f4tel&nbsp;\u00bb de ville de Qu\u00e9bec a \u00e9t\u00e9 construit, en 1895-1896, \u00e0 partir des plans dessin\u00e9s par les architectes Georges E. Tanguay et Alfred N. Vall\u00e9e. \u00c9l\u00e9gant et majestueux, ce b\u00e2timent a \u00e9galement un int\u00e9rieur remarquable pour sa d\u00e9coration, &hellip; <a href=\"https:\/\/emblemedequebec.marret.co\/index.php\/a-la-ville-de-quebec\/la-tribune-de-la-salle-du-conseil\/\">Continuer la lecture <span class=\"meta-nav\">&rarr;<\/span><\/a><\/p>\n","protected":false},"author":1,"featured_media":0,"parent":7617,"menu_order":0,"comment_status":"closed","ping_status":"closed","template":"","meta":{"ngg_post_thumbnail":0,"jetpack_post_was_ever_published":false,"footnotes":""},"class_list":["post-9188","page","type-page","status-publish","hentry"],"aioseo_notices":[],"jetpack_sharing_enabled":true,"jetpack_shortlink":"https:\/\/wp.me\/P9K7xB-2oc","jetpack-related-posts":[{"id":9053,"url":"https:\/\/emblemedequebec.marret.co\/index.php\/a-la-ville-de-quebec\/les-fauteuils-des-maires\/","url_meta":{"origin":9188,"position":0},"title":"Les fauteuils des maires","author":"marretgravereaux","date":"4 mai 2018","format":false,"excerpt":"Premier officier du conseil municipal, le maire dispose souvent d\u2019un si\u00e8ge distinctif. Il semblerait qu\u2019\u00e0 Qu\u00e9bec, l\u2019on ait pendant longtemps fait fabriquer par des \u00e9b\u00e9nistes un fauteuil particulier pour chaque maire et que celui-ci pouvait, s\u2019il le d\u00e9sirait, l\u2019emporter avec lui lorsqu\u2019il abandonnait ses fonctions. Et sur tous ceux dont\u2026","rel":"","context":"Article similaire","block_context":{"text":"Article similaire","link":""},"img":{"alt_text":"","src":"https:\/\/i0.wp.com\/emblemedequebec.marret.co\/wp-content\/uploads\/2018\/05\/1896-08-21-La-Presse-p1b.jpg?resize=350%2C200","width":350,"height":200,"srcset":"https:\/\/i0.wp.com\/emblemedequebec.marret.co\/wp-content\/uploads\/2018\/05\/1896-08-21-La-Presse-p1b.jpg?resize=350%2C200 1x, https:\/\/i0.wp.com\/emblemedequebec.marret.co\/wp-content\/uploads\/2018\/05\/1896-08-21-La-Presse-p1b.jpg?resize=525%2C300 1.5x, https:\/\/i0.wp.com\/emblemedequebec.marret.co\/wp-content\/uploads\/2018\/05\/1896-08-21-La-Presse-p1b.jpg?resize=700%2C400 2x"},"classes":[]},{"id":7681,"url":"https:\/\/emblemedequebec.marret.co\/index.php\/ses-origines\/les-premiers-sceaux-de-quebec\/","url_meta":{"origin":9188,"position":1},"title":"Sceau provisoire, sceau permanent","author":"marretgravereaux","date":"15 mars 2018","format":false,"excerpt":"Qu\u00e9bec aurait pu avoir des armes d\u00e8s le XVIIe si\u00e8cle si le gouverneur de Frontenac avait men\u00e9 \u00e0 bien son projet. En effet, le 13\u00a0octobre 1673, il \u00e9crivait au ministre\u00a0: \u00ab\u00a0C\u2019est \u00e0 quoi, Mgr, vous aviserez, s\u2019il vous pla\u00eet, comme aussi aux livr\u00e9es et aux armes que le Roi voudra\u2026","rel":"","context":"Article similaire","block_context":{"text":"Article similaire","link":""},"img":{"alt_text":"","src":"https:\/\/i0.wp.com\/emblemedequebec.marret.co\/wp-content\/uploads\/2018\/03\/1833-06-17-Sceau-2010-09_031_wp.jpg?resize=350%2C200","width":350,"height":200},"classes":[]},{"id":7617,"url":"https:\/\/emblemedequebec.marret.co\/index.php\/a-la-ville-de-quebec\/","url_meta":{"origin":9188,"position":2},"title":"&#8230; \u00e0 la ville de Qu\u00e9bec","author":"marretgravereaux","date":"13 mars 2018","format":false,"excerpt":"Le nouveau sceau de la ville de Qu\u00e9bec a \u00e9t\u00e9 adopt\u00e9 officiellement le 23 mai 1834 et il a, d\u00e8s ce moment-l\u00e0, \u00e9t\u00e9 utilis\u00e9 par la ville chaque fois que n\u00e9cessaire pour identifier des objets ou des personnes, illustrer des documents ou orner des meubles. L\u2019embl\u00e8me officiel est demeur\u00e9 le\u2026","rel":"","context":"Article similaire","block_context":{"text":"Article similaire","link":""},"img":{"alt_text":"","src":"https:\/\/i0.wp.com\/emblemedequebec.marret.co\/wp-content\/uploads\/2018\/05\/QP1-1-PV-1833-1834-23-mai-1834p_wp.jpg?resize=350%2C200","width":350,"height":200},"classes":[]},{"id":9168,"url":"https:\/\/emblemedequebec.marret.co\/index.php\/a-la-ville-de-quebec\/evolution-de-lembleme-a-la-ville-de-quebec\/","url_meta":{"origin":9188,"position":3},"title":"\u00c9volution de l&#8217;embl\u00e8me \u00e0 la ville de Qu\u00e9bec","author":"marretgravereaux","date":"12 mai 2018","format":false,"excerpt":"Apr\u00e8s son adoption officielle, le 23 mai 1834, le nouveau sceau de Qu\u00e9bec fait son apparition pour authentifier les ordonnances, r\u00e8glements ou r\u00e9solutions officiels. Mais, en m\u00eame temps, il devient l\u2019embl\u00e8me de la ville et, \u00e0 ce titre, orne ou illustre de multiples documents administratifs. Le sceau est toujours demeur\u00e9\u2026","rel":"","context":"Article similaire","block_context":{"text":"Article similaire","link":""},"img":{"alt_text":"","src":"https:\/\/i0.wp.com\/emblemedequebec.marret.co\/wp-content\/uploads\/2018\/05\/QP1-1-PV-1833-1834-23-mai-1834p_wp.jpg?resize=350%2C200","width":350,"height":200},"classes":[]},{"id":7614,"url":"https:\/\/emblemedequebec.marret.co\/index.php\/ses-origines\/","url_meta":{"origin":9188,"position":4},"title":"Histoire officielle du premier embl\u00e8me de Qu\u00e9bec","author":"marretgravereaux","date":"13 mars 2018","format":false,"excerpt":"Qu\u00e9bec aurait pu avoir des armes d\u00e8s le XVIIe si\u00e8cle si le gouverneur de Frontenac avait men\u00e9 \u00e0 bien son projet. En effet, le 13\u00a0octobre 1673, il \u00e9crivait au ministre\u00a0: \u00ab\u00a0C\u2019est \u00e0 quoi, Mgr, vous aviserez, s\u2019il vous pla\u00eet, comme aussi aux livr\u00e9es et aux armes que le Roi voudra\u2026","rel":"","context":"Article similaire","block_context":{"text":"Article similaire","link":""},"img":{"alt_text":"","src":"https:\/\/i0.wp.com\/emblemedequebec.marret.co\/wp-content\/uploads\/2018\/03\/Frontenac_wp.jpg?resize=350%2C200","width":350,"height":200},"classes":[]},{"id":8324,"url":"https:\/\/emblemedequebec.marret.co\/index.php\/ses-origines\/le-dessin-du-sceau\/","url_meta":{"origin":9188,"position":5},"title":"Le dessin du sceau","author":"marretgravereaux","date":"19 mars 2018","format":false,"excerpt":"Les \u00e9lections municipales de la Cit\u00e9 de Qu\u00e9bec ont lieu \u00e0 la fin avril\u00a01833. Le 24\u00a0mai, soit moins d\u2019un mois apr\u00e8s, le Conseil choisit son nouveau sceau\u00a0: \u00ab\u00a0R\u00e9solu que le Sceau de la Corporation tel que pr\u00e9sent\u00e9 par M.\u00a0L\u00e9gar\u00e9 soit adopt\u00e9 comme le Sceau de la Corporation. Le dit Sceau\u2026","rel":"","context":"Article similaire","block_context":{"text":"Article similaire","link":""},"img":{"alt_text":"","src":"https:\/\/i0.wp.com\/emblemedequebec.marret.co\/wp-content\/uploads\/2018\/05\/QP1-1-PV-1833-1834-23-mai-1834p_wp.jpg?resize=350%2C200","width":350,"height":200},"classes":[]}],"_links":{"self":[{"href":"https:\/\/emblemedequebec.marret.co\/index.php\/wp-json\/wp\/v2\/pages\/9188","targetHints":{"allow":["GET"]}}],"collection":[{"href":"https:\/\/emblemedequebec.marret.co\/index.php\/wp-json\/wp\/v2\/pages"}],"about":[{"href":"https:\/\/emblemedequebec.marret.co\/index.php\/wp-json\/wp\/v2\/types\/page"}],"author":[{"embeddable":true,"href":"https:\/\/emblemedequebec.marret.co\/index.php\/wp-json\/wp\/v2\/users\/1"}],"replies":[{"embeddable":true,"href":"https:\/\/emblemedequebec.marret.co\/index.php\/wp-json\/wp\/v2\/comments?post=9188"}],"version-history":[{"count":2,"href":"https:\/\/emblemedequebec.marret.co\/index.php\/wp-json\/wp\/v2\/pages\/9188\/revisions"}],"predecessor-version":[{"id":10481,"href":"https:\/\/emblemedequebec.marret.co\/index.php\/wp-json\/wp\/v2\/pages\/9188\/revisions\/10481"}],"up":[{"embeddable":true,"href":"https:\/\/emblemedequebec.marret.co\/index.php\/wp-json\/wp\/v2\/pages\/7617"}],"wp:attachment":[{"href":"https:\/\/emblemedequebec.marret.co\/index.php\/wp-json\/wp\/v2\/media?parent=9188"}],"curies":[{"name":"wp","href":"https:\/\/api.w.org\/{rel}","templated":true}]}}