{"id":9105,"date":"2018-05-07T17:53:04","date_gmt":"2018-05-07T16:53:04","guid":{"rendered":"http:\/\/emblemedequebec.marret.co\/?page_id=9105"},"modified":"2018-05-17T22:52:20","modified_gmt":"2018-05-17T21:52:20","slug":"mccaghey-dolbec-company","status":"publish","type":"page","link":"https:\/\/emblemedequebec.marret.co\/index.php\/sur-des-imprimes\/mccaghey-dolbec-company\/","title":{"rendered":"McCaghey &#038; Dolbec Company"},"content":{"rendered":"<p>D\u00e9j\u00e0 propri\u00e9taires avec leurs autres fr\u00e8res d\u2019une florissante manufacture de fa\u00efence et de poterie en Angleterre, Henry et Georges Goodwin ouvrent \u00e0 Qu\u00e9bec, en 1849, un magasin d\u2019importation. Leur compagnie &#8211; la <em>Goodwin &amp; Brothers Quebec<\/em> \u2013 dispose d\u2019une boutique rue Saint-Jean, puis rue Saint-Paul, jusqu\u2019\u00e0 ce que rest\u00e9 seul, Henry ne l\u2019op\u00e8re sous le nom de la <em>Henry Goodwin and Co.<\/em><\/p>\n<div id=\"attachment_9104\" style=\"width: 329px\" class=\"wp-caption alignright\"><a href=\"https:\/\/i0.wp.com\/emblemedequebec.marret.co\/wp-content\/uploads\/2018\/05\/1871-Dominion-and-Provincial-Directory-p74a_wp.jpg?ssl=1\"><img data-recalc-dims=\"1\" loading=\"lazy\" decoding=\"async\" aria-describedby=\"caption-attachment-9104\" data-attachment-id=\"9104\" data-permalink=\"https:\/\/emblemedequebec.marret.co\/index.php\/sur-des-imprimes\/mccaghey-dolbec-company\/1871-dominion-and-provincial-directory-p74a_wp\/\" data-orig-file=\"https:\/\/i0.wp.com\/emblemedequebec.marret.co\/wp-content\/uploads\/2018\/05\/1871-Dominion-and-Provincial-Directory-p74a_wp.jpg?fit=886%2C350&amp;ssl=1\" data-orig-size=\"886,350\" data-comments-opened=\"1\" data-image-meta=\"{&quot;aperture&quot;:&quot;0&quot;,&quot;credit&quot;:&quot;&quot;,&quot;camera&quot;:&quot;&quot;,&quot;caption&quot;:&quot;&quot;,&quot;created_timestamp&quot;:&quot;0&quot;,&quot;copyright&quot;:&quot;&quot;,&quot;focal_length&quot;:&quot;0&quot;,&quot;iso&quot;:&quot;0&quot;,&quot;shutter_speed&quot;:&quot;0&quot;,&quot;title&quot;:&quot;&quot;,&quot;orientation&quot;:&quot;1&quot;}\" data-image-title=\"1871 Dominion and Provincial Directory p74a_wp\" data-image-description=\"\" data-image-caption=\"&lt;p&gt;Dominion and Provincial Directories for 1871. John Lovell&lt;\/p&gt;\n\" data-medium-file=\"https:\/\/i0.wp.com\/emblemedequebec.marret.co\/wp-content\/uploads\/2018\/05\/1871-Dominion-and-Provincial-Directory-p74a_wp.jpg?fit=300%2C119&amp;ssl=1\" data-large-file=\"https:\/\/i0.wp.com\/emblemedequebec.marret.co\/wp-content\/uploads\/2018\/05\/1871-Dominion-and-Provincial-Directory-p74a_wp.jpg?fit=640%2C253&amp;ssl=1\" width=\"319\" height=\"126\" class=\" wp-image-9104\" alt=\"\" src=\"https:\/\/i0.wp.com\/emblemedequebec.marret.co\/wp-content\/uploads\/2018\/05\/1871-Dominion-and-Provincial-Directory-p74a_wp.jpg?resize=319%2C126&#038;ssl=1\" data-wp-pid=\"9104\" srcset=\"https:\/\/i0.wp.com\/emblemedequebec.marret.co\/wp-content\/uploads\/2018\/05\/1871-Dominion-and-Provincial-Directory-p74a_wp.jpg?w=886&amp;ssl=1 886w, https:\/\/i0.wp.com\/emblemedequebec.marret.co\/wp-content\/uploads\/2018\/05\/1871-Dominion-and-Provincial-Directory-p74a_wp.jpg?resize=300%2C119&amp;ssl=1 300w, https:\/\/i0.wp.com\/emblemedequebec.marret.co\/wp-content\/uploads\/2018\/05\/1871-Dominion-and-Provincial-Directory-p74a_wp.jpg?resize=768%2C303&amp;ssl=1 768w, https:\/\/i0.wp.com\/emblemedequebec.marret.co\/wp-content\/uploads\/2018\/05\/1871-Dominion-and-Provincial-Directory-p74a_wp.jpg?resize=800%2C316&amp;ssl=1 800w, https:\/\/i0.wp.com\/emblemedequebec.marret.co\/wp-content\/uploads\/2018\/05\/1871-Dominion-and-Provincial-Directory-p74a_wp.jpg?resize=600%2C237&amp;ssl=1 600w\" sizes=\"auto, (max-width: 319px) 100vw, 319px\" \/><\/a><p id=\"caption-attachment-9104\" class=\"wp-caption-text\">Dominion and Provincial Directories for 1871.<\/p><\/div>\n<p>Apr\u00e8s la mort de celui-ci en 1868, sa veuve vend le magasin et la manufacture \u00e0 John McCaghey qui s\u2019associe avec \u00c9douard Dolbec et adopte la raison sociale de <strong><em>McCaghey &amp; Dolbec Company<\/em><\/strong>.<\/p>\n<p>&nbsp;<\/p>\n<p><a href=\"https:\/\/i0.wp.com\/emblemedequebec.marret.co\/wp-content\/uploads\/2018\/05\/McCaghey-Dolbec-Marque_wp.jpg?ssl=1\"><img data-recalc-dims=\"1\" loading=\"lazy\" decoding=\"async\" data-attachment-id=\"9109\" data-permalink=\"https:\/\/emblemedequebec.marret.co\/index.php\/sur-des-imprimes\/mccaghey-dolbec-company\/mccaghey-dolbec-marque_wp\/\" data-orig-file=\"https:\/\/i0.wp.com\/emblemedequebec.marret.co\/wp-content\/uploads\/2018\/05\/McCaghey-Dolbec-Marque_wp.jpg?fit=354%2C247&amp;ssl=1\" data-orig-size=\"354,247\" data-comments-opened=\"1\" data-image-meta=\"{&quot;aperture&quot;:&quot;0&quot;,&quot;credit&quot;:&quot;&quot;,&quot;camera&quot;:&quot;&quot;,&quot;caption&quot;:&quot;&quot;,&quot;created_timestamp&quot;:&quot;0&quot;,&quot;copyright&quot;:&quot;&quot;,&quot;focal_length&quot;:&quot;0&quot;,&quot;iso&quot;:&quot;0&quot;,&quot;shutter_speed&quot;:&quot;0&quot;,&quot;title&quot;:&quot;&quot;,&quot;orientation&quot;:&quot;1&quot;}\" data-image-title=\"McCaghey Dolbec &amp;#8211; Marque_wp\" data-image-description=\"\" data-image-caption=\"\" data-medium-file=\"https:\/\/i0.wp.com\/emblemedequebec.marret.co\/wp-content\/uploads\/2018\/05\/McCaghey-Dolbec-Marque_wp.jpg?fit=300%2C209&amp;ssl=1\" data-large-file=\"https:\/\/i0.wp.com\/emblemedequebec.marret.co\/wp-content\/uploads\/2018\/05\/McCaghey-Dolbec-Marque_wp.jpg?fit=354%2C247&amp;ssl=1\" width=\"300\" height=\"209\" class=\"wp-image-9109 alignleft\" alt=\"\" src=\"https:\/\/i0.wp.com\/emblemedequebec.marret.co\/wp-content\/uploads\/2018\/05\/McCaghey-Dolbec-Marque_wp.jpg?resize=300%2C209&#038;ssl=1\" data-wp-pid=\"9109\" srcset=\"https:\/\/i0.wp.com\/emblemedequebec.marret.co\/wp-content\/uploads\/2018\/05\/McCaghey-Dolbec-Marque_wp.jpg?w=354&amp;ssl=1 354w, https:\/\/i0.wp.com\/emblemedequebec.marret.co\/wp-content\/uploads\/2018\/05\/McCaghey-Dolbec-Marque_wp.jpg?resize=300%2C209&amp;ssl=1 300w\" sizes=\"auto, (max-width: 300px) 100vw, 300px\" \/><\/a><\/p>\n<p>La vaisselle produite alors par eux porte une estampille avec un castor et la devise \u00ab&nbsp;Rendre le peuple meilleur&nbsp;\u00bb.<\/p>\n<p>L\u2019entreprise prosp\u00e8re pendant quelques ann\u00e9es, puis fait faillite\u2026 En 1874, un ancien commis, Francis T. Thomas la reprend.<\/p>\n<p style=\"text-align: center;\">~~~~~~~<\/p>\n<p>&nbsp;<\/p>\n<p><a href=\"https:\/\/i0.wp.com\/emblemedequebec.marret.co\/wp-content\/uploads\/2018\/05\/2341-MCQ-Poterie-de-Qu%C3%A9bec-2010-15_001a_wp.jpg?ssl=1\"><img data-recalc-dims=\"1\" loading=\"lazy\" decoding=\"async\" data-attachment-id=\"9059\" data-permalink=\"https:\/\/emblemedequebec.marret.co\/index.php\/sur-des-imprimes\/mccaghey-dolbec-company\/2341-mcq-poterie-de-quebec-2010-15_001a_wp\/\" data-orig-file=\"https:\/\/i0.wp.com\/emblemedequebec.marret.co\/wp-content\/uploads\/2018\/05\/2341-MCQ-Poterie-de-Qu%C3%A9bec-2010-15_001a_wp.jpg?fit=886%2C620&amp;ssl=1\" data-orig-size=\"886,620\" data-comments-opened=\"1\" data-image-meta=\"{&quot;aperture&quot;:&quot;4&quot;,&quot;credit&quot;:&quot;&quot;,&quot;camera&quot;:&quot;Canon EOS DIGITAL REBEL XSi&quot;,&quot;caption&quot;:&quot;&quot;,&quot;created_timestamp&quot;:&quot;1281442302&quot;,&quot;copyright&quot;:&quot;&quot;,&quot;focal_length&quot;:&quot;27&quot;,&quot;iso&quot;:&quot;400&quot;,&quot;shutter_speed&quot;:&quot;0.016666666666667&quot;,&quot;title&quot;:&quot;&quot;,&quot;orientation&quot;:&quot;1&quot;}\" data-image-title=\"2341-MCQ Poterie de Qu\u00e9bec (2010-15_001)a_wp\" data-image-description=\"\" data-image-caption=\"&lt;p&gt;Poterie de Qu\u00e9bec &amp;#8211; Facture&lt;\/p&gt;\n\" data-medium-file=\"https:\/\/i0.wp.com\/emblemedequebec.marret.co\/wp-content\/uploads\/2018\/05\/2341-MCQ-Poterie-de-Qu%C3%A9bec-2010-15_001a_wp.jpg?fit=300%2C210&amp;ssl=1\" data-large-file=\"https:\/\/i0.wp.com\/emblemedequebec.marret.co\/wp-content\/uploads\/2018\/05\/2341-MCQ-Poterie-de-Qu%C3%A9bec-2010-15_001a_wp.jpg?fit=640%2C448&amp;ssl=1\" width=\"640\" height=\"448\" class=\"size-full wp-image-9059 aligncenter\" alt=\"\" src=\"https:\/\/i0.wp.com\/emblemedequebec.marret.co\/wp-content\/uploads\/2018\/05\/2341-MCQ-Poterie-de-Qu%C3%A9bec-2010-15_001a_wp.jpg?resize=640%2C448&#038;ssl=1\" data-wp-pid=\"9059\" srcset=\"https:\/\/i0.wp.com\/emblemedequebec.marret.co\/wp-content\/uploads\/2018\/05\/2341-MCQ-Poterie-de-Qu%C3%A9bec-2010-15_001a_wp.jpg?w=886&amp;ssl=1 886w, https:\/\/i0.wp.com\/emblemedequebec.marret.co\/wp-content\/uploads\/2018\/05\/2341-MCQ-Poterie-de-Qu%C3%A9bec-2010-15_001a_wp.jpg?resize=300%2C210&amp;ssl=1 300w, https:\/\/i0.wp.com\/emblemedequebec.marret.co\/wp-content\/uploads\/2018\/05\/2341-MCQ-Poterie-de-Qu%C3%A9bec-2010-15_001a_wp.jpg?resize=768%2C537&amp;ssl=1 768w, https:\/\/i0.wp.com\/emblemedequebec.marret.co\/wp-content\/uploads\/2018\/05\/2341-MCQ-Poterie-de-Qu%C3%A9bec-2010-15_001a_wp.jpg?resize=800%2C560&amp;ssl=1 800w, https:\/\/i0.wp.com\/emblemedequebec.marret.co\/wp-content\/uploads\/2018\/05\/2341-MCQ-Poterie-de-Qu%C3%A9bec-2010-15_001a_wp.jpg?resize=600%2C420&amp;ssl=1 600w\" sizes=\"auto, (max-width: 640px) 100vw, 640px\" \/><\/a><\/p>\n<p><a href=\"https:\/\/i0.wp.com\/emblemedequebec.marret.co\/wp-content\/uploads\/2018\/05\/2341-MCQ-Poterie-de-Qu%C3%A9bec-2010-15_001b_wp.jpg?ssl=1\"><img data-recalc-dims=\"1\" loading=\"lazy\" decoding=\"async\" data-attachment-id=\"9060\" data-permalink=\"https:\/\/emblemedequebec.marret.co\/index.php\/sur-des-imprimes\/2341-mcq-poterie-de-quebec-2010-15_001b_wp\/\" data-orig-file=\"https:\/\/i0.wp.com\/emblemedequebec.marret.co\/wp-content\/uploads\/2018\/05\/2341-MCQ-Poterie-de-Qu%C3%A9bec-2010-15_001b_wp.jpg?fit=284%2C295&amp;ssl=1\" data-orig-size=\"284,295\" data-comments-opened=\"1\" data-image-meta=\"{&quot;aperture&quot;:&quot;4&quot;,&quot;credit&quot;:&quot;&quot;,&quot;camera&quot;:&quot;Canon EOS DIGITAL REBEL XSi&quot;,&quot;caption&quot;:&quot;&quot;,&quot;created_timestamp&quot;:&quot;1281442302&quot;,&quot;copyright&quot;:&quot;&quot;,&quot;focal_length&quot;:&quot;27&quot;,&quot;iso&quot;:&quot;400&quot;,&quot;shutter_speed&quot;:&quot;0.016666666666667&quot;,&quot;title&quot;:&quot;&quot;,&quot;orientation&quot;:&quot;1&quot;}\" data-image-title=\"2341-MCQ Poterie de Qu\u00e9bec (2010-15_001)b_wp\" data-image-description=\"\" data-image-caption=\"&lt;p&gt;Poterie de Qu\u00e9bec &amp;#8211; Facture&lt;\/p&gt;\n\" data-medium-file=\"https:\/\/i0.wp.com\/emblemedequebec.marret.co\/wp-content\/uploads\/2018\/05\/2341-MCQ-Poterie-de-Qu%C3%A9bec-2010-15_001b_wp.jpg?fit=284%2C295&amp;ssl=1\" data-large-file=\"https:\/\/i0.wp.com\/emblemedequebec.marret.co\/wp-content\/uploads\/2018\/05\/2341-MCQ-Poterie-de-Qu%C3%A9bec-2010-15_001b_wp.jpg?fit=284%2C295&amp;ssl=1\" width=\"284\" height=\"295\" class=\"size-full wp-image-9060\" alt=\"\" src=\"https:\/\/i0.wp.com\/emblemedequebec.marret.co\/wp-content\/uploads\/2018\/05\/2341-MCQ-Poterie-de-Qu%C3%A9bec-2010-15_001b_wp.jpg?resize=284%2C295&#038;ssl=1\" data-wp-pid=\"9060\"><\/a><\/p>\n","protected":false},"excerpt":{"rendered":"<p>D\u00e9j\u00e0 propri\u00e9taires avec leurs autres fr\u00e8res d\u2019une florissante manufacture de fa\u00efence et de poterie en Angleterre, Henry et Georges Goodwin ouvrent \u00e0 Qu\u00e9bec, en 1849, un magasin d\u2019importation. Leur compagnie &#8211; la Goodwin &amp; Brothers Quebec \u2013 dispose d\u2019une boutique &hellip; <a href=\"https:\/\/emblemedequebec.marret.co\/index.php\/sur-des-imprimes\/mccaghey-dolbec-company\/\">Continuer la lecture <span class=\"meta-nav\">&rarr;<\/span><\/a><\/p>\n","protected":false},"author":1,"featured_media":0,"parent":7597,"menu_order":0,"comment_status":"closed","ping_status":"closed","template":"","meta":{"ngg_post_thumbnail":0,"jetpack_post_was_ever_published":false,"footnotes":""},"class_list":["post-9105","page","type-page","status-publish","hentry"],"aioseo_notices":[],"jetpack_sharing_enabled":true,"jetpack_shortlink":"https:\/\/wp.me\/P9K7xB-2mR","jetpack-related-posts":[{"id":8922,"url":"https:\/\/emblemedequebec.marret.co\/index.php\/sur-des-bijoux\/quebec-curling-club\/","url_meta":{"origin":9105,"position":0},"title":"Quebec Curling Club","author":"marretgravereaux","date":"1 mai 2018","format":false,"excerpt":"Le curling se joue \u00e0 l'origine sur des surfaces glac\u00e9es naturelles, telles, \u00e0 Qu\u00e9bec, le Saint-Laurent ou la rivi\u00e8re Saint-Charles. Mais, \u00e0 l\u2019initiative des \u00c9cossais le Quebec Curling Club voit le jour en 1821 et, au d\u00e9but, seuls des fils et des filles d'\u00c9cossais peuvent en devenir membres. Apr\u00e8s Montr\u00e9al\u2026","rel":"","context":"Dans &quot;Non class\u00e9&quot;","block_context":{"text":"Non class\u00e9","link":"https:\/\/emblemedequebec.marret.co\/index.php\/category\/non-classe\/"},"img":{"alt_text":"","src":"https:\/\/i0.wp.com\/emblemedequebec.marret.co\/wp-content\/uploads\/2018\/04\/2321-MMC-M930_50_1_638_wp.jpg?resize=350%2C200","width":350,"height":200},"classes":[]},{"id":9096,"url":"https:\/\/emblemedequebec.marret.co\/index.php\/sur-des-imprimes\/quebec-worsted-company\/","url_meta":{"origin":9105,"position":1},"title":"Quebec Worsted Company","author":"marretgravereaux","date":"6 mai 2018","format":false,"excerpt":"Cr\u00e9\u00e9e en 1881 sous l\u2019appellation de Canada Worsted Company, la filature de laine de Qu\u00e9bec \u00e9prouve vite des difficult\u00e9s financi\u00e8res; elle est r\u00e9organis\u00e9e deux ans plus tard et rebaptis\u00e9e Riverside Worsted Company. Apr\u00e8s de nouveaux investissements en 1886, elle prend le nom de Quebec Worsted Company. L'usine est alors situ\u00e9e\u2026","rel":"","context":"Article similaire","block_context":{"text":"Article similaire","link":""},"img":{"alt_text":"","src":"https:\/\/i0.wp.com\/emblemedequebec.marret.co\/wp-content\/uploads\/2019\/02\/1891-02-Quebec-Worsted-Company-Incendie_wp-1024x786.jpg?resize=350%2C200","width":350,"height":200},"classes":[]},{"id":9824,"url":"https:\/\/emblemedequebec.marret.co\/index.php\/sur-la-vaisselle\/les-miniatures-goss\/","url_meta":{"origin":9105,"position":2},"title":"Des porcelaines et des miniatures Goss","author":"marretgravereaux","date":"20 ao\u00fbt 2018","format":false,"excerpt":"Apr\u00e8s des \u00e9tudes en dessin et un apprentissage chez des fabricants de c\u00e9ramique, William Henry Goss (1833-1906) d\u00e9marre en 1858 sa propre entreprise - la Falcon Pottery -, \u00e0 Stoke-on-Trent (Grande-Bretagne) laquelle produit vases, flacons et autres objets de porcelaine. Adolphus, son fils a\u00een\u00e9, y entre en 1880\u00a0; comme il\u2026","rel":"","context":"Article similaire","block_context":{"text":"Article similaire","link":""},"img":{"alt_text":"","src":"https:\/\/i0.wp.com\/emblemedequebec.marret.co\/wp-content\/uploads\/2018\/08\/Buste-William-Goss-2006BB2163_2500_wp.jpg?resize=350%2C200","width":350,"height":200},"classes":[]},{"id":9236,"url":"https:\/\/emblemedequebec.marret.co\/index.php\/a-la-ville-de-quebec\/monument-aux-victimes-de-lhospice-saint-charles\/","url_meta":{"origin":9105,"position":3},"title":"Monument aux victimes de l&rsquo;hospice Saint-Charles","author":"marretgravereaux","date":"20 mai 2018","format":false,"excerpt":"Construit en 1923-1924 dans le quartier Saint-Roch, l\u2019h\u00f4pital de la marine est d\u2019abord destin\u00e9 \u00e0 soigner les marins et les immigrants\u00a0; \u00e0 partir de 1888, il change de vocation, accueillant les orphelins et les enfants pauvres. En 1927, l\u2019hospice Saint-Charles est sous la responsabilit\u00e9 des S\u0153urs du Bon Pasteur et\u2026","rel":"","context":"Article similaire","block_context":{"text":"Article similaire","link":""},"img":{"alt_text":"","src":"https:\/\/i0.wp.com\/emblemedequebec.marret.co\/wp-content\/uploads\/2018\/05\/Monument-St-Charles-2013-16_002a_wp.jpg?resize=350%2C200","width":350,"height":200},"classes":[]},{"id":9509,"url":"https:\/\/emblemedequebec.marret.co\/index.php\/a-la-societe-numismatique-de-quebec-s-n-q\/billets-sur-lhistoire-des-banques-fondees-a-quebec-1995-1999\/","url_meta":{"origin":9105,"position":4},"title":"Billets sur l\u2019histoire des banques fond\u00e9es \u00e0 Qu\u00e9bec (1995-1999)","author":"marretgravereaux","date":"8 ao\u00fbt 2018","format":false,"excerpt":"Au cours des ann\u00e9es 1995 \u00e0 1999, la Soci\u00e9t\u00e9 numismatique de Qu\u00e9bec veut rappeler le souvenir des cinq banques \u00e0 charte qui ont \u00e9t\u00e9 fond\u00e9es dans la ville de Qu\u00e9bec lors du XIXe si\u00e8cle. Elle demande \u00e0 Jean-Pierre Par\u00e9, membre fondateur de la S.N.Q. et sp\u00e9cialiste des banques, de faire\u2026","rel":"","context":"Article similaire","block_context":{"text":"Article similaire","link":""},"img":{"alt_text":"","src":"https:\/\/i0.wp.com\/emblemedequebec.marret.co\/wp-content\/uploads\/2018\/08\/SNQ-1995-35e-Banque-de-Qu%C3%A9bec-Avers-d%C3%A9tail_wp.jpg?resize=350%2C200","width":350,"height":200},"classes":[]},{"id":9249,"url":"https:\/\/emblemedequebec.marret.co\/index.php\/a-la-ville-de-quebec\/monument-short-wallick-1891\/","url_meta":{"origin":9105,"position":5},"title":"Monument Short-Wallick (1891)","author":"marretgravereaux","date":"22 mai 2018","format":false,"excerpt":"Le 15\u00a0mai 1889, vers 23h30, un incendie se d\u00e9clare sur la rue Saint-Vallier \u00e0 Qu\u00e9bec. Dans ce quartier o\u00f9 presque \u00a0toutes les maisons sont en bois, le feu se propage dans toutes les directions et avec une rapidit\u00e9 effrayante. Manquant d\u2019eau, les pompiers sont vite d\u00e9pass\u00e9s et demandent l\u2019aide de\u2026","rel":"","context":"Article similaire","block_context":{"text":"Article similaire","link":""},"img":{"alt_text":"","src":"https:\/\/i0.wp.com\/emblemedequebec.marret.co\/wp-content\/uploads\/2018\/05\/1891-11-12-L%C3%89lecteur-p1a_wp.jpg?resize=350%2C200","width":350,"height":200},"classes":[]}],"_links":{"self":[{"href":"https:\/\/emblemedequebec.marret.co\/index.php\/wp-json\/wp\/v2\/pages\/9105","targetHints":{"allow":["GET"]}}],"collection":[{"href":"https:\/\/emblemedequebec.marret.co\/index.php\/wp-json\/wp\/v2\/pages"}],"about":[{"href":"https:\/\/emblemedequebec.marret.co\/index.php\/wp-json\/wp\/v2\/types\/page"}],"author":[{"embeddable":true,"href":"https:\/\/emblemedequebec.marret.co\/index.php\/wp-json\/wp\/v2\/users\/1"}],"replies":[{"embeddable":true,"href":"https:\/\/emblemedequebec.marret.co\/index.php\/wp-json\/wp\/v2\/comments?post=9105"}],"version-history":[{"count":0,"href":"https:\/\/emblemedequebec.marret.co\/index.php\/wp-json\/wp\/v2\/pages\/9105\/revisions"}],"up":[{"embeddable":true,"href":"https:\/\/emblemedequebec.marret.co\/index.php\/wp-json\/wp\/v2\/pages\/7597"}],"wp:attachment":[{"href":"https:\/\/emblemedequebec.marret.co\/index.php\/wp-json\/wp\/v2\/media?parent=9105"}],"curies":[{"name":"wp","href":"https:\/\/api.w.org\/{rel}","templated":true}]}}