{"id":9096,"date":"2018-05-06T17:35:12","date_gmt":"2018-05-06T16:35:12","guid":{"rendered":"http:\/\/emblemedequebec.marret.co\/?page_id=9096"},"modified":"2023-07-07T03:31:24","modified_gmt":"2023-07-07T02:31:24","slug":"quebec-worsted-company","status":"publish","type":"page","link":"https:\/\/emblemedequebec.marret.co\/index.php\/sur-des-imprimes\/quebec-worsted-company\/","title":{"rendered":"Quebec Worsted Company"},"content":{"rendered":"<p>Cr\u00e9\u00e9e en 1881 sous l\u2019appellation de <em>Canada Worsted Company<\/em>, la filature de laine de Qu\u00e9bec \u00e9prouve vite des difficult\u00e9s financi\u00e8res; elle est r\u00e9organis\u00e9e deux ans plus tard et rebaptis\u00e9e <em>Riverside Worsted Company<\/em>. Apr\u00e8s de nouveaux investissements en 1886, elle prend le nom de <strong><em>Quebec Worsted Company<\/em><\/strong>.<\/p>\n<p>L&rsquo;usine est alors situ\u00e9e \u00e0 la Pointe-aux-Li\u00e8vres, sur le site de l&rsquo;actuelle Village-de-l&rsquo;Anse, et elle emploie de 300 \u00e0 400 personnes, parmi lesquelles des femmes et des enfants. La manufacture fabrique divers tissus de luxe, dont du cachemire fait \u00e0 partir de laine provenant d\u2019Australie. Le directeur a acquis une longue exp\u00e9rience en Angleterre et aux \u00c9tats-Unis, il g\u00e8re l\u2019entreprise de fa\u00e7on quasi scientifique et appuie la r\u00e9mun\u00e9ration des employ\u00e9s sur le contr\u00f4le du temps d\u2019ex\u00e9cution&nbsp;; la qualit\u00e9 exceptionnelle de ses produits lui vaut une m\u00e9daille d&rsquo;or lors de la <em>Dominion Exhibition<\/em> \u00e0 Montr\u00e9al.<\/p>\n<p>Hautement respect\u00e9e, la compagnie est une fiert\u00e9 locale. Rien d\u2019\u00e9tonnant, par cons\u00e9quent, \u00e0 ce qu\u2019apparaisse sur les \u00e9tiquettes commerciales de la compagnie l&rsquo;inscription latine du sceau municipal de Qu\u00e9bec, \u00ab&nbsp;natura fortis industria crescit&nbsp;\u00bb.<\/p>\n<div id=\"attachment_9965\" style=\"width: 402px\" class=\"wp-caption alignright\"><a href=\"https:\/\/i0.wp.com\/emblemedequebec.marret.co\/wp-content\/uploads\/2019\/02\/1891-02-Quebec-Worsted-Company-Incendie_wp.jpg?ssl=1\"><img data-recalc-dims=\"1\" loading=\"lazy\" decoding=\"async\" aria-describedby=\"caption-attachment-9965\" data-attachment-id=\"9965\" data-permalink=\"https:\/\/emblemedequebec.marret.co\/index.php\/sur-des-imprimes\/quebec-worsted-company\/1891-02-quebec-worsted-company-incendie_wp\/\" data-orig-file=\"https:\/\/i0.wp.com\/emblemedequebec.marret.co\/wp-content\/uploads\/2019\/02\/1891-02-Quebec-Worsted-Company-Incendie_wp.jpg?fit=1181%2C907&amp;ssl=1\" data-orig-size=\"1181,907\" data-comments-opened=\"1\" data-image-meta=\"{&quot;aperture&quot;:&quot;0&quot;,&quot;credit&quot;:&quot;&quot;,&quot;camera&quot;:&quot;&quot;,&quot;caption&quot;:&quot;&quot;,&quot;created_timestamp&quot;:&quot;0&quot;,&quot;copyright&quot;:&quot;&quot;,&quot;focal_length&quot;:&quot;0&quot;,&quot;iso&quot;:&quot;0&quot;,&quot;shutter_speed&quot;:&quot;0&quot;,&quot;title&quot;:&quot;&quot;,&quot;orientation&quot;:&quot;1&quot;}\" data-image-title=\"1891-02 Quebec Worsted Company &amp;#8211; Incendie_wp\" data-image-description=\"&lt;p&gt;Quartier Saint-Roch &amp;#8211; Rue de la Pointe-aux-Li\u00e8vres &amp;#8211; La filature de laine The Canada Worsted Co.(The Paton Manufacturing Co.) &amp;#8211; Incendie . &amp;#8211; f\u00e9vrier 1891&lt;br \/&gt;\nFonds Paquet-Le Syndicat &amp;#8211; Biblioth\u00e8que et Archives nationales Qu\u00e9bec&lt;\/p&gt;\n\" data-image-caption=\"&lt;p&gt;La filature de laine The Canada Worsted Co.(The Paton Manufacturing Co.) &amp;#8211; Incendie . &amp;#8211; f\u00e9vrier 1891 &lt;\/p&gt;\n\" data-medium-file=\"https:\/\/i0.wp.com\/emblemedequebec.marret.co\/wp-content\/uploads\/2019\/02\/1891-02-Quebec-Worsted-Company-Incendie_wp.jpg?fit=300%2C230&amp;ssl=1\" data-large-file=\"https:\/\/i0.wp.com\/emblemedequebec.marret.co\/wp-content\/uploads\/2019\/02\/1891-02-Quebec-Worsted-Company-Incendie_wp.jpg?fit=640%2C491&amp;ssl=1\" class=\" wp-image-9965\" src=\"https:\/\/i0.wp.com\/emblemedequebec.marret.co\/wp-content\/uploads\/2019\/02\/1891-02-Quebec-Worsted-Company-Incendie_wp.jpg?resize=392%2C301&#038;ssl=1\" alt=\"\" width=\"392\" height=\"301\" data-wp-pid=\"9965\" srcset=\"https:\/\/i0.wp.com\/emblemedequebec.marret.co\/wp-content\/uploads\/2019\/02\/1891-02-Quebec-Worsted-Company-Incendie_wp.jpg?resize=1024%2C786&amp;ssl=1 1024w, https:\/\/i0.wp.com\/emblemedequebec.marret.co\/wp-content\/uploads\/2019\/02\/1891-02-Quebec-Worsted-Company-Incendie_wp.jpg?resize=300%2C230&amp;ssl=1 300w, https:\/\/i0.wp.com\/emblemedequebec.marret.co\/wp-content\/uploads\/2019\/02\/1891-02-Quebec-Worsted-Company-Incendie_wp.jpg?resize=768%2C590&amp;ssl=1 768w, https:\/\/i0.wp.com\/emblemedequebec.marret.co\/wp-content\/uploads\/2019\/02\/1891-02-Quebec-Worsted-Company-Incendie_wp.jpg?resize=800%2C614&amp;ssl=1 800w, https:\/\/i0.wp.com\/emblemedequebec.marret.co\/wp-content\/uploads\/2019\/02\/1891-02-Quebec-Worsted-Company-Incendie_wp.jpg?resize=600%2C461&amp;ssl=1 600w, https:\/\/i0.wp.com\/emblemedequebec.marret.co\/wp-content\/uploads\/2019\/02\/1891-02-Quebec-Worsted-Company-Incendie_wp.jpg?w=1181&amp;ssl=1 1181w\" sizes=\"auto, (max-width: 392px) 100vw, 392px\" \/><\/a><p id=\"caption-attachment-9965\" class=\"wp-caption-text\">La filature de laine The Canada Worsted Co.(The Paton Manufacturing Co.) &#8211; Incendie . &#8211; f\u00e9vrier 1891<\/p><\/div>\n<p>&nbsp;<\/p>\n<p>&nbsp;<\/p>\n<p>Mais le 12&nbsp;f\u00e9vrier 1891, l\u2019explosion d\u2019une bouilloire de la machine \u00e0 vapeur entra\u00eene la mort de plus de 20&nbsp;personnes.<\/p>\n<p>&nbsp;<\/p>\n<p>&nbsp;<\/p>\n<div id=\"attachment_9095\" style=\"width: 297px\" class=\"wp-caption alignleft\"><a href=\"https:\/\/i0.wp.com\/emblemedequebec.marret.co\/wp-content\/uploads\/2018\/05\/1891-06-13-Gazette-officielle-du-Qu%C3%A9bec-p7a_wp.jpg?ssl=1\"><img data-recalc-dims=\"1\" loading=\"lazy\" decoding=\"async\" aria-describedby=\"caption-attachment-9095\" data-attachment-id=\"9095\" data-permalink=\"https:\/\/emblemedequebec.marret.co\/index.php\/sur-des-imprimes\/quebec-worsted-company\/1891-06-13-gazette-officielle-du-quebec-p7a_wp\/\" data-orig-file=\"https:\/\/i0.wp.com\/emblemedequebec.marret.co\/wp-content\/uploads\/2018\/05\/1891-06-13-Gazette-officielle-du-Qu%C3%A9bec-p7a_wp.jpg?fit=886%2C992&amp;ssl=1\" data-orig-size=\"886,992\" data-comments-opened=\"1\" data-image-meta=\"{&quot;aperture&quot;:&quot;0&quot;,&quot;credit&quot;:&quot;Biblioth\\u00e8que et Archives nation&quot;,&quot;camera&quot;:&quot;&quot;,&quot;caption&quot;:&quot;&quot;,&quot;created_timestamp&quot;:&quot;0&quot;,&quot;copyright&quot;:&quot;&quot;,&quot;focal_length&quot;:&quot;0&quot;,&quot;iso&quot;:&quot;0&quot;,&quot;shutter_speed&quot;:&quot;0&quot;,&quot;title&quot;:&quot;&quot;,&quot;orientation&quot;:&quot;1&quot;}\" data-image-title=\"1891-06-13 Gazette officielle du Qu\u00e9bec p7a_wp\" data-image-description=\"\" data-image-caption=\"&lt;p&gt;Gazette officielle du Qu\u00e9bec, 13 juin 1891&lt;\/p&gt;\n\" data-medium-file=\"https:\/\/i0.wp.com\/emblemedequebec.marret.co\/wp-content\/uploads\/2018\/05\/1891-06-13-Gazette-officielle-du-Qu%C3%A9bec-p7a_wp.jpg?fit=268%2C300&amp;ssl=1\" data-large-file=\"https:\/\/i0.wp.com\/emblemedequebec.marret.co\/wp-content\/uploads\/2018\/05\/1891-06-13-Gazette-officielle-du-Qu%C3%A9bec-p7a_wp.jpg?fit=640%2C717&amp;ssl=1\" class=\" wp-image-9095\" src=\"https:\/\/i0.wp.com\/emblemedequebec.marret.co\/wp-content\/uploads\/2018\/05\/1891-06-13-Gazette-officielle-du-Qu%C3%A9bec-p7a_wp.jpg?resize=287%2C321&#038;ssl=1\" alt=\"\" width=\"287\" height=\"321\" data-wp-pid=\"9095\" srcset=\"https:\/\/i0.wp.com\/emblemedequebec.marret.co\/wp-content\/uploads\/2018\/05\/1891-06-13-Gazette-officielle-du-Qu%C3%A9bec-p7a_wp.jpg?w=886&amp;ssl=1 886w, https:\/\/i0.wp.com\/emblemedequebec.marret.co\/wp-content\/uploads\/2018\/05\/1891-06-13-Gazette-officielle-du-Qu%C3%A9bec-p7a_wp.jpg?resize=268%2C300&amp;ssl=1 268w, https:\/\/i0.wp.com\/emblemedequebec.marret.co\/wp-content\/uploads\/2018\/05\/1891-06-13-Gazette-officielle-du-Qu%C3%A9bec-p7a_wp.jpg?resize=768%2C860&amp;ssl=1 768w, https:\/\/i0.wp.com\/emblemedequebec.marret.co\/wp-content\/uploads\/2018\/05\/1891-06-13-Gazette-officielle-du-Qu%C3%A9bec-p7a_wp.jpg?resize=800%2C896&amp;ssl=1 800w, https:\/\/i0.wp.com\/emblemedequebec.marret.co\/wp-content\/uploads\/2018\/05\/1891-06-13-Gazette-officielle-du-Qu%C3%A9bec-p7a_wp.jpg?resize=536%2C600&amp;ssl=1 536w\" sizes=\"auto, (max-width: 287px) 100vw, 287px\" \/><\/a><p id=\"caption-attachment-9095\" class=\"wp-caption-text\">Gazette officielle du Qu\u00e9bec, 13 juin 1891<\/p><\/div>\n<p>&nbsp;<\/p>\n<p>&nbsp;<\/p>\n<p>&nbsp;<\/p>\n<p>&nbsp;<\/p>\n<p>&nbsp;<\/p>\n<p>La compagnie <em>Quebec Worsted Company<\/em> n\u2019y survit pas, elle est liquid\u00e9e en juin de la m\u00eame ann\u00e9e&nbsp;; avec elle, l\u2019industrie textile dispara\u00eet presque enti\u00e8rement de la ville de Qu\u00e9bec.<\/p>\n<p>&nbsp;<\/p>\n<p style=\"text-align: center;\">~~~~~~~<\/p>\n<p><a href=\"https:\/\/i0.wp.com\/emblemedequebec.marret.co\/wp-content\/uploads\/2018\/05\/2361-MMC-M930.50.3.386a_wp.jpg?ssl=1\"><img data-recalc-dims=\"1\" loading=\"lazy\" decoding=\"async\" data-attachment-id=\"9063\" data-permalink=\"https:\/\/emblemedequebec.marret.co\/index.php\/sur-des-imprimes\/quebec-worsted-company\/2361-mmc-m930-50-3-386a_wp\/\" data-orig-file=\"https:\/\/i0.wp.com\/emblemedequebec.marret.co\/wp-content\/uploads\/2018\/05\/2361-MMC-M930.50.3.386a_wp.jpg?fit=886%2C633&amp;ssl=1\" data-orig-size=\"886,633\" data-comments-opened=\"1\" data-image-meta=\"{&quot;aperture&quot;:&quot;0&quot;,&quot;credit&quot;:&quot;&quot;,&quot;camera&quot;:&quot;&quot;,&quot;caption&quot;:&quot;&quot;,&quot;created_timestamp&quot;:&quot;1167609600&quot;,&quot;copyright&quot;:&quot;\\u00a9 McCord Museum, Montreal, Canada, 2007&quot;,&quot;focal_length&quot;:&quot;0&quot;,&quot;iso&quot;:&quot;0&quot;,&quot;shutter_speed&quot;:&quot;0&quot;,&quot;title&quot;:&quot;&quot;,&quot;orientation&quot;:&quot;1&quot;}\" data-image-title=\"2361-MMC M930.50.3.386a_wp\" data-image-description=\"&lt;p&gt;Estampe&lt;br \/&gt;\n\u00c9tiquette commerciale de Quebec Worsted Company&lt;br \/&gt;\nJohn Henry Walker (1831-1899)&lt;br \/&gt;\nvers 1885, 19e si\u00e8cle&lt;br \/&gt;\nM930.50.3.386&lt;br \/&gt;\nMus\u00e9e McCord&lt;\/p&gt;\n\" data-image-caption=\"&lt;p&gt;Quebec Worsted Company&lt;\/p&gt;\n\" data-medium-file=\"https:\/\/i0.wp.com\/emblemedequebec.marret.co\/wp-content\/uploads\/2018\/05\/2361-MMC-M930.50.3.386a_wp.jpg?fit=300%2C214&amp;ssl=1\" data-large-file=\"https:\/\/i0.wp.com\/emblemedequebec.marret.co\/wp-content\/uploads\/2018\/05\/2361-MMC-M930.50.3.386a_wp.jpg?fit=640%2C457&amp;ssl=1\" class=\"size-full wp-image-9063\" src=\"https:\/\/i0.wp.com\/emblemedequebec.marret.co\/wp-content\/uploads\/2018\/05\/2361-MMC-M930.50.3.386a_wp.jpg?resize=640%2C457&#038;ssl=1\" alt=\"\" width=\"640\" height=\"457\" data-wp-pid=\"9063\" srcset=\"https:\/\/i0.wp.com\/emblemedequebec.marret.co\/wp-content\/uploads\/2018\/05\/2361-MMC-M930.50.3.386a_wp.jpg?w=886&amp;ssl=1 886w, https:\/\/i0.wp.com\/emblemedequebec.marret.co\/wp-content\/uploads\/2018\/05\/2361-MMC-M930.50.3.386a_wp.jpg?resize=300%2C214&amp;ssl=1 300w, https:\/\/i0.wp.com\/emblemedequebec.marret.co\/wp-content\/uploads\/2018\/05\/2361-MMC-M930.50.3.386a_wp.jpg?resize=768%2C549&amp;ssl=1 768w, https:\/\/i0.wp.com\/emblemedequebec.marret.co\/wp-content\/uploads\/2018\/05\/2361-MMC-M930.50.3.386a_wp.jpg?resize=800%2C572&amp;ssl=1 800w, https:\/\/i0.wp.com\/emblemedequebec.marret.co\/wp-content\/uploads\/2018\/05\/2361-MMC-M930.50.3.386a_wp.jpg?resize=600%2C429&amp;ssl=1 600w\" sizes=\"auto, (max-width: 640px) 100vw, 640px\" \/><\/a><\/p>\n<p style=\"padding-left: 120px;\"><b><span lang=\"FR\">Gravure<\/span><\/b><span lang=\"FR\"><br \/>\n<span style=\"color: #6f1e1a;\"><i>\u00c9tiquette commerciale de Quebec Worsted Company<\/i><br \/>\n<\/span> <\/span><span lang=\"FR\"><span style=\"margin: 0px; color: #444444; font-family: 'Arial','sans-serif';\"><span style=\"font-family: georgia,palatino,serif;\">John Henry Walker (1831-1899)<\/span><\/span><\/span><span lang=\"FR\"><br \/>\nvers 1885, 19e si\u00e8cle<br \/>\nEncre sur papier &#8211; Gravure sur bois. 6.7 x 10 cm<br \/>\nM930.50.3.386. Mus\u00e9e McCord.<\/span><\/p>\n<p><a href=\"https:\/\/i0.wp.com\/emblemedequebec.marret.co\/wp-content\/uploads\/2018\/05\/2361-MMC-M930.50.3.386b_wp.jpg?ssl=1\"><img data-recalc-dims=\"1\" loading=\"lazy\" decoding=\"async\" data-attachment-id=\"9064\" data-permalink=\"https:\/\/emblemedequebec.marret.co\/index.php\/sur-des-imprimes\/quebec-worsted-company\/2361-mmc-m930-50-3-386b_wp\/\" data-orig-file=\"https:\/\/i0.wp.com\/emblemedequebec.marret.co\/wp-content\/uploads\/2018\/05\/2361-MMC-M930.50.3.386b_wp.jpg?fit=236%2C236&amp;ssl=1\" data-orig-size=\"236,236\" data-comments-opened=\"1\" data-image-meta=\"{&quot;aperture&quot;:&quot;0&quot;,&quot;credit&quot;:&quot;&quot;,&quot;camera&quot;:&quot;&quot;,&quot;caption&quot;:&quot;&quot;,&quot;created_timestamp&quot;:&quot;1167609600&quot;,&quot;copyright&quot;:&quot;\\u00a9 McCord Museum, Montreal, Canada, 2007&quot;,&quot;focal_length&quot;:&quot;0&quot;,&quot;iso&quot;:&quot;0&quot;,&quot;shutter_speed&quot;:&quot;0&quot;,&quot;title&quot;:&quot;&quot;,&quot;orientation&quot;:&quot;1&quot;}\" data-image-title=\"2361-MMC M930.50.3.386b_wp\" data-image-description=\"&lt;p&gt;Estampe&lt;br \/&gt;\n\u00c9tiquette commerciale de Quebec Worsted Company&lt;br \/&gt;\nJohn Henry Walker (1831-1899)&lt;br \/&gt;\nvers 1885, 19e si\u00e8cle&lt;br \/&gt;\nM930.50.3.386&lt;br \/&gt;\nMus\u00e9e McCord&lt;\/p&gt;\n\" data-image-caption=\"&lt;p&gt;Quebec Worsted Company&lt;\/p&gt;\n\" data-medium-file=\"https:\/\/i0.wp.com\/emblemedequebec.marret.co\/wp-content\/uploads\/2018\/05\/2361-MMC-M930.50.3.386b_wp.jpg?fit=236%2C236&amp;ssl=1\" data-large-file=\"https:\/\/i0.wp.com\/emblemedequebec.marret.co\/wp-content\/uploads\/2018\/05\/2361-MMC-M930.50.3.386b_wp.jpg?fit=236%2C236&amp;ssl=1\" class=\"size-full wp-image-9064 aligncenter\" src=\"https:\/\/i0.wp.com\/emblemedequebec.marret.co\/wp-content\/uploads\/2018\/05\/2361-MMC-M930.50.3.386b_wp.jpg?resize=236%2C236&#038;ssl=1\" alt=\"\" width=\"236\" height=\"236\" data-wp-pid=\"9064\" srcset=\"https:\/\/i0.wp.com\/emblemedequebec.marret.co\/wp-content\/uploads\/2018\/05\/2361-MMC-M930.50.3.386b_wp.jpg?w=236&amp;ssl=1 236w, https:\/\/i0.wp.com\/emblemedequebec.marret.co\/wp-content\/uploads\/2018\/05\/2361-MMC-M930.50.3.386b_wp.jpg?resize=150%2C150&amp;ssl=1 150w\" sizes=\"auto, (max-width: 236px) 100vw, 236px\" \/><\/a><\/p>\n","protected":false},"excerpt":{"rendered":"<p>Cr\u00e9\u00e9e en 1881 sous l\u2019appellation de Canada Worsted Company, la filature de laine de Qu\u00e9bec \u00e9prouve vite des difficult\u00e9s financi\u00e8res; elle est r\u00e9organis\u00e9e deux ans plus tard et rebaptis\u00e9e Riverside Worsted Company. Apr\u00e8s de nouveaux investissements en 1886, elle prend &hellip; <a href=\"https:\/\/emblemedequebec.marret.co\/index.php\/sur-des-imprimes\/quebec-worsted-company\/\">Continuer la lecture <span class=\"meta-nav\">&rarr;<\/span><\/a><\/p>\n","protected":false},"author":1,"featured_media":0,"parent":7597,"menu_order":0,"comment_status":"closed","ping_status":"closed","template":"","meta":{"ngg_post_thumbnail":0,"jetpack_post_was_ever_published":false,"footnotes":""},"class_list":["post-9096","page","type-page","status-publish","hentry"],"aioseo_notices":[],"jetpack_sharing_enabled":true,"jetpack_shortlink":"https:\/\/wp.me\/P9K7xB-2mI","jetpack-related-posts":[{"id":7597,"url":"https:\/\/emblemedequebec.marret.co\/index.php\/sur-des-imprimes\/","url_meta":{"origin":9096,"position":0},"title":"&#8230; sur des imprim\u00e9s","author":"marretgravereaux","date":"13 mars 2018","format":false,"excerpt":"Adopt\u00e9 officiellement le 23 mai 1834, le nouveau sceau de la ville de Qu\u00e9bec a d\u00e8s lors \u00e9t\u00e9 utilis\u00e9 par celle-ci pour s\u2019identifier sur des documents officiels, ou les illustrer. Il appara\u00eet donc sur le papier \u00e0 lettres et les \u00ab comptes de taxes \u00bb, les divers rapports de commissions\u2026","rel":"","context":"Article similaire","block_context":{"text":"Article similaire","link":""},"img":{"alt_text":"","src":"https:\/\/i0.wp.com\/emblemedequebec.marret.co\/wp-content\/uploads\/2018\/03\/1835-Carte-de-Hawkins-2010-17_008a_wp-1024x982.jpg?resize=350%2C200","width":350,"height":200},"classes":[]},{"id":8922,"url":"https:\/\/emblemedequebec.marret.co\/index.php\/sur-des-bijoux\/quebec-curling-club\/","url_meta":{"origin":9096,"position":1},"title":"Quebec Curling Club","author":"marretgravereaux","date":"1 mai 2018","format":false,"excerpt":"Le curling se joue \u00e0 l'origine sur des surfaces glac\u00e9es naturelles, telles, \u00e0 Qu\u00e9bec, le Saint-Laurent ou la rivi\u00e8re Saint-Charles. Mais, \u00e0 l\u2019initiative des \u00c9cossais le Quebec Curling Club voit le jour en 1821 et, au d\u00e9but, seuls des fils et des filles d'\u00c9cossais peuvent en devenir membres. Apr\u00e8s Montr\u00e9al\u2026","rel":"","context":"Dans &quot;Non class\u00e9&quot;","block_context":{"text":"Non class\u00e9","link":"https:\/\/emblemedequebec.marret.co\/index.php\/category\/non-classe\/"},"img":{"alt_text":"","src":"https:\/\/i0.wp.com\/emblemedequebec.marret.co\/wp-content\/uploads\/2018\/04\/2321-MMC-M930_50_1_638_wp.jpg?resize=350%2C200","width":350,"height":200},"classes":[]},{"id":8324,"url":"https:\/\/emblemedequebec.marret.co\/index.php\/ses-origines\/le-dessin-du-sceau\/","url_meta":{"origin":9096,"position":2},"title":"Le dessin du sceau","author":"marretgravereaux","date":"19 mars 2018","format":false,"excerpt":"Les \u00e9lections municipales de la Cit\u00e9 de Qu\u00e9bec ont lieu \u00e0 la fin avril\u00a01833. Le 24\u00a0mai, soit moins d\u2019un mois apr\u00e8s, le Conseil choisit son nouveau sceau\u00a0: \u00ab\u00a0R\u00e9solu que le Sceau de la Corporation tel que pr\u00e9sent\u00e9 par M.\u00a0L\u00e9gar\u00e9 soit adopt\u00e9 comme le Sceau de la Corporation. Le dit Sceau\u2026","rel":"","context":"Article similaire","block_context":{"text":"Article similaire","link":""},"img":{"alt_text":"","src":"https:\/\/i0.wp.com\/emblemedequebec.marret.co\/wp-content\/uploads\/2018\/05\/QP1-1-PV-1833-1834-23-mai-1834p_wp.jpg?resize=350%2C200","width":350,"height":200},"classes":[]},{"id":9228,"url":"https:\/\/emblemedequebec.marret.co\/index.php\/sur-des-imprimes\/quebec-gas-company\/","url_meta":{"origin":9096,"position":3},"title":"Quebec Gas Company","author":"marretgravereaux","date":"17 mai 2018","format":false,"excerpt":"L\u2019\u00e9clairage \u00ab\u00a0organis\u00e9\u00a0\u00bb des rues de Qu\u00e9bec ne date que de la premi\u00e8re moiti\u00e9 du XIXe si\u00e8cle. C\u2019est ainsi qu\u2019en 1818, la l\u00e9gislation en vigueur pr\u00e9voit que des hommes de guet fixent aux endroits pertinents des flambeaux et des lampes \u00e0 huile de charbon. Quelques ann\u00e9es plus tard, la ville installe\u2026","rel":"","context":"Article similaire","block_context":{"text":"Article similaire","link":""},"img":{"alt_text":"","src":"https:\/\/i0.wp.com\/emblemedequebec.marret.co\/wp-content\/uploads\/2018\/05\/Reverbere-2_wp.jpg?resize=350%2C200","width":350,"height":200},"classes":[]},{"id":9627,"url":"https:\/\/emblemedequebec.marret.co\/index.php\/a-la-societe-numismatique-de-quebec-s-n-q\/billets-du-50e-anniversaire-2010\/","url_meta":{"origin":9096,"position":4},"title":"Billets du 50e anniversaire (2010)","author":"marretgravereaux","date":"12 ao\u00fbt 2018","format":false,"excerpt":"En 2010, la Soci\u00e9t\u00e9 numismatique de Qu\u00e9bec f\u00eate le 50e\u00a0anniversaire de sa fondation. \u00c0 cette occasion, elle organise diverses activit\u00e9s et \u00e9met des billets dont dix rappellent sommairement l\u2019histoire du club et deux soulignent l\u2019exposition et le banquet ayant lieu pendant les f\u00eates\u2026 S\u00e9rie historique \u00c9mis mensuellement, de novembre\u00a02009 \u00e0\u2026","rel":"","context":"Article similaire","block_context":{"text":"Article similaire","link":""},"img":{"alt_text":"","src":"https:\/\/i0.wp.com\/emblemedequebec.marret.co\/wp-content\/uploads\/2018\/08\/SNQ-50e-Billets-01-10-Avers-NB_wp.jpg?resize=350%2C200","width":350,"height":200},"classes":[]},{"id":9236,"url":"https:\/\/emblemedequebec.marret.co\/index.php\/a-la-ville-de-quebec\/monument-aux-victimes-de-lhospice-saint-charles\/","url_meta":{"origin":9096,"position":5},"title":"Monument aux victimes de l&rsquo;hospice Saint-Charles","author":"marretgravereaux","date":"20 mai 2018","format":false,"excerpt":"Construit en 1923-1924 dans le quartier Saint-Roch, l\u2019h\u00f4pital de la marine est d\u2019abord destin\u00e9 \u00e0 soigner les marins et les immigrants\u00a0; \u00e0 partir de 1888, il change de vocation, accueillant les orphelins et les enfants pauvres. En 1927, l\u2019hospice Saint-Charles est sous la responsabilit\u00e9 des S\u0153urs du Bon Pasteur et\u2026","rel":"","context":"Article similaire","block_context":{"text":"Article similaire","link":""},"img":{"alt_text":"","src":"https:\/\/i0.wp.com\/emblemedequebec.marret.co\/wp-content\/uploads\/2018\/05\/Monument-St-Charles-2013-16_002a_wp.jpg?resize=350%2C200","width":350,"height":200},"classes":[]}],"_links":{"self":[{"href":"https:\/\/emblemedequebec.marret.co\/index.php\/wp-json\/wp\/v2\/pages\/9096","targetHints":{"allow":["GET"]}}],"collection":[{"href":"https:\/\/emblemedequebec.marret.co\/index.php\/wp-json\/wp\/v2\/pages"}],"about":[{"href":"https:\/\/emblemedequebec.marret.co\/index.php\/wp-json\/wp\/v2\/types\/page"}],"author":[{"embeddable":true,"href":"https:\/\/emblemedequebec.marret.co\/index.php\/wp-json\/wp\/v2\/users\/1"}],"replies":[{"embeddable":true,"href":"https:\/\/emblemedequebec.marret.co\/index.php\/wp-json\/wp\/v2\/comments?post=9096"}],"version-history":[{"count":1,"href":"https:\/\/emblemedequebec.marret.co\/index.php\/wp-json\/wp\/v2\/pages\/9096\/revisions"}],"predecessor-version":[{"id":10448,"href":"https:\/\/emblemedequebec.marret.co\/index.php\/wp-json\/wp\/v2\/pages\/9096\/revisions\/10448"}],"up":[{"embeddable":true,"href":"https:\/\/emblemedequebec.marret.co\/index.php\/wp-json\/wp\/v2\/pages\/7597"}],"wp:attachment":[{"href":"https:\/\/emblemedequebec.marret.co\/index.php\/wp-json\/wp\/v2\/media?parent=9096"}],"curies":[{"name":"wp","href":"https:\/\/api.w.org\/{rel}","templated":true}]}}