{"id":9079,"date":"2018-05-06T10:56:02","date_gmt":"2018-05-06T09:56:02","guid":{"rendered":"http:\/\/emblemedequebec.marret.co\/?page_id=9079"},"modified":"2018-05-06T11:09:31","modified_gmt":"2018-05-06T10:09:31","slug":"city-district-telegraph-company","status":"publish","type":"page","link":"https:\/\/emblemedequebec.marret.co\/index.php\/sur-des-imprimes\/city-district-telegraph-company\/","title":{"rendered":"City District Telegraph Company"},"content":{"rendered":"<p>N\u00e9 en 1927 \u00e0 Breslau (Prusse) &#8211; aujourd\u2019hui Wroclaw, en Pologne &#8211; Sigismund Mohr aurait obtenu dans cette m\u00eame ville un dipl\u00f4me d\u2019ing\u00e9nieur en \u00e9lectricit\u00e9. Apr\u00e8s avoir r\u00e9sid\u00e9 \u00e0 Londres, il s\u2019\u00e9tablit \u00e0 Qu\u00e9bec vers 1871.<\/p>\n<p>Ses d\u00e9buts commerciaux s\u2019av\u00e8rent difficiles, mais il finit par obtenir du conseil municipal de Qu\u00e9bec, en octobre&nbsp;1876, un permis pour installer et exploiter des lignes t\u00e9l\u00e9graphiques \u00ab&nbsp;[\u2026] \u00e0 condition qu\u2019il ne nuise aucunement au t\u00e9l\u00e9graphe avertisseur d\u2019incendie&nbsp;\u00bb.<\/p>\n<p><a href=\"https:\/\/i0.wp.com\/emblemedequebec.marret.co\/wp-content\/uploads\/2018\/05\/City-District-Telegraph-Company-1-1e_wp.jpg?ssl=1\"><img data-recalc-dims=\"1\" loading=\"lazy\" decoding=\"async\" data-attachment-id=\"9078\" data-permalink=\"https:\/\/emblemedequebec.marret.co\/index.php\/sur-des-imprimes\/city-district-telegraph-company\/city-district-telegraph-company-1-1e_wp\/\" data-orig-file=\"https:\/\/i0.wp.com\/emblemedequebec.marret.co\/wp-content\/uploads\/2018\/05\/City-District-Telegraph-Company-1-1e_wp.jpg?fit=295%2C264&amp;ssl=1\" data-orig-size=\"295,264\" data-comments-opened=\"1\" data-image-meta=\"{&quot;aperture&quot;:&quot;0&quot;,&quot;credit&quot;:&quot;&quot;,&quot;camera&quot;:&quot;&quot;,&quot;caption&quot;:&quot;&quot;,&quot;created_timestamp&quot;:&quot;0&quot;,&quot;copyright&quot;:&quot;&quot;,&quot;focal_length&quot;:&quot;0&quot;,&quot;iso&quot;:&quot;0&quot;,&quot;shutter_speed&quot;:&quot;0&quot;,&quot;title&quot;:&quot;&quot;,&quot;orientation&quot;:&quot;1&quot;}\" data-image-title=\"City District Telegraph Company 1-1e_wp\" data-image-description=\"\" data-image-caption=\"\" data-medium-file=\"https:\/\/i0.wp.com\/emblemedequebec.marret.co\/wp-content\/uploads\/2018\/05\/City-District-Telegraph-Company-1-1e_wp.jpg?fit=295%2C264&amp;ssl=1\" data-large-file=\"https:\/\/i0.wp.com\/emblemedequebec.marret.co\/wp-content\/uploads\/2018\/05\/City-District-Telegraph-Company-1-1e_wp.jpg?fit=295%2C264&amp;ssl=1\" width=\"203\" height=\"182\" class=\"wp-image-9078 alignright\" alt=\"\" src=\"https:\/\/i0.wp.com\/emblemedequebec.marret.co\/wp-content\/uploads\/2018\/05\/City-District-Telegraph-Company-1-1e_wp.jpg?resize=203%2C182&#038;ssl=1\" data-wp-pid=\"9078\"><\/a>Peu apr\u00e8s, Sigismund Mohr fait enregistrer sous le nom de \u00ab&nbsp;<strong><em>City District Telegraph Company<\/em><\/strong>&nbsp;\u00bb l&rsquo;entreprise qu\u2019il vient de cr\u00e9er avec ses associ\u00e9s, William B.&nbsp; Chapman et Henry Harris.<\/p>\n<p>Mais cette soci\u00e9t\u00e9 ne durera pas longtemps, puisqu\u2019il la dissout moins de deux ans apr\u00e8s, en janvier 1878.&nbsp;<\/p>\n<p>Devenu employ\u00e9 de la Compagnie canadienne de t\u00e9l\u00e9phone Bell en 1878, Sigismund Mohr \u0153uvre \u00e0 l&rsquo;implantation du t\u00e9l\u00e9phone dans la ville de Qu\u00e9bec. Quelques ann\u00e9es plus tard, comme g\u00e9rant pour la Compagnie d&rsquo;\u00e9clairage \u00e9lectrique de Qu\u00e9bec et L\u00e9vis, il participe \u00e0 l&rsquo;am\u00e9nagement de la chute Montmorency en lieu de production d&rsquo;\u00e9lectricit\u00e9; ce qui permet, en 1885, d\u2019installer les premiers lampadaires \u00e9lectriques sur la terrasse Dufferin.<\/p>\n<p style=\"text-align: right;\"><span style=\"font-size: 10pt;\">(Inspir\u00e9 de :<\/span><br \/>\n<span style=\"font-size: 10pt;\">Vaugeois, Denis. <a href=\"http:\/\/www.biographi.ca\/fr\/bio\/mohr_sigismund_12F.html\" target=\"_blank\" rel=\"noopener\"><em>Sigismund Mohr<\/em><\/a>. Dictionnaire biographique du Canada)<\/span><\/p>\n<p style=\"text-align: center;\">~~~~~~~<\/p>\n<p><a href=\"https:\/\/i0.wp.com\/emblemedequebec.marret.co\/wp-content\/uploads\/2018\/05\/City-District-Telegraph-Company-1-1d_wp.jpg?ssl=1\"><img data-recalc-dims=\"1\" loading=\"lazy\" decoding=\"async\" data-attachment-id=\"9077\" data-permalink=\"https:\/\/emblemedequebec.marret.co\/index.php\/sur-des-imprimes\/city-district-telegraph-company\/city-district-telegraph-company-1-1d_wp\/\" data-orig-file=\"https:\/\/i0.wp.com\/emblemedequebec.marret.co\/wp-content\/uploads\/2018\/05\/City-District-Telegraph-Company-1-1d_wp.jpg?fit=886%2C520&amp;ssl=1\" data-orig-size=\"886,520\" data-comments-opened=\"1\" data-image-meta=\"{&quot;aperture&quot;:&quot;0&quot;,&quot;credit&quot;:&quot;&quot;,&quot;camera&quot;:&quot;&quot;,&quot;caption&quot;:&quot;&quot;,&quot;created_timestamp&quot;:&quot;0&quot;,&quot;copyright&quot;:&quot;&quot;,&quot;focal_length&quot;:&quot;0&quot;,&quot;iso&quot;:&quot;0&quot;,&quot;shutter_speed&quot;:&quot;0&quot;,&quot;title&quot;:&quot;&quot;,&quot;orientation&quot;:&quot;1&quot;}\" data-image-title=\"City District Telegraph Company 1-1d_wp\" data-image-description=\"\" data-image-caption=\"\" data-medium-file=\"https:\/\/i0.wp.com\/emblemedequebec.marret.co\/wp-content\/uploads\/2018\/05\/City-District-Telegraph-Company-1-1d_wp.jpg?fit=300%2C176&amp;ssl=1\" data-large-file=\"https:\/\/i0.wp.com\/emblemedequebec.marret.co\/wp-content\/uploads\/2018\/05\/City-District-Telegraph-Company-1-1d_wp.jpg?fit=640%2C376&amp;ssl=1\" width=\"640\" height=\"376\" class=\"size-full wp-image-9077 aligncenter\" alt=\"\" src=\"https:\/\/i0.wp.com\/emblemedequebec.marret.co\/wp-content\/uploads\/2018\/05\/City-District-Telegraph-Company-1-1d_wp.jpg?resize=640%2C376&#038;ssl=1\" data-wp-pid=\"9077\" srcset=\"https:\/\/i0.wp.com\/emblemedequebec.marret.co\/wp-content\/uploads\/2018\/05\/City-District-Telegraph-Company-1-1d_wp.jpg?w=886&amp;ssl=1 886w, https:\/\/i0.wp.com\/emblemedequebec.marret.co\/wp-content\/uploads\/2018\/05\/City-District-Telegraph-Company-1-1d_wp.jpg?resize=300%2C176&amp;ssl=1 300w, https:\/\/i0.wp.com\/emblemedequebec.marret.co\/wp-content\/uploads\/2018\/05\/City-District-Telegraph-Company-1-1d_wp.jpg?resize=768%2C451&amp;ssl=1 768w, https:\/\/i0.wp.com\/emblemedequebec.marret.co\/wp-content\/uploads\/2018\/05\/City-District-Telegraph-Company-1-1d_wp.jpg?resize=800%2C470&amp;ssl=1 800w, https:\/\/i0.wp.com\/emblemedequebec.marret.co\/wp-content\/uploads\/2018\/05\/City-District-Telegraph-Company-1-1d_wp.jpg?resize=600%2C352&amp;ssl=1 600w\" sizes=\"auto, (max-width: 640px) 100vw, 640px\" \/><\/a><\/p>\n<p><a href=\"https:\/\/i0.wp.com\/emblemedequebec.marret.co\/wp-content\/uploads\/2018\/05\/1877-01-18-The-Daily-Telegraph-a_wp.jpg?ssl=1\"><img data-recalc-dims=\"1\" loading=\"lazy\" decoding=\"async\" data-attachment-id=\"9076\" data-permalink=\"https:\/\/emblemedequebec.marret.co\/index.php\/sur-des-imprimes\/city-district-telegraph-company\/1877-01-18-the-daily-telegraph-a_wp\/\" data-orig-file=\"https:\/\/i0.wp.com\/emblemedequebec.marret.co\/wp-content\/uploads\/2018\/05\/1877-01-18-The-Daily-Telegraph-a_wp.jpg?fit=282%2C591&amp;ssl=1\" data-orig-size=\"282,591\" data-comments-opened=\"1\" data-image-meta=\"{&quot;aperture&quot;:&quot;0&quot;,&quot;credit&quot;:&quot;Jean-Luc&quot;,&quot;camera&quot;:&quot;&quot;,&quot;caption&quot;:&quot;&quot;,&quot;created_timestamp&quot;:&quot;1525552142&quot;,&quot;copyright&quot;:&quot;&quot;,&quot;focal_length&quot;:&quot;0&quot;,&quot;iso&quot;:&quot;0&quot;,&quot;shutter_speed&quot;:&quot;0&quot;,&quot;title&quot;:&quot;&quot;,&quot;orientation&quot;:&quot;1&quot;}\" data-image-title=\"1877-01-18 The Daily Telegraph a_wp\" data-image-description=\"\" data-image-caption=\"&lt;p&gt;The Daily Telegraph, 18 janvier 1877.&lt;\/p&gt;\n\" data-medium-file=\"https:\/\/i0.wp.com\/emblemedequebec.marret.co\/wp-content\/uploads\/2018\/05\/1877-01-18-The-Daily-Telegraph-a_wp.jpg?fit=143%2C300&amp;ssl=1\" data-large-file=\"https:\/\/i0.wp.com\/emblemedequebec.marret.co\/wp-content\/uploads\/2018\/05\/1877-01-18-The-Daily-Telegraph-a_wp.jpg?fit=282%2C591&amp;ssl=1\" width=\"250\" height=\"524\" class=\"wp-image-9076 aligncenter\" alt=\"\" src=\"https:\/\/i0.wp.com\/emblemedequebec.marret.co\/wp-content\/uploads\/2018\/05\/1877-01-18-The-Daily-Telegraph-a_wp.jpg?resize=250%2C524&#038;ssl=1\" data-wp-pid=\"9076\" srcset=\"https:\/\/i0.wp.com\/emblemedequebec.marret.co\/wp-content\/uploads\/2018\/05\/1877-01-18-The-Daily-Telegraph-a_wp.jpg?w=282&amp;ssl=1 282w, https:\/\/i0.wp.com\/emblemedequebec.marret.co\/wp-content\/uploads\/2018\/05\/1877-01-18-The-Daily-Telegraph-a_wp.jpg?resize=143%2C300&amp;ssl=1 143w\" sizes=\"auto, (max-width: 250px) 100vw, 250px\" \/><\/a><\/p>\n<p style=\"text-align: center;\"><em>The Daily Telegraph, 18 janvier 1877.<\/em><\/p>\n","protected":false},"excerpt":{"rendered":"<p>N\u00e9 en 1927 \u00e0 Breslau (Prusse) &#8211; aujourd\u2019hui Wroclaw, en Pologne &#8211; Sigismund Mohr aurait obtenu dans cette m\u00eame ville un dipl\u00f4me d\u2019ing\u00e9nieur en \u00e9lectricit\u00e9. Apr\u00e8s avoir r\u00e9sid\u00e9 \u00e0 Londres, il s\u2019\u00e9tablit \u00e0 Qu\u00e9bec vers 1871. Ses d\u00e9buts commerciaux s\u2019av\u00e8rent &hellip; <a href=\"https:\/\/emblemedequebec.marret.co\/index.php\/sur-des-imprimes\/city-district-telegraph-company\/\">Continuer la lecture <span class=\"meta-nav\">&rarr;<\/span><\/a><\/p>\n","protected":false},"author":1,"featured_media":0,"parent":7597,"menu_order":0,"comment_status":"closed","ping_status":"closed","template":"","meta":{"ngg_post_thumbnail":0,"jetpack_post_was_ever_published":false,"footnotes":""},"class_list":["post-9079","page","type-page","status-publish","hentry"],"aioseo_notices":[],"jetpack_sharing_enabled":true,"jetpack_shortlink":"https:\/\/wp.me\/P9K7xB-2mr","jetpack-related-posts":[{"id":7597,"url":"https:\/\/emblemedequebec.marret.co\/index.php\/sur-des-imprimes\/","url_meta":{"origin":9079,"position":0},"title":"&#8230; sur des imprim\u00e9s","author":"marretgravereaux","date":"13 mars 2018","format":false,"excerpt":"Adopt\u00e9 officiellement le 23 mai 1834, le nouveau sceau de la ville de Qu\u00e9bec a d\u00e8s lors \u00e9t\u00e9 utilis\u00e9 par celle-ci pour s\u2019identifier sur des documents officiels, ou les illustrer. Il appara\u00eet donc sur le papier \u00e0 lettres et les \u00ab comptes de taxes \u00bb, les divers rapports de commissions\u2026","rel":"","context":"Article similaire","block_context":{"text":"Article similaire","link":""},"img":{"alt_text":"","src":"https:\/\/i0.wp.com\/emblemedequebec.marret.co\/wp-content\/uploads\/2018\/03\/1835-Carte-de-Hawkins-2010-17_008a_wp-1024x982.jpg?resize=350%2C200","width":350,"height":200},"classes":[]},{"id":8306,"url":"https:\/\/emblemedequebec.marret.co\/index.php\/ses-origines\/sources-dinspiration-pour-le-sceau-de-quebec\/","url_meta":{"origin":9079,"position":1},"title":"Sources d\u2019inspiration pour le sceau de Qu\u00e9bec","author":"marretgravereaux","date":"18 mars 2018","format":false,"excerpt":"\u00c9lu au conseil de la Cit\u00e9 de Qu\u00e9bec le 25\u00a0avril 1833, Joseph L\u00e9gar\u00e9 soumet dans les jours suivants un projet de sceau pour la Corporation municipale, lequel fait l\u2019objet de discussions lors de la s\u00e9ance du 24\u00a0mai. Il n\u2019a donc eu que peu de temps pour le pr\u00e9parer et l\u2019on\u2026","rel":"","context":"Article similaire","block_context":{"text":"Article similaire","link":""},"img":{"alt_text":"","src":"https:\/\/i0.wp.com\/emblemedequebec.marret.co\/wp-content\/uploads\/2024\/10\/1749-Paix-dAix-la-Chapelle-10-Photoroom-a_50-300x297.png?resize=350%2C200&ssl=1","width":350,"height":200},"classes":[]},{"id":7681,"url":"https:\/\/emblemedequebec.marret.co\/index.php\/ses-origines\/les-premiers-sceaux-de-quebec\/","url_meta":{"origin":9079,"position":2},"title":"Sceau provisoire, sceau permanent","author":"marretgravereaux","date":"15 mars 2018","format":false,"excerpt":"Qu\u00e9bec aurait pu avoir des armes d\u00e8s le XVIIe si\u00e8cle si le gouverneur de Frontenac avait men\u00e9 \u00e0 bien son projet. En effet, le 13\u00a0octobre 1673, il \u00e9crivait au ministre\u00a0: \u00ab\u00a0C\u2019est \u00e0 quoi, Mgr, vous aviserez, s\u2019il vous pla\u00eet, comme aussi aux livr\u00e9es et aux armes que le Roi voudra\u2026","rel":"","context":"Article similaire","block_context":{"text":"Article similaire","link":""},"img":{"alt_text":"","src":"https:\/\/i0.wp.com\/emblemedequebec.marret.co\/wp-content\/uploads\/2018\/03\/1833-06-17-Sceau-2010-09_031_wp.jpg?resize=350%2C200","width":350,"height":200},"classes":[]},{"id":10268,"url":"https:\/\/emblemedequebec.marret.co\/index.php\/dans-la-numismatique\/exposition-commerciale-de-quebec-1894\/carnaval-de-quebec-1894\/","url_meta":{"origin":9079,"position":3},"title":"Carnaval de Qu\u00e9bec (1894)","author":"marretgravereaux","date":"28 mai 2020","format":false,"excerpt":"~~~~~ En 1893 - et alors que la ville est durement affect\u00e9e par le d\u00e9clin de ses activit\u00e9s portuaires -, Frank Carrel lance un appel dans le Quebec Daily Telegraph (dont il est propri\u00e9taire) pour que l\u2019on organise un carnaval l\u2019hiver suivant\u00a0; le succ\u00e8s rencontr\u00e9 \u00e0 Montr\u00e9al l\u2019a inspir\u00e9 et\u2026","rel":"","context":"Article similaire","block_context":{"text":"Article similaire","link":""},"img":{"alt_text":"","src":"https:\/\/i0.wp.com\/emblemedequebec.marret.co\/wp-content\/uploads\/2024\/10\/1521-JFD-Carnival-Photoroom-a-204x300.png?resize=350%2C200&ssl=1","width":350,"height":200},"classes":[]},{"id":7614,"url":"https:\/\/emblemedequebec.marret.co\/index.php\/ses-origines\/","url_meta":{"origin":9079,"position":4},"title":"Histoire officielle du premier embl\u00e8me de Qu\u00e9bec","author":"marretgravereaux","date":"13 mars 2018","format":false,"excerpt":"Qu\u00e9bec aurait pu avoir des armes d\u00e8s le XVIIe si\u00e8cle si le gouverneur de Frontenac avait men\u00e9 \u00e0 bien son projet. En effet, le 13\u00a0octobre 1673, il \u00e9crivait au ministre\u00a0: \u00ab\u00a0C\u2019est \u00e0 quoi, Mgr, vous aviserez, s\u2019il vous pla\u00eet, comme aussi aux livr\u00e9es et aux armes que le Roi voudra\u2026","rel":"","context":"Article similaire","block_context":{"text":"Article similaire","link":""},"img":{"alt_text":"","src":"https:\/\/i0.wp.com\/emblemedequebec.marret.co\/wp-content\/uploads\/2018\/03\/Frontenac_wp.jpg?resize=350%2C200","width":350,"height":200},"classes":[]},{"id":9228,"url":"https:\/\/emblemedequebec.marret.co\/index.php\/sur-des-imprimes\/quebec-gas-company\/","url_meta":{"origin":9079,"position":5},"title":"Quebec Gas Company","author":"marretgravereaux","date":"17 mai 2018","format":false,"excerpt":"L\u2019\u00e9clairage \u00ab\u00a0organis\u00e9\u00a0\u00bb des rues de Qu\u00e9bec ne date que de la premi\u00e8re moiti\u00e9 du XIXe si\u00e8cle. C\u2019est ainsi qu\u2019en 1818, la l\u00e9gislation en vigueur pr\u00e9voit que des hommes de guet fixent aux endroits pertinents des flambeaux et des lampes \u00e0 huile de charbon. Quelques ann\u00e9es plus tard, la ville installe\u2026","rel":"","context":"Article similaire","block_context":{"text":"Article similaire","link":""},"img":{"alt_text":"","src":"https:\/\/i0.wp.com\/emblemedequebec.marret.co\/wp-content\/uploads\/2018\/05\/Reverbere-2_wp.jpg?resize=350%2C200","width":350,"height":200},"classes":[]}],"_links":{"self":[{"href":"https:\/\/emblemedequebec.marret.co\/index.php\/wp-json\/wp\/v2\/pages\/9079","targetHints":{"allow":["GET"]}}],"collection":[{"href":"https:\/\/emblemedequebec.marret.co\/index.php\/wp-json\/wp\/v2\/pages"}],"about":[{"href":"https:\/\/emblemedequebec.marret.co\/index.php\/wp-json\/wp\/v2\/types\/page"}],"author":[{"embeddable":true,"href":"https:\/\/emblemedequebec.marret.co\/index.php\/wp-json\/wp\/v2\/users\/1"}],"replies":[{"embeddable":true,"href":"https:\/\/emblemedequebec.marret.co\/index.php\/wp-json\/wp\/v2\/comments?post=9079"}],"version-history":[{"count":0,"href":"https:\/\/emblemedequebec.marret.co\/index.php\/wp-json\/wp\/v2\/pages\/9079\/revisions"}],"up":[{"embeddable":true,"href":"https:\/\/emblemedequebec.marret.co\/index.php\/wp-json\/wp\/v2\/pages\/7597"}],"wp:attachment":[{"href":"https:\/\/emblemedequebec.marret.co\/index.php\/wp-json\/wp\/v2\/media?parent=9079"}],"curies":[{"name":"wp","href":"https:\/\/api.w.org\/{rel}","templated":true}]}}