{"id":9073,"date":"2018-05-04T18:02:06","date_gmt":"2018-05-04T17:02:06","guid":{"rendered":"http:\/\/emblemedequebec.marret.co\/?page_id=9073"},"modified":"2018-05-04T18:02:06","modified_gmt":"2018-05-04T17:02:06","slug":"la-mccallums-brewery-1840-1874","status":"publish","type":"page","link":"https:\/\/emblemedequebec.marret.co\/index.php\/sur-des-imprimes\/la-mccallums-brewery-1840-1874\/","title":{"rendered":"La McCallum&rsquo;s Brewery (1840-1874)"},"content":{"rendered":"<div id=\"attachment_9071\" style=\"width: 309px\" class=\"wp-caption alignright\"><a href=\"https:\/\/i0.wp.com\/emblemedequebec.marret.co\/wp-content\/uploads\/2018\/05\/Mc-Callums-Brewery-M930_51_1_206a_wp.jpg?ssl=1\"><img data-recalc-dims=\"1\" loading=\"lazy\" decoding=\"async\" aria-describedby=\"caption-attachment-9071\" data-attachment-id=\"9071\" data-permalink=\"https:\/\/emblemedequebec.marret.co\/index.php\/sur-des-imprimes\/la-mccallums-brewery-1840-1874\/mc-callums-brewery-m930_51_1_206a_wp\/\" data-orig-file=\"https:\/\/i0.wp.com\/emblemedequebec.marret.co\/wp-content\/uploads\/2018\/05\/Mc-Callums-Brewery-M930_51_1_206a_wp.jpg?fit=860%2C886&amp;ssl=1\" data-orig-size=\"860,886\" data-comments-opened=\"1\" data-image-meta=\"{&quot;aperture&quot;:&quot;0&quot;,&quot;credit&quot;:&quot;&quot;,&quot;camera&quot;:&quot;&quot;,&quot;caption&quot;:&quot;&quot;,&quot;created_timestamp&quot;:&quot;1167609600&quot;,&quot;copyright&quot;:&quot;\\u00a9 McCord Museum, Montreal, Canada, 2007&quot;,&quot;focal_length&quot;:&quot;0&quot;,&quot;iso&quot;:&quot;0&quot;,&quot;shutter_speed&quot;:&quot;0&quot;,&quot;title&quot;:&quot;&quot;,&quot;orientation&quot;:&quot;1&quot;}\" data-image-title=\"Mc Callums Brewery &amp;#8211; M930_51_1_206a_wp\" data-image-description=\"&lt;p&gt;Estampe&lt;br \/&gt;\n\u00c9tiquette commerciale de McCallum&amp;rsquo;s Brewery, Quebec&lt;br \/&gt;\nJohn Henry Walker (1831-1899)&lt;br \/&gt;\n1850-1885, 19e si\u00e8cle&lt;br \/&gt;\nM930.51.1.206&lt;br \/&gt;\nMus\u00e9e McCord&lt;\/p&gt;\n\" data-image-caption=\"&lt;p&gt;\u00c9tiquette commerciale de la McCallum&amp;rsquo;s Brewery, Quebec par John Henry Walker. Mus\u00e9e McCord&lt;\/p&gt;\n\" data-medium-file=\"https:\/\/i0.wp.com\/emblemedequebec.marret.co\/wp-content\/uploads\/2018\/05\/Mc-Callums-Brewery-M930_51_1_206a_wp.jpg?fit=291%2C300&amp;ssl=1\" data-large-file=\"https:\/\/i0.wp.com\/emblemedequebec.marret.co\/wp-content\/uploads\/2018\/05\/Mc-Callums-Brewery-M930_51_1_206a_wp.jpg?fit=640%2C659&amp;ssl=1\" width=\"299\" height=\"308\" class=\" wp-image-9071\" alt=\"\" src=\"https:\/\/i0.wp.com\/emblemedequebec.marret.co\/wp-content\/uploads\/2018\/05\/Mc-Callums-Brewery-M930_51_1_206a_wp.jpg?resize=299%2C308&#038;ssl=1\" data-wp-pid=\"9071\" srcset=\"https:\/\/i0.wp.com\/emblemedequebec.marret.co\/wp-content\/uploads\/2018\/05\/Mc-Callums-Brewery-M930_51_1_206a_wp.jpg?w=860&amp;ssl=1 860w, https:\/\/i0.wp.com\/emblemedequebec.marret.co\/wp-content\/uploads\/2018\/05\/Mc-Callums-Brewery-M930_51_1_206a_wp.jpg?resize=291%2C300&amp;ssl=1 291w, https:\/\/i0.wp.com\/emblemedequebec.marret.co\/wp-content\/uploads\/2018\/05\/Mc-Callums-Brewery-M930_51_1_206a_wp.jpg?resize=768%2C791&amp;ssl=1 768w, https:\/\/i0.wp.com\/emblemedequebec.marret.co\/wp-content\/uploads\/2018\/05\/Mc-Callums-Brewery-M930_51_1_206a_wp.jpg?resize=800%2C824&amp;ssl=1 800w, https:\/\/i0.wp.com\/emblemedequebec.marret.co\/wp-content\/uploads\/2018\/05\/Mc-Callums-Brewery-M930_51_1_206a_wp.jpg?resize=582%2C600&amp;ssl=1 582w\" sizes=\"auto, (max-width: 299px) 100vw, 299px\" \/><\/a><p id=\"caption-attachment-9071\" class=\"wp-caption-text\">\u00c9tiquette commerciale de la McCallum&rsquo;s Brewery, Quebec par John Henry Walker. Mus\u00e9e McCord<\/p><\/div>\n<p><span lang=\"FR\"><span style=\"color: #333333;\">Homme d\u2019affaire d\u2019origine \u00e9cossaise, James McCallum fit ses d\u00e9buts dans le domaine des c\u00e9r\u00e9ales. En 1813 il fait l\u2019acquisition de la St Roc Brewery, la relance et la transforme. Avec ses fils, James Jr et Duncan, il exploite la brasserie sous la raison sociale de McCallum and Sons. <\/span><\/span><\/p>\n<p><span lang=\"FR\"><span style=\"color: #333333;\">Apr\u00e8s son d\u00e9c\u00e8s ses fils se s\u00e9parent et Duncan ouvre la McCallum Brewery en 1840. Celle-ci doit cependant rapidement faire face \u00e0 plusieurs adversit\u00e9s&nbsp;: apr\u00e8s avoir \u00e9t\u00e9 d\u00e9truite par une explosion, en 1842, puis reconstruite, elle est \u00e0 nouveau r\u00e9duite en cendres, le 28&nbsp;mai 1845, lors du grand incendie qui ravage le Faubourg Saint-Roch. Peu apr\u00e8s l\u2019avoir reb\u00e2tie en s\u2019endettant, Duncan McCallum fait face \u00e0 des difficult\u00e9s financi\u00e8res et doit c\u00e9der la brasserie \u00e0 son fr\u00e8re Daniel. Celui-ci l\u2019op\u00e8re jusqu\u2019en 1874, alors que la compagnie est saisie et dispara\u00eet&nbsp;; pendant ses 34&nbsp;ans d\u2019existence, la McCallum\u2019s Brewery fut probablement le plus grand \u00e9tablissement de bi\u00e8re de la capitale\u2026<\/span><\/span><\/p>\n<p style=\"text-align: center;\"><a href=\"https:\/\/i0.wp.com\/emblemedequebec.marret.co\/wp-content\/uploads\/2018\/03\/2811-MCQ-Affiche_wp.jpg?ssl=1\"><img data-recalc-dims=\"1\" loading=\"lazy\" decoding=\"async\" data-attachment-id=\"7647\" data-permalink=\"https:\/\/emblemedequebec.marret.co\/index.php\/sur-des-imprimes\/2811-mcq-affiche_wp\/\" data-orig-file=\"https:\/\/i0.wp.com\/emblemedequebec.marret.co\/wp-content\/uploads\/2018\/03\/2811-MCQ-Affiche_wp.jpg?fit=927%2C1181&amp;ssl=1\" data-orig-size=\"927,1181\" data-comments-opened=\"1\" data-image-meta=\"{&quot;aperture&quot;:&quot;16&quot;,&quot;credit&quot;:&quot;&quot;,&quot;camera&quot;:&quot;Canon EOS-1Ds Mark II&quot;,&quot;caption&quot;:&quot;&quot;,&quot;created_timestamp&quot;:&quot;1119879714&quot;,&quot;copyright&quot;:&quot;&quot;,&quot;focal_length&quot;:&quot;50&quot;,&quot;iso&quot;:&quot;50&quot;,&quot;shutter_speed&quot;:&quot;0.004&quot;,&quot;title&quot;:&quot;&quot;,&quot;orientation&quot;:&quot;1&quot;}\" data-image-title=\"2811-MCQ Affiche_wp\" data-image-description=\"&lt;p&gt;Collection du Mus\u00e9e de la Civilisation (AD2005-06)&lt;\/p&gt;\n\" data-image-caption=\"&lt;p&gt;Affiche de la Mc Callum&amp;rsquo;s Brewery&lt;\/p&gt;\n\" data-medium-file=\"https:\/\/i0.wp.com\/emblemedequebec.marret.co\/wp-content\/uploads\/2018\/03\/2811-MCQ-Affiche_wp.jpg?fit=235%2C300&amp;ssl=1\" data-large-file=\"https:\/\/i0.wp.com\/emblemedequebec.marret.co\/wp-content\/uploads\/2018\/03\/2811-MCQ-Affiche_wp.jpg?fit=640%2C815&amp;ssl=1\" width=\"401\" height=\"510\" class=\" wp-image-7647\" alt=\"\" src=\"https:\/\/i0.wp.com\/emblemedequebec.marret.co\/wp-content\/uploads\/2018\/03\/2811-MCQ-Affiche_wp.jpg?resize=401%2C510&#038;ssl=1\" data-wp-pid=\"7647\" srcset=\"https:\/\/i0.wp.com\/emblemedequebec.marret.co\/wp-content\/uploads\/2018\/03\/2811-MCQ-Affiche_wp.jpg?resize=804%2C1024&amp;ssl=1 804w, https:\/\/i0.wp.com\/emblemedequebec.marret.co\/wp-content\/uploads\/2018\/03\/2811-MCQ-Affiche_wp.jpg?resize=235%2C300&amp;ssl=1 235w, https:\/\/i0.wp.com\/emblemedequebec.marret.co\/wp-content\/uploads\/2018\/03\/2811-MCQ-Affiche_wp.jpg?resize=768%2C978&amp;ssl=1 768w, https:\/\/i0.wp.com\/emblemedequebec.marret.co\/wp-content\/uploads\/2018\/03\/2811-MCQ-Affiche_wp.jpg?resize=800%2C1019&amp;ssl=1 800w, https:\/\/i0.wp.com\/emblemedequebec.marret.co\/wp-content\/uploads\/2018\/03\/2811-MCQ-Affiche_wp.jpg?resize=471%2C600&amp;ssl=1 471w, https:\/\/i0.wp.com\/emblemedequebec.marret.co\/wp-content\/uploads\/2018\/03\/2811-MCQ-Affiche_wp.jpg?w=927&amp;ssl=1 927w\" sizes=\"auto, (max-width: 401px) 100vw, 401px\" \/><\/a><\/p>\n<p style=\"text-align: center;\"><strong>Affiche de la McCallum\u2019s Brewery.<\/strong><\/p>\n<p style=\"text-align: center;\"><em>Dimensions&nbsp;<\/em>: 466&nbsp;mm x 593&nbsp;mm (18 3\/8\u2019\u2019 x 23 3\/8\u2019\u2019).<br \/>\n<em>Mus\u00e9e de la Civilisation <\/em>(2005-639)<\/p>\n<p><u><span style=\"color: #005005;\">&nbsp;<\/span><\/u><\/p>\n<p>&nbsp;<\/p>\n","protected":false},"excerpt":{"rendered":"<p>Homme d\u2019affaire d\u2019origine \u00e9cossaise, James McCallum fit ses d\u00e9buts dans le domaine des c\u00e9r\u00e9ales. En 1813 il fait l\u2019acquisition de la St Roc Brewery, la relance et la transforme. Avec ses fils, James Jr et Duncan, il exploite la brasserie &hellip; <a href=\"https:\/\/emblemedequebec.marret.co\/index.php\/sur-des-imprimes\/la-mccallums-brewery-1840-1874\/\">Continuer la lecture <span class=\"meta-nav\">&rarr;<\/span><\/a><\/p>\n","protected":false},"author":1,"featured_media":0,"parent":7597,"menu_order":0,"comment_status":"closed","ping_status":"closed","template":"","meta":{"ngg_post_thumbnail":0,"jetpack_post_was_ever_published":false,"footnotes":""},"class_list":["post-9073","page","type-page","status-publish","hentry"],"aioseo_notices":[],"jetpack_sharing_enabled":true,"jetpack_shortlink":"https:\/\/wp.me\/P9K7xB-2ml","jetpack-related-posts":[{"id":9824,"url":"https:\/\/emblemedequebec.marret.co\/index.php\/sur-la-vaisselle\/les-miniatures-goss\/","url_meta":{"origin":9073,"position":0},"title":"Des porcelaines et des miniatures Goss","author":"marretgravereaux","date":"20 ao\u00fbt 2018","format":false,"excerpt":"Apr\u00e8s des \u00e9tudes en dessin et un apprentissage chez des fabricants de c\u00e9ramique, William Henry Goss (1833-1906) d\u00e9marre en 1858 sa propre entreprise - la Falcon Pottery -, \u00e0 Stoke-on-Trent (Grande-Bretagne) laquelle produit vases, flacons et autres objets de porcelaine. Adolphus, son fils a\u00een\u00e9, y entre en 1880\u00a0; comme il\u2026","rel":"","context":"Article similaire","block_context":{"text":"Article similaire","link":""},"img":{"alt_text":"","src":"https:\/\/i0.wp.com\/emblemedequebec.marret.co\/wp-content\/uploads\/2018\/08\/Buste-William-Goss-2006BB2163_2500_wp.jpg?resize=350%2C200","width":350,"height":200},"classes":[]},{"id":9079,"url":"https:\/\/emblemedequebec.marret.co\/index.php\/sur-des-imprimes\/city-district-telegraph-company\/","url_meta":{"origin":9073,"position":1},"title":"City District Telegraph Company","author":"marretgravereaux","date":"6 mai 2018","format":false,"excerpt":"N\u00e9 en 1927 \u00e0 Breslau (Prusse) - aujourd\u2019hui Wroclaw, en Pologne - Sigismund Mohr aurait obtenu dans cette m\u00eame ville un dipl\u00f4me d\u2019ing\u00e9nieur en \u00e9lectricit\u00e9. Apr\u00e8s avoir r\u00e9sid\u00e9 \u00e0 Londres, il s\u2019\u00e9tablit \u00e0 Qu\u00e9bec vers 1871. Ses d\u00e9buts commerciaux s\u2019av\u00e8rent difficiles, mais il finit par obtenir du conseil municipal de\u2026","rel":"","context":"Article similaire","block_context":{"text":"Article similaire","link":""},"img":{"alt_text":"","src":"https:\/\/i0.wp.com\/emblemedequebec.marret.co\/wp-content\/uploads\/2018\/05\/City-District-Telegraph-Company-1-1e_wp.jpg?resize=350%2C200","width":350,"height":200},"classes":[]},{"id":10058,"url":"https:\/\/emblemedequebec.marret.co\/index.php\/sur-la-vaisselle\/des-porcelaines-wileman-foley-et-shelley\/","url_meta":{"origin":9073,"position":2},"title":"Des porcelaines Wileman, Foley et Shelley","author":"marretgravereaux","date":"14 f\u00e9vrier 2019","format":false,"excerpt":"La soci\u00e9t\u00e9 Wileman & Co est le r\u00e9sultat d\u2019une association, au milieu du XIXe si\u00e8cle, entre James Wileman et Joseph Shelley; elle est \u00e9galement connue sous le nom de The Foley Potteries, en r\u00e9f\u00e9rence \u00e0 la marque appos\u00e9e sur ses produits. Apr\u00e8s le d\u00e9part de James Wileman, en 1883, la\u2026","rel":"","context":"Article similaire","block_context":{"text":"Article similaire","link":""},"img":{"alt_text":"","src":"https:\/\/i0.wp.com\/emblemedequebec.marret.co\/wp-content\/uploads\/2019\/02\/The-Foley-China-Marque-1_wp.jpg?resize=350%2C200","width":350,"height":200},"classes":[]},{"id":8306,"url":"https:\/\/emblemedequebec.marret.co\/index.php\/ses-origines\/sources-dinspiration-pour-le-sceau-de-quebec\/","url_meta":{"origin":9073,"position":3},"title":"Sources d\u2019inspiration pour le sceau de Qu\u00e9bec","author":"marretgravereaux","date":"18 mars 2018","format":false,"excerpt":"\u00c9lu au conseil de la Cit\u00e9 de Qu\u00e9bec le 25\u00a0avril 1833, Joseph L\u00e9gar\u00e9 soumet dans les jours suivants un projet de sceau pour la Corporation municipale, lequel fait l\u2019objet de discussions lors de la s\u00e9ance du 24\u00a0mai. Il n\u2019a donc eu que peu de temps pour le pr\u00e9parer et l\u2019on\u2026","rel":"","context":"Article similaire","block_context":{"text":"Article similaire","link":""},"img":{"alt_text":"","src":"https:\/\/i0.wp.com\/emblemedequebec.marret.co\/wp-content\/uploads\/2024\/10\/1749-Paix-dAix-la-Chapelle-10-Photoroom-a_50-300x297.png?resize=350%2C200&ssl=1","width":350,"height":200},"classes":[]},{"id":7614,"url":"https:\/\/emblemedequebec.marret.co\/index.php\/ses-origines\/","url_meta":{"origin":9073,"position":4},"title":"Histoire officielle du premier embl\u00e8me de Qu\u00e9bec","author":"marretgravereaux","date":"13 mars 2018","format":false,"excerpt":"Qu\u00e9bec aurait pu avoir des armes d\u00e8s le XVIIe si\u00e8cle si le gouverneur de Frontenac avait men\u00e9 \u00e0 bien son projet. En effet, le 13\u00a0octobre 1673, il \u00e9crivait au ministre\u00a0: \u00ab\u00a0C\u2019est \u00e0 quoi, Mgr, vous aviserez, s\u2019il vous pla\u00eet, comme aussi aux livr\u00e9es et aux armes que le Roi voudra\u2026","rel":"","context":"Article similaire","block_context":{"text":"Article similaire","link":""},"img":{"alt_text":"","src":"https:\/\/i0.wp.com\/emblemedequebec.marret.co\/wp-content\/uploads\/2018\/03\/Frontenac_wp.jpg?resize=350%2C200","width":350,"height":200},"classes":[]},{"id":9265,"url":"https:\/\/emblemedequebec.marret.co\/index.php\/a-la-ville-de-quebec\/les-cartes-dalfred-hawkins\/","url_meta":{"origin":9073,"position":5},"title":"Les cartes d&rsquo;Alfred Hawkins","author":"marretgravereaux","date":"24 mai 2018","format":false,"excerpt":"N\u00e9 en 1792 en Angleterre, Alfred Hawkins s\u2019installe \u00e0 Qu\u00e9bec en 1817 et s\u2019associe avec John Leland Maquay pour op\u00e9rer un commerce de vins et spiritueux. Il s\u2019implique tr\u00e8s rapidement dans la vie sociale et \u00e9conomique de Qu\u00e9bec, tant dans des associations mondaines que financi\u00e8res, telles la Quebec Assembly, la\u2026","rel":"","context":"Article similaire","block_context":{"text":"Article similaire","link":""},"img":{"alt_text":"","src":"https:\/\/i0.wp.com\/emblemedequebec.marret.co\/wp-content\/uploads\/2018\/05\/Hawkins-Alfred-Pictures-of-Quebec-p290a_wp.jpg?resize=350%2C200","width":350,"height":200},"classes":[]}],"_links":{"self":[{"href":"https:\/\/emblemedequebec.marret.co\/index.php\/wp-json\/wp\/v2\/pages\/9073","targetHints":{"allow":["GET"]}}],"collection":[{"href":"https:\/\/emblemedequebec.marret.co\/index.php\/wp-json\/wp\/v2\/pages"}],"about":[{"href":"https:\/\/emblemedequebec.marret.co\/index.php\/wp-json\/wp\/v2\/types\/page"}],"author":[{"embeddable":true,"href":"https:\/\/emblemedequebec.marret.co\/index.php\/wp-json\/wp\/v2\/users\/1"}],"replies":[{"embeddable":true,"href":"https:\/\/emblemedequebec.marret.co\/index.php\/wp-json\/wp\/v2\/comments?post=9073"}],"version-history":[{"count":0,"href":"https:\/\/emblemedequebec.marret.co\/index.php\/wp-json\/wp\/v2\/pages\/9073\/revisions"}],"up":[{"embeddable":true,"href":"https:\/\/emblemedequebec.marret.co\/index.php\/wp-json\/wp\/v2\/pages\/7597"}],"wp:attachment":[{"href":"https:\/\/emblemedequebec.marret.co\/index.php\/wp-json\/wp\/v2\/media?parent=9073"}],"curies":[{"name":"wp","href":"https:\/\/api.w.org\/{rel}","templated":true}]}}