{"id":9053,"date":"2018-05-04T09:32:04","date_gmt":"2018-05-04T08:32:04","guid":{"rendered":"http:\/\/emblemedequebec.marret.co\/?page_id=9053"},"modified":"2024-10-02T00:28:46","modified_gmt":"2024-10-01T23:28:46","slug":"les-fauteuils-des-maires","status":"publish","type":"page","link":"https:\/\/emblemedequebec.marret.co\/index.php\/a-la-ville-de-quebec\/les-fauteuils-des-maires\/","title":{"rendered":"Les fauteuils des maires"},"content":{"rendered":"<p>Premier officier du conseil municipal, le maire dispose souvent d\u2019un si\u00e8ge distinctif. Il semblerait qu\u2019\u00e0 Qu\u00e9bec, l\u2019on ait pendant longtemps fait fabriquer par des \u00e9b\u00e9nistes un fauteuil particulier pour chaque maire et que celui-ci pouvait, s\u2019il le d\u00e9sirait, l\u2019emporter avec lui lorsqu\u2019il abandonnait ses fonctions. Et sur tous ceux dont on a trouv\u00e9 trace \u2013 jusqu\u2019en 1949, les artisans ont reproduit l\u2019embl\u00e8me de la ville de Qu\u00e9bec.<\/p>\n<p>Le premier fauteuil mentionn\u00e9 dans des documents est celui de <strong>Simon-Napol\u00e9on Parent<\/strong>, maire du 2&nbsp;avril 1894 au 12&nbsp;janvier 1906. Le journal&nbsp; <em>La Presse<\/em> du 21 ao\u00fbt 1896 en fait la description suivante&nbsp;:<\/p>\n<p><a href=\"https:\/\/i0.wp.com\/emblemedequebec.marret.co\/wp-content\/uploads\/2018\/05\/1896-08-21-La-Presse-p1b.jpg?ssl=1\"><img data-recalc-dims=\"1\" loading=\"lazy\" decoding=\"async\" data-attachment-id=\"9055\" data-permalink=\"https:\/\/emblemedequebec.marret.co\/index.php\/a-la-ville-de-quebec\/les-fauteuils-des-maires\/1896-08-21-la-presse-p1b\/\" data-orig-file=\"https:\/\/i0.wp.com\/emblemedequebec.marret.co\/wp-content\/uploads\/2018\/05\/1896-08-21-La-Presse-p1b.jpg?fit=886%2C104&amp;ssl=1\" data-orig-size=\"886,104\" data-comments-opened=\"1\" data-image-meta=\"{&quot;aperture&quot;:&quot;0&quot;,&quot;credit&quot;:&quot;&quot;,&quot;camera&quot;:&quot;&quot;,&quot;caption&quot;:&quot;&quot;,&quot;created_timestamp&quot;:&quot;0&quot;,&quot;copyright&quot;:&quot;&quot;,&quot;focal_length&quot;:&quot;0&quot;,&quot;iso&quot;:&quot;0&quot;,&quot;shutter_speed&quot;:&quot;0&quot;,&quot;title&quot;:&quot;&quot;,&quot;orientation&quot;:&quot;1&quot;}\" data-image-title=\"1896-08-21 La Presse p1b\" data-image-description=\"\" data-image-caption=\"\" data-medium-file=\"https:\/\/i0.wp.com\/emblemedequebec.marret.co\/wp-content\/uploads\/2018\/05\/1896-08-21-La-Presse-p1b.jpg?fit=300%2C35&amp;ssl=1\" data-large-file=\"https:\/\/i0.wp.com\/emblemedequebec.marret.co\/wp-content\/uploads\/2018\/05\/1896-08-21-La-Presse-p1b.jpg?fit=640%2C75&amp;ssl=1\" class=\"alignnone size-full wp-image-9055\" src=\"https:\/\/i0.wp.com\/emblemedequebec.marret.co\/wp-content\/uploads\/2018\/05\/1896-08-21-La-Presse-p1b.jpg?resize=640%2C75&#038;ssl=1\" alt=\"\" width=\"640\" height=\"75\" data-wp-pid=\"9055\" srcset=\"https:\/\/i0.wp.com\/emblemedequebec.marret.co\/wp-content\/uploads\/2018\/05\/1896-08-21-La-Presse-p1b.jpg?w=886&amp;ssl=1 886w, https:\/\/i0.wp.com\/emblemedequebec.marret.co\/wp-content\/uploads\/2018\/05\/1896-08-21-La-Presse-p1b.jpg?resize=300%2C35&amp;ssl=1 300w, https:\/\/i0.wp.com\/emblemedequebec.marret.co\/wp-content\/uploads\/2018\/05\/1896-08-21-La-Presse-p1b.jpg?resize=768%2C90&amp;ssl=1 768w, https:\/\/i0.wp.com\/emblemedequebec.marret.co\/wp-content\/uploads\/2018\/05\/1896-08-21-La-Presse-p1b.jpg?resize=800%2C94&amp;ssl=1 800w, https:\/\/i0.wp.com\/emblemedequebec.marret.co\/wp-content\/uploads\/2018\/05\/1896-08-21-La-Presse-p1b.jpg?resize=600%2C70&amp;ssl=1 600w\" sizes=\"auto, (max-width: 640px) 100vw, 640px\" \/><\/a><\/p>\n<p style=\"padding-left: 30px;\">\u00ab&nbsp;<em>Le fauteuil du maire, dans la salle du Conseil, a \u00e9t\u00e9 d\u00e9couvert ce matin. Le dos du fauteuil a une douzaine de pieds de hauteur. Le sommet du fauteuil est d\u00e9cor\u00e9 d&rsquo;une magnifique couronne grandeur naturelle. Elle surplombe un joli dessin en relief d&rsquo;une guirlande de feuilles d&rsquo;\u00e9rable au-dessous de laquelle on aper\u00e7oit l\u2019\u00e9cusson de la vieille cit\u00e9 avec sa devise bien connue&nbsp;: \u00ab&nbsp;Natura Fortis Industria Crescit.&nbsp;\u00bb au-dessous de l&rsquo;\u00e9cusson se trouve un gobelin.<\/em>&nbsp;\u00bb<\/p>\n<p>Monsieur <strong>Valmont Martin<\/strong> a \u00e9t\u00e9 maire du 1er&nbsp;mars 1926 au 7&nbsp;mars 1927. Le fauteuil qui lui a \u00e9t\u00e9 attribu\u00e9 se trouve actuellement dans la r\u00e9serve mus\u00e9ale de la ville de Qu\u00e9bec.<\/p>\n<p><strong><img data-recalc-dims=\"1\" loading=\"lazy\" decoding=\"async\" data-attachment-id=\"10491\" data-permalink=\"https:\/\/emblemedequebec.marret.co\/index.php\/a-la-ville-de-quebec\/les-fauteuils-des-maires\/9126-avq-fauteuil-du-maire-martin-1-photoroom\/\" data-orig-file=\"https:\/\/i0.wp.com\/emblemedequebec.marret.co\/wp-content\/uploads\/2024\/10\/9126-AVQ-Fauteuil-du-maire-Martin-1-Photoroom.png?fit=459%2C856&amp;ssl=1\" data-orig-size=\"459,856\" data-comments-opened=\"1\" data-image-meta=\"{&quot;aperture&quot;:&quot;0&quot;,&quot;credit&quot;:&quot;&quot;,&quot;camera&quot;:&quot;&quot;,&quot;caption&quot;:&quot;&quot;,&quot;created_timestamp&quot;:&quot;0&quot;,&quot;copyright&quot;:&quot;&quot;,&quot;focal_length&quot;:&quot;0&quot;,&quot;iso&quot;:&quot;0&quot;,&quot;shutter_speed&quot;:&quot;0&quot;,&quot;title&quot;:&quot;&quot;,&quot;orientation&quot;:&quot;0&quot;}\" data-image-title=\"9126-AVQ Fauteuil du maire &amp;#8211; Martin 1-Photoroom\" data-image-description=\"\" data-image-caption=\"\" data-medium-file=\"https:\/\/i0.wp.com\/emblemedequebec.marret.co\/wp-content\/uploads\/2024\/10\/9126-AVQ-Fauteuil-du-maire-Martin-1-Photoroom.png?fit=161%2C300&amp;ssl=1\" data-large-file=\"https:\/\/i0.wp.com\/emblemedequebec.marret.co\/wp-content\/uploads\/2024\/10\/9126-AVQ-Fauteuil-du-maire-Martin-1-Photoroom.png?fit=459%2C856&amp;ssl=1\" class=\"wp-image-10491 alignleft\" src=\"https:\/\/i0.wp.com\/emblemedequebec.marret.co\/wp-content\/uploads\/2024\/10\/9126-AVQ-Fauteuil-du-maire-Martin-1-Photoroom.png?resize=198%2C369&#038;ssl=1\" alt=\"\" width=\"198\" height=\"369\" srcset=\"https:\/\/i0.wp.com\/emblemedequebec.marret.co\/wp-content\/uploads\/2024\/10\/9126-AVQ-Fauteuil-du-maire-Martin-1-Photoroom.png?resize=161%2C300&amp;ssl=1 161w, https:\/\/i0.wp.com\/emblemedequebec.marret.co\/wp-content\/uploads\/2024\/10\/9126-AVQ-Fauteuil-du-maire-Martin-1-Photoroom.png?w=459&amp;ssl=1 459w\" sizes=\"auto, (max-width: 198px) 100vw, 198px\" \/><\/strong><\/p>\n<p>&nbsp;<\/p>\n<p><strong>Ville de Qu\u00e9bec \u2013 Division des Archives&nbsp;: Pi\u00e8ce mus\u00e9ologique<\/strong><\/p>\n<p style=\"padding-left: 60px;\"><em>Num\u00e9ro d\u2019accession<\/em>&nbsp;: 2008.9.1.1-2.<br \/>\n<em>Dimensions<\/em>&nbsp;: Hauteur&nbsp;: 182&nbsp;cm; largeur&nbsp;: 74&nbsp;cm; profondeur&nbsp;: 74&nbsp;cm.<br \/>\n<em>Date, \u00e9poque<\/em>&nbsp;: 1927.<br \/>\n<em>Mat\u00e9riaux<\/em>&nbsp;: bois, peau, cuir, m\u00e9tal.<br \/>\n<em>Acquisition<\/em>&nbsp;: 12-06-2008. Fauteuil offert par les Augustines de Qu\u00e9bec.<\/p>\n<p>&nbsp;<\/p>\n<p>&nbsp;<\/p>\n<p style=\"text-align: center;\"><img data-recalc-dims=\"1\" loading=\"lazy\" decoding=\"async\" data-attachment-id=\"10492\" data-permalink=\"https:\/\/emblemedequebec.marret.co\/index.php\/a-la-ville-de-quebec\/les-fauteuils-des-maires\/9126-avq-fauteuil-du-maire-martin-2-photoroom\/\" data-orig-file=\"https:\/\/i0.wp.com\/emblemedequebec.marret.co\/wp-content\/uploads\/2024\/10\/9126-AVQ-Fauteuil-du-maire-Martin-2-Photoroom.png?fit=705%2C844&amp;ssl=1\" data-orig-size=\"705,844\" data-comments-opened=\"1\" data-image-meta=\"{&quot;aperture&quot;:&quot;0&quot;,&quot;credit&quot;:&quot;&quot;,&quot;camera&quot;:&quot;&quot;,&quot;caption&quot;:&quot;&quot;,&quot;created_timestamp&quot;:&quot;0&quot;,&quot;copyright&quot;:&quot;&quot;,&quot;focal_length&quot;:&quot;0&quot;,&quot;iso&quot;:&quot;0&quot;,&quot;shutter_speed&quot;:&quot;0&quot;,&quot;title&quot;:&quot;&quot;,&quot;orientation&quot;:&quot;0&quot;}\" data-image-title=\"9126-AVQ Fauteuil du maire &amp;#8211; Martin 2-Photoroom\" data-image-description=\"\" data-image-caption=\"\" data-medium-file=\"https:\/\/i0.wp.com\/emblemedequebec.marret.co\/wp-content\/uploads\/2024\/10\/9126-AVQ-Fauteuil-du-maire-Martin-2-Photoroom.png?fit=251%2C300&amp;ssl=1\" data-large-file=\"https:\/\/i0.wp.com\/emblemedequebec.marret.co\/wp-content\/uploads\/2024\/10\/9126-AVQ-Fauteuil-du-maire-Martin-2-Photoroom.png?fit=640%2C766&amp;ssl=1\" class=\"size-medium wp-image-10492 alignnone\" src=\"https:\/\/i0.wp.com\/emblemedequebec.marret.co\/wp-content\/uploads\/2024\/10\/9126-AVQ-Fauteuil-du-maire-Martin-2-Photoroom.png?resize=251%2C300&#038;ssl=1\" alt=\"\" width=\"251\" height=\"300\" srcset=\"https:\/\/i0.wp.com\/emblemedequebec.marret.co\/wp-content\/uploads\/2024\/10\/9126-AVQ-Fauteuil-du-maire-Martin-2-Photoroom.png?resize=251%2C300&amp;ssl=1 251w, https:\/\/i0.wp.com\/emblemedequebec.marret.co\/wp-content\/uploads\/2024\/10\/9126-AVQ-Fauteuil-du-maire-Martin-2-Photoroom.png?w=705&amp;ssl=1 705w\" sizes=\"auto, (max-width: 251px) 100vw, 251px\" \/> &nbsp;<img data-recalc-dims=\"1\" loading=\"lazy\" decoding=\"async\" data-attachment-id=\"10490\" data-permalink=\"https:\/\/emblemedequebec.marret.co\/index.php\/a-la-ville-de-quebec\/les-fauteuils-des-maires\/9126-avq-fauteuil-du-maire-martin-2010-12_020c\/\" data-orig-file=\"https:\/\/i0.wp.com\/emblemedequebec.marret.co\/wp-content\/uploads\/2024\/10\/9126-AVQ-Fauteuil-du-maire-Martin-2010-12_020c.jpg?fit=467%2C617&amp;ssl=1\" data-orig-size=\"467,617\" data-comments-opened=\"1\" data-image-meta=\"{&quot;aperture&quot;:&quot;4&quot;,&quot;credit&quot;:&quot;&quot;,&quot;camera&quot;:&quot;Canon EOS DIGITAL REBEL XSi&quot;,&quot;caption&quot;:&quot;&quot;,&quot;created_timestamp&quot;:&quot;1280915314&quot;,&quot;copyright&quot;:&quot;&quot;,&quot;focal_length&quot;:&quot;28&quot;,&quot;iso&quot;:&quot;400&quot;,&quot;shutter_speed&quot;:&quot;0.016666666666667&quot;,&quot;title&quot;:&quot;&quot;,&quot;orientation&quot;:&quot;1&quot;}\" data-image-title=\"9126-AVQ Fauteuil du maire &amp;#8211; Martin (2010-12_020c)\" data-image-description=\"\" data-image-caption=\"\" data-medium-file=\"https:\/\/i0.wp.com\/emblemedequebec.marret.co\/wp-content\/uploads\/2024\/10\/9126-AVQ-Fauteuil-du-maire-Martin-2010-12_020c.jpg?fit=227%2C300&amp;ssl=1\" data-large-file=\"https:\/\/i0.wp.com\/emblemedequebec.marret.co\/wp-content\/uploads\/2024\/10\/9126-AVQ-Fauteuil-du-maire-Martin-2010-12_020c.jpg?fit=467%2C617&amp;ssl=1\" class=\"size-medium wp-image-10490 alignnone\" src=\"https:\/\/i0.wp.com\/emblemedequebec.marret.co\/wp-content\/uploads\/2024\/10\/9126-AVQ-Fauteuil-du-maire-Martin-2010-12_020c.jpg?resize=227%2C300&#038;ssl=1\" alt=\"\" width=\"227\" height=\"300\" srcset=\"https:\/\/i0.wp.com\/emblemedequebec.marret.co\/wp-content\/uploads\/2024\/10\/9126-AVQ-Fauteuil-du-maire-Martin-2010-12_020c.jpg?resize=227%2C300&amp;ssl=1 227w, https:\/\/i0.wp.com\/emblemedequebec.marret.co\/wp-content\/uploads\/2024\/10\/9126-AVQ-Fauteuil-du-maire-Martin-2010-12_020c.jpg?w=467&amp;ssl=1 467w\" sizes=\"auto, (max-width: 227px) 100vw, 227px\" \/><\/p>\n<p style=\"text-align: center;\">&nbsp;<\/p>\n<p>Monsieur <strong>Joseph-Oscar Auger<\/strong> a \u00e9t\u00e9 maire du 1er&nbsp;mars 1928 au 17&nbsp;f\u00e9vrier 1930. Le fauteuil qui lui a \u00e9t\u00e9 attribu\u00e9 se trouve actuellement, lui aussi, dans la r\u00e9serve mus\u00e9ale de la ville de Qu\u00e9bec.<\/p>\n<p style=\"padding-left: 60px;\"><strong><img data-recalc-dims=\"1\" loading=\"lazy\" decoding=\"async\" data-attachment-id=\"10487\" data-permalink=\"https:\/\/emblemedequebec.marret.co\/index.php\/a-la-ville-de-quebec\/les-fauteuils-des-maires\/9128-avq-fauteuil-du-maire-joseph-oscar-auger-2-photoroom-a\/\" data-orig-file=\"https:\/\/i0.wp.com\/emblemedequebec.marret.co\/wp-content\/uploads\/2024\/10\/9128-AVQ-Fauteuil-du-maire-Joseph-Oscar-Auger-2-Photoroom-a.png?fit=645%2C1183&amp;ssl=1\" data-orig-size=\"645,1183\" data-comments-opened=\"1\" data-image-meta=\"{&quot;aperture&quot;:&quot;0&quot;,&quot;credit&quot;:&quot;&quot;,&quot;camera&quot;:&quot;&quot;,&quot;caption&quot;:&quot;&quot;,&quot;created_timestamp&quot;:&quot;0&quot;,&quot;copyright&quot;:&quot;&quot;,&quot;focal_length&quot;:&quot;0&quot;,&quot;iso&quot;:&quot;0&quot;,&quot;shutter_speed&quot;:&quot;0&quot;,&quot;title&quot;:&quot;&quot;,&quot;orientation&quot;:&quot;0&quot;}\" data-image-title=\"9128-AVQ Fauteuil du maire &amp;#8211; Joseph-Oscar Auger 2-Photoroom a\" data-image-description=\"\" data-image-caption=\"\" data-medium-file=\"https:\/\/i0.wp.com\/emblemedequebec.marret.co\/wp-content\/uploads\/2024\/10\/9128-AVQ-Fauteuil-du-maire-Joseph-Oscar-Auger-2-Photoroom-a.png?fit=164%2C300&amp;ssl=1\" data-large-file=\"https:\/\/i0.wp.com\/emblemedequebec.marret.co\/wp-content\/uploads\/2024\/10\/9128-AVQ-Fauteuil-du-maire-Joseph-Oscar-Auger-2-Photoroom-a.png?fit=558%2C1024&amp;ssl=1\" class=\"wp-image-10487 alignleft\" src=\"https:\/\/i0.wp.com\/emblemedequebec.marret.co\/wp-content\/uploads\/2024\/10\/9128-AVQ-Fauteuil-du-maire-Joseph-Oscar-Auger-2-Photoroom-a.png?resize=200%2C366&#038;ssl=1\" alt=\"\" width=\"200\" height=\"366\" srcset=\"https:\/\/i0.wp.com\/emblemedequebec.marret.co\/wp-content\/uploads\/2024\/10\/9128-AVQ-Fauteuil-du-maire-Joseph-Oscar-Auger-2-Photoroom-a.png?resize=164%2C300&amp;ssl=1 164w, https:\/\/i0.wp.com\/emblemedequebec.marret.co\/wp-content\/uploads\/2024\/10\/9128-AVQ-Fauteuil-du-maire-Joseph-Oscar-Auger-2-Photoroom-a.png?resize=558%2C1024&amp;ssl=1 558w, https:\/\/i0.wp.com\/emblemedequebec.marret.co\/wp-content\/uploads\/2024\/10\/9128-AVQ-Fauteuil-du-maire-Joseph-Oscar-Auger-2-Photoroom-a.png?w=645&amp;ssl=1 645w\" sizes=\"auto, (max-width: 200px) 100vw, 200px\" \/>Ville de Qu\u00e9bec \u2013 Division des Archives&nbsp;: Pi\u00e8ces mus\u00e9ologique<\/strong><\/p>\n<p style=\"padding-left: 60px;\"><em>Num\u00e9ro d\u2019accession<\/em>&nbsp;: 1987.0035.<br \/>\n<em>Fabricant<\/em>&nbsp;: attribu\u00e9 au sculpteur Henri Angers.<br \/>\n<em>Dimensions<\/em>&nbsp;: Hauteur&nbsp;: 178&nbsp;cm; largeur&nbsp;: 84&nbsp;cm; profondeur&nbsp;: 62&nbsp;cm.<br \/>\n<em>Date, \u00e9poque<\/em>&nbsp;: 1890-1920.<br \/>\n<em>Mat\u00e9riaux<\/em>&nbsp;: bois, noyer, peau, cuir.<br \/>\n<em>Inscription<\/em>&nbsp;: Sur l&rsquo;\u00e9cu: \u00ab\u00a0Natura Fortis industria crescent \\ Condita Quebecense \\ A. D. MDCVIII. \\ Civitatis <em>Regimine Donata A. D. MDCCCXXXIII \\ Quebec\u00a0\u00bb.<br \/>\nAcquisition&nbsp;: 06-05-1987.<br \/>\n<\/em><\/p>\n<p>&nbsp;<\/p>\n<p style=\"text-align: center;\">&nbsp;<img data-recalc-dims=\"1\" loading=\"lazy\" decoding=\"async\" data-attachment-id=\"10489\" data-permalink=\"https:\/\/emblemedequebec.marret.co\/index.php\/a-la-ville-de-quebec\/les-fauteuils-des-maires\/9128-avq-fauteuil-du-maire-joseph-oscar-auger-2010-12_044-photoroom-a_\/\" data-orig-file=\"https:\/\/i0.wp.com\/emblemedequebec.marret.co\/wp-content\/uploads\/2024\/10\/9128-AVQ-Fauteuil-du-maire-Joseph-Oscar-Auger-2010-12_044-Photoroom-a_.png?fit=477%2C521&amp;ssl=1\" data-orig-size=\"477,521\" data-comments-opened=\"1\" data-image-meta=\"{&quot;aperture&quot;:&quot;0&quot;,&quot;credit&quot;:&quot;&quot;,&quot;camera&quot;:&quot;&quot;,&quot;caption&quot;:&quot;&quot;,&quot;created_timestamp&quot;:&quot;0&quot;,&quot;copyright&quot;:&quot;&quot;,&quot;focal_length&quot;:&quot;0&quot;,&quot;iso&quot;:&quot;0&quot;,&quot;shutter_speed&quot;:&quot;0&quot;,&quot;title&quot;:&quot;&quot;,&quot;orientation&quot;:&quot;0&quot;}\" data-image-title=\"9128-AVQ Fauteuil du maire &amp;#8211; Joseph-Oscar Auger 2010-12_044-Photoroom a_\" data-image-description=\"\" data-image-caption=\"\" data-medium-file=\"https:\/\/i0.wp.com\/emblemedequebec.marret.co\/wp-content\/uploads\/2024\/10\/9128-AVQ-Fauteuil-du-maire-Joseph-Oscar-Auger-2010-12_044-Photoroom-a_.png?fit=275%2C300&amp;ssl=1\" data-large-file=\"https:\/\/i0.wp.com\/emblemedequebec.marret.co\/wp-content\/uploads\/2024\/10\/9128-AVQ-Fauteuil-du-maire-Joseph-Oscar-Auger-2010-12_044-Photoroom-a_.png?fit=477%2C521&amp;ssl=1\" class=\"size-medium wp-image-10489 alignnone\" src=\"https:\/\/i0.wp.com\/emblemedequebec.marret.co\/wp-content\/uploads\/2024\/10\/9128-AVQ-Fauteuil-du-maire-Joseph-Oscar-Auger-2010-12_044-Photoroom-a_.png?resize=275%2C300&#038;ssl=1\" alt=\"\" width=\"275\" height=\"300\" srcset=\"https:\/\/i0.wp.com\/emblemedequebec.marret.co\/wp-content\/uploads\/2024\/10\/9128-AVQ-Fauteuil-du-maire-Joseph-Oscar-Auger-2010-12_044-Photoroom-a_.png?resize=275%2C300&amp;ssl=1 275w, https:\/\/i0.wp.com\/emblemedequebec.marret.co\/wp-content\/uploads\/2024\/10\/9128-AVQ-Fauteuil-du-maire-Joseph-Oscar-Auger-2010-12_044-Photoroom-a_.png?w=477&amp;ssl=1 477w\" sizes=\"auto, (max-width: 275px) 100vw, 275px\" \/>&nbsp; &nbsp;<em><img data-recalc-dims=\"1\" loading=\"lazy\" decoding=\"async\" data-attachment-id=\"10488\" data-permalink=\"https:\/\/emblemedequebec.marret.co\/index.php\/a-la-ville-de-quebec\/les-fauteuils-des-maires\/9128-avq-fauteuil-du-maire-joseph-oscar-auger-4-photoroom-a\/\" data-orig-file=\"https:\/\/i0.wp.com\/emblemedequebec.marret.co\/wp-content\/uploads\/2024\/10\/9128-AVQ-Fauteuil-du-maire-Joseph-Oscar-Auger-4-Photoroom-a.png?fit=486%2C535&amp;ssl=1\" data-orig-size=\"486,535\" data-comments-opened=\"1\" data-image-meta=\"{&quot;aperture&quot;:&quot;0&quot;,&quot;credit&quot;:&quot;&quot;,&quot;camera&quot;:&quot;&quot;,&quot;caption&quot;:&quot;&quot;,&quot;created_timestamp&quot;:&quot;0&quot;,&quot;copyright&quot;:&quot;&quot;,&quot;focal_length&quot;:&quot;0&quot;,&quot;iso&quot;:&quot;0&quot;,&quot;shutter_speed&quot;:&quot;0&quot;,&quot;title&quot;:&quot;&quot;,&quot;orientation&quot;:&quot;0&quot;}\" data-image-title=\"9128-AVQ Fauteuil du maire &amp;#8211; Joseph-Oscar Auger 4-Photoroom a\" data-image-description=\"\" data-image-caption=\"\" data-medium-file=\"https:\/\/i0.wp.com\/emblemedequebec.marret.co\/wp-content\/uploads\/2024\/10\/9128-AVQ-Fauteuil-du-maire-Joseph-Oscar-Auger-4-Photoroom-a.png?fit=273%2C300&amp;ssl=1\" data-large-file=\"https:\/\/i0.wp.com\/emblemedequebec.marret.co\/wp-content\/uploads\/2024\/10\/9128-AVQ-Fauteuil-du-maire-Joseph-Oscar-Auger-4-Photoroom-a.png?fit=486%2C535&amp;ssl=1\" class=\"alignnone size-medium wp-image-10488\" src=\"https:\/\/i0.wp.com\/emblemedequebec.marret.co\/wp-content\/uploads\/2024\/10\/9128-AVQ-Fauteuil-du-maire-Joseph-Oscar-Auger-4-Photoroom-a.png?resize=273%2C300&#038;ssl=1\" alt=\"\" width=\"273\" height=\"300\" srcset=\"https:\/\/i0.wp.com\/emblemedequebec.marret.co\/wp-content\/uploads\/2024\/10\/9128-AVQ-Fauteuil-du-maire-Joseph-Oscar-Auger-4-Photoroom-a.png?resize=273%2C300&amp;ssl=1 273w, https:\/\/i0.wp.com\/emblemedequebec.marret.co\/wp-content\/uploads\/2024\/10\/9128-AVQ-Fauteuil-du-maire-Joseph-Oscar-Auger-4-Photoroom-a.png?w=486&amp;ssl=1 486w\" sizes=\"auto, (max-width: 273px) 100vw, 273px\" \/><\/em>&nbsp;<em><br \/>\n<\/em><\/p>\n","protected":false},"excerpt":{"rendered":"<p>Premier officier du conseil municipal, le maire dispose souvent d\u2019un si\u00e8ge distinctif. Il semblerait qu\u2019\u00e0 Qu\u00e9bec, l\u2019on ait pendant longtemps fait fabriquer par des \u00e9b\u00e9nistes un fauteuil particulier pour chaque maire et que celui-ci pouvait, s\u2019il le d\u00e9sirait, l\u2019emporter avec &hellip; <a href=\"https:\/\/emblemedequebec.marret.co\/index.php\/a-la-ville-de-quebec\/les-fauteuils-des-maires\/\">Continuer la lecture <span class=\"meta-nav\">&rarr;<\/span><\/a><\/p>\n","protected":false},"author":1,"featured_media":0,"parent":7617,"menu_order":0,"comment_status":"closed","ping_status":"closed","template":"","meta":{"ngg_post_thumbnail":0,"jetpack_post_was_ever_published":false,"footnotes":""},"class_list":["post-9053","page","type-page","status-publish","hentry"],"aioseo_notices":[],"jetpack_sharing_enabled":true,"jetpack_shortlink":"https:\/\/wp.me\/P9K7xB-2m1","jetpack-related-posts":[{"id":7617,"url":"https:\/\/emblemedequebec.marret.co\/index.php\/a-la-ville-de-quebec\/","url_meta":{"origin":9053,"position":0},"title":"&#8230; \u00e0 la ville de Qu\u00e9bec","author":"marretgravereaux","date":"13 mars 2018","format":false,"excerpt":"Le nouveau sceau de la ville de Qu\u00e9bec a \u00e9t\u00e9 adopt\u00e9 officiellement le 23 mai 1834 et il a, d\u00e8s ce moment-l\u00e0, \u00e9t\u00e9 utilis\u00e9 par la ville chaque fois que n\u00e9cessaire pour identifier des objets ou des personnes, illustrer des documents ou orner des meubles. L\u2019embl\u00e8me officiel est demeur\u00e9 le\u2026","rel":"","context":"Article similaire","block_context":{"text":"Article similaire","link":""},"img":{"alt_text":"","src":"https:\/\/i0.wp.com\/emblemedequebec.marret.co\/wp-content\/uploads\/2018\/05\/QP1-1-PV-1833-1834-23-mai-1834p_wp.jpg?resize=350%2C200","width":350,"height":200},"classes":[]},{"id":7681,"url":"https:\/\/emblemedequebec.marret.co\/index.php\/ses-origines\/les-premiers-sceaux-de-quebec\/","url_meta":{"origin":9053,"position":1},"title":"Sceau provisoire, sceau permanent","author":"marretgravereaux","date":"15 mars 2018","format":false,"excerpt":"Qu\u00e9bec aurait pu avoir des armes d\u00e8s le XVIIe si\u00e8cle si le gouverneur de Frontenac avait men\u00e9 \u00e0 bien son projet. En effet, le 13\u00a0octobre 1673, il \u00e9crivait au ministre\u00a0: \u00ab\u00a0C\u2019est \u00e0 quoi, Mgr, vous aviserez, s\u2019il vous pla\u00eet, comme aussi aux livr\u00e9es et aux armes que le Roi voudra\u2026","rel":"","context":"Article similaire","block_context":{"text":"Article similaire","link":""},"img":{"alt_text":"","src":"https:\/\/i0.wp.com\/emblemedequebec.marret.co\/wp-content\/uploads\/2018\/03\/1833-06-17-Sceau-2010-09_031_wp.jpg?resize=350%2C200","width":350,"height":200},"classes":[]},{"id":9188,"url":"https:\/\/emblemedequebec.marret.co\/index.php\/a-la-ville-de-quebec\/la-tribune-de-la-salle-du-conseil\/","url_meta":{"origin":9053,"position":2},"title":"La tribune de la salle du conseil","author":"marretgravereaux","date":"12 mai 2018","format":false,"excerpt":"Le \u00ab\u00a0nouvel h\u00f4tel\u00a0\u00bb de ville de Qu\u00e9bec a \u00e9t\u00e9 construit, en 1895-1896, \u00e0 partir des plans dessin\u00e9s par les architectes Georges E. Tanguay et Alfred N. Vall\u00e9e. \u00c9l\u00e9gant et majestueux, ce b\u00e2timent a \u00e9galement un int\u00e9rieur remarquable pour sa d\u00e9coration, comme le montre la salle du conseil. Carte postale repr\u00e9sentant\u2026","rel":"","context":"Article similaire","block_context":{"text":"Article similaire","link":""},"img":{"alt_text":"","src":"https:\/\/i0.wp.com\/emblemedequebec.marret.co\/wp-content\/uploads\/2018\/05\/9102-JLM-CP-H%C3%B4tel-de-ville_wp.jpg?resize=350%2C200","width":350,"height":200},"classes":[]},{"id":7599,"url":"https:\/\/emblemedequebec.marret.co\/index.php\/a-la-societe-numismatique-de-quebec-s-n-q\/","url_meta":{"origin":9053,"position":3},"title":"&#8230; \u00e0 la Soci\u00e9t\u00e9 numismatique de Qu\u00e9bec (S.N.Q.)","author":"marretgravereaux","date":"13 mars 2018","format":false,"excerpt":"Fond\u00e9e en 1960, la Soci\u00e9t\u00e9 numismatique de Qu\u00e9bec adopte comme embl\u00e8me, quelques mois plus tard \u2013 le 21 f\u00e9vrier 1961 -, le dessin apparaissant sur le jeton d\u2019un penny de la Banque de Qu\u00e9bec, lui-m\u00eame inspir\u00e9 de celui de la ville de Qu\u00e9bec. Dans les ann\u00e9es qui suivent, l\u2019on voit\u2026","rel":"","context":"Article similaire","block_context":{"text":"Article similaire","link":""},"img":{"alt_text":"","src":"https:\/\/i0.wp.com\/emblemedequebec.marret.co\/wp-content\/uploads\/2018\/05\/1966-02-08-5e-SNQ-Programme-p2-3-c_wp.jpg?resize=350%2C200","width":350,"height":200},"classes":[]},{"id":9228,"url":"https:\/\/emblemedequebec.marret.co\/index.php\/sur-des-imprimes\/quebec-gas-company\/","url_meta":{"origin":9053,"position":4},"title":"Quebec Gas Company","author":"marretgravereaux","date":"17 mai 2018","format":false,"excerpt":"L\u2019\u00e9clairage \u00ab\u00a0organis\u00e9\u00a0\u00bb des rues de Qu\u00e9bec ne date que de la premi\u00e8re moiti\u00e9 du XIXe si\u00e8cle. C\u2019est ainsi qu\u2019en 1818, la l\u00e9gislation en vigueur pr\u00e9voit que des hommes de guet fixent aux endroits pertinents des flambeaux et des lampes \u00e0 huile de charbon. Quelques ann\u00e9es plus tard, la ville installe\u2026","rel":"","context":"Article similaire","block_context":{"text":"Article similaire","link":""},"img":{"alt_text":"","src":"https:\/\/i0.wp.com\/emblemedequebec.marret.co\/wp-content\/uploads\/2018\/05\/Reverbere-2_wp.jpg?resize=350%2C200","width":350,"height":200},"classes":[]},{"id":9528,"url":"https:\/\/emblemedequebec.marret.co\/index.php\/a-la-societe-numismatique-de-quebec-s-n-q\/billets-a-valeur-1997-2000\/","url_meta":{"origin":9053,"position":5},"title":"Billets \u00ab \u00e0 valeur \u00bb (1997-2000)","author":"marretgravereaux","date":"9 ao\u00fbt 2018","format":false,"excerpt":"Pendant les ann\u00e9es 1997, 1998 et 1999, la Soci\u00e9t\u00e9 numismatique de Qu\u00e9bec et son club junior associ\u00e9, les Jeunes Mordus de la Monnaie, d\u00e9cident d\u2019\u00e9mettre des billets pour mettre en valeur le patrimoine local, dans une s\u00e9rie intitul\u00e9e \u00ab\u00a0Vision de Qu\u00e9bec\u00a0\u00bb. Les collectionneurs int\u00e9ress\u00e9s peuvent ainsi se procurer deux billets\u2026","rel":"","context":"Article similaire","block_context":{"text":"Article similaire","link":""},"img":{"alt_text":"","src":"https:\/\/i0.wp.com\/emblemedequebec.marret.co\/wp-content\/uploads\/2018\/08\/SNQ-1997-Vision-de-Qu%C3%A9bec-Enveloppe_wp.jpg?resize=350%2C200","width":350,"height":200},"classes":[]}],"_links":{"self":[{"href":"https:\/\/emblemedequebec.marret.co\/index.php\/wp-json\/wp\/v2\/pages\/9053","targetHints":{"allow":["GET"]}}],"collection":[{"href":"https:\/\/emblemedequebec.marret.co\/index.php\/wp-json\/wp\/v2\/pages"}],"about":[{"href":"https:\/\/emblemedequebec.marret.co\/index.php\/wp-json\/wp\/v2\/types\/page"}],"author":[{"embeddable":true,"href":"https:\/\/emblemedequebec.marret.co\/index.php\/wp-json\/wp\/v2\/users\/1"}],"replies":[{"embeddable":true,"href":"https:\/\/emblemedequebec.marret.co\/index.php\/wp-json\/wp\/v2\/comments?post=9053"}],"version-history":[{"count":2,"href":"https:\/\/emblemedequebec.marret.co\/index.php\/wp-json\/wp\/v2\/pages\/9053\/revisions"}],"predecessor-version":[{"id":10495,"href":"https:\/\/emblemedequebec.marret.co\/index.php\/wp-json\/wp\/v2\/pages\/9053\/revisions\/10495"}],"up":[{"embeddable":true,"href":"https:\/\/emblemedequebec.marret.co\/index.php\/wp-json\/wp\/v2\/pages\/7617"}],"wp:attachment":[{"href":"https:\/\/emblemedequebec.marret.co\/index.php\/wp-json\/wp\/v2\/media?parent=9053"}],"curies":[{"name":"wp","href":"https:\/\/api.w.org\/{rel}","templated":true}]}}