{"id":8796,"date":"2018-04-24T19:06:49","date_gmt":"2018-04-24T18:06:49","guid":{"rendered":"http:\/\/emblemedequebec.marret.co\/?page_id=8796"},"modified":"2018-05-26T00:54:41","modified_gmt":"2018-05-25T23:54:41","slug":"400e-anniversaire-de-quebec-2008","status":"publish","type":"page","link":"https:\/\/emblemedequebec.marret.co\/index.php\/dans-la-numismatique\/400e-anniversaire-de-quebec-2008\/","title":{"rendered":"400e anniversaire de Qu\u00e9bec (2008)"},"content":{"rendered":"<p><span style=\"color: #333333;\"><span lang=\"FR\">En 2008, un collectionneur priv\u00e9 s\u2019int\u00e9ressant aux objets souvenirs associ\u00e9s \u00e0 Samuel de Champlain a souhait\u00e9 souligner \u00e0 sa mani\u00e8re le 400<\/span><sup><span lang=\"FR\"><span style=\"font-size: small;\">e<\/span><\/span><\/sup><span lang=\"FR\"> anniversaire de fondation de la Ville de Qu\u00e9bec.<\/span><\/span><\/p>\n<p><span lang=\"FR\"><span style=\"color: #333333;\">La pi\u00e8ce a \u00e9t\u00e9 frapp\u00e9e \u00e0 300 exemplaires, soit 100 avec chacun des trois finis.<\/span><\/span><\/p>\n<p>L&rsquo;avers montre un portrait couleur de Samuel de Champlain encadr\u00e9 des dates de sa naissance (approximative) et de son d\u00e9c\u00e8s, avec au bas l&rsquo;inscription \u00ab&nbsp;Fondateur de Qu\u00e9bec&nbsp;\u00bb. Le revers montre au centre la reproduction du premier sceau de la Ville de Qu\u00e9bec avec au bas le chiffre \u00ab&nbsp;400&nbsp;\u00bb et les dates 1608 \u2014 2008.<\/p>\n<p><a href=\"https:\/\/i0.wp.com\/emblemedequebec.marret.co\/wp-content\/uploads\/2018\/04\/1711a-JLM-400e-FR2_wp.jpg?ssl=1\"><img data-recalc-dims=\"1\" loading=\"lazy\" decoding=\"async\" data-attachment-id=\"8799\" data-permalink=\"https:\/\/emblemedequebec.marret.co\/index.php\/dans-la-numismatique\/400e-anniversaire-de-quebec-2008\/1711a-jlm-400e-fr2_wp\/\" data-orig-file=\"https:\/\/i0.wp.com\/emblemedequebec.marret.co\/wp-content\/uploads\/2018\/04\/1711a-JLM-400e-FR2_wp.jpg?fit=886%2C886&amp;ssl=1\" data-orig-size=\"886,886\" data-comments-opened=\"1\" data-image-meta=\"{&quot;aperture&quot;:&quot;8&quot;,&quot;credit&quot;:&quot;&quot;,&quot;camera&quot;:&quot;NIKON D7000&quot;,&quot;caption&quot;:&quot;&quot;,&quot;created_timestamp&quot;:&quot;1387724558&quot;,&quot;copyright&quot;:&quot;&quot;,&quot;focal_length&quot;:&quot;105&quot;,&quot;iso&quot;:&quot;200&quot;,&quot;shutter_speed&quot;:&quot;0.05&quot;,&quot;title&quot;:&quot;&quot;,&quot;orientation&quot;:&quot;1&quot;}\" data-image-title=\"1711a-JLM 400e FR2_wp\" data-image-description=\"\" data-image-caption=\"\" data-medium-file=\"https:\/\/i0.wp.com\/emblemedequebec.marret.co\/wp-content\/uploads\/2018\/04\/1711a-JLM-400e-FR2_wp.jpg?fit=300%2C300&amp;ssl=1\" data-large-file=\"https:\/\/i0.wp.com\/emblemedequebec.marret.co\/wp-content\/uploads\/2018\/04\/1711a-JLM-400e-FR2_wp.jpg?fit=640%2C640&amp;ssl=1\" width=\"250\" height=\"250\" class=\"alignnone wp-image-8799\" alt=\"\" src=\"https:\/\/i0.wp.com\/emblemedequebec.marret.co\/wp-content\/uploads\/2018\/04\/1711a-JLM-400e-FR2_wp.jpg?resize=250%2C250&#038;ssl=1\" data-wp-pid=\"8799\" srcset=\"https:\/\/i0.wp.com\/emblemedequebec.marret.co\/wp-content\/uploads\/2018\/04\/1711a-JLM-400e-FR2_wp.jpg?w=886&amp;ssl=1 886w, https:\/\/i0.wp.com\/emblemedequebec.marret.co\/wp-content\/uploads\/2018\/04\/1711a-JLM-400e-FR2_wp.jpg?resize=150%2C150&amp;ssl=1 150w, https:\/\/i0.wp.com\/emblemedequebec.marret.co\/wp-content\/uploads\/2018\/04\/1711a-JLM-400e-FR2_wp.jpg?resize=300%2C300&amp;ssl=1 300w, https:\/\/i0.wp.com\/emblemedequebec.marret.co\/wp-content\/uploads\/2018\/04\/1711a-JLM-400e-FR2_wp.jpg?resize=768%2C768&amp;ssl=1 768w, https:\/\/i0.wp.com\/emblemedequebec.marret.co\/wp-content\/uploads\/2018\/04\/1711a-JLM-400e-FR2_wp.jpg?resize=800%2C800&amp;ssl=1 800w, https:\/\/i0.wp.com\/emblemedequebec.marret.co\/wp-content\/uploads\/2018\/04\/1711a-JLM-400e-FR2_wp.jpg?resize=600%2C600&amp;ssl=1 600w\" sizes=\"auto, (max-width: 250px) 100vw, 250px\" \/><\/a><img data-recalc-dims=\"1\" loading=\"lazy\" decoding=\"async\" data-attachment-id=\"8798\" data-permalink=\"https:\/\/emblemedequebec.marret.co\/index.php\/dans-la-numismatique\/400e-anniversaire-de-quebec-2008\/1711a-jlm-400e-fr1_wp\/\" data-orig-file=\"https:\/\/i0.wp.com\/emblemedequebec.marret.co\/wp-content\/uploads\/2018\/04\/1711a-JLM-400e-FR1_wp.jpg?fit=886%2C886&amp;ssl=1\" data-orig-size=\"886,886\" data-comments-opened=\"1\" data-image-meta=\"{&quot;aperture&quot;:&quot;8&quot;,&quot;credit&quot;:&quot;&quot;,&quot;camera&quot;:&quot;NIKON D7000&quot;,&quot;caption&quot;:&quot;&quot;,&quot;created_timestamp&quot;:&quot;1387724537&quot;,&quot;copyright&quot;:&quot;&quot;,&quot;focal_length&quot;:&quot;105&quot;,&quot;iso&quot;:&quot;200&quot;,&quot;shutter_speed&quot;:&quot;0.02&quot;,&quot;title&quot;:&quot;&quot;,&quot;orientation&quot;:&quot;1&quot;}\" data-image-title=\"1711a-JLM 400e FR1_wp\" data-image-description=\"\" data-image-caption=\"\" data-medium-file=\"https:\/\/i0.wp.com\/emblemedequebec.marret.co\/wp-content\/uploads\/2018\/04\/1711a-JLM-400e-FR1_wp.jpg?fit=300%2C300&amp;ssl=1\" data-large-file=\"https:\/\/i0.wp.com\/emblemedequebec.marret.co\/wp-content\/uploads\/2018\/04\/1711a-JLM-400e-FR1_wp.jpg?fit=640%2C640&amp;ssl=1\" width=\"250\" height=\"250\" class=\"wp-image-8798 alignleft\" alt=\"\" src=\"https:\/\/i0.wp.com\/emblemedequebec.marret.co\/wp-content\/uploads\/2018\/04\/1711a-JLM-400e-FR1_wp.jpg?resize=250%2C250&#038;ssl=1\" data-wp-pid=\"8798\" srcset=\"https:\/\/i0.wp.com\/emblemedequebec.marret.co\/wp-content\/uploads\/2018\/04\/1711a-JLM-400e-FR1_wp.jpg?w=886&amp;ssl=1 886w, https:\/\/i0.wp.com\/emblemedequebec.marret.co\/wp-content\/uploads\/2018\/04\/1711a-JLM-400e-FR1_wp.jpg?resize=150%2C150&amp;ssl=1 150w, https:\/\/i0.wp.com\/emblemedequebec.marret.co\/wp-content\/uploads\/2018\/04\/1711a-JLM-400e-FR1_wp.jpg?resize=300%2C300&amp;ssl=1 300w, https:\/\/i0.wp.com\/emblemedequebec.marret.co\/wp-content\/uploads\/2018\/04\/1711a-JLM-400e-FR1_wp.jpg?resize=768%2C768&amp;ssl=1 768w, https:\/\/i0.wp.com\/emblemedequebec.marret.co\/wp-content\/uploads\/2018\/04\/1711a-JLM-400e-FR1_wp.jpg?resize=800%2C800&amp;ssl=1 800w, https:\/\/i0.wp.com\/emblemedequebec.marret.co\/wp-content\/uploads\/2018\/04\/1711a-JLM-400e-FR1_wp.jpg?resize=600%2C600&amp;ssl=1 600w\" sizes=\"auto, (max-width: 250px) 100vw, 250px\" \/><\/p>\n<p>&nbsp;&nbsp; <a href=\"https:\/\/i0.wp.com\/emblemedequebec.marret.co\/wp-content\/uploads\/2018\/04\/1711b-JLM-400e-FR1_wp.jpg?ssl=1\"><img data-recalc-dims=\"1\" loading=\"lazy\" decoding=\"async\" data-attachment-id=\"8800\" data-permalink=\"https:\/\/emblemedequebec.marret.co\/index.php\/dans-la-numismatique\/400e-anniversaire-de-quebec-2008\/1711b-jlm-400e-fr1_wp\/\" data-orig-file=\"https:\/\/i0.wp.com\/emblemedequebec.marret.co\/wp-content\/uploads\/2018\/04\/1711b-JLM-400e-FR1_wp.jpg?fit=886%2C886&amp;ssl=1\" data-orig-size=\"886,886\" data-comments-opened=\"1\" data-image-meta=\"{&quot;aperture&quot;:&quot;8&quot;,&quot;credit&quot;:&quot;&quot;,&quot;camera&quot;:&quot;NIKON D7000&quot;,&quot;caption&quot;:&quot;&quot;,&quot;created_timestamp&quot;:&quot;1387724592&quot;,&quot;copyright&quot;:&quot;&quot;,&quot;focal_length&quot;:&quot;105&quot;,&quot;iso&quot;:&quot;200&quot;,&quot;shutter_speed&quot;:&quot;0.025&quot;,&quot;title&quot;:&quot;&quot;,&quot;orientation&quot;:&quot;1&quot;}\" data-image-title=\"1711b-JLM 400e FR1_wp\" data-image-description=\"\" data-image-caption=\"\" data-medium-file=\"https:\/\/i0.wp.com\/emblemedequebec.marret.co\/wp-content\/uploads\/2018\/04\/1711b-JLM-400e-FR1_wp.jpg?fit=300%2C300&amp;ssl=1\" data-large-file=\"https:\/\/i0.wp.com\/emblemedequebec.marret.co\/wp-content\/uploads\/2018\/04\/1711b-JLM-400e-FR1_wp.jpg?fit=640%2C640&amp;ssl=1\" width=\"250\" height=\"250\" class=\"alignnone wp-image-8800\" alt=\"\" src=\"https:\/\/i0.wp.com\/emblemedequebec.marret.co\/wp-content\/uploads\/2018\/04\/1711b-JLM-400e-FR1_wp.jpg?resize=250%2C250&#038;ssl=1\" data-wp-pid=\"8800\" srcset=\"https:\/\/i0.wp.com\/emblemedequebec.marret.co\/wp-content\/uploads\/2018\/04\/1711b-JLM-400e-FR1_wp.jpg?w=886&amp;ssl=1 886w, https:\/\/i0.wp.com\/emblemedequebec.marret.co\/wp-content\/uploads\/2018\/04\/1711b-JLM-400e-FR1_wp.jpg?resize=150%2C150&amp;ssl=1 150w, https:\/\/i0.wp.com\/emblemedequebec.marret.co\/wp-content\/uploads\/2018\/04\/1711b-JLM-400e-FR1_wp.jpg?resize=300%2C300&amp;ssl=1 300w, https:\/\/i0.wp.com\/emblemedequebec.marret.co\/wp-content\/uploads\/2018\/04\/1711b-JLM-400e-FR1_wp.jpg?resize=768%2C768&amp;ssl=1 768w, https:\/\/i0.wp.com\/emblemedequebec.marret.co\/wp-content\/uploads\/2018\/04\/1711b-JLM-400e-FR1_wp.jpg?resize=800%2C800&amp;ssl=1 800w, https:\/\/i0.wp.com\/emblemedequebec.marret.co\/wp-content\/uploads\/2018\/04\/1711b-JLM-400e-FR1_wp.jpg?resize=600%2C600&amp;ssl=1 600w\" sizes=\"auto, (max-width: 250px) 100vw, 250px\" \/><\/a><a href=\"https:\/\/i0.wp.com\/emblemedequebec.marret.co\/wp-content\/uploads\/2018\/04\/1711c-JLM-400e-FR1_wp.jpg?ssl=1\"><img data-recalc-dims=\"1\" loading=\"lazy\" decoding=\"async\" data-attachment-id=\"8802\" data-permalink=\"https:\/\/emblemedequebec.marret.co\/index.php\/dans-la-numismatique\/400e-anniversaire-de-quebec-2008\/1711c-jlm-400e-fr1_wp\/\" data-orig-file=\"https:\/\/i0.wp.com\/emblemedequebec.marret.co\/wp-content\/uploads\/2018\/04\/1711c-JLM-400e-FR1_wp.jpg?fit=886%2C886&amp;ssl=1\" data-orig-size=\"886,886\" data-comments-opened=\"1\" data-image-meta=\"{&quot;aperture&quot;:&quot;8&quot;,&quot;credit&quot;:&quot;&quot;,&quot;camera&quot;:&quot;NIKON D7000&quot;,&quot;caption&quot;:&quot;&quot;,&quot;created_timestamp&quot;:&quot;1387724460&quot;,&quot;copyright&quot;:&quot;&quot;,&quot;focal_length&quot;:&quot;105&quot;,&quot;iso&quot;:&quot;200&quot;,&quot;shutter_speed&quot;:&quot;0.033333333333333&quot;,&quot;title&quot;:&quot;&quot;,&quot;orientation&quot;:&quot;1&quot;}\" data-image-title=\"1711c-JLM 400e FR1_wp\" data-image-description=\"\" data-image-caption=\"\" data-medium-file=\"https:\/\/i0.wp.com\/emblemedequebec.marret.co\/wp-content\/uploads\/2018\/04\/1711c-JLM-400e-FR1_wp.jpg?fit=300%2C300&amp;ssl=1\" data-large-file=\"https:\/\/i0.wp.com\/emblemedequebec.marret.co\/wp-content\/uploads\/2018\/04\/1711c-JLM-400e-FR1_wp.jpg?fit=640%2C640&amp;ssl=1\" width=\"250\" height=\"250\" class=\"alignnone wp-image-8802 alignleft\" alt=\"\" src=\"https:\/\/i0.wp.com\/emblemedequebec.marret.co\/wp-content\/uploads\/2018\/04\/1711c-JLM-400e-FR1_wp.jpg?resize=250%2C250&#038;ssl=1\" data-wp-pid=\"8802\" srcset=\"https:\/\/i0.wp.com\/emblemedequebec.marret.co\/wp-content\/uploads\/2018\/04\/1711c-JLM-400e-FR1_wp.jpg?w=886&amp;ssl=1 886w, https:\/\/i0.wp.com\/emblemedequebec.marret.co\/wp-content\/uploads\/2018\/04\/1711c-JLM-400e-FR1_wp.jpg?resize=150%2C150&amp;ssl=1 150w, https:\/\/i0.wp.com\/emblemedequebec.marret.co\/wp-content\/uploads\/2018\/04\/1711c-JLM-400e-FR1_wp.jpg?resize=300%2C300&amp;ssl=1 300w, https:\/\/i0.wp.com\/emblemedequebec.marret.co\/wp-content\/uploads\/2018\/04\/1711c-JLM-400e-FR1_wp.jpg?resize=768%2C768&amp;ssl=1 768w, https:\/\/i0.wp.com\/emblemedequebec.marret.co\/wp-content\/uploads\/2018\/04\/1711c-JLM-400e-FR1_wp.jpg?resize=800%2C800&amp;ssl=1 800w, https:\/\/i0.wp.com\/emblemedequebec.marret.co\/wp-content\/uploads\/2018\/04\/1711c-JLM-400e-FR1_wp.jpg?resize=600%2C600&amp;ssl=1 600w\" sizes=\"auto, (max-width: 250px) 100vw, 250px\" \/><\/a><\/p>\n<p style=\"padding-left: 60px;\"><em>Atelier&nbsp;<\/em>: Landsharkz.<br \/>\n<em>Conception<\/em>&nbsp;: Yvon Marquis \/ Les \u00c9ditions Numispro.<br \/>\n<em>M\u00e9tal<\/em>&nbsp;: Acier plaqu\u00e9, avec finis or, argent et cuivre.<br \/>\n<em>Diam\u00e8tre de la m\u00e9daille<\/em>&nbsp;: 42&nbsp;mm.<br \/>\n<em>\u00c9mission<\/em>&nbsp;: 300 exemplaires (100 de chaque fini).<\/p>\n","protected":false},"excerpt":{"rendered":"<p>En 2008, un collectionneur priv\u00e9 s\u2019int\u00e9ressant aux objets souvenirs associ\u00e9s \u00e0 Samuel de Champlain a souhait\u00e9 souligner \u00e0 sa mani\u00e8re le 400e anniversaire de fondation de la Ville de Qu\u00e9bec. La pi\u00e8ce a \u00e9t\u00e9 frapp\u00e9e \u00e0 300 exemplaires, soit 100 &hellip; <a href=\"https:\/\/emblemedequebec.marret.co\/index.php\/dans-la-numismatique\/400e-anniversaire-de-quebec-2008\/\">Continuer la lecture <span class=\"meta-nav\">&rarr;<\/span><\/a><\/p>\n","protected":false},"author":1,"featured_media":0,"parent":7593,"menu_order":0,"comment_status":"closed","ping_status":"closed","template":"","meta":{"ngg_post_thumbnail":0,"jetpack_post_was_ever_published":false,"footnotes":""},"class_list":["post-8796","page","type-page","status-publish","hentry"],"aioseo_notices":[],"jetpack_sharing_enabled":true,"jetpack_shortlink":"https:\/\/wp.me\/P9K7xB-2hS","jetpack-related-posts":[{"id":7593,"url":"https:\/\/emblemedequebec.marret.co\/index.php\/dans-la-numismatique\/","url_meta":{"origin":8796,"position":0},"title":"&#8230; dans la numismatique","author":"marretgravereaux","date":"13 mars 2018","format":false,"excerpt":"\u00a0 Les premi\u00e8res pi\u00e8ces portant l\u2019embl\u00e8me de Qu\u00e9bec furent \u00e9mises par la Banque de Qu\u00e9bec en 1852\u00a0; cette m\u00eame banque \u00e9mit des billets avec le m\u00eame embl\u00e8me entre 1863 et 1911. De son c\u00f4t\u00e9, la Banque Nationale fut \u00e0 l\u2019origine de billets avec la m\u00eame illustration entre 1860 et 1922.\u2026","rel":"","context":"Article similaire","block_context":{"text":"Article similaire","link":""},"img":{"alt_text":"","src":"https:\/\/i0.wp.com\/emblemedequebec.marret.co\/wp-content\/uploads\/2018\/03\/1102-JLM1-Penny-FR1_wp-1021x1024.jpg?resize=350%2C200","width":350,"height":200},"classes":[]},{"id":8889,"url":"https:\/\/emblemedequebec.marret.co\/index.php\/dans-la-numismatique\/le-tricentenaire-de-quebec-1908\/","url_meta":{"origin":8796,"position":1},"title":"Le Tricentenaire de Qu\u00e9bec (1908)","author":"marretgravereaux","date":"29 avril 2018","format":false,"excerpt":"C\u2019est en juillet 1908 que la ville de Qu\u00e9bec souligne son 300e anniversaire de fondation, avec des f\u00eates d\u2019un niveau jamais \u00e9gal\u00e9 auparavant. Centr\u00e9es sur l\u2019histoire militaire de Qu\u00e9bec, les c\u00e9l\u00e9brations ont lieu en pr\u00e9sence du Prince de Galles, le futur roi Georges\u00a0VI. Venus de plusieurs pays, dont la Grande-Bretagne,\u2026","rel":"","context":"Article similaire","block_context":{"text":"Article similaire","link":""},"img":{"alt_text":"","src":"https:\/\/i0.wp.com\/emblemedequebec.marret.co\/wp-content\/uploads\/2018\/04\/Tricentenaire-Affiche-promotionnelle_wp-787x1024.jpg?resize=350%2C200","width":350,"height":200},"classes":[]},{"id":9432,"url":"https:\/\/emblemedequebec.marret.co\/index.php\/a-la-societe-numismatique-de-quebec-s-n-q\/medaillons-1984-2010\/","url_meta":{"origin":8796,"position":2},"title":"M\u00e9daillons (1984 \u2013 2010)","author":"marretgravereaux","date":"7 ao\u00fbt 2018","format":false,"excerpt":"Entre 1984 et 2010, la Soci\u00e9t\u00e9 numismatique de Qu\u00e9bec a \u00e9mis des m\u00e9dailles \u00e0 douze reprises pour souligner ses activit\u00e9s et divers anniversaires. Elle fit appel \u00e0 un atelier mon\u00e9taire canadien \u2013 Pressed Metal Products - pour frapper ces pi\u00e8ces. L\u2019avers de celles-ci, le m\u00eame durant toutes ces ann\u00e9es, montre\u2026","rel":"","context":"Article similaire","block_context":{"text":"Article similaire","link":""},"img":{"alt_text":"","src":"https:\/\/i0.wp.com\/emblemedequebec.marret.co\/wp-content\/uploads\/2018\/08\/Revers-M%C3%A9daille-SNQ-2d_wp-1024x1024.jpg?resize=350%2C200","width":350,"height":200},"classes":[]},{"id":9905,"url":"https:\/\/emblemedequebec.marret.co\/index.php\/a-la-societe-numismatique-de-quebec-s-n-q\/billets-danniversaire-2015-2019\/","url_meta":{"origin":8796,"position":3},"title":"Billets d&rsquo;anniversaire (2015-2020)","author":"marretgravereaux","date":"25 ao\u00fbt 2018","format":false,"excerpt":"En 2015, la Soci\u00e9t\u00e9 numismatique de Qu\u00e9bec d\u00e9cide de proc\u00e9der \u00e0 l\u2019\u00e9mission d\u2019une s\u00e9rie de cinq billets, \u00e0 para\u00eetre chaque ann\u00e9e, jusqu\u2019en 2020, date de son 60e\u00a0anniversaire de fondation. De fabrication artisanale, ce billet garde la m\u00eame facture au fil de la s\u00e9rie, mais les couleurs, les signes et les\u2026","rel":"","context":"Article similaire","block_context":{"text":"Article similaire","link":""},"img":{"alt_text":"","src":"https:\/\/i0.wp.com\/emblemedequebec.marret.co\/wp-content\/uploads\/2018\/08\/SNQ-2015-Billet-anniversaire-a_wp.jpg?resize=350%2C200","width":350,"height":200},"classes":[]},{"id":9627,"url":"https:\/\/emblemedequebec.marret.co\/index.php\/a-la-societe-numismatique-de-quebec-s-n-q\/billets-du-50e-anniversaire-2010\/","url_meta":{"origin":8796,"position":4},"title":"Billets du 50e anniversaire (2010)","author":"marretgravereaux","date":"12 ao\u00fbt 2018","format":false,"excerpt":"En 2010, la Soci\u00e9t\u00e9 numismatique de Qu\u00e9bec f\u00eate le 50e\u00a0anniversaire de sa fondation. \u00c0 cette occasion, elle organise diverses activit\u00e9s et \u00e9met des billets dont dix rappellent sommairement l\u2019histoire du club et deux soulignent l\u2019exposition et le banquet ayant lieu pendant les f\u00eates\u2026 S\u00e9rie historique \u00c9mis mensuellement, de novembre\u00a02009 \u00e0\u2026","rel":"","context":"Article similaire","block_context":{"text":"Article similaire","link":""},"img":{"alt_text":"","src":"https:\/\/i0.wp.com\/emblemedequebec.marret.co\/wp-content\/uploads\/2018\/08\/SNQ-50e-Billets-01-10-Avers-NB_wp.jpg?resize=350%2C200","width":350,"height":200},"classes":[]},{"id":9528,"url":"https:\/\/emblemedequebec.marret.co\/index.php\/a-la-societe-numismatique-de-quebec-s-n-q\/billets-a-valeur-1997-2000\/","url_meta":{"origin":8796,"position":5},"title":"Billets \u00ab \u00e0 valeur \u00bb (1997-2000)","author":"marretgravereaux","date":"9 ao\u00fbt 2018","format":false,"excerpt":"Pendant les ann\u00e9es 1997, 1998 et 1999, la Soci\u00e9t\u00e9 numismatique de Qu\u00e9bec et son club junior associ\u00e9, les Jeunes Mordus de la Monnaie, d\u00e9cident d\u2019\u00e9mettre des billets pour mettre en valeur le patrimoine local, dans une s\u00e9rie intitul\u00e9e \u00ab\u00a0Vision de Qu\u00e9bec\u00a0\u00bb. Les collectionneurs int\u00e9ress\u00e9s peuvent ainsi se procurer deux billets\u2026","rel":"","context":"Article similaire","block_context":{"text":"Article similaire","link":""},"img":{"alt_text":"","src":"https:\/\/i0.wp.com\/emblemedequebec.marret.co\/wp-content\/uploads\/2018\/08\/SNQ-1997-Vision-de-Qu%C3%A9bec-Enveloppe_wp.jpg?resize=350%2C200","width":350,"height":200},"classes":[]}],"_links":{"self":[{"href":"https:\/\/emblemedequebec.marret.co\/index.php\/wp-json\/wp\/v2\/pages\/8796","targetHints":{"allow":["GET"]}}],"collection":[{"href":"https:\/\/emblemedequebec.marret.co\/index.php\/wp-json\/wp\/v2\/pages"}],"about":[{"href":"https:\/\/emblemedequebec.marret.co\/index.php\/wp-json\/wp\/v2\/types\/page"}],"author":[{"embeddable":true,"href":"https:\/\/emblemedequebec.marret.co\/index.php\/wp-json\/wp\/v2\/users\/1"}],"replies":[{"embeddable":true,"href":"https:\/\/emblemedequebec.marret.co\/index.php\/wp-json\/wp\/v2\/comments?post=8796"}],"version-history":[{"count":0,"href":"https:\/\/emblemedequebec.marret.co\/index.php\/wp-json\/wp\/v2\/pages\/8796\/revisions"}],"up":[{"embeddable":true,"href":"https:\/\/emblemedequebec.marret.co\/index.php\/wp-json\/wp\/v2\/pages\/7593"}],"wp:attachment":[{"href":"https:\/\/emblemedequebec.marret.co\/index.php\/wp-json\/wp\/v2\/media?parent=8796"}],"curies":[{"name":"wp","href":"https:\/\/api.w.org\/{rel}","templated":true}]}}