{"id":8701,"date":"2018-04-22T18:33:58","date_gmt":"2018-04-22T17:33:58","guid":{"rendered":"http:\/\/emblemedequebec.marret.co\/?page_id=8701"},"modified":"2024-10-03T15:07:10","modified_gmt":"2024-10-03T14:07:10","slug":"exposition-commerciale-de-quebec-1894","status":"publish","type":"page","link":"https:\/\/emblemedequebec.marret.co\/index.php\/dans-la-numismatique\/exposition-commerciale-de-quebec-1894\/","title":{"rendered":"Exposition commerciale de Qu\u00e9bec (1894)"},"content":{"rendered":"<p>La premi\u00e8re exposition agricole de Qu\u00e9bec, organis\u00e9e par la Soci\u00e9t\u00e9 d&rsquo;agriculture de Qu\u00e9bec, se tient les 20 et 21 octobre 1818. Mais il faut attendre 1854 pour que Qu\u00e9bec mette sur pied une exposition d\u2019envergure r\u00e9ellement provinciale et visant \u00e0 promouvoir l\u2019agriculture, l\u2019industrie et le commerce.<\/p>\n<p>Cet \u00e9v\u00e8nement aurait d\u00fb se r\u00e9p\u00e9ter dans les ann\u00e9es suivantes en alternance entre Montr\u00e9al et Qu\u00e9bec. Tel ne fut pas le cas, la ville de Qu\u00e9bec n\u2019\u00e9tant choisie qu\u2019occasionnellement&nbsp;; c\u2019est pourquoi, \u00e0 l\u2019instigation de Philippe Landry, agronome, s\u00e9nateur et politicien reconnu dans la r\u00e9gion de Qu\u00e9bec, est cr\u00e9\u00e9e, en 1892, la <em>Compagnie d\u2019exposition de Qu\u00e9bec<\/em> \u00ab&nbsp;<em>dans le but d\u2019encourager les industries, les arts et les sciences en g\u00e9n\u00e9ral<\/em>&nbsp;\u00bb.<\/p>\n<p>Ladite Compagnie organise sa premi\u00e8re exposition en septembre 1894, sur le site appel\u00e9 \u00ab&nbsp;Cove\u2019s Field&nbsp;\u00bb, derri\u00e8re l\u2019actuel Man\u00e8ge militaire de Qu\u00e9bec, l\u00e0 o\u00f9 avaient eu lieu les expositions agricoles depuis 1818.<\/p>\n<div id=\"attachment_8708\" style=\"width: 511px\" class=\"wp-caption aligncenter\"><a href=\"https:\/\/i0.wp.com\/emblemedequebec.marret.co\/wp-content\/uploads\/2018\/04\/Exposition-provinciale-1894_wp.jpg?ssl=1\"><img data-recalc-dims=\"1\" loading=\"lazy\" decoding=\"async\" aria-describedby=\"caption-attachment-8708\" data-attachment-id=\"8708\" data-permalink=\"https:\/\/emblemedequebec.marret.co\/index.php\/dans-la-numismatique\/exposition-commerciale-de-quebec-1894\/exposition-provinciale-1894_wp\/\" data-orig-file=\"https:\/\/i0.wp.com\/emblemedequebec.marret.co\/wp-content\/uploads\/2018\/04\/Exposition-provinciale-1894_wp.jpg?fit=1181%2C693&amp;ssl=1\" data-orig-size=\"1181,693\" data-comments-opened=\"1\" data-image-meta=\"{&quot;aperture&quot;:&quot;0&quot;,&quot;credit&quot;:&quot;&quot;,&quot;camera&quot;:&quot;&quot;,&quot;caption&quot;:&quot;&quot;,&quot;created_timestamp&quot;:&quot;0&quot;,&quot;copyright&quot;:&quot;&quot;,&quot;focal_length&quot;:&quot;0&quot;,&quot;iso&quot;:&quot;0&quot;,&quot;shutter_speed&quot;:&quot;0&quot;,&quot;title&quot;:&quot;&quot;,&quot;orientation&quot;:&quot;1&quot;}\" data-image-title=\"Exposition provinciale 1894_wp\" data-image-description=\"\" data-image-caption=\"&lt;p&gt;Vue des installations de l\u2019exposition de 1894 sur les Cove Fields, derri\u00e8re le man\u00e8ge militaire de Qu\u00e9bec. (Fonds Philippe Gingras, P585,D4,P14, BAnQ)&lt;\/p&gt;\n\" data-medium-file=\"https:\/\/i0.wp.com\/emblemedequebec.marret.co\/wp-content\/uploads\/2018\/04\/Exposition-provinciale-1894_wp.jpg?fit=300%2C176&amp;ssl=1\" data-large-file=\"https:\/\/i0.wp.com\/emblemedequebec.marret.co\/wp-content\/uploads\/2018\/04\/Exposition-provinciale-1894_wp.jpg?fit=640%2C376&amp;ssl=1\" class=\" wp-image-8708\" src=\"https:\/\/i0.wp.com\/emblemedequebec.marret.co\/wp-content\/uploads\/2018\/04\/Exposition-provinciale-1894_wp.jpg?resize=501%2C294&#038;ssl=1\" alt=\"\" width=\"501\" height=\"294\" data-wp-pid=\"8708\" srcset=\"https:\/\/i0.wp.com\/emblemedequebec.marret.co\/wp-content\/uploads\/2018\/04\/Exposition-provinciale-1894_wp.jpg?resize=1024%2C601&amp;ssl=1 1024w, https:\/\/i0.wp.com\/emblemedequebec.marret.co\/wp-content\/uploads\/2018\/04\/Exposition-provinciale-1894_wp.jpg?resize=300%2C176&amp;ssl=1 300w, https:\/\/i0.wp.com\/emblemedequebec.marret.co\/wp-content\/uploads\/2018\/04\/Exposition-provinciale-1894_wp.jpg?resize=768%2C451&amp;ssl=1 768w, https:\/\/i0.wp.com\/emblemedequebec.marret.co\/wp-content\/uploads\/2018\/04\/Exposition-provinciale-1894_wp.jpg?resize=800%2C469&amp;ssl=1 800w, https:\/\/i0.wp.com\/emblemedequebec.marret.co\/wp-content\/uploads\/2018\/04\/Exposition-provinciale-1894_wp.jpg?resize=600%2C352&amp;ssl=1 600w, https:\/\/i0.wp.com\/emblemedequebec.marret.co\/wp-content\/uploads\/2018\/04\/Exposition-provinciale-1894_wp.jpg?w=1181&amp;ssl=1 1181w\" sizes=\"auto, (max-width: 501px) 100vw, 501px\" \/><\/a><p id=\"caption-attachment-8708\" class=\"wp-caption-text\">Vue des installations de l\u2019exposition de 1894 sur les Cove Fields, derri\u00e8re le man\u00e8ge militaire de Qu\u00e9bec. (Fonds Philippe Gingras, P585,D4,P14, BAnQ)<\/p><\/div>\n<p>Les organisateurs cherchent alors \u00e0 lui donner prestige et notori\u00e9t\u00e9 comme le montre le programme d\u2019activit\u00e9s.<\/p>\n<div id=\"attachment_8707\" style=\"width: 511px\" class=\"wp-caption aligncenter\"><a href=\"https:\/\/i0.wp.com\/emblemedequebec.marret.co\/wp-content\/uploads\/2018\/04\/1894-Exposition-provinciale-de-Qu%C3%A9bec-c0_wp.jpg?ssl=1\"><img data-recalc-dims=\"1\" loading=\"lazy\" decoding=\"async\" aria-describedby=\"caption-attachment-8707\" data-attachment-id=\"8707\" data-permalink=\"https:\/\/emblemedequebec.marret.co\/index.php\/dans-la-numismatique\/exposition-commerciale-de-quebec-1894\/exposition-de-quebec-souvenir-commercial-contenant-le-programme\/\" data-orig-file=\"https:\/\/i0.wp.com\/emblemedequebec.marret.co\/wp-content\/uploads\/2018\/04\/1894-Exposition-provinciale-de-Qu%C3%A9bec-c0_wp.jpg?fit=1181%2C749&amp;ssl=1\" data-orig-size=\"1181,749\" data-comments-opened=\"1\" data-image-meta=\"{&quot;aperture&quot;:&quot;0&quot;,&quot;credit&quot;:&quot;&quot;,&quot;camera&quot;:&quot;&quot;,&quot;caption&quot;:&quot;&quot;,&quot;created_timestamp&quot;:&quot;0&quot;,&quot;copyright&quot;:&quot;&quot;,&quot;focal_length&quot;:&quot;0&quot;,&quot;iso&quot;:&quot;0&quot;,&quot;shutter_speed&quot;:&quot;0&quot;,&quot;title&quot;:&quot;Exposition de Quebec souvenir commercial contenant le programme&quot;,&quot;orientation&quot;:&quot;1&quot;}\" data-image-title=\"Exposition de Quebec souvenir commercial contenant le programme\" data-image-description=\"\" data-image-caption=\"&lt;p&gt;Exposition provinciale de Qu\u00e9bec (1894) &amp;#8211; Programme-souvenir&lt;\/p&gt;\n\" data-medium-file=\"https:\/\/i0.wp.com\/emblemedequebec.marret.co\/wp-content\/uploads\/2018\/04\/1894-Exposition-provinciale-de-Qu%C3%A9bec-c0_wp.jpg?fit=300%2C190&amp;ssl=1\" data-large-file=\"https:\/\/i0.wp.com\/emblemedequebec.marret.co\/wp-content\/uploads\/2018\/04\/1894-Exposition-provinciale-de-Qu%C3%A9bec-c0_wp.jpg?fit=640%2C406&amp;ssl=1\" class=\" wp-image-8707\" src=\"https:\/\/i0.wp.com\/emblemedequebec.marret.co\/wp-content\/uploads\/2018\/04\/1894-Exposition-provinciale-de-Qu%C3%A9bec-c0_wp.jpg?resize=501%2C318&#038;ssl=1\" alt=\"\" width=\"501\" height=\"318\" data-wp-pid=\"8707\" srcset=\"https:\/\/i0.wp.com\/emblemedequebec.marret.co\/wp-content\/uploads\/2018\/04\/1894-Exposition-provinciale-de-Qu%C3%A9bec-c0_wp.jpg?resize=1024%2C649&amp;ssl=1 1024w, https:\/\/i0.wp.com\/emblemedequebec.marret.co\/wp-content\/uploads\/2018\/04\/1894-Exposition-provinciale-de-Qu%C3%A9bec-c0_wp.jpg?resize=300%2C190&amp;ssl=1 300w, https:\/\/i0.wp.com\/emblemedequebec.marret.co\/wp-content\/uploads\/2018\/04\/1894-Exposition-provinciale-de-Qu%C3%A9bec-c0_wp.jpg?resize=768%2C487&amp;ssl=1 768w, https:\/\/i0.wp.com\/emblemedequebec.marret.co\/wp-content\/uploads\/2018\/04\/1894-Exposition-provinciale-de-Qu%C3%A9bec-c0_wp.jpg?resize=800%2C507&amp;ssl=1 800w, https:\/\/i0.wp.com\/emblemedequebec.marret.co\/wp-content\/uploads\/2018\/04\/1894-Exposition-provinciale-de-Qu%C3%A9bec-c0_wp.jpg?resize=600%2C381&amp;ssl=1 600w, https:\/\/i0.wp.com\/emblemedequebec.marret.co\/wp-content\/uploads\/2018\/04\/1894-Exposition-provinciale-de-Qu%C3%A9bec-c0_wp.jpg?w=1181&amp;ssl=1 1181w\" sizes=\"auto, (max-width: 501px) 100vw, 501px\" \/><\/a><p id=\"caption-attachment-8707\" class=\"wp-caption-text\">Exposition provinciale de Qu\u00e9bec (1894) &#8211; Programme-souvenir<\/p><\/div>\n<p style=\"text-align: center;\">~~~~~~~<\/p>\n<p style=\"text-align: center;\"><a href=\"https:\/\/i0.wp.com\/emblemedequebec.marret.co\/wp-content\/uploads\/2018\/04\/1531a-JLM-Exhibition-FR1_wp.jpg?ssl=1\"><img data-recalc-dims=\"1\" loading=\"lazy\" decoding=\"async\" data-attachment-id=\"8703\" data-permalink=\"https:\/\/emblemedequebec.marret.co\/index.php\/dans-la-numismatique\/exposition-commerciale-de-quebec-1894\/1531a-jlm-exhibition-fr1_wp\/\" data-orig-file=\"https:\/\/i0.wp.com\/emblemedequebec.marret.co\/wp-content\/uploads\/2018\/04\/1531a-JLM-Exhibition-FR1_wp.jpg?fit=886%2C886&amp;ssl=1\" data-orig-size=\"886,886\" data-comments-opened=\"1\" data-image-meta=\"{&quot;aperture&quot;:&quot;8&quot;,&quot;credit&quot;:&quot;&quot;,&quot;camera&quot;:&quot;NIKON D7000&quot;,&quot;caption&quot;:&quot;&quot;,&quot;created_timestamp&quot;:&quot;1387724817&quot;,&quot;copyright&quot;:&quot;&quot;,&quot;focal_length&quot;:&quot;105&quot;,&quot;iso&quot;:&quot;200&quot;,&quot;shutter_speed&quot;:&quot;0.025&quot;,&quot;title&quot;:&quot;&quot;,&quot;orientation&quot;:&quot;1&quot;}\" data-image-title=\"1531a-JLM Exhibition FR1_wp\" data-image-description=\"\" data-image-caption=\"\" data-medium-file=\"https:\/\/i0.wp.com\/emblemedequebec.marret.co\/wp-content\/uploads\/2018\/04\/1531a-JLM-Exhibition-FR1_wp.jpg?fit=300%2C300&amp;ssl=1\" data-large-file=\"https:\/\/i0.wp.com\/emblemedequebec.marret.co\/wp-content\/uploads\/2018\/04\/1531a-JLM-Exhibition-FR1_wp.jpg?fit=640%2C640&amp;ssl=1\" class=\"alignnone wp-image-8703\" src=\"https:\/\/i0.wp.com\/emblemedequebec.marret.co\/wp-content\/uploads\/2018\/04\/1531a-JLM-Exhibition-FR1_wp.jpg?resize=200%2C200&#038;ssl=1\" alt=\"\" width=\"200\" height=\"200\" data-wp-pid=\"8703\" srcset=\"https:\/\/i0.wp.com\/emblemedequebec.marret.co\/wp-content\/uploads\/2018\/04\/1531a-JLM-Exhibition-FR1_wp.jpg?w=886&amp;ssl=1 886w, https:\/\/i0.wp.com\/emblemedequebec.marret.co\/wp-content\/uploads\/2018\/04\/1531a-JLM-Exhibition-FR1_wp.jpg?resize=150%2C150&amp;ssl=1 150w, https:\/\/i0.wp.com\/emblemedequebec.marret.co\/wp-content\/uploads\/2018\/04\/1531a-JLM-Exhibition-FR1_wp.jpg?resize=300%2C300&amp;ssl=1 300w, https:\/\/i0.wp.com\/emblemedequebec.marret.co\/wp-content\/uploads\/2018\/04\/1531a-JLM-Exhibition-FR1_wp.jpg?resize=768%2C768&amp;ssl=1 768w, https:\/\/i0.wp.com\/emblemedequebec.marret.co\/wp-content\/uploads\/2018\/04\/1531a-JLM-Exhibition-FR1_wp.jpg?resize=800%2C800&amp;ssl=1 800w, https:\/\/i0.wp.com\/emblemedequebec.marret.co\/wp-content\/uploads\/2018\/04\/1531a-JLM-Exhibition-FR1_wp.jpg?resize=600%2C600&amp;ssl=1 600w\" sizes=\"auto, (max-width: 200px) 100vw, 200px\" \/><\/a> &nbsp; &nbsp; <a href=\"https:\/\/i0.wp.com\/emblemedequebec.marret.co\/wp-content\/uploads\/2018\/04\/1531a-JLM-Exhibition-FR2_wp.jpg?ssl=1\"><img data-recalc-dims=\"1\" loading=\"lazy\" decoding=\"async\" data-attachment-id=\"8704\" data-permalink=\"https:\/\/emblemedequebec.marret.co\/index.php\/dans-la-numismatique\/exposition-commerciale-de-quebec-1894\/1531a-jlm-exhibition-fr2_wp\/\" data-orig-file=\"https:\/\/i0.wp.com\/emblemedequebec.marret.co\/wp-content\/uploads\/2018\/04\/1531a-JLM-Exhibition-FR2_wp.jpg?fit=886%2C886&amp;ssl=1\" data-orig-size=\"886,886\" data-comments-opened=\"1\" data-image-meta=\"{&quot;aperture&quot;:&quot;8&quot;,&quot;credit&quot;:&quot;&quot;,&quot;camera&quot;:&quot;NIKON D7000&quot;,&quot;caption&quot;:&quot;&quot;,&quot;created_timestamp&quot;:&quot;1387724852&quot;,&quot;copyright&quot;:&quot;&quot;,&quot;focal_length&quot;:&quot;105&quot;,&quot;iso&quot;:&quot;200&quot;,&quot;shutter_speed&quot;:&quot;0.025&quot;,&quot;title&quot;:&quot;&quot;,&quot;orientation&quot;:&quot;1&quot;}\" data-image-title=\"1531a-JLM Exhibition FR2_wp\" data-image-description=\"\" data-image-caption=\"\" data-medium-file=\"https:\/\/i0.wp.com\/emblemedequebec.marret.co\/wp-content\/uploads\/2018\/04\/1531a-JLM-Exhibition-FR2_wp.jpg?fit=300%2C300&amp;ssl=1\" data-large-file=\"https:\/\/i0.wp.com\/emblemedequebec.marret.co\/wp-content\/uploads\/2018\/04\/1531a-JLM-Exhibition-FR2_wp.jpg?fit=640%2C640&amp;ssl=1\" class=\"alignnone wp-image-8704\" src=\"https:\/\/i0.wp.com\/emblemedequebec.marret.co\/wp-content\/uploads\/2018\/04\/1531a-JLM-Exhibition-FR2_wp.jpg?resize=200%2C200&#038;ssl=1\" alt=\"\" width=\"200\" height=\"200\" data-wp-pid=\"8704\" srcset=\"https:\/\/i0.wp.com\/emblemedequebec.marret.co\/wp-content\/uploads\/2018\/04\/1531a-JLM-Exhibition-FR2_wp.jpg?w=886&amp;ssl=1 886w, https:\/\/i0.wp.com\/emblemedequebec.marret.co\/wp-content\/uploads\/2018\/04\/1531a-JLM-Exhibition-FR2_wp.jpg?resize=150%2C150&amp;ssl=1 150w, https:\/\/i0.wp.com\/emblemedequebec.marret.co\/wp-content\/uploads\/2018\/04\/1531a-JLM-Exhibition-FR2_wp.jpg?resize=300%2C300&amp;ssl=1 300w, https:\/\/i0.wp.com\/emblemedequebec.marret.co\/wp-content\/uploads\/2018\/04\/1531a-JLM-Exhibition-FR2_wp.jpg?resize=768%2C768&amp;ssl=1 768w, https:\/\/i0.wp.com\/emblemedequebec.marret.co\/wp-content\/uploads\/2018\/04\/1531a-JLM-Exhibition-FR2_wp.jpg?resize=800%2C800&amp;ssl=1 800w, https:\/\/i0.wp.com\/emblemedequebec.marret.co\/wp-content\/uploads\/2018\/04\/1531a-JLM-Exhibition-FR2_wp.jpg?resize=600%2C600&amp;ssl=1 600w\" sizes=\"auto, (max-width: 200px) 100vw, 200px\" \/><\/a>&nbsp;&nbsp;<\/p>\n<p style=\"text-align: center;\"><img data-recalc-dims=\"1\" loading=\"lazy\" decoding=\"async\" data-attachment-id=\"10530\" data-permalink=\"https:\/\/emblemedequebec.marret.co\/index.php\/dans-la-numismatique\/exposition-commerciale-de-quebec-1894\/1531d-jlm-exhibition-1-photoroom-a\/\" data-orig-file=\"https:\/\/i0.wp.com\/emblemedequebec.marret.co\/wp-content\/uploads\/2024\/10\/1531d-JLM-Exhibition-1-Photoroom-a.jpg?fit=614%2C741&amp;ssl=1\" data-orig-size=\"614,741\" data-comments-opened=\"1\" data-image-meta=\"{&quot;aperture&quot;:&quot;0&quot;,&quot;credit&quot;:&quot;&quot;,&quot;camera&quot;:&quot;&quot;,&quot;caption&quot;:&quot;&quot;,&quot;created_timestamp&quot;:&quot;0&quot;,&quot;copyright&quot;:&quot;&quot;,&quot;focal_length&quot;:&quot;0&quot;,&quot;iso&quot;:&quot;0&quot;,&quot;shutter_speed&quot;:&quot;0&quot;,&quot;title&quot;:&quot;&quot;,&quot;orientation&quot;:&quot;1&quot;}\" data-image-title=\"1531d-JLM Exhibition 1-Photoroom a\" data-image-description=\"\" data-image-caption=\"\" data-medium-file=\"https:\/\/i0.wp.com\/emblemedequebec.marret.co\/wp-content\/uploads\/2024\/10\/1531d-JLM-Exhibition-1-Photoroom-a.jpg?fit=249%2C300&amp;ssl=1\" data-large-file=\"https:\/\/i0.wp.com\/emblemedequebec.marret.co\/wp-content\/uploads\/2024\/10\/1531d-JLM-Exhibition-1-Photoroom-a.jpg?fit=614%2C741&amp;ssl=1\" class=\"wp-image-10530 alignnone\" src=\"https:\/\/i0.wp.com\/emblemedequebec.marret.co\/wp-content\/uploads\/2024\/10\/1531d-JLM-Exhibition-1-Photoroom-a.jpg?resize=200%2C241&#038;ssl=1\" alt=\"\" width=\"200\" height=\"241\" srcset=\"https:\/\/i0.wp.com\/emblemedequebec.marret.co\/wp-content\/uploads\/2024\/10\/1531d-JLM-Exhibition-1-Photoroom-a.jpg?resize=249%2C300&amp;ssl=1 249w, https:\/\/i0.wp.com\/emblemedequebec.marret.co\/wp-content\/uploads\/2024\/10\/1531d-JLM-Exhibition-1-Photoroom-a.jpg?w=614&amp;ssl=1 614w\" sizes=\"auto, (max-width: 200px) 100vw, 200px\" \/>&nbsp; &nbsp; <img data-recalc-dims=\"1\" loading=\"lazy\" decoding=\"async\" data-attachment-id=\"10531\" data-permalink=\"https:\/\/emblemedequebec.marret.co\/index.php\/dans-la-numismatique\/exposition-commerciale-de-quebec-1894\/1531d-jlm-exhibition-2-photoroom-a\/\" data-orig-file=\"https:\/\/i0.wp.com\/emblemedequebec.marret.co\/wp-content\/uploads\/2024\/10\/1531d-JLM-Exhibition-2-Photoroom-a.jpg?fit=615%2C742&amp;ssl=1\" data-orig-size=\"615,742\" data-comments-opened=\"1\" data-image-meta=\"{&quot;aperture&quot;:&quot;0&quot;,&quot;credit&quot;:&quot;&quot;,&quot;camera&quot;:&quot;&quot;,&quot;caption&quot;:&quot;&quot;,&quot;created_timestamp&quot;:&quot;0&quot;,&quot;copyright&quot;:&quot;&quot;,&quot;focal_length&quot;:&quot;0&quot;,&quot;iso&quot;:&quot;0&quot;,&quot;shutter_speed&quot;:&quot;0&quot;,&quot;title&quot;:&quot;&quot;,&quot;orientation&quot;:&quot;1&quot;}\" data-image-title=\"1531d-JLM Exhibition 2-Photoroom a\" data-image-description=\"\" data-image-caption=\"\" data-medium-file=\"https:\/\/i0.wp.com\/emblemedequebec.marret.co\/wp-content\/uploads\/2024\/10\/1531d-JLM-Exhibition-2-Photoroom-a.jpg?fit=249%2C300&amp;ssl=1\" data-large-file=\"https:\/\/i0.wp.com\/emblemedequebec.marret.co\/wp-content\/uploads\/2024\/10\/1531d-JLM-Exhibition-2-Photoroom-a.jpg?fit=615%2C742&amp;ssl=1\" class=\"wp-image-10531 alignnone\" src=\"https:\/\/i0.wp.com\/emblemedequebec.marret.co\/wp-content\/uploads\/2024\/10\/1531d-JLM-Exhibition-2-Photoroom-a.jpg?resize=200%2C241&#038;ssl=1\" alt=\"\" width=\"200\" height=\"241\" srcset=\"https:\/\/i0.wp.com\/emblemedequebec.marret.co\/wp-content\/uploads\/2024\/10\/1531d-JLM-Exhibition-2-Photoroom-a.jpg?resize=249%2C300&amp;ssl=1 249w, https:\/\/i0.wp.com\/emblemedequebec.marret.co\/wp-content\/uploads\/2024\/10\/1531d-JLM-Exhibition-2-Photoroom-a.jpg?w=615&amp;ssl=1 615w\" sizes=\"auto, (max-width: 200px) 100vw, 200px\" \/><\/p>\n<p style=\"padding-left: 150px;\"><em>Atelier&nbsp;<\/em>: inconnu.<br \/>\n<em>M\u00e9tal<\/em>&nbsp;: Bronze; aluminium.<br \/>\n<em>Diam\u00e8tre de la m\u00e9daille<\/em>&nbsp;: 26,8&nbsp;mm.<br \/>\n<em>Hauteur<\/em> (avec anneau de suspension)&nbsp;: 33,5&nbsp;mm.<br \/>\nInscrite au catalogue Leroux (1517j)<\/p>\n<p style=\"padding-left: 150px;\"><em>Inscriptions :&nbsp;<\/em><\/p>\n<p style=\"padding-left: 190px; text-align: left;\">Quebec Exhibition Souvenir<br \/>\n1894<\/p>\n<p style=\"padding-left: 190px; text-align: left;\">Exposition provinciale agricole<br \/>\n&nbsp;industrielle<br \/>\nouverte \u00e0 l\u2019univers<\/p>\n","protected":false},"excerpt":{"rendered":"<p>La premi\u00e8re exposition agricole de Qu\u00e9bec, organis\u00e9e par la Soci\u00e9t\u00e9 d&rsquo;agriculture de Qu\u00e9bec, se tient les 20 et 21 octobre 1818. Mais il faut attendre 1854 pour que Qu\u00e9bec mette sur pied une exposition d\u2019envergure r\u00e9ellement provinciale et visant \u00e0 &hellip; <a href=\"https:\/\/emblemedequebec.marret.co\/index.php\/dans-la-numismatique\/exposition-commerciale-de-quebec-1894\/\">Continuer la lecture <span class=\"meta-nav\">&rarr;<\/span><\/a><\/p>\n","protected":false},"author":1,"featured_media":0,"parent":7593,"menu_order":0,"comment_status":"closed","ping_status":"closed","template":"","meta":{"ngg_post_thumbnail":0,"jetpack_post_was_ever_published":false,"footnotes":""},"class_list":["post-8701","page","type-page","status-publish","hentry"],"aioseo_notices":[],"jetpack_sharing_enabled":true,"jetpack_shortlink":"https:\/\/wp.me\/P9K7xB-2gl","jetpack-related-posts":[{"id":10268,"url":"https:\/\/emblemedequebec.marret.co\/index.php\/dans-la-numismatique\/exposition-commerciale-de-quebec-1894\/carnaval-de-quebec-1894\/","url_meta":{"origin":8701,"position":0},"title":"Carnaval de Qu\u00e9bec (1894)","author":"marretgravereaux","date":"28 mai 2020","format":false,"excerpt":"~~~~~ En 1893 - et alors que la ville est durement affect\u00e9e par le d\u00e9clin de ses activit\u00e9s portuaires -, Frank Carrel lance un appel dans le Quebec Daily Telegraph (dont il est propri\u00e9taire) pour que l\u2019on organise un carnaval l\u2019hiver suivant\u00a0; le succ\u00e8s rencontr\u00e9 \u00e0 Montr\u00e9al l\u2019a inspir\u00e9 et\u2026","rel":"","context":"Article similaire","block_context":{"text":"Article similaire","link":""},"img":{"alt_text":"","src":"https:\/\/i0.wp.com\/emblemedequebec.marret.co\/wp-content\/uploads\/2024\/10\/1521-JFD-Carnival-Photoroom-a-204x300.png?resize=350%2C200&ssl=1","width":350,"height":200},"classes":[]},{"id":10636,"url":"https:\/\/emblemedequebec.marret.co\/index.php\/dans-la-numismatique\/exposition-provinciale-1913\/","url_meta":{"origin":8701,"position":1},"title":"Exposition provinciale 1913","author":"marretgravereaux","date":"4 octobre 2024","format":false,"excerpt":"En 1911, la ville de Qu\u00e9bec acquiert les biens de la Compagnie de l\u2019Exposition de Qu\u00e9bec et devient l\u2019organisatrice de l\u2019Exposition provinciale. Propri\u00e9taire du site de Limoilou, elle le modernise et remplace progressivement les anciens b\u00e2timents en bois par des \u00e9difices plus prestigieux\u00a0; le Palais des transports- devenu ult\u00e9rieurement le\u2026","rel":"","context":"Article similaire","block_context":{"text":"Article similaire","link":""},"img":{"alt_text":"","src":"https:\/\/i0.wp.com\/emblemedequebec.marret.co\/wp-content\/uploads\/2024\/10\/1920-Exposition-provinciale-Gariepy-300x194.jpg?resize=350%2C200&ssl=1","width":350,"height":200,"srcset":"https:\/\/i0.wp.com\/emblemedequebec.marret.co\/wp-content\/uploads\/2024\/10\/1920-Exposition-provinciale-Gariepy-300x194.jpg?resize=350%2C200&ssl=1 1x, https:\/\/i0.wp.com\/emblemedequebec.marret.co\/wp-content\/uploads\/2024\/10\/1920-Exposition-provinciale-Gariepy-300x194.jpg?resize=525%2C300&ssl=1 1.5x"},"classes":[]},{"id":10661,"url":"https:\/\/emblemedequebec.marret.co\/index.php\/dans-la-numismatique\/exposition-provinciale-1914\/","url_meta":{"origin":8701,"position":2},"title":"Exposition provinciale 1914","author":"marretgravereaux","date":"4 octobre 2024","format":false,"excerpt":"Comme l\u2019ann\u00e9e pr\u00e9c\u00e9dente, la Commission de l\u2019exposition de 1914 a choisi un th\u00e8me qui, cette fois, n\u2019est pas \u00e9conomique\u00a0: \u00ab\u00a0l\u2019ann\u00e9e de la sant\u00e9 publique\u00a0\u00bb. En outre elle cherche \u00e0 attirer des visiteurs de toute la province, avec des activit\u00e9s de toute nature et des spectacles d\u2019envergure comme le montrent les\u2026","rel":"","context":"Article similaire","block_context":{"text":"Article similaire","link":""},"img":{"alt_text":"","src":"https:\/\/i0.wp.com\/emblemedequebec.marret.co\/wp-content\/uploads\/2024\/10\/615_001a-300x113.jpg?resize=350%2C200&ssl=1","width":350,"height":200},"classes":[]},{"id":9432,"url":"https:\/\/emblemedequebec.marret.co\/index.php\/a-la-societe-numismatique-de-quebec-s-n-q\/medaillons-1984-2010\/","url_meta":{"origin":8701,"position":3},"title":"M\u00e9daillons (1984 \u2013 2010)","author":"marretgravereaux","date":"7 ao\u00fbt 2018","format":false,"excerpt":"Entre 1984 et 2010, la Soci\u00e9t\u00e9 numismatique de Qu\u00e9bec a \u00e9mis des m\u00e9dailles \u00e0 douze reprises pour souligner ses activit\u00e9s et divers anniversaires. Elle fit appel \u00e0 un atelier mon\u00e9taire canadien \u2013 Pressed Metal Products - pour frapper ces pi\u00e8ces. L\u2019avers de celles-ci, le m\u00eame durant toutes ces ann\u00e9es, montre\u2026","rel":"","context":"Article similaire","block_context":{"text":"Article similaire","link":""},"img":{"alt_text":"","src":"https:\/\/i0.wp.com\/emblemedequebec.marret.co\/wp-content\/uploads\/2018\/08\/Revers-M%C3%A9daille-SNQ-2d_wp-1024x1024.jpg?resize=350%2C200","width":350,"height":200},"classes":[]},{"id":10679,"url":"https:\/\/emblemedequebec.marret.co\/index.php\/dans-la-numismatique\/exposition-provinciale-1920\/","url_meta":{"origin":8701,"position":4},"title":"Exposition provinciale 1920","author":"marretgravereaux","date":"4 octobre 2024","format":false,"excerpt":"\u00a0 \u00a0 La m\u00e9daille M\u00e9tal\u00a0: Cuivre? Dimensions\u00a0: 49\u00a0mm x 33\u00a0mm. Hauteur totale avec ruban\u00a0: 115\u00a0mm. Atelier\u00a0: Greenduck & Co (Chicago) \u00a0 \u00a0 Les m\u00e9dailles connues portent\u00a0: Ruban tricolore. Ruban blanc, barrette Patron honoraire. Ruban rouge, barrette \u00a0\u00a0Vice Patron Honoraire. Ruban rouge , barrette Tr\u00e9sorier. Ruban bleu et blanc, barrette Comit\u00e9.\u2026","rel":"","context":"Article similaire","block_context":{"text":"Article similaire","link":""},"img":{"alt_text":"","src":"https:\/\/i0.wp.com\/emblemedequebec.marret.co\/wp-content\/uploads\/2024\/10\/1920-08-15-La-Revue-moderne-p62-300x221.jpg?resize=350%2C200&ssl=1","width":350,"height":200},"classes":[]},{"id":7593,"url":"https:\/\/emblemedequebec.marret.co\/index.php\/dans-la-numismatique\/","url_meta":{"origin":8701,"position":5},"title":"&#8230; dans la numismatique","author":"marretgravereaux","date":"13 mars 2018","format":false,"excerpt":"\u00a0 Les premi\u00e8res pi\u00e8ces portant l\u2019embl\u00e8me de Qu\u00e9bec furent \u00e9mises par la Banque de Qu\u00e9bec en 1852\u00a0; cette m\u00eame banque \u00e9mit des billets avec le m\u00eame embl\u00e8me entre 1863 et 1911. De son c\u00f4t\u00e9, la Banque Nationale fut \u00e0 l\u2019origine de billets avec la m\u00eame illustration entre 1860 et 1922.\u2026","rel":"","context":"Article similaire","block_context":{"text":"Article similaire","link":""},"img":{"alt_text":"","src":"https:\/\/i0.wp.com\/emblemedequebec.marret.co\/wp-content\/uploads\/2018\/03\/1102-JLM1-Penny-FR1_wp-1021x1024.jpg?resize=350%2C200","width":350,"height":200},"classes":[]}],"_links":{"self":[{"href":"https:\/\/emblemedequebec.marret.co\/index.php\/wp-json\/wp\/v2\/pages\/8701","targetHints":{"allow":["GET"]}}],"collection":[{"href":"https:\/\/emblemedequebec.marret.co\/index.php\/wp-json\/wp\/v2\/pages"}],"about":[{"href":"https:\/\/emblemedequebec.marret.co\/index.php\/wp-json\/wp\/v2\/types\/page"}],"author":[{"embeddable":true,"href":"https:\/\/emblemedequebec.marret.co\/index.php\/wp-json\/wp\/v2\/users\/1"}],"replies":[{"embeddable":true,"href":"https:\/\/emblemedequebec.marret.co\/index.php\/wp-json\/wp\/v2\/comments?post=8701"}],"version-history":[{"count":4,"href":"https:\/\/emblemedequebec.marret.co\/index.php\/wp-json\/wp\/v2\/pages\/8701\/revisions"}],"predecessor-version":[{"id":10548,"href":"https:\/\/emblemedequebec.marret.co\/index.php\/wp-json\/wp\/v2\/pages\/8701\/revisions\/10548"}],"up":[{"embeddable":true,"href":"https:\/\/emblemedequebec.marret.co\/index.php\/wp-json\/wp\/v2\/pages\/7593"}],"wp:attachment":[{"href":"https:\/\/emblemedequebec.marret.co\/index.php\/wp-json\/wp\/v2\/media?parent=8701"}],"curies":[{"name":"wp","href":"https:\/\/api.w.org\/{rel}","templated":true}]}}