{"id":8648,"date":"2018-04-19T11:45:00","date_gmt":"2018-04-19T10:45:00","guid":{"rendered":"http:\/\/emblemedequebec.marret.co\/?page_id=8648"},"modified":"2024-10-03T14:58:43","modified_gmt":"2024-10-03T13:58:43","slug":"henry-fry-english-prize-1864","status":"publish","type":"page","link":"https:\/\/emblemedequebec.marret.co\/index.php\/dans-la-numismatique\/henry-fry-english-prize-1864\/","title":{"rendered":"Henry Fry English Prize (vers 1870)"},"content":{"rendered":"<p><a href=\"https:\/\/i0.wp.com\/emblemedequebec.marret.co\/wp-content\/uploads\/2018\/04\/Henry-Fry-04-Mus%C3%A9e-McCord-a_wp.jpg?ssl=1\"><img data-recalc-dims=\"1\" loading=\"lazy\" decoding=\"async\" data-attachment-id=\"8646\" data-permalink=\"https:\/\/emblemedequebec.marret.co\/index.php\/dans-la-numismatique\/henry-fry-english-prize-1864\/henry-fry-04-musee-mccord-a_wp\/\" data-orig-file=\"https:\/\/i0.wp.com\/emblemedequebec.marret.co\/wp-content\/uploads\/2018\/04\/Henry-Fry-04-Mus%C3%A9e-McCord-a_wp.jpg?fit=647%2C886&amp;ssl=1\" data-orig-size=\"647,886\" data-comments-opened=\"1\" data-image-meta=\"{&quot;aperture&quot;:&quot;0&quot;,&quot;credit&quot;:&quot;&quot;,&quot;camera&quot;:&quot;&quot;,&quot;caption&quot;:&quot;&quot;,&quot;created_timestamp&quot;:&quot;1167609600&quot;,&quot;copyright&quot;:&quot;\\u00a9 McCord Museum, Montreal, Canada, 2007&quot;,&quot;focal_length&quot;:&quot;0&quot;,&quot;iso&quot;:&quot;0&quot;,&quot;shutter_speed&quot;:&quot;0&quot;,&quot;title&quot;:&quot;&quot;,&quot;orientation&quot;:&quot;1&quot;}\" data-image-title=\"Henry Fry 04 (Mus\u00e9e McCord) a_wp\" data-image-description=\"\" data-image-caption=\"\" data-medium-file=\"https:\/\/i0.wp.com\/emblemedequebec.marret.co\/wp-content\/uploads\/2018\/04\/Henry-Fry-04-Mus%C3%A9e-McCord-a_wp.jpg?fit=219%2C300&amp;ssl=1\" data-large-file=\"https:\/\/i0.wp.com\/emblemedequebec.marret.co\/wp-content\/uploads\/2018\/04\/Henry-Fry-04-Mus%C3%A9e-McCord-a_wp.jpg?fit=640%2C876&amp;ssl=1\" class=\"wp-image-8646 alignright\" src=\"https:\/\/i0.wp.com\/emblemedequebec.marret.co\/wp-content\/uploads\/2018\/04\/Henry-Fry-04-Mus%C3%A9e-McCord-a_wp.jpg?resize=250%2C342&#038;ssl=1\" alt=\"\" width=\"250\" height=\"342\" data-wp-pid=\"8646\" srcset=\"https:\/\/i0.wp.com\/emblemedequebec.marret.co\/wp-content\/uploads\/2018\/04\/Henry-Fry-04-Mus%C3%A9e-McCord-a_wp.jpg?w=647&amp;ssl=1 647w, https:\/\/i0.wp.com\/emblemedequebec.marret.co\/wp-content\/uploads\/2018\/04\/Henry-Fry-04-Mus%C3%A9e-McCord-a_wp.jpg?resize=219%2C300&amp;ssl=1 219w, https:\/\/i0.wp.com\/emblemedequebec.marret.co\/wp-content\/uploads\/2018\/04\/Henry-Fry-04-Mus%C3%A9e-McCord-a_wp.jpg?resize=438%2C600&amp;ssl=1 438w\" sizes=\"auto, (max-width: 250px) 100vw, 250px\" \/><\/a>N\u00e9 en 1826 \u00e0 Bristol (Angleterre), <a href=\"http:\/\/www.biographi.ca\/fr\/bio\/fry_henry_12E.html\" target=\"_blank\" rel=\"noopener\">Henry Fry<\/a> commence \u00e0 12&nbsp;ans sa carri\u00e8re dans le transport maritime. Propri\u00e9taire de navires, courtier maritime r\u00e9put\u00e9, il est un marchand important de la ville de Qu\u00e9bec et exerce de nombreuses fonctions dans le milieu des affaires&nbsp;: administrateur de la <em>Banque de Qu\u00e9bec<\/em> de 1864 \u00e0 1878, il est \u00e9galement pr\u00e9sident du <em>Bureau de commerce<\/em>, vice-pr\u00e9sident \u2013 puis pr\u00e9sident &#8211; de la <em>Chambre de commerce de la Puissance<\/em>.<\/p>\n<p>Mais toutes ses activit\u00e9s professionnelles ne l\u2019emp\u00eachent pas de participer \u00e0 de nombreuses \u0153uvres sociales et communautaires parmi lesquels la <em>Young Men\u2019s Christian Association<\/em>, l\u2019<em>Evangelical Alliance<\/em>, la <em>Soci\u00e9t\u00e9 litt\u00e9raire et historique de Qu\u00e9bec<\/em>, la <em>Mission de la cit\u00e9 de Qu\u00e9bec<\/em>, etc.<\/p>\n<p>Membre du conseil d\u2019administration de la <strong><em>Quebec High School<\/em><\/strong> de 1866 \u00e0 1877, puis directeur jusqu&rsquo;en en 1884, Henry Fry, cr\u00e9e un prix d&rsquo;anglais qui porta son nom; les r\u00e9cipiendaires de celui-ci re\u00e7oivent une m\u00e9daille sp\u00e9ciale fabriqu\u00e9e \u00e0 cet effet.<\/p>\n<p>La m\u00e9daille du <strong>Henry Fry English Prize<\/strong> a \u00e9t\u00e9 frapp\u00e9e sur au moins deux m\u00e9taux, dont l\u2019argent et un m\u00e9tal brun qui pourrait \u00eatre le bronze.<\/p>\n<p style=\"text-align: center;\"><img data-recalc-dims=\"1\" loading=\"lazy\" decoding=\"async\" data-attachment-id=\"10512\" data-permalink=\"https:\/\/emblemedequebec.marret.co\/index.php\/dans-la-numismatique\/henry-fry-english-prize-1864\/1511a-hc-exonumia-henry-fry-prize-a-photoroom\/\" data-orig-file=\"https:\/\/i0.wp.com\/emblemedequebec.marret.co\/wp-content\/uploads\/2024\/10\/1511a-HC-Exonumia-Henry-Fry-Prize-a-Photoroom.png?fit=1018%2C1020&amp;ssl=1\" data-orig-size=\"1018,1020\" data-comments-opened=\"1\" data-image-meta=\"{&quot;aperture&quot;:&quot;0&quot;,&quot;credit&quot;:&quot;&quot;,&quot;camera&quot;:&quot;&quot;,&quot;caption&quot;:&quot;&quot;,&quot;created_timestamp&quot;:&quot;0&quot;,&quot;copyright&quot;:&quot;&quot;,&quot;focal_length&quot;:&quot;0&quot;,&quot;iso&quot;:&quot;0&quot;,&quot;shutter_speed&quot;:&quot;0&quot;,&quot;title&quot;:&quot;&quot;,&quot;orientation&quot;:&quot;0&quot;}\" data-image-title=\"1511a-HC (Exonumia) Henry Fry Prize (a)-Photoroom\" data-image-description=\"\" data-image-caption=\"\" data-medium-file=\"https:\/\/i0.wp.com\/emblemedequebec.marret.co\/wp-content\/uploads\/2024\/10\/1511a-HC-Exonumia-Henry-Fry-Prize-a-Photoroom.png?fit=300%2C300&amp;ssl=1\" data-large-file=\"https:\/\/i0.wp.com\/emblemedequebec.marret.co\/wp-content\/uploads\/2024\/10\/1511a-HC-Exonumia-Henry-Fry-Prize-a-Photoroom.png?fit=640%2C641&amp;ssl=1\" class=\"alignnone wp-image-10512\" src=\"https:\/\/i0.wp.com\/emblemedequebec.marret.co\/wp-content\/uploads\/2024\/10\/1511a-HC-Exonumia-Henry-Fry-Prize-a-Photoroom.png?resize=200%2C200&#038;ssl=1\" alt=\"\" width=\"200\" height=\"200\" srcset=\"https:\/\/i0.wp.com\/emblemedequebec.marret.co\/wp-content\/uploads\/2024\/10\/1511a-HC-Exonumia-Henry-Fry-Prize-a-Photoroom.png?resize=300%2C300&amp;ssl=1 300w, https:\/\/i0.wp.com\/emblemedequebec.marret.co\/wp-content\/uploads\/2024\/10\/1511a-HC-Exonumia-Henry-Fry-Prize-a-Photoroom.png?resize=150%2C150&amp;ssl=1 150w, https:\/\/i0.wp.com\/emblemedequebec.marret.co\/wp-content\/uploads\/2024\/10\/1511a-HC-Exonumia-Henry-Fry-Prize-a-Photoroom.png?resize=768%2C770&amp;ssl=1 768w, https:\/\/i0.wp.com\/emblemedequebec.marret.co\/wp-content\/uploads\/2024\/10\/1511a-HC-Exonumia-Henry-Fry-Prize-a-Photoroom.png?w=1018&amp;ssl=1 1018w\" sizes=\"auto, (max-width: 200px) 100vw, 200px\" \/>&nbsp; &nbsp; <img data-recalc-dims=\"1\" loading=\"lazy\" decoding=\"async\" data-attachment-id=\"10513\" data-permalink=\"https:\/\/emblemedequebec.marret.co\/index.php\/dans-la-numismatique\/henry-fry-english-prize-1864\/1511a-hc-exonumia-henry-fry-prize-r-photoroom\/\" data-orig-file=\"https:\/\/i0.wp.com\/emblemedequebec.marret.co\/wp-content\/uploads\/2024\/10\/1511a-HC-Exonumia-Henry-Fry-Prize-r-Photoroom.png?fit=1052%2C1052&amp;ssl=1\" data-orig-size=\"1052,1052\" data-comments-opened=\"1\" data-image-meta=\"{&quot;aperture&quot;:&quot;0&quot;,&quot;credit&quot;:&quot;&quot;,&quot;camera&quot;:&quot;&quot;,&quot;caption&quot;:&quot;&quot;,&quot;created_timestamp&quot;:&quot;0&quot;,&quot;copyright&quot;:&quot;&quot;,&quot;focal_length&quot;:&quot;0&quot;,&quot;iso&quot;:&quot;0&quot;,&quot;shutter_speed&quot;:&quot;0&quot;,&quot;title&quot;:&quot;&quot;,&quot;orientation&quot;:&quot;0&quot;}\" data-image-title=\"1511a-HC (Exonumia) Henry Fry Prize (r)-Photoroom\" data-image-description=\"\" data-image-caption=\"\" data-medium-file=\"https:\/\/i0.wp.com\/emblemedequebec.marret.co\/wp-content\/uploads\/2024\/10\/1511a-HC-Exonumia-Henry-Fry-Prize-r-Photoroom.png?fit=300%2C300&amp;ssl=1\" data-large-file=\"https:\/\/i0.wp.com\/emblemedequebec.marret.co\/wp-content\/uploads\/2024\/10\/1511a-HC-Exonumia-Henry-Fry-Prize-r-Photoroom.png?fit=640%2C640&amp;ssl=1\" class=\"alignnone  wp-image-10513\" src=\"https:\/\/i0.wp.com\/emblemedequebec.marret.co\/wp-content\/uploads\/2024\/10\/1511a-HC-Exonumia-Henry-Fry-Prize-r-Photoroom.png?resize=200%2C200&#038;ssl=1\" alt=\"\" width=\"200\" height=\"200\" srcset=\"https:\/\/i0.wp.com\/emblemedequebec.marret.co\/wp-content\/uploads\/2024\/10\/1511a-HC-Exonumia-Henry-Fry-Prize-r-Photoroom.png?resize=300%2C300&amp;ssl=1 300w, https:\/\/i0.wp.com\/emblemedequebec.marret.co\/wp-content\/uploads\/2024\/10\/1511a-HC-Exonumia-Henry-Fry-Prize-r-Photoroom.png?resize=1024%2C1024&amp;ssl=1 1024w, https:\/\/i0.wp.com\/emblemedequebec.marret.co\/wp-content\/uploads\/2024\/10\/1511a-HC-Exonumia-Henry-Fry-Prize-r-Photoroom.png?resize=150%2C150&amp;ssl=1 150w, https:\/\/i0.wp.com\/emblemedequebec.marret.co\/wp-content\/uploads\/2024\/10\/1511a-HC-Exonumia-Henry-Fry-Prize-r-Photoroom.png?resize=768%2C768&amp;ssl=1 768w, https:\/\/i0.wp.com\/emblemedequebec.marret.co\/wp-content\/uploads\/2024\/10\/1511a-HC-Exonumia-Henry-Fry-Prize-r-Photoroom.png?w=1052&amp;ssl=1 1052w\" sizes=\"auto, (max-width: 200px) 100vw, 200px\" \/>&nbsp;<\/p>\n<p><em>Atelier<\/em>&nbsp;: J. Moore (Birmingham, Grande-Bretagne).<br \/>\n<em>M\u00e9tal&nbsp;<\/em>: argent ou bronze.<br \/>\n<em>Diam\u00e8tre&nbsp;: <\/em>45&nbsp;mm. <em>Poids<\/em>&nbsp;: 45&nbsp;g.<\/p>\n<p><span lang=\"FR\"><span style=\"color: #333333;\">M\u00e9daille inscrite aux catalogues Breton (n<sup><span style=\"font-size: small;\">o<\/span><\/sup>&nbsp;108) et Leroux (n<sup><span style=\"font-size: small;\">o<\/span><\/sup>&nbsp;639).<\/span><\/span><\/p>\n<div id=\"attachment_8647\" style=\"width: 518px\" class=\"wp-caption aligncenter\"><a href=\"https:\/\/i0.wp.com\/emblemedequebec.marret.co\/wp-content\/uploads\/2018\/04\/Leroux-639a_wp.jpg?ssl=1\"><img data-recalc-dims=\"1\" loading=\"lazy\" decoding=\"async\" aria-describedby=\"caption-attachment-8647\" data-attachment-id=\"8647\" data-permalink=\"https:\/\/emblemedequebec.marret.co\/index.php\/dans-la-numismatique\/henry-fry-english-prize-1864\/leroux-medaillier-pdf\/\" data-orig-file=\"https:\/\/i0.wp.com\/emblemedequebec.marret.co\/wp-content\/uploads\/2018\/04\/Leroux-639a_wp.jpg?fit=1181%2C922&amp;ssl=1\" data-orig-size=\"1181,922\" data-comments-opened=\"1\" data-image-meta=\"{&quot;aperture&quot;:&quot;0&quot;,&quot;credit&quot;:&quot;Jean-Luc&quot;,&quot;camera&quot;:&quot;&quot;,&quot;caption&quot;:&quot;&quot;,&quot;created_timestamp&quot;:&quot;0&quot;,&quot;copyright&quot;:&quot;&quot;,&quot;focal_length&quot;:&quot;0&quot;,&quot;iso&quot;:&quot;0&quot;,&quot;shutter_speed&quot;:&quot;0&quot;,&quot;title&quot;:&quot;LEROUX - M\\u00e9daillier.pdf&quot;,&quot;orientation&quot;:&quot;1&quot;}\" data-image-title=\"LEROUX &amp;#8211; M\u00e9daillier.pdf\" data-image-description=\"\" data-image-caption=\"&lt;p&gt;Extrait du catalogue Leroux&lt;\/p&gt;\n\" data-medium-file=\"https:\/\/i0.wp.com\/emblemedequebec.marret.co\/wp-content\/uploads\/2018\/04\/Leroux-639a_wp.jpg?fit=300%2C234&amp;ssl=1\" data-large-file=\"https:\/\/i0.wp.com\/emblemedequebec.marret.co\/wp-content\/uploads\/2018\/04\/Leroux-639a_wp.jpg?fit=640%2C499&amp;ssl=1\" class=\" wp-image-8647\" src=\"https:\/\/i0.wp.com\/emblemedequebec.marret.co\/wp-content\/uploads\/2018\/04\/Leroux-639a_wp.jpg?resize=508%2C396&#038;ssl=1\" alt=\"\" width=\"508\" height=\"396\" data-wp-pid=\"8647\" srcset=\"https:\/\/i0.wp.com\/emblemedequebec.marret.co\/wp-content\/uploads\/2018\/04\/Leroux-639a_wp.jpg?resize=1024%2C799&amp;ssl=1 1024w, https:\/\/i0.wp.com\/emblemedequebec.marret.co\/wp-content\/uploads\/2018\/04\/Leroux-639a_wp.jpg?resize=300%2C234&amp;ssl=1 300w, https:\/\/i0.wp.com\/emblemedequebec.marret.co\/wp-content\/uploads\/2018\/04\/Leroux-639a_wp.jpg?resize=768%2C600&amp;ssl=1 768w, https:\/\/i0.wp.com\/emblemedequebec.marret.co\/wp-content\/uploads\/2018\/04\/Leroux-639a_wp.jpg?resize=800%2C625&amp;ssl=1 800w, https:\/\/i0.wp.com\/emblemedequebec.marret.co\/wp-content\/uploads\/2018\/04\/Leroux-639a_wp.jpg?resize=600%2C468&amp;ssl=1 600w, https:\/\/i0.wp.com\/emblemedequebec.marret.co\/wp-content\/uploads\/2018\/04\/Leroux-639a_wp.jpg?w=1181&amp;ssl=1 1181w\" sizes=\"auto, (max-width: 508px) 100vw, 508px\" \/><\/a><p id=\"caption-attachment-8647\" class=\"wp-caption-text\">Extrait du catalogue Leroux<\/p><\/div>\n","protected":false},"excerpt":{"rendered":"<p>N\u00e9 en 1826 \u00e0 Bristol (Angleterre), Henry Fry commence \u00e0 12&nbsp;ans sa carri\u00e8re dans le transport maritime. Propri\u00e9taire de navires, courtier maritime r\u00e9put\u00e9, il est un marchand important de la ville de Qu\u00e9bec et exerce de nombreuses fonctions dans le &hellip; <a href=\"https:\/\/emblemedequebec.marret.co\/index.php\/dans-la-numismatique\/henry-fry-english-prize-1864\/\">Continuer la lecture <span class=\"meta-nav\">&rarr;<\/span><\/a><\/p>\n","protected":false},"author":1,"featured_media":0,"parent":7593,"menu_order":0,"comment_status":"closed","ping_status":"closed","template":"","meta":{"ngg_post_thumbnail":0,"jetpack_post_was_ever_published":false,"footnotes":""},"class_list":["post-8648","page","type-page","status-publish","hentry"],"aioseo_notices":[],"jetpack_sharing_enabled":true,"jetpack_shortlink":"https:\/\/wp.me\/P9K7xB-2fu","jetpack-related-posts":[{"id":7593,"url":"https:\/\/emblemedequebec.marret.co\/index.php\/dans-la-numismatique\/","url_meta":{"origin":8648,"position":0},"title":"&#8230; dans la numismatique","author":"marretgravereaux","date":"13 mars 2018","format":false,"excerpt":"\u00a0 Les premi\u00e8res pi\u00e8ces portant l\u2019embl\u00e8me de Qu\u00e9bec furent \u00e9mises par la Banque de Qu\u00e9bec en 1852\u00a0; cette m\u00eame banque \u00e9mit des billets avec le m\u00eame embl\u00e8me entre 1863 et 1911. De son c\u00f4t\u00e9, la Banque Nationale fut \u00e0 l\u2019origine de billets avec la m\u00eame illustration entre 1860 et 1922.\u2026","rel":"","context":"Article similaire","block_context":{"text":"Article similaire","link":""},"img":{"alt_text":"","src":"https:\/\/i0.wp.com\/emblemedequebec.marret.co\/wp-content\/uploads\/2018\/03\/1102-JLM1-Penny-FR1_wp-1021x1024.jpg?resize=350%2C200","width":350,"height":200},"classes":[]},{"id":8922,"url":"https:\/\/emblemedequebec.marret.co\/index.php\/sur-des-bijoux\/quebec-curling-club\/","url_meta":{"origin":8648,"position":1},"title":"Quebec Curling Club","author":"marretgravereaux","date":"1 mai 2018","format":false,"excerpt":"Le curling se joue \u00e0 l'origine sur des surfaces glac\u00e9es naturelles, telles, \u00e0 Qu\u00e9bec, le Saint-Laurent ou la rivi\u00e8re Saint-Charles. Mais, \u00e0 l\u2019initiative des \u00c9cossais le Quebec Curling Club voit le jour en 1821 et, au d\u00e9but, seuls des fils et des filles d'\u00c9cossais peuvent en devenir membres. Apr\u00e8s Montr\u00e9al\u2026","rel":"","context":"Dans &quot;Non class\u00e9&quot;","block_context":{"text":"Non class\u00e9","link":"https:\/\/emblemedequebec.marret.co\/index.php\/category\/non-classe\/"},"img":{"alt_text":"","src":"https:\/\/i0.wp.com\/emblemedequebec.marret.co\/wp-content\/uploads\/2018\/04\/2321-MMC-M930_50_1_638_wp.jpg?resize=350%2C200","width":350,"height":200},"classes":[]},{"id":7617,"url":"https:\/\/emblemedequebec.marret.co\/index.php\/a-la-ville-de-quebec\/","url_meta":{"origin":8648,"position":2},"title":"&#8230; \u00e0 la ville de Qu\u00e9bec","author":"marretgravereaux","date":"13 mars 2018","format":false,"excerpt":"Le nouveau sceau de la ville de Qu\u00e9bec a \u00e9t\u00e9 adopt\u00e9 officiellement le 23 mai 1834 et il a, d\u00e8s ce moment-l\u00e0, \u00e9t\u00e9 utilis\u00e9 par la ville chaque fois que n\u00e9cessaire pour identifier des objets ou des personnes, illustrer des documents ou orner des meubles. L\u2019embl\u00e8me officiel est demeur\u00e9 le\u2026","rel":"","context":"Article similaire","block_context":{"text":"Article similaire","link":""},"img":{"alt_text":"","src":"https:\/\/i0.wp.com\/emblemedequebec.marret.co\/wp-content\/uploads\/2018\/05\/QP1-1-PV-1833-1834-23-mai-1834p_wp.jpg?resize=350%2C200","width":350,"height":200},"classes":[]},{"id":8701,"url":"https:\/\/emblemedequebec.marret.co\/index.php\/dans-la-numismatique\/exposition-commerciale-de-quebec-1894\/","url_meta":{"origin":8648,"position":3},"title":"Exposition commerciale de Qu\u00e9bec (1894)","author":"marretgravereaux","date":"22 avril 2018","format":false,"excerpt":"La premi\u00e8re exposition agricole de Qu\u00e9bec, organis\u00e9e par la Soci\u00e9t\u00e9 d'agriculture de Qu\u00e9bec, se tient les 20 et 21 octobre 1818. Mais il faut attendre 1854 pour que Qu\u00e9bec mette sur pied une exposition d\u2019envergure r\u00e9ellement provinciale et visant \u00e0 promouvoir l\u2019agriculture, l\u2019industrie et le commerce. Cet \u00e9v\u00e8nement aurait d\u00fb\u2026","rel":"","context":"Article similaire","block_context":{"text":"Article similaire","link":""},"img":{"alt_text":"","src":"https:\/\/i0.wp.com\/emblemedequebec.marret.co\/wp-content\/uploads\/2018\/04\/Exposition-provinciale-1894_wp-1024x601.jpg?resize=350%2C200","width":350,"height":200},"classes":[]},{"id":9265,"url":"https:\/\/emblemedequebec.marret.co\/index.php\/a-la-ville-de-quebec\/les-cartes-dalfred-hawkins\/","url_meta":{"origin":8648,"position":4},"title":"Les cartes d&rsquo;Alfred Hawkins","author":"marretgravereaux","date":"24 mai 2018","format":false,"excerpt":"N\u00e9 en 1792 en Angleterre, Alfred Hawkins s\u2019installe \u00e0 Qu\u00e9bec en 1817 et s\u2019associe avec John Leland Maquay pour op\u00e9rer un commerce de vins et spiritueux. Il s\u2019implique tr\u00e8s rapidement dans la vie sociale et \u00e9conomique de Qu\u00e9bec, tant dans des associations mondaines que financi\u00e8res, telles la Quebec Assembly, la\u2026","rel":"","context":"Article similaire","block_context":{"text":"Article similaire","link":""},"img":{"alt_text":"","src":"https:\/\/i0.wp.com\/emblemedequebec.marret.co\/wp-content\/uploads\/2018\/05\/Hawkins-Alfred-Pictures-of-Quebec-p290a_wp.jpg?resize=350%2C200","width":350,"height":200},"classes":[]},{"id":8324,"url":"https:\/\/emblemedequebec.marret.co\/index.php\/ses-origines\/le-dessin-du-sceau\/","url_meta":{"origin":8648,"position":5},"title":"Le dessin du sceau","author":"marretgravereaux","date":"19 mars 2018","format":false,"excerpt":"Les \u00e9lections municipales de la Cit\u00e9 de Qu\u00e9bec ont lieu \u00e0 la fin avril\u00a01833. Le 24\u00a0mai, soit moins d\u2019un mois apr\u00e8s, le Conseil choisit son nouveau sceau\u00a0: \u00ab\u00a0R\u00e9solu que le Sceau de la Corporation tel que pr\u00e9sent\u00e9 par M.\u00a0L\u00e9gar\u00e9 soit adopt\u00e9 comme le Sceau de la Corporation. Le dit Sceau\u2026","rel":"","context":"Article similaire","block_context":{"text":"Article similaire","link":""},"img":{"alt_text":"","src":"https:\/\/i0.wp.com\/emblemedequebec.marret.co\/wp-content\/uploads\/2018\/05\/QP1-1-PV-1833-1834-23-mai-1834p_wp.jpg?resize=350%2C200","width":350,"height":200},"classes":[]}],"_links":{"self":[{"href":"https:\/\/emblemedequebec.marret.co\/index.php\/wp-json\/wp\/v2\/pages\/8648","targetHints":{"allow":["GET"]}}],"collection":[{"href":"https:\/\/emblemedequebec.marret.co\/index.php\/wp-json\/wp\/v2\/pages"}],"about":[{"href":"https:\/\/emblemedequebec.marret.co\/index.php\/wp-json\/wp\/v2\/types\/page"}],"author":[{"embeddable":true,"href":"https:\/\/emblemedequebec.marret.co\/index.php\/wp-json\/wp\/v2\/users\/1"}],"replies":[{"embeddable":true,"href":"https:\/\/emblemedequebec.marret.co\/index.php\/wp-json\/wp\/v2\/comments?post=8648"}],"version-history":[{"count":3,"href":"https:\/\/emblemedequebec.marret.co\/index.php\/wp-json\/wp\/v2\/pages\/8648\/revisions"}],"predecessor-version":[{"id":10544,"href":"https:\/\/emblemedequebec.marret.co\/index.php\/wp-json\/wp\/v2\/pages\/8648\/revisions\/10544"}],"up":[{"embeddable":true,"href":"https:\/\/emblemedequebec.marret.co\/index.php\/wp-json\/wp\/v2\/pages\/7593"}],"wp:attachment":[{"href":"https:\/\/emblemedequebec.marret.co\/index.php\/wp-json\/wp\/v2\/media?parent=8648"}],"curies":[{"name":"wp","href":"https:\/\/api.w.org\/{rel}","templated":true}]}}