{"id":8627,"date":"2018-04-18T22:20:15","date_gmt":"2018-04-18T21:20:15","guid":{"rendered":"http:\/\/emblemedequebec.marret.co\/?page_id=8627"},"modified":"2024-10-03T15:13:58","modified_gmt":"2024-10-03T14:13:58","slug":"medaille-du-royal-arcanum-1903","status":"publish","type":"page","link":"https:\/\/emblemedequebec.marret.co\/index.php\/dans-la-numismatique\/medaille-du-royal-arcanum-1903\/","title":{"rendered":"M\u00e9daille du Royal Arcanum (1903)"},"content":{"rendered":"<p><a href=\"https:\/\/i0.wp.com\/emblemedequebec.marret.co\/wp-content\/uploads\/2018\/04\/Royal-Arcanum-Logo_0_wp.jpg?ssl=1\"><img data-recalc-dims=\"1\" loading=\"lazy\" decoding=\"async\" data-attachment-id=\"8630\" data-permalink=\"https:\/\/emblemedequebec.marret.co\/index.php\/dans-la-numismatique\/medaille-du-royal-arcanum-1903\/royal-arcanum-logo_0_wp\/\" data-orig-file=\"https:\/\/i0.wp.com\/emblemedequebec.marret.co\/wp-content\/uploads\/2018\/04\/Royal-Arcanum-Logo_0_wp.jpg?fit=591%2C114&amp;ssl=1\" data-orig-size=\"591,114\" data-comments-opened=\"1\" data-image-meta=\"{&quot;aperture&quot;:&quot;0&quot;,&quot;credit&quot;:&quot;&quot;,&quot;camera&quot;:&quot;&quot;,&quot;caption&quot;:&quot;&quot;,&quot;created_timestamp&quot;:&quot;0&quot;,&quot;copyright&quot;:&quot;&quot;,&quot;focal_length&quot;:&quot;0&quot;,&quot;iso&quot;:&quot;0&quot;,&quot;shutter_speed&quot;:&quot;0&quot;,&quot;title&quot;:&quot;&quot;,&quot;orientation&quot;:&quot;1&quot;}\" data-image-title=\"Royal Arcanum Logo_0_wp\" data-image-description=\"\" data-image-caption=\"\" data-medium-file=\"https:\/\/i0.wp.com\/emblemedequebec.marret.co\/wp-content\/uploads\/2018\/04\/Royal-Arcanum-Logo_0_wp.jpg?fit=300%2C58&amp;ssl=1\" data-large-file=\"https:\/\/i0.wp.com\/emblemedequebec.marret.co\/wp-content\/uploads\/2018\/04\/Royal-Arcanum-Logo_0_wp.jpg?fit=591%2C114&amp;ssl=1\" class=\"wp-image-8630 aligncenter\" src=\"https:\/\/i0.wp.com\/emblemedequebec.marret.co\/wp-content\/uploads\/2018\/04\/Royal-Arcanum-Logo_0_wp.jpg?resize=358%2C69&#038;ssl=1\" alt=\"\" width=\"358\" height=\"69\" data-wp-pid=\"8630\" srcset=\"https:\/\/i0.wp.com\/emblemedequebec.marret.co\/wp-content\/uploads\/2018\/04\/Royal-Arcanum-Logo_0_wp.jpg?w=591&amp;ssl=1 591w, https:\/\/i0.wp.com\/emblemedequebec.marret.co\/wp-content\/uploads\/2018\/04\/Royal-Arcanum-Logo_0_wp.jpg?resize=300%2C58&amp;ssl=1 300w\" sizes=\"auto, (max-width: 358px) 100vw, 358px\" \/><\/a><\/p>\n<p>Fond\u00e9 en 1877 \u00e0 Boston (Massachusetts), le <strong><em>Supreme Council of the Royal Arcanum<\/em><\/strong> est une soci\u00e9t\u00e9 d\u2019entraide fraternelle regroupant des membres am\u00e9ricains et canadiens.<\/p>\n<p><a href=\"https:\/\/i0.wp.com\/emblemedequebec.marret.co\/wp-content\/uploads\/2018\/04\/1894-Our-City-Our-sports-p50a_wp.jpg?ssl=1\"><img data-recalc-dims=\"1\" loading=\"lazy\" decoding=\"async\" data-attachment-id=\"8639\" data-permalink=\"https:\/\/emblemedequebec.marret.co\/index.php\/dans-la-numismatique\/medaille-du-royal-arcanum-1903\/our-city-and-our-sports-microform-souvenir-and-official-prog\/\" data-orig-file=\"https:\/\/i0.wp.com\/emblemedequebec.marret.co\/wp-content\/uploads\/2018\/04\/1894-Our-City-Our-sports-p50a_wp.jpg?fit=886%2C399&amp;ssl=1\" data-orig-size=\"886,399\" data-comments-opened=\"1\" data-image-meta=\"{&quot;aperture&quot;:&quot;0&quot;,&quot;credit&quot;:&quot;Canadian Wheelmen&#039;s Association&quot;,&quot;camera&quot;:&quot;&quot;,&quot;caption&quot;:&quot;&quot;,&quot;created_timestamp&quot;:&quot;0&quot;,&quot;copyright&quot;:&quot;&quot;,&quot;focal_length&quot;:&quot;0&quot;,&quot;iso&quot;:&quot;0&quot;,&quot;shutter_speed&quot;:&quot;0&quot;,&quot;title&quot;:&quot;Our city and our sports [microform] : souvenir and official prog&quot;,&quot;orientation&quot;:&quot;1&quot;}\" data-image-title=\"Our city and our sports [microform] : souvenir and official prog\" data-image-description=\"\" data-image-caption=\"\" data-medium-file=\"https:\/\/i0.wp.com\/emblemedequebec.marret.co\/wp-content\/uploads\/2018\/04\/1894-Our-City-Our-sports-p50a_wp.jpg?fit=300%2C135&amp;ssl=1\" data-large-file=\"https:\/\/i0.wp.com\/emblemedequebec.marret.co\/wp-content\/uploads\/2018\/04\/1894-Our-City-Our-sports-p50a_wp.jpg?fit=640%2C288&amp;ssl=1\" class=\"wp-image-8639 alignright\" src=\"https:\/\/i0.wp.com\/emblemedequebec.marret.co\/wp-content\/uploads\/2018\/04\/1894-Our-City-Our-sports-p50a_wp.jpg?resize=173%2C78&#038;ssl=1\" alt=\"\" width=\"173\" height=\"78\" data-wp-pid=\"8639\" srcset=\"https:\/\/i0.wp.com\/emblemedequebec.marret.co\/wp-content\/uploads\/2018\/04\/1894-Our-City-Our-sports-p50a_wp.jpg?w=886&amp;ssl=1 886w, https:\/\/i0.wp.com\/emblemedequebec.marret.co\/wp-content\/uploads\/2018\/04\/1894-Our-City-Our-sports-p50a_wp.jpg?resize=300%2C135&amp;ssl=1 300w, https:\/\/i0.wp.com\/emblemedequebec.marret.co\/wp-content\/uploads\/2018\/04\/1894-Our-City-Our-sports-p50a_wp.jpg?resize=768%2C346&amp;ssl=1 768w, https:\/\/i0.wp.com\/emblemedequebec.marret.co\/wp-content\/uploads\/2018\/04\/1894-Our-City-Our-sports-p50a_wp.jpg?resize=800%2C360&amp;ssl=1 800w, https:\/\/i0.wp.com\/emblemedequebec.marret.co\/wp-content\/uploads\/2018\/04\/1894-Our-City-Our-sports-p50a_wp.jpg?resize=600%2C270&amp;ssl=1 600w\" sizes=\"auto, (max-width: 173px) 100vw, 173px\" \/><\/a>Ses dirigeants d\u00e9cid\u00e8rent de tenir l\u2019assembl\u00e9e g\u00e9n\u00e9rale de leur groupe, en 1903, \u00e0 Qu\u00e9bec et leur 26<sup>e<\/sup> r\u00e9union annuelle eut lieu du 20 au 27&nbsp;mai.&nbsp;\u00c0 cette occasion, ils \u00e9mirent une m\u00e9daille souvenir, cr\u00e9\u00e9e par Richard Hemsley, fabricant de m\u00e9dailles et d\u2019insignes \u00e0 Montr\u00e9al.<\/p>\n<p><a href=\"https:\/\/i0.wp.com\/emblemedequebec.marret.co\/wp-content\/uploads\/2018\/04\/1571b-MCQ-Arcanum-1a_wp.jpg?ssl=1\"><img data-recalc-dims=\"1\" loading=\"lazy\" decoding=\"async\" data-attachment-id=\"8633\" data-permalink=\"https:\/\/emblemedequebec.marret.co\/index.php\/dans-la-numismatique\/medaille-du-royal-arcanum-1903\/1571b-mcq-arcanum-1a_wp\/\" data-orig-file=\"https:\/\/i0.wp.com\/emblemedequebec.marret.co\/wp-content\/uploads\/2018\/04\/1571b-MCQ-Arcanum-1a_wp.jpg?fit=918%2C1181&amp;ssl=1\" data-orig-size=\"918,1181\" data-comments-opened=\"1\" data-image-meta=\"{&quot;aperture&quot;:&quot;0&quot;,&quot;credit&quot;:&quot;&quot;,&quot;camera&quot;:&quot;Expr1640XL1640XL&quot;,&quot;caption&quot;:&quot;&quot;,&quot;created_timestamp&quot;:&quot;1284459331&quot;,&quot;copyright&quot;:&quot;&quot;,&quot;focal_length&quot;:&quot;0&quot;,&quot;iso&quot;:&quot;0&quot;,&quot;shutter_speed&quot;:&quot;0&quot;,&quot;title&quot;:&quot;&quot;,&quot;orientation&quot;:&quot;1&quot;}\" data-image-title=\"1571b-MCQ Arcanum 1a_wp\" data-image-description=\"\" data-image-caption=\"\" data-medium-file=\"https:\/\/i0.wp.com\/emblemedequebec.marret.co\/wp-content\/uploads\/2018\/04\/1571b-MCQ-Arcanum-1a_wp.jpg?fit=233%2C300&amp;ssl=1\" data-large-file=\"https:\/\/i0.wp.com\/emblemedequebec.marret.co\/wp-content\/uploads\/2018\/04\/1571b-MCQ-Arcanum-1a_wp.jpg?fit=640%2C823&amp;ssl=1\" class=\"alignnone wp-image-8633\" src=\"https:\/\/i0.wp.com\/emblemedequebec.marret.co\/wp-content\/uploads\/2018\/04\/1571b-MCQ-Arcanum-1a_wp.jpg?resize=200%2C257&#038;ssl=1\" alt=\"\" width=\"200\" height=\"257\" data-wp-pid=\"8633\" srcset=\"https:\/\/i0.wp.com\/emblemedequebec.marret.co\/wp-content\/uploads\/2018\/04\/1571b-MCQ-Arcanum-1a_wp.jpg?resize=796%2C1024&amp;ssl=1 796w, https:\/\/i0.wp.com\/emblemedequebec.marret.co\/wp-content\/uploads\/2018\/04\/1571b-MCQ-Arcanum-1a_wp.jpg?resize=233%2C300&amp;ssl=1 233w, https:\/\/i0.wp.com\/emblemedequebec.marret.co\/wp-content\/uploads\/2018\/04\/1571b-MCQ-Arcanum-1a_wp.jpg?resize=768%2C988&amp;ssl=1 768w, https:\/\/i0.wp.com\/emblemedequebec.marret.co\/wp-content\/uploads\/2018\/04\/1571b-MCQ-Arcanum-1a_wp.jpg?resize=800%2C1029&amp;ssl=1 800w, https:\/\/i0.wp.com\/emblemedequebec.marret.co\/wp-content\/uploads\/2018\/04\/1571b-MCQ-Arcanum-1a_wp.jpg?resize=466%2C600&amp;ssl=1 466w, https:\/\/i0.wp.com\/emblemedequebec.marret.co\/wp-content\/uploads\/2018\/04\/1571b-MCQ-Arcanum-1a_wp.jpg?w=918&amp;ssl=1 918w\" sizes=\"auto, (max-width: 200px) 100vw, 200px\" \/><\/a> <a href=\"https:\/\/i0.wp.com\/emblemedequebec.marret.co\/wp-content\/uploads\/2018\/04\/1571a-JLM-Arcanum-FR1_wp.jpg?ssl=1\">&nbsp; &nbsp; &nbsp; &nbsp;&nbsp; <img data-recalc-dims=\"1\" loading=\"lazy\" decoding=\"async\" data-attachment-id=\"8631\" data-permalink=\"https:\/\/emblemedequebec.marret.co\/index.php\/dans-la-numismatique\/medaille-du-royal-arcanum-1903\/1571a-jlm-arcanum-fr1_wp\/\" data-orig-file=\"https:\/\/i0.wp.com\/emblemedequebec.marret.co\/wp-content\/uploads\/2018\/04\/1571a-JLM-Arcanum-FR1_wp.jpg?fit=677%2C1181&amp;ssl=1\" data-orig-size=\"677,1181\" data-comments-opened=\"1\" data-image-meta=\"{&quot;aperture&quot;:&quot;11&quot;,&quot;credit&quot;:&quot;&quot;,&quot;camera&quot;:&quot;NIKON D7000&quot;,&quot;caption&quot;:&quot;&quot;,&quot;created_timestamp&quot;:&quot;1387813256&quot;,&quot;copyright&quot;:&quot;&quot;,&quot;focal_length&quot;:&quot;105&quot;,&quot;iso&quot;:&quot;100&quot;,&quot;shutter_speed&quot;:&quot;0.076923076923077&quot;,&quot;title&quot;:&quot;&quot;,&quot;orientation&quot;:&quot;1&quot;}\" data-image-title=\"1571a-JLM Arcanum FR1_wp\" data-image-description=\"\" data-image-caption=\"\" data-medium-file=\"https:\/\/i0.wp.com\/emblemedequebec.marret.co\/wp-content\/uploads\/2018\/04\/1571a-JLM-Arcanum-FR1_wp.jpg?fit=172%2C300&amp;ssl=1\" data-large-file=\"https:\/\/i0.wp.com\/emblemedequebec.marret.co\/wp-content\/uploads\/2018\/04\/1571a-JLM-Arcanum-FR1_wp.jpg?fit=587%2C1024&amp;ssl=1\" class=\"alignnone wp-image-8631\" src=\"https:\/\/i0.wp.com\/emblemedequebec.marret.co\/wp-content\/uploads\/2018\/04\/1571a-JLM-Arcanum-FR1_wp.jpg?resize=228%2C398&#038;ssl=1\" alt=\"\" width=\"228\" height=\"398\" data-wp-pid=\"8631\" srcset=\"https:\/\/i0.wp.com\/emblemedequebec.marret.co\/wp-content\/uploads\/2018\/04\/1571a-JLM-Arcanum-FR1_wp.jpg?resize=587%2C1024&amp;ssl=1 587w, https:\/\/i0.wp.com\/emblemedequebec.marret.co\/wp-content\/uploads\/2018\/04\/1571a-JLM-Arcanum-FR1_wp.jpg?resize=172%2C300&amp;ssl=1 172w, https:\/\/i0.wp.com\/emblemedequebec.marret.co\/wp-content\/uploads\/2018\/04\/1571a-JLM-Arcanum-FR1_wp.jpg?resize=344%2C600&amp;ssl=1 344w, https:\/\/i0.wp.com\/emblemedequebec.marret.co\/wp-content\/uploads\/2018\/04\/1571a-JLM-Arcanum-FR1_wp.jpg?w=677&amp;ssl=1 677w\" sizes=\"auto, (max-width: 228px) 100vw, 228px\" \/><\/a><\/p>\n<p>\u00c0 gauche, un mod\u00e8le, en cuivre, de la m\u00e9daille &#8211; Collection du <span style=\"display: inline !important; float: none; background-color: transparent; color: #444444; font-family: Georgia,'Bitstream Charter',serif; font-size: 16px; font-style: normal; font-variant: normal; font-weight: 400; letter-spacing: normal; line-height: 24px; orphans: 2; text-align: left; text-decoration: none; text-indent: 0px; text-transform: none; -webkit-text-stroke-width: 0px; white-space: normal; word-spacing: 0px;\">Mus\u00e9e de la Civilisation (1991.3057).<\/span><b><\/b><i><\/i><u><\/u><\/p>\n<p>\u00c0 droite, la m\u00e9daille elle-m\u00eame, en cuivre, plaqu\u00e9 or et \u00e9mail.<\/p>\n<p style=\"padding-left: 90px;\">&#8212;&#8212;-<\/p>\n<p style=\"padding-left: 30px;\"><em>Fabricant<\/em>&nbsp;: Richard Hemsley (Montr\u00e9al)<br \/>\n<em>Diam\u00e8tre de la m\u00e9daille<\/em>&nbsp;: 41&nbsp;mm.<\/p>\n<p style=\"text-align: left; padding-left: 30px;\"><em>Inscriptions<\/em>&nbsp;:&nbsp;<br \/>\n&nbsp;&nbsp; Grand Council of Quebec<br \/>\n&nbsp;&nbsp; Supreme Council Royal Arcanum<br \/>\n&nbsp;&nbsp; Quebec<\/p>\n<p style=\"padding-left: 30px;\">&nbsp;&nbsp; 26<sup>th<\/sup> Annual<br \/>\n&nbsp;&nbsp; Session<br \/>\n&nbsp;&nbsp; 1903<\/p>\n","protected":false},"excerpt":{"rendered":"<p>Fond\u00e9 en 1877 \u00e0 Boston (Massachusetts), le Supreme Council of the Royal Arcanum est une soci\u00e9t\u00e9 d\u2019entraide fraternelle regroupant des membres am\u00e9ricains et canadiens. Ses dirigeants d\u00e9cid\u00e8rent de tenir l\u2019assembl\u00e9e g\u00e9n\u00e9rale de leur groupe, en 1903, \u00e0 Qu\u00e9bec et leur &hellip; <a href=\"https:\/\/emblemedequebec.marret.co\/index.php\/dans-la-numismatique\/medaille-du-royal-arcanum-1903\/\">Continuer la lecture <span class=\"meta-nav\">&rarr;<\/span><\/a><\/p>\n","protected":false},"author":1,"featured_media":0,"parent":7593,"menu_order":0,"comment_status":"closed","ping_status":"closed","template":"","meta":{"ngg_post_thumbnail":0,"jetpack_post_was_ever_published":false,"footnotes":""},"class_list":["post-8627","page","type-page","status-publish","hentry"],"aioseo_notices":[],"jetpack_sharing_enabled":true,"jetpack_shortlink":"https:\/\/wp.me\/P9K7xB-2f9","jetpack-related-posts":[{"id":7593,"url":"https:\/\/emblemedequebec.marret.co\/index.php\/dans-la-numismatique\/","url_meta":{"origin":8627,"position":0},"title":"&#8230; dans la numismatique","author":"marretgravereaux","date":"13 mars 2018","format":false,"excerpt":"\u00a0 Les premi\u00e8res pi\u00e8ces portant l\u2019embl\u00e8me de Qu\u00e9bec furent \u00e9mises par la Banque de Qu\u00e9bec en 1852\u00a0; cette m\u00eame banque \u00e9mit des billets avec le m\u00eame embl\u00e8me entre 1863 et 1911. De son c\u00f4t\u00e9, la Banque Nationale fut \u00e0 l\u2019origine de billets avec la m\u00eame illustration entre 1860 et 1922.\u2026","rel":"","context":"Article similaire","block_context":{"text":"Article similaire","link":""},"img":{"alt_text":"","src":"https:\/\/i0.wp.com\/emblemedequebec.marret.co\/wp-content\/uploads\/2018\/03\/1102-JLM1-Penny-FR1_wp-1021x1024.jpg?resize=350%2C200","width":350,"height":200},"classes":[]},{"id":8494,"url":"https:\/\/emblemedequebec.marret.co\/index.php\/sur-des-imprimes\/des-cartes-postales-avec-le-premier-embleme-de-quebec\/","url_meta":{"origin":8627,"position":1},"title":"Des cartes postales avec le premier embl\u00e8me de Qu\u00e9bec\u2026","author":"marretgravereaux","date":"17 avril 2018","format":false,"excerpt":"Au fil des ann\u00e9es, de nombreuses cartes postales ont \u00e9t\u00e9 \u00e9mises avec, en illustration, le premier embl\u00e8me de la ville de Qu\u00e9bec\u00a0: Une carte postale \u00e9mise par la compagnie Raphael Tuck & sons dans le cadre de la s\u00e9rie \u00ab\u00a0Canadian Coats of Arms\u00a0\u00bb \u00a0 Une s\u00e9rie de cartes postales sur\u2026","rel":"","context":"Article similaire","block_context":{"text":"Article similaire","link":""},"img":{"alt_text":"","src":"https:\/\/i0.wp.com\/emblemedequebec.marret.co\/wp-content\/uploads\/2018\/04\/2641-JLM2-CP-Tuck_wp-1024x641.jpg?resize=350%2C200","width":350,"height":200},"classes":[]},{"id":10636,"url":"https:\/\/emblemedequebec.marret.co\/index.php\/dans-la-numismatique\/exposition-provinciale-1913\/","url_meta":{"origin":8627,"position":2},"title":"Exposition provinciale 1913","author":"marretgravereaux","date":"4 octobre 2024","format":false,"excerpt":"En 1911, la ville de Qu\u00e9bec acquiert les biens de la Compagnie de l\u2019Exposition de Qu\u00e9bec et devient l\u2019organisatrice de l\u2019Exposition provinciale. Propri\u00e9taire du site de Limoilou, elle le modernise et remplace progressivement les anciens b\u00e2timents en bois par des \u00e9difices plus prestigieux\u00a0; le Palais des transports- devenu ult\u00e9rieurement le\u2026","rel":"","context":"Article similaire","block_context":{"text":"Article similaire","link":""},"img":{"alt_text":"","src":"https:\/\/i0.wp.com\/emblemedequebec.marret.co\/wp-content\/uploads\/2024\/10\/1920-Exposition-provinciale-Gariepy-300x194.jpg?resize=350%2C200&ssl=1","width":350,"height":200,"srcset":"https:\/\/i0.wp.com\/emblemedequebec.marret.co\/wp-content\/uploads\/2024\/10\/1920-Exposition-provinciale-Gariepy-300x194.jpg?resize=350%2C200&ssl=1 1x, https:\/\/i0.wp.com\/emblemedequebec.marret.co\/wp-content\/uploads\/2024\/10\/1920-Exposition-provinciale-Gariepy-300x194.jpg?resize=525%2C300&ssl=1 1.5x"},"classes":[]},{"id":8658,"url":"https:\/\/emblemedequebec.marret.co\/index.php\/dans-la-numismatique\/mardi-gras-carnaval-de-quebec-1912\/","url_meta":{"origin":8627,"position":3},"title":"Mardi Gras \u2013 Carnaval de Qu\u00e9bec (1912)","author":"marretgravereaux","date":"20 avril 2018","format":false,"excerpt":"Le premier grand carnaval d\u2019hiver a vu le jour \u00e0 Qu\u00e9bec en 1894. Depuis, il a eu lieu r\u00e9guli\u00e8rement, sauf au moment des guerres mondiales et lors de la crise \u00e9conomique de 1929. Mais certaines de ces f\u00eates ont eu plus d\u2019ampleur et sont rest\u00e9es longtemps grav\u00e9es dans les m\u00e9moires.\u2026","rel":"","context":"Article similaire","block_context":{"text":"Article similaire","link":""},"img":{"alt_text":"","src":"https:\/\/i0.wp.com\/emblemedequebec.marret.co\/wp-content\/uploads\/2018\/04\/1912-Carnaval-de-Qu%C3%A9bec-Affiche-1a_wp.jpg?resize=350%2C200","width":350,"height":200},"classes":[]},{"id":8648,"url":"https:\/\/emblemedequebec.marret.co\/index.php\/dans-la-numismatique\/henry-fry-english-prize-1864\/","url_meta":{"origin":8627,"position":4},"title":"Henry Fry English Prize (vers 1870)","author":"marretgravereaux","date":"19 avril 2018","format":false,"excerpt":"N\u00e9 en 1826 \u00e0 Bristol (Angleterre), Henry Fry commence \u00e0 12\u00a0ans sa carri\u00e8re dans le transport maritime. Propri\u00e9taire de navires, courtier maritime r\u00e9put\u00e9, il est un marchand important de la ville de Qu\u00e9bec et exerce de nombreuses fonctions dans le milieu des affaires\u00a0: administrateur de la Banque de Qu\u00e9bec de\u2026","rel":"","context":"Article similaire","block_context":{"text":"Article similaire","link":""},"img":{"alt_text":"","src":"https:\/\/i0.wp.com\/emblemedequebec.marret.co\/wp-content\/uploads\/2018\/04\/Henry-Fry-04-Mus%C3%A9e-McCord-a_wp.jpg?resize=350%2C200","width":350,"height":200},"classes":[]},{"id":9466,"url":"https:\/\/emblemedequebec.marret.co\/index.php\/a-la-societe-numismatique-de-quebec-s-n-q\/medaille-du-congres-de-lassociation-canadienne-de-numismatique-1989\/","url_meta":{"origin":8627,"position":5},"title":"M\u00e9daille du congr\u00e8s de l\u2019Association canadienne de numismatique (1989)","author":"marretgravereaux","date":"8 ao\u00fbt 2018","format":false,"excerpt":"En 1989, la Soci\u00e9t\u00e9 numismatique de Qu\u00e9bec est l\u2019h\u00f4te du Congr\u00e8s annuel de l\u2019Association Canadienne de Numismatique - le plus important \u00e9v\u00e8nement du genre au Canada - et celui-ci a lieu \u00e0 Qu\u00e9bec du 26 au 30 juillet. \u00c0 cette occasion, la Monnaie Royale Canadienne est mandat\u00e9e pour frapper la\u2026","rel":"","context":"Article similaire","block_context":{"text":"Article similaire","link":""},"img":{"alt_text":"","src":"https:\/\/i0.wp.com\/emblemedequebec.marret.co\/wp-content\/uploads\/2018\/08\/SNQ-1989-Congr%C3%A8s-ACN-a-1_wp.jpg?resize=350%2C200","width":350,"height":200},"classes":[]}],"_links":{"self":[{"href":"https:\/\/emblemedequebec.marret.co\/index.php\/wp-json\/wp\/v2\/pages\/8627","targetHints":{"allow":["GET"]}}],"collection":[{"href":"https:\/\/emblemedequebec.marret.co\/index.php\/wp-json\/wp\/v2\/pages"}],"about":[{"href":"https:\/\/emblemedequebec.marret.co\/index.php\/wp-json\/wp\/v2\/types\/page"}],"author":[{"embeddable":true,"href":"https:\/\/emblemedequebec.marret.co\/index.php\/wp-json\/wp\/v2\/users\/1"}],"replies":[{"embeddable":true,"href":"https:\/\/emblemedequebec.marret.co\/index.php\/wp-json\/wp\/v2\/comments?post=8627"}],"version-history":[{"count":2,"href":"https:\/\/emblemedequebec.marret.co\/index.php\/wp-json\/wp\/v2\/pages\/8627\/revisions"}],"predecessor-version":[{"id":10553,"href":"https:\/\/emblemedequebec.marret.co\/index.php\/wp-json\/wp\/v2\/pages\/8627\/revisions\/10553"}],"up":[{"embeddable":true,"href":"https:\/\/emblemedequebec.marret.co\/index.php\/wp-json\/wp\/v2\/pages\/7593"}],"wp:attachment":[{"href":"https:\/\/emblemedequebec.marret.co\/index.php\/wp-json\/wp\/v2\/media?parent=8627"}],"curies":[{"name":"wp","href":"https:\/\/api.w.org\/{rel}","templated":true}]}}