{"id":8324,"date":"2018-03-19T11:58:25","date_gmt":"2018-03-19T10:58:25","guid":{"rendered":"http:\/\/emblemedequebec.marret.co\/?page_id=8324"},"modified":"2018-05-25T15:41:06","modified_gmt":"2018-05-25T14:41:06","slug":"le-dessin-du-sceau","status":"publish","type":"page","link":"https:\/\/emblemedequebec.marret.co\/index.php\/ses-origines\/le-dessin-du-sceau\/","title":{"rendered":"Le dessin du sceau"},"content":{"rendered":"<p>Les \u00e9lections municipales de la Cit\u00e9 de Qu\u00e9bec ont lieu \u00e0 la fin avril&nbsp;1833. Le 24&nbsp;mai, soit moins d\u2019un mois apr\u00e8s, le Conseil choisit son nouveau sceau&nbsp;:<\/p>\n<p style=\"padding-left: 30px;\"><em>\u00ab&nbsp;R\u00e9solu que le Sceau de la Corporation tel que pr\u00e9sent\u00e9 par M.&nbsp;L\u00e9gar\u00e9 soit adopt\u00e9 comme le Sceau de la Corporation. Le dit Sceau repr\u00e9sentant 1\u00b0 Le cap aux Diamants et la Basse ville 2\u00b0 La D\u00e9esse Str\u00e9nua<sup><a name=\"_ednref1\" href=\"https:\/\/emblemedequebec.marret.co\/wp-admin\/post-new.php?post_type=page#_edn1\"><strong>&nbsp;<\/strong>[1]<\/a><\/sup>, D\u00e9esse de l&rsquo;activit\u00e9 &amp; du travail montrant d&rsquo;une main le Fleuve St-Laurent et de l&rsquo;autre tenant quelques \u00e9pis de bled 3\u00b0 Une ruche d&rsquo;abeille et un Castor, enfin un Lion tenant une clef, d\u00e9signant Qu\u00e9bec comme la Clef du Canada. [\u2026]&nbsp;\u00bb<\/em><\/p>\n<p style=\"text-align: right;\"><span style=\"font-size: 10pt;\"><em>Journal des proc\u00e9d\u00e9s du Conseil de ville de la Cit\u00e9 de Qu\u00e9bec,<br \/>\npour la p\u00e9riode comprise entre le 1<sup>er<\/sup> mai 1833 et le 8&nbsp;octobre 1834 inclusivement<\/em>.<br \/>\nR\u00e9dig\u00e9 par Jean Langevin, secr\u00e9taire. S\u00e9ance du 24&nbsp;mai 1833, r\u00e9solution 136.<\/span><\/p>\n<p><a href=\"https:\/\/i0.wp.com\/emblemedequebec.marret.co\/wp-content\/uploads\/2018\/05\/QP1-1-PV-1833-1834-23-mai-1834p_wp.jpg?ssl=1\"><img data-recalc-dims=\"1\" loading=\"lazy\" decoding=\"async\" data-attachment-id=\"9161\" data-permalink=\"https:\/\/emblemedequebec.marret.co\/index.php\/a-la-ville-de-quebec\/evolution-de-lembleme-a-la-ville-de-quebec\/qp1-1-pv-1833-1834-23-mai-1834p_wp\/\" data-orig-file=\"https:\/\/i0.wp.com\/emblemedequebec.marret.co\/wp-content\/uploads\/2018\/05\/QP1-1-PV-1833-1834-23-mai-1834p_wp.jpg?fit=886%2C886&amp;ssl=1\" data-orig-size=\"886,886\" data-comments-opened=\"1\" data-image-meta=\"{&quot;aperture&quot;:&quot;0&quot;,&quot;credit&quot;:&quot;&quot;,&quot;camera&quot;:&quot;&quot;,&quot;caption&quot;:&quot;&quot;,&quot;created_timestamp&quot;:&quot;0&quot;,&quot;copyright&quot;:&quot;&quot;,&quot;focal_length&quot;:&quot;0&quot;,&quot;iso&quot;:&quot;0&quot;,&quot;shutter_speed&quot;:&quot;0&quot;,&quot;title&quot;:&quot;&quot;,&quot;orientation&quot;:&quot;1&quot;}\" data-image-title=\"QP1-1 PV 1833-1834 &amp;#8211; 23 mai 1834p_wp\" data-image-description=\"\" data-image-caption=\"&lt;p&gt;Journal des proc\u00e9d\u00e9s du Conseil de ville. 23 mai 1834&lt;\/p&gt;\n\" data-medium-file=\"https:\/\/i0.wp.com\/emblemedequebec.marret.co\/wp-content\/uploads\/2018\/05\/QP1-1-PV-1833-1834-23-mai-1834p_wp.jpg?fit=300%2C300&amp;ssl=1\" data-large-file=\"https:\/\/i0.wp.com\/emblemedequebec.marret.co\/wp-content\/uploads\/2018\/05\/QP1-1-PV-1833-1834-23-mai-1834p_wp.jpg?fit=640%2C640&amp;ssl=1\" width=\"150\" height=\"150\" class=\"wp-image-9161 alignright\" alt=\"\" src=\"https:\/\/i0.wp.com\/emblemedequebec.marret.co\/wp-content\/uploads\/2018\/05\/QP1-1-PV-1833-1834-23-mai-1834p_wp.jpg?resize=150%2C150&#038;ssl=1\" data-wp-pid=\"9161\" srcset=\"https:\/\/i0.wp.com\/emblemedequebec.marret.co\/wp-content\/uploads\/2018\/05\/QP1-1-PV-1833-1834-23-mai-1834p_wp.jpg?w=886&amp;ssl=1 886w, https:\/\/i0.wp.com\/emblemedequebec.marret.co\/wp-content\/uploads\/2018\/05\/QP1-1-PV-1833-1834-23-mai-1834p_wp.jpg?resize=150%2C150&amp;ssl=1 150w, https:\/\/i0.wp.com\/emblemedequebec.marret.co\/wp-content\/uploads\/2018\/05\/QP1-1-PV-1833-1834-23-mai-1834p_wp.jpg?resize=300%2C300&amp;ssl=1 300w, https:\/\/i0.wp.com\/emblemedequebec.marret.co\/wp-content\/uploads\/2018\/05\/QP1-1-PV-1833-1834-23-mai-1834p_wp.jpg?resize=768%2C768&amp;ssl=1 768w, https:\/\/i0.wp.com\/emblemedequebec.marret.co\/wp-content\/uploads\/2018\/05\/QP1-1-PV-1833-1834-23-mai-1834p_wp.jpg?resize=800%2C800&amp;ssl=1 800w, https:\/\/i0.wp.com\/emblemedequebec.marret.co\/wp-content\/uploads\/2018\/05\/QP1-1-PV-1833-1834-23-mai-1834p_wp.jpg?resize=600%2C600&amp;ssl=1 600w\" sizes=\"auto, (max-width: 150px) 100vw, 150px\" \/><\/a><\/p>\n<p><a href=\"http:\/\/www.biographi.ca\/fr\/bio\/legare_joseph_8F.html\" target=\"_blank\" rel=\"noopener\">Joseph L\u00e9gar\u00e9<\/a>, auteur du dessin, mais aussi nouvel \u00e9lu, n\u2019a donc eu que fort peu pour le pr\u00e9parer. Et il faudra un an pour que ce sceau soit fabriqu\u00e9&nbsp;: il appara\u00eet officiellement pour la premi\u00e8re fois le 23&nbsp;mai 1834 sur le <em>Journal des proc\u00e9d\u00e9s du Conseil de ville de la Cit\u00e9 de Qu\u00e9bec<\/em>.<\/p>\n<p>On comprendra facilement que le dessin initial de Joseph L\u00e9gar\u00e9 a pu \u00eatre modifi\u00e9 avant de devenir le sceau officiel. Le&nbsp; projet pr\u00e9sent\u00e9, en mai 1833, demeurant introuvable, il est impossible d\u2019identifier visuellement les changements qui y ont \u00e9t\u00e9 apport\u00e9s.<\/p>\n<p>On peut toutefois comparer la description du sceau, tr\u00e8s pr\u00e9cise, qui est faite dans la r\u00e9solution du 24&nbsp;mai 1833 \u00e0 l\u2019empreinte qui appara\u00eet \u00e0 c\u00f4t\u00e9 de la r\u00e9solution du 23&nbsp;mai 1834, ainsi qu\u2019\u00e0 la description, elle aussi fort d\u00e9taill\u00e9e, qu\u2019en donne Alfred Hawkins la m\u00eame ann\u00e9e&nbsp;:<\/p>\n<p style=\"padding-left: 30px;\">\u00ab&nbsp;<em>The Corporation seal represents a female figure, in a sitting position, leaning upon a shield, on which is a lion passant, holding a Key. Above is a cornucopia, and on the side a bee-hive. At her feet is seen a beaver. The figure points to the river, where there is a ship at anchor. In the back ground is a representation of Cape Diamond. The following are the legends on the seal, above \u2014 <\/em><em>Natura fortis, industria crescit: <\/em><em>\u2014 below \u2014 <\/em><em>Condita Quebecense, A. D. MDCVIII.&nbsp; Civitatis Regimine Donata, A. D. MDCCCXXXIII.<\/em><em>&nbsp;<\/em>\u00bb<\/p>\n<p style=\"text-align: right;\"><span style=\"font-size: 10pt;\">Hawkins, Alfred. <em>Hawkins&rsquo;s picture of Quebec; with historical recollections.<br \/>\n<\/em>Quebec, 1834<\/span>.<\/p>\n<p><a href=\"https:\/\/i0.wp.com\/emblemedequebec.marret.co\/wp-content\/uploads\/2018\/03\/1835-Carte-de-Hawkins-2010-17_008b_wp.jpg?ssl=1\"><img data-recalc-dims=\"1\" loading=\"lazy\" decoding=\"async\" data-attachment-id=\"7695\" data-permalink=\"https:\/\/emblemedequebec.marret.co\/index.php\/ses-origines\/sources-dinspiration-pour-le-sceau-de-quebec\/1835-carte-de-hawkins-2010-17_008b_wp\/\" data-orig-file=\"https:\/\/i0.wp.com\/emblemedequebec.marret.co\/wp-content\/uploads\/2018\/03\/1835-Carte-de-Hawkins-2010-17_008b_wp.jpg?fit=886%2C861&amp;ssl=1\" data-orig-size=\"886,861\" data-comments-opened=\"1\" data-image-meta=\"{&quot;aperture&quot;:&quot;5.6&quot;,&quot;credit&quot;:&quot;&quot;,&quot;camera&quot;:&quot;Canon EOS DIGITAL REBEL XSi&quot;,&quot;caption&quot;:&quot;&quot;,&quot;created_timestamp&quot;:&quot;1281696216&quot;,&quot;copyright&quot;:&quot;&quot;,&quot;focal_length&quot;:&quot;55&quot;,&quot;iso&quot;:&quot;400&quot;,&quot;shutter_speed&quot;:&quot;0.016666666666667&quot;,&quot;title&quot;:&quot;&quot;,&quot;orientation&quot;:&quot;1&quot;}\" data-image-title=\"1835 Carte de Hawkins &amp;#8211; 2010-17_008b_wp\" data-image-description=\"&lt;p&gt;This Plan of the City of Quebec is respectfully inscribed to the Mayor (R.E. Caron) Esq. By his obedient servant Alfred Hawkins. 1835. Wm Smillie Sc.&lt;\/p&gt;\n\" data-image-caption=\"&lt;p&gt;Hawkins, Alfred &amp;#8211; Plan de la Cit\u00e9 de Qu\u00e9bec (1835)&lt;\/p&gt;\n\" data-medium-file=\"https:\/\/i0.wp.com\/emblemedequebec.marret.co\/wp-content\/uploads\/2018\/03\/1835-Carte-de-Hawkins-2010-17_008b_wp.jpg?fit=300%2C292&amp;ssl=1\" data-large-file=\"https:\/\/i0.wp.com\/emblemedequebec.marret.co\/wp-content\/uploads\/2018\/03\/1835-Carte-de-Hawkins-2010-17_008b_wp.jpg?fit=640%2C622&amp;ssl=1\" width=\"149\" height=\"145\" class=\"wp-image-7695 alignright\" alt=\"\" src=\"https:\/\/i0.wp.com\/emblemedequebec.marret.co\/wp-content\/uploads\/2018\/03\/1835-Carte-de-Hawkins-2010-17_008b_wp.jpg?resize=149%2C145&#038;ssl=1\" data-wp-pid=\"7695\" srcset=\"https:\/\/i0.wp.com\/emblemedequebec.marret.co\/wp-content\/uploads\/2018\/03\/1835-Carte-de-Hawkins-2010-17_008b_wp.jpg?w=886&amp;ssl=1 886w, https:\/\/i0.wp.com\/emblemedequebec.marret.co\/wp-content\/uploads\/2018\/03\/1835-Carte-de-Hawkins-2010-17_008b_wp.jpg?resize=300%2C292&amp;ssl=1 300w, https:\/\/i0.wp.com\/emblemedequebec.marret.co\/wp-content\/uploads\/2018\/03\/1835-Carte-de-Hawkins-2010-17_008b_wp.jpg?resize=768%2C746&amp;ssl=1 768w, https:\/\/i0.wp.com\/emblemedequebec.marret.co\/wp-content\/uploads\/2018\/03\/1835-Carte-de-Hawkins-2010-17_008b_wp.jpg?resize=800%2C777&amp;ssl=1 800w, https:\/\/i0.wp.com\/emblemedequebec.marret.co\/wp-content\/uploads\/2018\/03\/1835-Carte-de-Hawkins-2010-17_008b_wp.jpg?resize=600%2C583&amp;ssl=1 600w\" sizes=\"auto, (max-width: 149px) 100vw, 149px\" \/><\/a><\/p>\n<p>Il faut noter que c\u2019est le m\u00eame Alfred Hawkins qui, l\u2019ann\u00e9e suivante, a dessin\u00e9 ce sceau sur un Plan de la Cit\u00e9 de Qu\u00e9bec.<\/p>\n<p>Si l\u2019on tient pour acquis que la premi\u00e8re r\u00e9solution rapporte, de fa\u00e7on fid\u00e8le et compl\u00e8te, la teneur du dessin pr\u00e9sent\u00e9 par Joseph L\u00e9gar\u00e9, l\u2019on peut identifier quatre diff\u00e9rences&nbsp;:<\/p>\n<ul>\n<li>la basse ville a disparu\u2026<\/li>\n<li>mais le fleuve s\u2019est orn\u00e9 d\u2019un bateau;<\/li>\n<li>les \u00e9pis de bl\u00e9 ont \u00e9t\u00e9 plac\u00e9s dans une corne d\u2019abondance;<\/li>\n<li>une devise <em>Natura fortis, industria crescit<sup><a name=\"_ednref2\" href=\"https:\/\/emblemedequebec.marret.co\/wp-admin\/post-new.php?post_type=page#_edn2\">[2]<\/a><\/sup><\/em> et un texte viendraient compl\u00e9ter le tout.<\/li>\n<\/ul>\n<p>Il est raisonnable de penser que la maxime n\u2019apparaissait pas dans le dessin initial de 1833 et que son addition s\u2019est faite en m\u00eame temps que les autres ajouts, le tout en concordance. Ce que l&rsquo;on pourrait interpr\u00e9ter de la fa\u00e7on suivante&nbsp;: La maxime met l\u2019accent sur le <strong>d\u00e9veloppement<\/strong> de Qu\u00e9bec, d\u00fb principalement \u00e0 sa position sur le fleuve, et bien \u00e9videmment au commerce par <strong>bateau<\/strong> que celui-ci permettait, assurant \u00e0 la ville sa <strong>prosp\u00e9rit\u00e9, <\/strong>illustr\u00e9e par la corne d\u2019abondance.<\/p>\n<p>Pour faire la description de ce sceau, dans sa version officielle, on peut se r\u00e9f\u00e9rer \u00e0 l\u2019historien Pierre Georges Roy.<\/p>\n<p style=\"padding-left: 30px;\"><em>\u00ab&nbsp;Les armes de la cit\u00e9 de Qu\u00e9bec peuvent se d\u00e9crire ainsi&nbsp;: Stren<span style=\"font-size: 12pt;\">na<a name=\"_ednref3\" href=\"https:\/\/emblemedequebec.marret.co\/wp-admin\/post-new.php?post_type=page#_edn3\"><sup>[3]<\/sup><\/a>, d<\/span>\u00e9esse de l\u2019activit\u00e9 et du travail, montre d\u2019une main le fleuve Saint-Laurent et de l\u2019autre tient quelques \u00e9pis de bl\u00e9. La d\u00e9esse est appuy\u00e9e sur un bouclier sur lequel est fix\u00e9 un lion passant, qui tient une clef ce qui veut dire, probablement, que Qu\u00e9bec est la clef du Canada. Au-dessus est un carmicopia<span style=\"font-size: 10pt;\"><a name=\"_ednref4\" href=\"https:\/\/emblemedequebec.marret.co\/wp-admin\/post-new.php?post_type=page#_edn4\">[<sup>4]<\/sup><\/a><\/span> et sur le c\u00f4t\u00e9 une ruche d\u2019abeilles. Aux pieds de la d\u00e9esse, on voit un castor. La d\u00e9esse regarde le fleuve sur lequel se trouve un navire \u00e0 voiles \u00e0 l\u2019ancre. Dans le lointain se dessine le Cap Diamant. Le Cap Diamant est toujours l\u00e0 avec sa beaut\u00e9 sauvage, mais le navire \u00e0 voiles, h\u00e9las! est disparu du fleuve, emportant avec lui la prosp\u00e9rit\u00e9 de la capitale. Les armes de Qu\u00e9bec portent la devise&nbsp;: <\/em><em>Natura fortis, industria crescit. Tout en bas, on lit <\/em><em>Condita Quebecense. <\/em><em>A. D. MDCVIII Civitatis Regimine Donata. A. D. MDCCCXXXIII.&nbsp;\u00bb<\/em><\/p>\n<p style=\"text-align: right;\"><span style=\"font-size: 10pt;\">ROY, Pierre-Georges. <em>Les mots qui restent. <\/em>Qu\u00e9bec, 1940.<\/span><\/p>\n<hr>\n<p><span style=\"font-size: 10pt;\"><a name=\"_edn1\" href=\"https:\/\/emblemedequebec.marret.co\/wp-admin\/post-new.php?post_type=page#_ednref1\">[1]<\/a> &nbsp;&nbsp;&nbsp;&nbsp; \u00ab&nbsp;<em>D\u00e9esse du travail. Elle agissoit et faisoit agir avec vigueur. Elle avoit un temple \u00e0 Rome. La Fable ne lui donne point d&rsquo;attributs. Une ruche a paru \u00eatre celui qui d\u00e9signe le mieux l&rsquo;activit\u00e9 et le travail. <\/em><\/span><span style=\"font-size: 10pt;\"><em>Il ne faut pas confondre Str\u00e9nua avec Str\u00e9nia, D\u00e9esse romaine, qui pr\u00e9sidoit aux pr\u00e9sens qu&rsquo;on se faisoit le premier jour de l&rsquo;ann\u00e9e, et qu&rsquo;on nommoit Str\u00e9na, \u00e9trennes.<\/em>&nbsp;\u00bb<\/span><\/p>\n<p style=\"padding-left: 60px;\"><span style=\"font-size: 10pt;\">Genlis, St\u00e9phanie F\u00e9licit\u00e9 (comtesse de). <em>Arabesques mythologiques,<br \/>\nou Les attributs de toutes les divinit\u00e9s de la fable<\/em>. Paris. 1810.<\/span><\/p>\n<p><span style=\"font-size: 10pt;\"><a name=\"_edn2\" href=\"https:\/\/emblemedequebec.marret.co\/wp-admin\/post-new.php?post_type=page#_ednref2\">[2]<\/a> Que l\u2019on pourrait traduire par \u00ab&nbsp;<em>Forte de sa nature, elle se d\u00e9veloppe par le travail<\/em>.&nbsp;\u00bb ou \u00ab&nbsp;<em>Fortifi\u00e9e par la nature, elle s\u2019accro\u00eet par le travail<\/em>&nbsp;\u00bb.<\/span><\/p>\n<p><span style=\"font-size: 10pt;\"><a name=\"_edn3\" href=\"https:\/\/emblemedequebec.marret.co\/wp-admin\/post-new.php?post_type=page#_ednref3\">[3]<\/a> Str\u00e9nua\u2026<\/span><\/p>\n<p><span style=\"font-size: 10pt;\"><a name=\"_edn4\" href=\"https:\/\/emblemedequebec.marret.co\/wp-admin\/post-new.php?post_type=page#_ednref4\">[4]<\/a> Ou plut\u00f4t cornucopia. Terme latin signifiant corne d\u2019abondance et qui symbolise la f\u00e9condit\u00e9.<\/span><\/p>\n","protected":false},"excerpt":{"rendered":"<p>Les \u00e9lections municipales de la Cit\u00e9 de Qu\u00e9bec ont lieu \u00e0 la fin avril&nbsp;1833. Le 24&nbsp;mai, soit moins d\u2019un mois apr\u00e8s, le Conseil choisit son nouveau sceau&nbsp;: \u00ab&nbsp;R\u00e9solu que le Sceau de la Corporation tel que pr\u00e9sent\u00e9 par M.&nbsp;L\u00e9gar\u00e9 soit &hellip; <a href=\"https:\/\/emblemedequebec.marret.co\/index.php\/ses-origines\/le-dessin-du-sceau\/\">Continuer la lecture <span class=\"meta-nav\">&rarr;<\/span><\/a><\/p>\n","protected":false},"author":1,"featured_media":0,"parent":7614,"menu_order":0,"comment_status":"closed","ping_status":"closed","template":"","meta":{"ngg_post_thumbnail":0,"jetpack_post_was_ever_published":false,"footnotes":""},"class_list":["post-8324","page","type-page","status-publish","hentry"],"aioseo_notices":[],"jetpack_sharing_enabled":true,"jetpack_shortlink":"https:\/\/wp.me\/P9K7xB-2ag","jetpack-related-posts":[{"id":7681,"url":"https:\/\/emblemedequebec.marret.co\/index.php\/ses-origines\/les-premiers-sceaux-de-quebec\/","url_meta":{"origin":8324,"position":0},"title":"Sceau provisoire, sceau permanent","author":"marretgravereaux","date":"15 mars 2018","format":false,"excerpt":"Qu\u00e9bec aurait pu avoir des armes d\u00e8s le XVIIe si\u00e8cle si le gouverneur de Frontenac avait men\u00e9 \u00e0 bien son projet. En effet, le 13\u00a0octobre 1673, il \u00e9crivait au ministre\u00a0: \u00ab\u00a0C\u2019est \u00e0 quoi, Mgr, vous aviserez, s\u2019il vous pla\u00eet, comme aussi aux livr\u00e9es et aux armes que le Roi voudra\u2026","rel":"","context":"Article similaire","block_context":{"text":"Article similaire","link":""},"img":{"alt_text":"","src":"https:\/\/i0.wp.com\/emblemedequebec.marret.co\/wp-content\/uploads\/2018\/03\/1833-06-17-Sceau-2010-09_031_wp.jpg?resize=350%2C200","width":350,"height":200},"classes":[]},{"id":8306,"url":"https:\/\/emblemedequebec.marret.co\/index.php\/ses-origines\/sources-dinspiration-pour-le-sceau-de-quebec\/","url_meta":{"origin":8324,"position":1},"title":"Sources d\u2019inspiration pour le sceau de Qu\u00e9bec","author":"marretgravereaux","date":"18 mars 2018","format":false,"excerpt":"\u00c9lu au conseil de la Cit\u00e9 de Qu\u00e9bec le 25\u00a0avril 1833, Joseph L\u00e9gar\u00e9 soumet dans les jours suivants un projet de sceau pour la Corporation municipale, lequel fait l\u2019objet de discussions lors de la s\u00e9ance du 24\u00a0mai. Il n\u2019a donc eu que peu de temps pour le pr\u00e9parer et l\u2019on\u2026","rel":"","context":"Article similaire","block_context":{"text":"Article similaire","link":""},"img":{"alt_text":"","src":"https:\/\/i0.wp.com\/emblemedequebec.marret.co\/wp-content\/uploads\/2024\/10\/1749-Paix-dAix-la-Chapelle-10-Photoroom-a_50-300x297.png?resize=350%2C200&ssl=1","width":350,"height":200},"classes":[]},{"id":7614,"url":"https:\/\/emblemedequebec.marret.co\/index.php\/ses-origines\/","url_meta":{"origin":8324,"position":2},"title":"Histoire officielle du premier embl\u00e8me de Qu\u00e9bec","author":"marretgravereaux","date":"13 mars 2018","format":false,"excerpt":"Qu\u00e9bec aurait pu avoir des armes d\u00e8s le XVIIe si\u00e8cle si le gouverneur de Frontenac avait men\u00e9 \u00e0 bien son projet. En effet, le 13\u00a0octobre 1673, il \u00e9crivait au ministre\u00a0: \u00ab\u00a0C\u2019est \u00e0 quoi, Mgr, vous aviserez, s\u2019il vous pla\u00eet, comme aussi aux livr\u00e9es et aux armes que le Roi voudra\u2026","rel":"","context":"Article similaire","block_context":{"text":"Article similaire","link":""},"img":{"alt_text":"","src":"https:\/\/i0.wp.com\/emblemedequebec.marret.co\/wp-content\/uploads\/2018\/03\/Frontenac_wp.jpg?resize=350%2C200","width":350,"height":200},"classes":[]},{"id":66,"url":"https:\/\/emblemedequebec.marret.co\/","url_meta":{"origin":8324,"position":3},"title":"Le premier embl\u00e8me de la ville de Qu\u00e9bec","author":"marretgravereaux","date":"24 octobre 2015","format":false,"excerpt":"Incorpor\u00e9e en 1833, la ville de Qu\u00e9bec tint ses premi\u00e8res \u00e9lections en avril. Lors de l\u2019une de ses premi\u00e8res r\u00e9unions, quelques semaines plus tard, le conseil de ville adopta un sceau dont le dessin fut r\u00e9alis\u00e9 par l\u2019un de ses conseillers, Joseph L\u00e9gar\u00e9. Utilis\u00e9 comme embl\u00e8me, voire comme armoiries, pour\u2026","rel":"","context":"Article similaire","block_context":{"text":"Article similaire","link":""},"img":{"alt_text":"","src":"https:\/\/i0.wp.com\/emblemedequebec.marret.co\/wp-content\/uploads\/2018\/03\/Ville-de-Qu%C3%A9bec-Dessin-original_wp-997x1024.jpg?resize=350%2C200","width":350,"height":200},"classes":[]},{"id":9168,"url":"https:\/\/emblemedequebec.marret.co\/index.php\/a-la-ville-de-quebec\/evolution-de-lembleme-a-la-ville-de-quebec\/","url_meta":{"origin":8324,"position":4},"title":"\u00c9volution de l&#8217;embl\u00e8me \u00e0 la ville de Qu\u00e9bec","author":"marretgravereaux","date":"12 mai 2018","format":false,"excerpt":"Apr\u00e8s son adoption officielle, le 23 mai 1834, le nouveau sceau de Qu\u00e9bec fait son apparition pour authentifier les ordonnances, r\u00e8glements ou r\u00e9solutions officiels. Mais, en m\u00eame temps, il devient l\u2019embl\u00e8me de la ville et, \u00e0 ce titre, orne ou illustre de multiples documents administratifs. Le sceau est toujours demeur\u00e9\u2026","rel":"","context":"Article similaire","block_context":{"text":"Article similaire","link":""},"img":{"alt_text":"","src":"https:\/\/i0.wp.com\/emblemedequebec.marret.co\/wp-content\/uploads\/2018\/05\/QP1-1-PV-1833-1834-23-mai-1834p_wp.jpg?resize=350%2C200","width":350,"height":200},"classes":[]},{"id":9265,"url":"https:\/\/emblemedequebec.marret.co\/index.php\/a-la-ville-de-quebec\/les-cartes-dalfred-hawkins\/","url_meta":{"origin":8324,"position":5},"title":"Les cartes d&rsquo;Alfred Hawkins","author":"marretgravereaux","date":"24 mai 2018","format":false,"excerpt":"N\u00e9 en 1792 en Angleterre, Alfred Hawkins s\u2019installe \u00e0 Qu\u00e9bec en 1817 et s\u2019associe avec John Leland Maquay pour op\u00e9rer un commerce de vins et spiritueux. Il s\u2019implique tr\u00e8s rapidement dans la vie sociale et \u00e9conomique de Qu\u00e9bec, tant dans des associations mondaines que financi\u00e8res, telles la Quebec Assembly, la\u2026","rel":"","context":"Article similaire","block_context":{"text":"Article similaire","link":""},"img":{"alt_text":"","src":"https:\/\/i0.wp.com\/emblemedequebec.marret.co\/wp-content\/uploads\/2018\/05\/Hawkins-Alfred-Pictures-of-Quebec-p290a_wp.jpg?resize=350%2C200","width":350,"height":200},"classes":[]}],"_links":{"self":[{"href":"https:\/\/emblemedequebec.marret.co\/index.php\/wp-json\/wp\/v2\/pages\/8324","targetHints":{"allow":["GET"]}}],"collection":[{"href":"https:\/\/emblemedequebec.marret.co\/index.php\/wp-json\/wp\/v2\/pages"}],"about":[{"href":"https:\/\/emblemedequebec.marret.co\/index.php\/wp-json\/wp\/v2\/types\/page"}],"author":[{"embeddable":true,"href":"https:\/\/emblemedequebec.marret.co\/index.php\/wp-json\/wp\/v2\/users\/1"}],"replies":[{"embeddable":true,"href":"https:\/\/emblemedequebec.marret.co\/index.php\/wp-json\/wp\/v2\/comments?post=8324"}],"version-history":[{"count":0,"href":"https:\/\/emblemedequebec.marret.co\/index.php\/wp-json\/wp\/v2\/pages\/8324\/revisions"}],"up":[{"embeddable":true,"href":"https:\/\/emblemedequebec.marret.co\/index.php\/wp-json\/wp\/v2\/pages\/7614"}],"wp:attachment":[{"href":"https:\/\/emblemedequebec.marret.co\/index.php\/wp-json\/wp\/v2\/media?parent=8324"}],"curies":[{"name":"wp","href":"https:\/\/api.w.org\/{rel}","templated":true}]}}