{"id":8298,"date":"2018-03-17T12:14:51","date_gmt":"2018-03-17T11:14:51","guid":{"rendered":"http:\/\/emblemedequebec.marret.co\/?page_id=8298"},"modified":"2018-08-12T01:59:57","modified_gmt":"2018-08-12T00:59:57","slug":"sur-des-ustensiles","status":"publish","type":"page","link":"https:\/\/emblemedequebec.marret.co\/index.php\/sur-des-ustensiles\/","title":{"rendered":"&#8230; sur des ustensiles"},"content":{"rendered":"<p><span lang=\"FR\"><span style=\"color: #333333;\">Le premier embl\u00e8me de Qu\u00e9bec se pr\u00eate bien \u00e0 une reproduction sur diff\u00e9rents objets comme des ustensiles&nbsp;; il n\u2019y a donc rien d\u2019\u00e9tonnant \u00e0 ce que divers orf\u00e8vres et bijoutiers aient fabriqu\u00e9 des cuill\u00e8res pour les collectionneurs. Il est toutefois plus surprenant de voir cet embl\u00e8me sur des ustensiles de table, nettement plus grands, ainsi que sur divers objets de maison\u2026 <\/span><\/span><\/p>\n<p style=\"text-align: center;\"><div id=\"metaslider-id-9344\" style=\"max-width: 440px; margin: 0 auto;\" class=\"ml-slider-3-105-0 metaslider metaslider-responsive metaslider-9344 ml-slider ms-theme-default\" role=\"region\" aria-label=\"Ustensiles\" data-height=\"200\" data-width=\"440\">\n    <div id=\"metaslider_container_9344\">\n        <ul id='metaslider_9344' class='rslides'>\n            <li aria-roledescription='slide' aria-labelledby='slide-0'><img data-recalc-dims=\"1\" loading=\"lazy\" decoding=\"async\" src=\"https:\/\/i0.wp.com\/emblemedequebec.marret.co\/wp-content\/uploads\/2018\/06\/7731a-IQB-JLM-Cuill%C3%A8re-FR1a_wp115.jpg?resize=440%2C200&#038;ssl=1\" height=\"200\" width=\"440\" alt=\"\" class=\"slider-9344 slide-9352 msDefaultImage\" title=\"7731a-IQB-JLM Cuill\u00e8re FR1a_wp115\" \/><div class=\"caption-wrap\"><div class=\"caption\">Cuill\u00e8re de collection<\/div><\/div><\/li>\n            <li style='display: none;' aria-roledescription='slide' aria-labelledby='slide-1'><img data-recalc-dims=\"1\" loading=\"lazy\" decoding=\"async\" src=\"https:\/\/i0.wp.com\/emblemedequebec.marret.co\/wp-content\/uploads\/2018\/06\/8466-HC-Fourchette-1a_wp115.jpg?resize=440%2C200&#038;ssl=1\" height=\"200\" width=\"440\" alt=\"\" class=\"slider-9344 slide-9348 msDefaultImage\" title=\"8466-HC Fourchette 1a_wp115\" \/><div class=\"caption-wrap\"><div class=\"caption\">Fourchette de collection<\/div><\/div><\/li>\n            <li style='display: none;' aria-roledescription='slide' aria-labelledby='slide-2'><img data-recalc-dims=\"1\" loading=\"lazy\" decoding=\"async\" src=\"https:\/\/i0.wp.com\/emblemedequebec.marret.co\/wp-content\/uploads\/2018\/06\/8546-HC-Fourchette-de-table-1_wp115.jpg?resize=440%2C200&#038;ssl=1\" height=\"200\" width=\"440\" alt=\"\" class=\"slider-9344 slide-9347 msDefaultImage\" title=\"8546-HC Fourchette de table 1_wp115\" \/><div class=\"caption-wrap\"><div class=\"caption\">Fourchette de table<\/div><\/div><\/li>\n            <li style='display: none;' aria-roledescription='slide' aria-labelledby='slide-3'><img data-recalc-dims=\"1\" loading=\"lazy\" decoding=\"async\" src=\"https:\/\/i0.wp.com\/emblemedequebec.marret.co\/wp-content\/uploads\/2018\/06\/7116-JLM-Fourchette-%C3%A0-entremets-FR1_wp115.jpg?resize=440%2C200&#038;ssl=1\" height=\"200\" width=\"440\" alt=\"\" class=\"slider-9344 slide-9357 msDefaultImage\" title=\"7116-JLM Fourchette \u00e0 entremets FR1_wp115\" \/><div class=\"caption-wrap\"><div class=\"caption\">Fourchette \u00e0 entremets<\/div><\/div><\/li>\n            <li style='display: none;' aria-roledescription='slide' aria-labelledby='slide-4'><img data-recalc-dims=\"1\" loading=\"lazy\" decoding=\"async\" src=\"https:\/\/i0.wp.com\/emblemedequebec.marret.co\/wp-content\/uploads\/2018\/06\/7016-JLM-Fourchette-%C3%A0-piquer-1_wp115.jpg?resize=440%2C200&#038;ssl=1\" height=\"200\" width=\"440\" alt=\"\" class=\"slider-9344 slide-9358 msDefaultImage\" title=\"7016-JLM Fourchette \u00e0 piquer 1_wp115\" \/><div class=\"caption-wrap\"><div class=\"caption\">Fourchette \u00e0 piquer (\u00e0 crustac\u00e9s ou \u00e0 escargots)<\/div><\/div><\/li>\n            <li style='display: none;' aria-roledescription='slide' aria-labelledby='slide-5'><img data-recalc-dims=\"1\" loading=\"lazy\" decoding=\"async\" src=\"https:\/\/i0.wp.com\/emblemedequebec.marret.co\/wp-content\/uploads\/2018\/06\/8445b-PN4-JLM-Cuill%C3%A8re-%C3%A0-sauce-FR1_wp115.jpg?resize=440%2C200&#038;ssl=1\" height=\"200\" width=\"440\" alt=\"\" class=\"slider-9344 slide-9362 msDefaultImage\" title=\"8445b-PN4-JLM Cuill\u00e8re \u00e0 sauce FR1_wp115\" \/><div class=\"caption-wrap\"><div class=\"caption\">Cuill\u00e8re \u00e0 sauce<\/div><\/div><\/li>\n            <li style='display: none;' aria-roledescription='slide' aria-labelledby='slide-6'><img data-recalc-dims=\"1\" loading=\"lazy\" decoding=\"async\" src=\"https:\/\/i0.wp.com\/emblemedequebec.marret.co\/wp-content\/uploads\/2024\/10\/7954-CL13-RSH-Cuillere-a-bonbons-1-Photoroom-a.png?resize=440%2C200&#038;ssl=1\" height=\"200\" width=\"440\" alt=\"\" class=\"slider-9344 slide-10952 msDefaultImage\" title=\"7954-CL13-RSH Cuill\u00e8re \u00e0 bonbons 1-Photoroom a\" \/><div class=\"caption-wrap\"><div class=\"caption\">Cuill\u00e8re \u00e0 bonbons<\/div><\/div><\/li>\n            <li style='display: none;' aria-roledescription='slide' aria-labelledby='slide-7'><img data-recalc-dims=\"1\" loading=\"lazy\" decoding=\"async\" src=\"https:\/\/i0.wp.com\/emblemedequebec.marret.co\/wp-content\/uploads\/2024\/10\/7844-CL14-RSH-Cuillere-a-bonbons-2-Photoroom-a.png?resize=440%2C200&#038;ssl=1\" height=\"200\" width=\"440\" alt=\"\" class=\"slider-9344 slide-10950 msDefaultImage\" title=\"7844-CL14-RSH Cuill\u00e8re \u00e0 bonbons 2-Photoroom a\" \/><div class=\"caption-wrap\"><div class=\"caption\">Cuill\u00e8re \u00e0 bonbons<\/div><\/div><\/li>\n            <li style='display: none;' aria-roledescription='slide' aria-labelledby='slide-8'><img data-recalc-dims=\"1\" loading=\"lazy\" decoding=\"async\" src=\"https:\/\/i0.wp.com\/emblemedequebec.marret.co\/wp-content\/uploads\/2024\/10\/8354b-DE-RSH-Cuillere-a-bonbons-1-Photoroom-a.png?resize=440%2C200&#038;ssl=1\" height=\"200\" width=\"440\" alt=\"\" class=\"slider-9344 slide-10947 msDefaultImage\" title=\"8354b-DE-RSH Cuill\u00e8re \u00e0 bonbons 1-Photoroom a\" \/><div class=\"caption-wrap\"><div class=\"caption\">Cuill\u00e8re \u00e0 bonbons<\/div><\/div><\/li>\n            <li style='display: none;' aria-roledescription='slide' aria-labelledby='slide-9'><img data-recalc-dims=\"1\" loading=\"lazy\" decoding=\"async\" src=\"https:\/\/i0.wp.com\/emblemedequebec.marret.co\/wp-content\/uploads\/2024\/10\/7864B-CL3-RSH-Cuillere-a-bonbons-1-Photoroom-a.png?resize=440%2C200&#038;ssl=1\" height=\"200\" width=\"440\" alt=\"\" class=\"slider-9344 slide-10949 msDefaultImage\" title=\"7864B-CL3-RSH Cuill\u00e8re \u00e0 bonbons 1-Photoroom a\" \/><div class=\"caption-wrap\"><div class=\"caption\">Cuill\u00e8re \u00e0 bonbons<\/div><\/div><\/li>\n            <li style='display: none;' aria-roledescription='slide' aria-labelledby='slide-10'><img data-recalc-dims=\"1\" loading=\"lazy\" decoding=\"async\" src=\"https:\/\/i0.wp.com\/emblemedequebec.marret.co\/wp-content\/uploads\/2024\/10\/7174-NN-RSH-Cuillere-a-bonbons-1-Photoroom-a.jpg?resize=440%2C200&#038;ssl=1\" height=\"200\" width=\"440\" alt=\"\" class=\"slider-9344 slide-10951 msDefaultImage\" title=\"7174-NN-RSH Cuill\u00e8re \u00e0 bonbons 1-Photoroom a\" \/><div class=\"caption-wrap\"><div class=\"caption\">Cuill\u00e8re \u00e0 bonbons<\/div><\/div><\/li>\n            <li style='display: none;' aria-roledescription='slide' aria-labelledby='slide-11'><img data-recalc-dims=\"1\" loading=\"lazy\" decoding=\"async\" src=\"https:\/\/i0.wp.com\/emblemedequebec.marret.co\/wp-content\/uploads\/2018\/06\/8214-ER3-JLM-Cuill%C3%A8re-%C3%A0-bonbons-FR1_wp115.jpg?resize=440%2C200&#038;ssl=1\" height=\"200\" width=\"440\" alt=\"\" class=\"slider-9344 slide-9350 msDefaultImage\" title=\"8214-ER3-JLM Cuill\u00e8re \u00e0 bonbons FR1_wp115\" \/><div class=\"caption-wrap\"><div class=\"caption\">Cuill\u00e8re \u00e0 bonbons<\/div><\/div><\/li>\n            <li style='display: none;' aria-roledescription='slide' aria-labelledby='slide-12'><img data-recalc-dims=\"1\" loading=\"lazy\" decoding=\"async\" src=\"https:\/\/i0.wp.com\/emblemedequebec.marret.co\/wp-content\/uploads\/2018\/06\/7441-IQB-JLM-Cuill%C3%A8re-%C3%A0-sel-FR1_wp115.jpg?resize=440%2C200&#038;ssl=1\" height=\"200\" width=\"440\" alt=\"\" class=\"slider-9344 slide-9354 msDefaultImage\" title=\"7441-IQB-JLM Cuill\u00e8re \u00e0 sel FR1_wp115\" \/><div class=\"caption-wrap\"><div class=\"caption\">Cuill\u00e8re \u00e0 sel<\/div><\/div><\/li>\n            <li style='display: none;' aria-roledescription='slide' aria-labelledby='slide-13'><img data-recalc-dims=\"1\" loading=\"lazy\" decoding=\"async\" src=\"https:\/\/i0.wp.com\/emblemedequebec.marret.co\/wp-content\/uploads\/2024\/10\/7537-CL15-JLM-Cuillere-pelle-2-Photoroom-b.png?resize=440%2C200&#038;ssl=1\" height=\"200\" width=\"440\" alt=\"\" class=\"slider-9344 slide-10957 msDefaultImage\" title=\"7537-CL15-JLM Cuill\u00e8re-pelle 2-Photoroom b\" \/><div class=\"caption-wrap\"><div class=\"caption\">Cuill\u00e8re-pelle<\/div><\/div><\/li>\n            <li style='display: none;' aria-roledescription='slide' aria-labelledby='slide-14'><img data-recalc-dims=\"1\" loading=\"lazy\" decoding=\"async\" src=\"https:\/\/i0.wp.com\/emblemedequebec.marret.co\/wp-content\/uploads\/2018\/06\/7667b-RSH-Pousse-aliments-1a_wp115.jpg?resize=440%2C200&#038;ssl=1\" height=\"200\" width=\"440\" alt=\"\" class=\"slider-9344 slide-9353 msDefaultImage\" title=\"7667b-RSH Pousse-aliments 1a_wp115\" \/><div class=\"caption-wrap\"><div class=\"caption\">Pousse-aliments pour b\u00e9b\u00e9 (\"Baby food pusher\")<\/div><\/div><\/li>\n            <li style='display: none;' aria-roledescription='slide' aria-labelledby='slide-15'><img data-recalc-dims=\"1\" loading=\"lazy\" decoding=\"async\" src=\"https:\/\/i0.wp.com\/emblemedequebec.marret.co\/wp-content\/uploads\/2024\/10\/8468-JLM-Pince-a-sucre-1-Photoroom-a.png?resize=440%2C200&#038;ssl=1\" height=\"200\" width=\"440\" alt=\"\" class=\"slider-9344 slide-10956 msDefaultImage\" title=\"8468-JLM Pince \u00e0 sucre 1-Photoroom a\" \/><div class=\"caption-wrap\"><div class=\"caption\">Pince \u00e0 sucre<\/div><\/div><\/li>\n            <li style='display: none;' aria-roledescription='slide' aria-labelledby='slide-16'><img data-recalc-dims=\"1\" loading=\"lazy\" decoding=\"async\" src=\"https:\/\/i0.wp.com\/emblemedequebec.marret.co\/wp-content\/uploads\/2018\/06\/7136-JLM-Pince-%C3%A0-sucre-2_wp115.jpg?resize=440%2C200&#038;ssl=1\" height=\"200\" width=\"440\" alt=\"\" class=\"slider-9344 slide-9356 msDefaultImage\" title=\"7136-JLM Pince \u00e0 sucre 2_wp115\" \/><div class=\"caption-wrap\"><div class=\"caption\">Pince \u00e0 sucre<\/div><\/div><\/li>\n            <li style='display: none;' aria-roledescription='slide' aria-labelledby='slide-17'><img data-recalc-dims=\"1\" loading=\"lazy\" decoding=\"async\" src=\"https:\/\/i0.wp.com\/emblemedequebec.marret.co\/wp-content\/uploads\/2024\/10\/7248-JLM-Clochette-1-Photoroom-a-1.jpg?resize=440%2C200&#038;ssl=1\" height=\"200\" width=\"440\" alt=\"\" class=\"slider-9344 slide-9351 msDefaultImage\" title=\"7248-JLM Clochette 1-Photoroom a\" \/><div class=\"caption-wrap\"><div class=\"caption\">Clochette<\/div><\/div><\/li>\n            <li style='display: none;' aria-roledescription='slide' aria-labelledby='slide-18'><img data-recalc-dims=\"1\" loading=\"lazy\" decoding=\"async\" src=\"https:\/\/i0.wp.com\/emblemedequebec.marret.co\/wp-content\/uploads\/2018\/06\/8638a-RSH-Crochet-1a_wp115.jpg?resize=440%2C200&#038;ssl=1\" height=\"200\" width=\"440\" alt=\"\" class=\"slider-9344 slide-9346 msDefaultImage\" title=\"8638a-RSH Crochet 1a_wp115\" \/><div class=\"caption-wrap\"><div class=\"caption\">Crochet<\/div><\/div><\/li>\n            <li style='display: none;' aria-roledescription='slide' aria-labelledby='slide-19'><img data-recalc-dims=\"1\" loading=\"lazy\" decoding=\"async\" src=\"https:\/\/i0.wp.com\/emblemedequebec.marret.co\/wp-content\/uploads\/2018\/06\/8679-HC-Coupe-papier-01a_wp115.jpg?resize=440%2C200&#038;ssl=1\" height=\"200\" width=\"440\" alt=\"\" class=\"slider-9344 slide-9345 msDefaultImage\" title=\"8679-HC Coupe-papier 01a_wp115\" \/><div class=\"caption-wrap\"><div class=\"caption\">Coupe-papier<\/div><\/div><\/li>\n        <\/ul>\n        \n    <\/div>\n<\/div><\/p>\n<p><span lang=\"FR\"><span style=\"color: #333333;\"><span style=\"text-decoration: underline;\">Manufacturiers d\u2019ustensiles connus<\/span>&nbsp;:<\/span><\/span><\/p>\n<div id=\"attachment_9407\" style=\"width: 260px\" class=\"wp-caption alignright\"><a href=\"https:\/\/i0.wp.com\/emblemedequebec.marret.co\/wp-content\/uploads\/2018\/06\/1908v-Richelieu-and-Ontario-Nav-p9b_wp.jpg?ssl=1\"><img data-recalc-dims=\"1\" loading=\"lazy\" decoding=\"async\" aria-describedby=\"caption-attachment-9407\" data-attachment-id=\"9407\" data-permalink=\"https:\/\/emblemedequebec.marret.co\/index.php\/sur-des-ustensiles\/richelieu-ontario-nav-coy-toronto-rochester-1000-island\/\" data-orig-file=\"https:\/\/i0.wp.com\/emblemedequebec.marret.co\/wp-content\/uploads\/2018\/06\/1908v-Richelieu-and-Ontario-Nav-p9b_wp.jpg?fit=716%2C886&amp;ssl=1\" data-orig-size=\"716,886\" data-comments-opened=\"1\" data-image-meta=\"{&quot;aperture&quot;:&quot;0&quot;,&quot;credit&quot;:&quot;Richelieu \\u0026amp; Ontario Navigation C&quot;,&quot;camera&quot;:&quot;&quot;,&quot;caption&quot;:&quot;&quot;,&quot;created_timestamp&quot;:&quot;0&quot;,&quot;copyright&quot;:&quot;&quot;,&quot;focal_length&quot;:&quot;0&quot;,&quot;iso&quot;:&quot;0&quot;,&quot;shutter_speed&quot;:&quot;0&quot;,&quot;title&quot;:&quot;Richelieu \\u0026amp; Ontario Nav. Co&#039;y. : Toronto, Rochester, 1000 Island&quot;,&quot;orientation&quot;:&quot;1&quot;}\" data-image-title=\"Richelieu &amp;amp; Ontario Nav. Co&amp;rsquo;y. : Toronto, Rochester, 1000 Island\" data-image-description=\"\" data-image-caption=\"&lt;p&gt;Publicit\u00e9 parue dans un programme de croisi\u00e8re de la \u00abRichelieu and Ontario Navigation\u00bb&lt;\/p&gt;\n\" data-medium-file=\"https:\/\/i0.wp.com\/emblemedequebec.marret.co\/wp-content\/uploads\/2018\/06\/1908v-Richelieu-and-Ontario-Nav-p9b_wp.jpg?fit=242%2C300&amp;ssl=1\" data-large-file=\"https:\/\/i0.wp.com\/emblemedequebec.marret.co\/wp-content\/uploads\/2018\/06\/1908v-Richelieu-and-Ontario-Nav-p9b_wp.jpg?fit=640%2C792&amp;ssl=1\" width=\"250\" height=\"310\" class=\" wp-image-9407\" alt=\"\" src=\"https:\/\/i0.wp.com\/emblemedequebec.marret.co\/wp-content\/uploads\/2018\/06\/1908v-Richelieu-and-Ontario-Nav-p9b_wp.jpg?resize=250%2C310&#038;ssl=1\" data-wp-pid=\"9407\" srcset=\"https:\/\/i0.wp.com\/emblemedequebec.marret.co\/wp-content\/uploads\/2018\/06\/1908v-Richelieu-and-Ontario-Nav-p9b_wp.jpg?w=716&amp;ssl=1 716w, https:\/\/i0.wp.com\/emblemedequebec.marret.co\/wp-content\/uploads\/2018\/06\/1908v-Richelieu-and-Ontario-Nav-p9b_wp.jpg?resize=242%2C300&amp;ssl=1 242w, https:\/\/i0.wp.com\/emblemedequebec.marret.co\/wp-content\/uploads\/2018\/06\/1908v-Richelieu-and-Ontario-Nav-p9b_wp.jpg?resize=485%2C600&amp;ssl=1 485w\" sizes=\"auto, (max-width: 250px) 100vw, 250px\" \/><\/a><p id=\"caption-attachment-9407\" class=\"wp-caption-text\">Publicit\u00e9 parue vers 1908 dans un programme de croisi\u00e8re de la \u00abRichelieu and Ontario Navigation\u00bb<\/p><\/div>\n<p>&nbsp;<\/p>\n<ul type=\"disc\">\n<li style=\"margin: 8px 0px; color: #333333; font-family: 'Georgia','serif'; font-size: 12pt; font-style: normal; font-weight: normal;\"><span lang=\"FR\"><span style=\"color: #333333;\">G.A. Bolduc &amp;&nbsp;Co (Qu\u00e9bec)<\/span><\/span><\/li>\n<li style=\"margin: 8px 0px; color: #333333; font-family: 'Georgia','serif'; font-size: 12pt; font-style: normal; font-weight: normal;\"><span lang=\"FR\"><span style=\"color: #333333;\">Breadner Manufacturing Co. (Trenton, Ontario)<\/span><\/span><\/li>\n<li style=\"margin: 8px 0px; color: #333333; font-family: 'Georgia','serif'; font-size: 12pt; font-style: normal; font-weight: normal;\"><span lang=\"FR\"><span style=\"color: #333333;\">Caron Fr\u00e8res (Montr\u00e9al)<\/span><\/span><\/li>\n<li style=\"margin: 8px 0px; color: #333333; font-family: 'Georgia','serif'; font-size: 12pt; font-style: normal; font-weight: normal;\"><span lang=\"FR\"><span style=\"color: #333333;\">P.W. Ellis &amp;&nbsp;Co (Toronto)<\/span><\/span><\/li>\n<li style=\"margin: 8px 0px; color: #333333; font-family: 'Georgia','serif'; font-size: 12pt; font-style: normal; font-weight: normal;\"><span lang=\"FR\"><span style=\"color: #333333;\">Richard Hemsley (Montr\u00e9al)<\/span><\/span><\/li>\n<li style=\"margin: 8px 0px; color: #333333; font-family: 'Georgia','serif'; font-size: 12pt; font-style: normal; font-weight: normal;\"><span lang=\"FR\"><span style=\"color: #333333;\">Robert Hendery (Montr\u00e9al)<\/span><\/span><\/li>\n<li style=\"margin: 8px 0px; color: #333333; font-family: 'Georgia','serif'; font-size: 12pt; font-style: normal; font-weight: normal;\"><span lang=\"FR\"><span style=\"color: #333333;\">Roden Brothers (Toronto)<\/span><\/span><\/li>\n<li style=\"margin: 8px 0px; color: #333333; font-family: 'Georgia','serif'; font-size: 12pt; font-style: normal; font-weight: normal;\"><span lang=\"FR\"><span style=\"color: #333333;\">Gustave Seifert (Qu\u00e9bec).<\/span><\/span><\/li>\n<\/ul>\n<p>&nbsp;<\/p>\n","protected":false},"excerpt":{"rendered":"<p>Le premier embl\u00e8me de Qu\u00e9bec se pr\u00eate bien \u00e0 une reproduction sur diff\u00e9rents objets comme des ustensiles&nbsp;; il n\u2019y a donc rien d\u2019\u00e9tonnant \u00e0 ce que divers orf\u00e8vres et bijoutiers aient fabriqu\u00e9 des cuill\u00e8res pour les collectionneurs. Il est toutefois &hellip; <a href=\"https:\/\/emblemedequebec.marret.co\/index.php\/sur-des-ustensiles\/\">Continuer la lecture <span class=\"meta-nav\">&rarr;<\/span><\/a><\/p>\n","protected":false},"author":1,"featured_media":0,"parent":0,"menu_order":0,"comment_status":"closed","ping_status":"closed","template":"","meta":{"ngg_post_thumbnail":0,"jetpack_post_was_ever_published":false,"footnotes":""},"class_list":["post-8298","page","type-page","status-publish","hentry"],"aioseo_notices":[],"jetpack_sharing_enabled":true,"jetpack_shortlink":"https:\/\/wp.me\/P9K7xB-29Q","jetpack-related-posts":[{"id":66,"url":"https:\/\/emblemedequebec.marret.co\/","url_meta":{"origin":8298,"position":0},"title":"Le premier embl\u00e8me de la ville de Qu\u00e9bec","author":"marretgravereaux","date":"24 octobre 2015","format":false,"excerpt":"Incorpor\u00e9e en 1833, la ville de Qu\u00e9bec tint ses premi\u00e8res \u00e9lections en avril. Lors de l\u2019une de ses premi\u00e8res r\u00e9unions, quelques semaines plus tard, le conseil de ville adopta un sceau dont le dessin fut r\u00e9alis\u00e9 par l\u2019un de ses conseillers, Joseph L\u00e9gar\u00e9. Utilis\u00e9 comme embl\u00e8me, voire comme armoiries, pour\u2026","rel":"","context":"Article similaire","block_context":{"text":"Article similaire","link":""},"img":{"alt_text":"","src":"https:\/\/i0.wp.com\/emblemedequebec.marret.co\/wp-content\/uploads\/2018\/03\/Ville-de-Qu%C3%A9bec-Dessin-original_wp-997x1024.jpg?resize=350%2C200","width":350,"height":200},"classes":[]},{"id":7599,"url":"https:\/\/emblemedequebec.marret.co\/index.php\/a-la-societe-numismatique-de-quebec-s-n-q\/","url_meta":{"origin":8298,"position":1},"title":"&#8230; \u00e0 la Soci\u00e9t\u00e9 numismatique de Qu\u00e9bec (S.N.Q.)","author":"marretgravereaux","date":"13 mars 2018","format":false,"excerpt":"Fond\u00e9e en 1960, la Soci\u00e9t\u00e9 numismatique de Qu\u00e9bec adopte comme embl\u00e8me, quelques mois plus tard \u2013 le 21 f\u00e9vrier 1961 -, le dessin apparaissant sur le jeton d\u2019un penny de la Banque de Qu\u00e9bec, lui-m\u00eame inspir\u00e9 de celui de la ville de Qu\u00e9bec. Dans les ann\u00e9es qui suivent, l\u2019on voit\u2026","rel":"","context":"Article similaire","block_context":{"text":"Article similaire","link":""},"img":{"alt_text":"","src":"https:\/\/i0.wp.com\/emblemedequebec.marret.co\/wp-content\/uploads\/2018\/05\/1966-02-08-5e-SNQ-Programme-p2-3-c_wp.jpg?resize=350%2C200","width":350,"height":200},"classes":[]},{"id":7597,"url":"https:\/\/emblemedequebec.marret.co\/index.php\/sur-des-imprimes\/","url_meta":{"origin":8298,"position":2},"title":"&#8230; sur des imprim\u00e9s","author":"marretgravereaux","date":"13 mars 2018","format":false,"excerpt":"Adopt\u00e9 officiellement le 23 mai 1834, le nouveau sceau de la ville de Qu\u00e9bec a d\u00e8s lors \u00e9t\u00e9 utilis\u00e9 par celle-ci pour s\u2019identifier sur des documents officiels, ou les illustrer. Il appara\u00eet donc sur le papier \u00e0 lettres et les \u00ab comptes de taxes \u00bb, les divers rapports de commissions\u2026","rel":"","context":"Article similaire","block_context":{"text":"Article similaire","link":""},"img":{"alt_text":"","src":"https:\/\/i0.wp.com\/emblemedequebec.marret.co\/wp-content\/uploads\/2018\/03\/1835-Carte-de-Hawkins-2010-17_008a_wp-1024x982.jpg?resize=350%2C200","width":350,"height":200},"classes":[]},{"id":7601,"url":"https:\/\/emblemedequebec.marret.co\/index.php\/sur-des-bijoux\/","url_meta":{"origin":8298,"position":3},"title":"&#8230; sur des bijoux, des insignes et des objets personnels","author":"marretgravereaux","date":"13 mars 2018","format":false,"excerpt":"Avec les divers \u00e9l\u00e9ments qui le composent, le premier embl\u00e8me de Qu\u00e9bec a tout pour \u00eatre un \u00e9l\u00e9ment de d\u00e9coration sur toute sorte de bijoux, de parures, d\u2019insignes et d\u2019objets personnels. Plusieurs fabricants canadiens, de Qu\u00e9bec, de Montr\u00e9al ou de Toronto en ont donc cr\u00e9\u00e9, mais ils sont souvent difficilement\u2026","rel":"","context":"Article similaire","block_context":{"text":"Article similaire","link":""},"img":{"alt_text":"","src":"https:\/\/i0.wp.com\/emblemedequebec.marret.co\/wp-content\/uploads\/2018\/03\/3461-JLM-Broche-FR1_wp-1024x894.jpg?resize=350%2C200","width":350,"height":200},"classes":[]},{"id":9372,"url":"https:\/\/emblemedequebec.marret.co\/index.php\/a-la-ville-de-quebec\/des-camions-de-pompiers-avec-le-premier-embleme-de-quebec\/","url_meta":{"origin":8298,"position":4},"title":"Des camions de pompiers avec le premier embl\u00e8me de Qu\u00e9bec","author":"marretgravereaux","date":"8 juin 2018","format":false,"excerpt":"Le premier embl\u00e8me de Qu\u00e9bec apparaissait sur divers \u00e9quipements et v\u00e9hicules municipaux, mais cette identification a \u00e9videmment disparu avec le changement d\u2019embl\u00e8me en 1949. Il reste toutefois un vieux v\u00e9hicule de pompiers ainsi marqu\u00e9 et il a \u00e9t\u00e9 conserv\u00e9 pour son caract\u00e8re historique\u00a0; il est utilis\u00e9 tr\u00e8s occasionnellement, lors de\u2026","rel":"","context":"Article similaire","block_context":{"text":"Article similaire","link":""},"img":{"alt_text":"","src":"https:\/\/i0.wp.com\/emblemedequebec.marret.co\/wp-content\/uploads\/2018\/06\/0435-VQ-Camion-de-pompier-2010-19_029a_wp.jpg?resize=350%2C200","width":350,"height":200},"classes":[]},{"id":9824,"url":"https:\/\/emblemedequebec.marret.co\/index.php\/sur-la-vaisselle\/les-miniatures-goss\/","url_meta":{"origin":8298,"position":5},"title":"Des porcelaines et des miniatures Goss","author":"marretgravereaux","date":"20 ao\u00fbt 2018","format":false,"excerpt":"Apr\u00e8s des \u00e9tudes en dessin et un apprentissage chez des fabricants de c\u00e9ramique, William Henry Goss (1833-1906) d\u00e9marre en 1858 sa propre entreprise - la Falcon Pottery -, \u00e0 Stoke-on-Trent (Grande-Bretagne) laquelle produit vases, flacons et autres objets de porcelaine. Adolphus, son fils a\u00een\u00e9, y entre en 1880\u00a0; comme il\u2026","rel":"","context":"Article similaire","block_context":{"text":"Article similaire","link":""},"img":{"alt_text":"","src":"https:\/\/i0.wp.com\/emblemedequebec.marret.co\/wp-content\/uploads\/2018\/08\/Buste-William-Goss-2006BB2163_2500_wp.jpg?resize=350%2C200","width":350,"height":200},"classes":[]}],"_links":{"self":[{"href":"https:\/\/emblemedequebec.marret.co\/index.php\/wp-json\/wp\/v2\/pages\/8298","targetHints":{"allow":["GET"]}}],"collection":[{"href":"https:\/\/emblemedequebec.marret.co\/index.php\/wp-json\/wp\/v2\/pages"}],"about":[{"href":"https:\/\/emblemedequebec.marret.co\/index.php\/wp-json\/wp\/v2\/types\/page"}],"author":[{"embeddable":true,"href":"https:\/\/emblemedequebec.marret.co\/index.php\/wp-json\/wp\/v2\/users\/1"}],"replies":[{"embeddable":true,"href":"https:\/\/emblemedequebec.marret.co\/index.php\/wp-json\/wp\/v2\/comments?post=8298"}],"version-history":[{"count":0,"href":"https:\/\/emblemedequebec.marret.co\/index.php\/wp-json\/wp\/v2\/pages\/8298\/revisions"}],"wp:attachment":[{"href":"https:\/\/emblemedequebec.marret.co\/index.php\/wp-json\/wp\/v2\/media?parent=8298"}],"curies":[{"name":"wp","href":"https:\/\/api.w.org\/{rel}","templated":true}]}}