{"id":8296,"date":"2018-03-17T12:12:56","date_gmt":"2018-03-17T11:12:56","guid":{"rendered":"http:\/\/emblemedequebec.marret.co\/?page_id=8296"},"modified":"2025-06-13T03:30:27","modified_gmt":"2025-06-13T02:30:27","slug":"sur-la-vaisselle","status":"publish","type":"page","link":"https:\/\/emblemedequebec.marret.co\/index.php\/sur-la-vaisselle\/","title":{"rendered":"&#8230; sur la vaisselle"},"content":{"rendered":"<p><img data-recalc-dims=\"1\" loading=\"lazy\" decoding=\"async\" data-attachment-id=\"10728\" data-permalink=\"https:\/\/emblemedequebec.marret.co\/index.php\/sur-la-vaisselle\/54813-jlm-vase-1-photoroom-a\/\" data-orig-file=\"https:\/\/i0.wp.com\/emblemedequebec.marret.co\/wp-content\/uploads\/2024\/10\/54813-JLM-Vase-1-Photoroom-a.png?fit=812%2C812&amp;ssl=1\" data-orig-size=\"812,812\" data-comments-opened=\"1\" data-image-meta=\"{&quot;aperture&quot;:&quot;0&quot;,&quot;credit&quot;:&quot;&quot;,&quot;camera&quot;:&quot;&quot;,&quot;caption&quot;:&quot;&quot;,&quot;created_timestamp&quot;:&quot;0&quot;,&quot;copyright&quot;:&quot;&quot;,&quot;focal_length&quot;:&quot;0&quot;,&quot;iso&quot;:&quot;0&quot;,&quot;shutter_speed&quot;:&quot;0&quot;,&quot;title&quot;:&quot;&quot;,&quot;orientation&quot;:&quot;0&quot;}\" data-image-title=\"54813-JLM Vase 1-Photoroom a\" data-image-description=\"\" data-image-caption=\"&lt;p&gt;Vase&lt;\/p&gt;\n\" data-medium-file=\"https:\/\/i0.wp.com\/emblemedequebec.marret.co\/wp-content\/uploads\/2024\/10\/54813-JLM-Vase-1-Photoroom-a.png?fit=300%2C300&amp;ssl=1\" data-large-file=\"https:\/\/i0.wp.com\/emblemedequebec.marret.co\/wp-content\/uploads\/2024\/10\/54813-JLM-Vase-1-Photoroom-a.png?fit=640%2C640&amp;ssl=1\" class=\"wp-image-10728 alignright\" src=\"https:\/\/i0.wp.com\/emblemedequebec.marret.co\/wp-content\/uploads\/2024\/10\/54813-JLM-Vase-1-Photoroom-a.png?resize=199%2C199&#038;ssl=1\" alt=\"\" width=\"199\" height=\"199\" srcset=\"https:\/\/i0.wp.com\/emblemedequebec.marret.co\/wp-content\/uploads\/2024\/10\/54813-JLM-Vase-1-Photoroom-a.png?resize=300%2C300&amp;ssl=1 300w, https:\/\/i0.wp.com\/emblemedequebec.marret.co\/wp-content\/uploads\/2024\/10\/54813-JLM-Vase-1-Photoroom-a.png?resize=150%2C150&amp;ssl=1 150w, https:\/\/i0.wp.com\/emblemedequebec.marret.co\/wp-content\/uploads\/2024\/10\/54813-JLM-Vase-1-Photoroom-a.png?resize=768%2C768&amp;ssl=1 768w, https:\/\/i0.wp.com\/emblemedequebec.marret.co\/wp-content\/uploads\/2024\/10\/54813-JLM-Vase-1-Photoroom-a.png?resize=450%2C450&amp;ssl=1 450w, https:\/\/i0.wp.com\/emblemedequebec.marret.co\/wp-content\/uploads\/2024\/10\/54813-JLM-Vase-1-Photoroom-a.png?resize=400%2C400&amp;ssl=1 400w, https:\/\/i0.wp.com\/emblemedequebec.marret.co\/wp-content\/uploads\/2024\/10\/54813-JLM-Vase-1-Photoroom-a.png?w=812&amp;ssl=1 812w\" sizes=\"auto, (max-width: 199px) 100vw, 199px\" \/><\/p>\n<p><span lang=\"FR\"><span style=\"color: #333333;\">Le dessin de Joseph L\u00e9gar\u00e9 se pr\u00eate bien \u00e0 une reproduction sur la porcelaine, la fa\u00efence ou la terre cuite, &nbsp;ce qui explique qu\u2019on le retrouve sur des assiettes, des tasses, des pots ou sur des vases, ainsi que sur divers autres objets.<\/span><\/span><\/p>\n<p>Il semble toutefois qu\u2019il n\u2019y ait eu que six motifs \u2013 six fa\u00e7ons \u00ab&nbsp;d\u2019interpr\u00e9ter&nbsp;\u00bb le dessin original \u2013 et encore moins de fabricants, dont 4&nbsp;principaux&nbsp;:<\/p>\n<ul>\n<li><a href=\"https:\/\/emblemedequebec.marret.co\/index.php\/sur-la-vaisselle\/des-porcelaines-adams\/\">The Adams Etruscan Ware<\/a><\/li>\n<li><a href=\"https:\/\/emblemedequebec.marret.co\/index.php\/les-miniatures-goss\/\">W.H. Goss<\/a><\/li>\n<li><a href=\"https:\/\/emblemedequebec.marret.co\/index.php\/sur-la-vaisselle\/des-porcelaines-et-ceramiques-wedgwood\/\">Wedgwood<\/a><\/li>\n<li><a href=\"https:\/\/emblemedequebec.marret.co\/index.php\/sur-la-vaisselle\/des-porcelaines-wileman-foley-et-shelley\/\">Wileman<\/a> (The Foley China, Shelley China).<\/li>\n<\/ul>\n<p><span lang=\"FR\"><span style=\"color: #333333;\">Nous invitons toute personne en connaissant d\u2019autres \u00e0 <a href=\"https:\/\/emblemedequebec.marret.co\/index.php\/contact-edimestre\/\">communiquer avec l\u2019\u00e9dimestre<\/a> de ce site.<\/span><\/span><\/p>\n<p style=\"text-align: center;\"><strong>Les motifs et les marques connues<\/strong><\/p>\n<p><a href=\"https:\/\/i0.wp.com\/emblemedequebec.marret.co\/wp-content\/uploads\/2018\/05\/5101c-HC-Assiette-03e_wp.jpg?ssl=1\"><img data-recalc-dims=\"1\" loading=\"lazy\" decoding=\"async\" data-attachment-id=\"9119\" data-permalink=\"https:\/\/emblemedequebec.marret.co\/index.php\/sur-la-vaisselle\/5101c-hc-assiette-03e_wp\/\" data-orig-file=\"https:\/\/i0.wp.com\/emblemedequebec.marret.co\/wp-content\/uploads\/2018\/05\/5101c-HC-Assiette-03e_wp.jpg?fit=619%2C886&amp;ssl=1\" data-orig-size=\"619,886\" data-comments-opened=\"1\" data-image-meta=\"{&quot;aperture&quot;:&quot;0&quot;,&quot;credit&quot;:&quot;&quot;,&quot;camera&quot;:&quot;&quot;,&quot;caption&quot;:&quot;&quot;,&quot;created_timestamp&quot;:&quot;0&quot;,&quot;copyright&quot;:&quot;&quot;,&quot;focal_length&quot;:&quot;0&quot;,&quot;iso&quot;:&quot;0&quot;,&quot;shutter_speed&quot;:&quot;0&quot;,&quot;title&quot;:&quot;&quot;,&quot;orientation&quot;:&quot;1&quot;}\" data-image-title=\"5501a-HC Assiette 03e_wp\" data-image-description=\"\" data-image-caption=\"&lt;p&gt;Marques : Wedgwood; The Foley China; Shelley China Late Foley; Shelley China; Late Foley Shelley.&lt;\/p&gt;\n\" data-medium-file=\"https:\/\/i0.wp.com\/emblemedequebec.marret.co\/wp-content\/uploads\/2018\/05\/5101c-HC-Assiette-03e_wp.jpg?fit=210%2C300&amp;ssl=1\" data-large-file=\"https:\/\/i0.wp.com\/emblemedequebec.marret.co\/wp-content\/uploads\/2018\/05\/5101c-HC-Assiette-03e_wp.jpg?fit=619%2C886&amp;ssl=1\" class=\"wp-image-9119 alignleft\" src=\"https:\/\/i0.wp.com\/emblemedequebec.marret.co\/wp-content\/uploads\/2018\/05\/5101c-HC-Assiette-03e_wp.jpg?resize=250%2C358&#038;ssl=1\" alt=\"\" width=\"250\" height=\"358\" data-wp-pid=\"9119\" srcset=\"https:\/\/i0.wp.com\/emblemedequebec.marret.co\/wp-content\/uploads\/2018\/05\/5101c-HC-Assiette-03e_wp.jpg?w=619&amp;ssl=1 619w, https:\/\/i0.wp.com\/emblemedequebec.marret.co\/wp-content\/uploads\/2018\/05\/5101c-HC-Assiette-03e_wp.jpg?resize=210%2C300&amp;ssl=1 210w, https:\/\/i0.wp.com\/emblemedequebec.marret.co\/wp-content\/uploads\/2018\/05\/5101c-HC-Assiette-03e_wp.jpg?resize=419%2C600&amp;ssl=1 419w\" sizes=\"auto, (max-width: 250px) 100vw, 250px\" \/><\/a><\/p>\n<p>&nbsp;<\/p>\n<p>&nbsp;<\/p>\n<p>1) Marques : Wedgwood; The Foley China; Shelley China Late Foley; Shelley China; Late Foley Shelley.<\/p>\n<p>&nbsp;<\/p>\n<p><a href=\"https:\/\/i0.wp.com\/emblemedequebec.marret.co\/wp-content\/uploads\/2018\/05\/5271-MCH-Tasse-1e_wp.jpg?ssl=1\"><img data-recalc-dims=\"1\" loading=\"lazy\" decoding=\"async\" data-attachment-id=\"9120\" data-permalink=\"https:\/\/emblemedequebec.marret.co\/index.php\/sur-la-vaisselle\/5271-mch-tasse-1e_wp\/\" data-orig-file=\"https:\/\/i0.wp.com\/emblemedequebec.marret.co\/wp-content\/uploads\/2018\/05\/5271-MCH-Tasse-1e_wp.jpg?fit=719%2C886&amp;ssl=1\" data-orig-size=\"719,886\" data-comments-opened=\"1\" data-image-meta=\"{&quot;aperture&quot;:&quot;0&quot;,&quot;credit&quot;:&quot;&quot;,&quot;camera&quot;:&quot;&quot;,&quot;caption&quot;:&quot;&quot;,&quot;created_timestamp&quot;:&quot;0&quot;,&quot;copyright&quot;:&quot;&quot;,&quot;focal_length&quot;:&quot;0&quot;,&quot;iso&quot;:&quot;0&quot;,&quot;shutter_speed&quot;:&quot;0&quot;,&quot;title&quot;:&quot;&quot;,&quot;orientation&quot;:&quot;1&quot;}\" data-image-title=\"55512-MCH Tasse 1e_wp\" data-image-description=\"\" data-image-caption=\"&lt;p&gt;Marque : Wedgwood.&lt;\/p&gt;\n\" data-medium-file=\"https:\/\/i0.wp.com\/emblemedequebec.marret.co\/wp-content\/uploads\/2018\/05\/5271-MCH-Tasse-1e_wp.jpg?fit=243%2C300&amp;ssl=1\" data-large-file=\"https:\/\/i0.wp.com\/emblemedequebec.marret.co\/wp-content\/uploads\/2018\/05\/5271-MCH-Tasse-1e_wp.jpg?fit=640%2C789&amp;ssl=1\" class=\"wp-image-9120 alignright\" src=\"https:\/\/i0.wp.com\/emblemedequebec.marret.co\/wp-content\/uploads\/2018\/05\/5271-MCH-Tasse-1e_wp.jpg?resize=250%2C308&#038;ssl=1\" alt=\"\" width=\"250\" height=\"308\" data-wp-pid=\"9120\" srcset=\"https:\/\/i0.wp.com\/emblemedequebec.marret.co\/wp-content\/uploads\/2018\/05\/5271-MCH-Tasse-1e_wp.jpg?w=719&amp;ssl=1 719w, https:\/\/i0.wp.com\/emblemedequebec.marret.co\/wp-content\/uploads\/2018\/05\/5271-MCH-Tasse-1e_wp.jpg?resize=243%2C300&amp;ssl=1 243w, https:\/\/i0.wp.com\/emblemedequebec.marret.co\/wp-content\/uploads\/2018\/05\/5271-MCH-Tasse-1e_wp.jpg?resize=487%2C600&amp;ssl=1 487w\" sizes=\"auto, (max-width: 250px) 100vw, 250px\" \/><\/a><\/p>\n<p>&nbsp;<\/p>\n<p>&nbsp;<\/p>\n<p>&nbsp;<\/p>\n<p>&nbsp;<\/p>\n<p style=\"padding-left: 150px;\">2) Marque : Wedgwood.<\/p>\n<p><a href=\"https:\/\/i0.wp.com\/emblemedequebec.marret.co\/wp-content\/uploads\/2018\/05\/5337-JLM-Cr%C3%A9mier-1d_wp.jpg?ssl=1\"><img data-recalc-dims=\"1\" loading=\"lazy\" decoding=\"async\" data-attachment-id=\"9121\" data-permalink=\"https:\/\/emblemedequebec.marret.co\/index.php\/sur-la-vaisselle\/5337-jlm-cremier-1d_wp\/\" data-orig-file=\"https:\/\/i0.wp.com\/emblemedequebec.marret.co\/wp-content\/uploads\/2018\/05\/5337-JLM-Cr%C3%A9mier-1d_wp.jpg?fit=584%2C886&amp;ssl=1\" data-orig-size=\"584,886\" data-comments-opened=\"1\" data-image-meta=\"{&quot;aperture&quot;:&quot;0&quot;,&quot;credit&quot;:&quot;&quot;,&quot;camera&quot;:&quot;&quot;,&quot;caption&quot;:&quot;&quot;,&quot;created_timestamp&quot;:&quot;0&quot;,&quot;copyright&quot;:&quot;&quot;,&quot;focal_length&quot;:&quot;0&quot;,&quot;iso&quot;:&quot;0&quot;,&quot;shutter_speed&quot;:&quot;0&quot;,&quot;title&quot;:&quot;&quot;,&quot;orientation&quot;:&quot;1&quot;}\" data-image-title=\"5639-JLM Cr\u00e9mier 1d_wp\" data-image-description=\"\" data-image-caption=\"&lt;p&gt;Marques : The Foley China; Wedgwood.&lt;\/p&gt;\n\" data-medium-file=\"https:\/\/i0.wp.com\/emblemedequebec.marret.co\/wp-content\/uploads\/2018\/05\/5337-JLM-Cr%C3%A9mier-1d_wp.jpg?fit=198%2C300&amp;ssl=1\" data-large-file=\"https:\/\/i0.wp.com\/emblemedequebec.marret.co\/wp-content\/uploads\/2018\/05\/5337-JLM-Cr%C3%A9mier-1d_wp.jpg?fit=584%2C886&amp;ssl=1\" class=\"wp-image-9121 alignleft\" src=\"https:\/\/i0.wp.com\/emblemedequebec.marret.co\/wp-content\/uploads\/2018\/05\/5337-JLM-Cr%C3%A9mier-1d_wp.jpg?resize=250%2C380&#038;ssl=1\" alt=\"\" width=\"250\" height=\"380\" data-wp-pid=\"9121\" srcset=\"https:\/\/i0.wp.com\/emblemedequebec.marret.co\/wp-content\/uploads\/2018\/05\/5337-JLM-Cr%C3%A9mier-1d_wp.jpg?w=584&amp;ssl=1 584w, https:\/\/i0.wp.com\/emblemedequebec.marret.co\/wp-content\/uploads\/2018\/05\/5337-JLM-Cr%C3%A9mier-1d_wp.jpg?resize=198%2C300&amp;ssl=1 198w, https:\/\/i0.wp.com\/emblemedequebec.marret.co\/wp-content\/uploads\/2018\/05\/5337-JLM-Cr%C3%A9mier-1d_wp.jpg?resize=395%2C600&amp;ssl=1 395w\" sizes=\"auto, (max-width: 250px) 100vw, 250px\" \/><\/a><\/p>\n<p>&nbsp;<\/p>\n<p>&nbsp;<\/p>\n<p>&nbsp;<\/p>\n<p>3) Marques : The Foley China; Wedgwood.<\/p>\n<p>&nbsp;<\/p>\n<p><a href=\"https:\/\/i0.wp.com\/emblemedequebec.marret.co\/wp-content\/uploads\/2018\/05\/5711-Assiette-d_wp.jpg?ssl=1\"><img data-recalc-dims=\"1\" loading=\"lazy\" decoding=\"async\" data-attachment-id=\"9122\" data-permalink=\"https:\/\/emblemedequebec.marret.co\/index.php\/sur-la-vaisselle\/5711-assiette-d_wp\/\" data-orig-file=\"https:\/\/i0.wp.com\/emblemedequebec.marret.co\/wp-content\/uploads\/2018\/05\/5711-Assiette-d_wp.jpg?fit=886%2C806&amp;ssl=1\" data-orig-size=\"886,806\" data-comments-opened=\"1\" data-image-meta=\"{&quot;aperture&quot;:&quot;13&quot;,&quot;credit&quot;:&quot;Nicola-Frank Vachon&quot;,&quot;camera&quot;:&quot;Canon EOS 5D Mark II&quot;,&quot;caption&quot;:&quot;&quot;,&quot;created_timestamp&quot;:&quot;1284557630&quot;,&quot;copyright&quot;:&quot;Mus\\u00e9e de la Civilisation; Nicola-Frank Vachon&quot;,&quot;focal_length&quot;:&quot;92&quot;,&quot;iso&quot;:&quot;100&quot;,&quot;shutter_speed&quot;:&quot;0.008&quot;,&quot;title&quot;:&quot;&quot;,&quot;orientation&quot;:&quot;1&quot;}\" data-image-title=\"5101 Assiette d_wp\" data-image-description=\"\" data-image-caption=\"&lt;p&gt;Marques : Adams Etruscan Ware; W.H. Goss.&lt;\/p&gt;\n\" data-medium-file=\"https:\/\/i0.wp.com\/emblemedequebec.marret.co\/wp-content\/uploads\/2018\/05\/5711-Assiette-d_wp.jpg?fit=300%2C273&amp;ssl=1\" data-large-file=\"https:\/\/i0.wp.com\/emblemedequebec.marret.co\/wp-content\/uploads\/2018\/05\/5711-Assiette-d_wp.jpg?fit=640%2C582&amp;ssl=1\" class=\"wp-image-9122 alignright\" src=\"https:\/\/i0.wp.com\/emblemedequebec.marret.co\/wp-content\/uploads\/2018\/05\/5711-Assiette-d_wp.jpg?resize=251%2C228&#038;ssl=1\" alt=\"\" width=\"251\" height=\"228\" data-wp-pid=\"9122\" srcset=\"https:\/\/i0.wp.com\/emblemedequebec.marret.co\/wp-content\/uploads\/2018\/05\/5711-Assiette-d_wp.jpg?w=886&amp;ssl=1 886w, https:\/\/i0.wp.com\/emblemedequebec.marret.co\/wp-content\/uploads\/2018\/05\/5711-Assiette-d_wp.jpg?resize=300%2C273&amp;ssl=1 300w, https:\/\/i0.wp.com\/emblemedequebec.marret.co\/wp-content\/uploads\/2018\/05\/5711-Assiette-d_wp.jpg?resize=768%2C699&amp;ssl=1 768w, https:\/\/i0.wp.com\/emblemedequebec.marret.co\/wp-content\/uploads\/2018\/05\/5711-Assiette-d_wp.jpg?resize=800%2C728&amp;ssl=1 800w, https:\/\/i0.wp.com\/emblemedequebec.marret.co\/wp-content\/uploads\/2018\/05\/5711-Assiette-d_wp.jpg?resize=600%2C546&amp;ssl=1 600w\" sizes=\"auto, (max-width: 251px) 100vw, 251px\" \/><\/a><\/p>\n<p>&nbsp;<\/p>\n<p>&nbsp;<\/p>\n<p>&nbsp;<\/p>\n<p>&nbsp;<\/p>\n<p style=\"padding-left: 150px;\">4) Marques : Adams Etruscan Ware; W.H. Goss.<\/p>\n<p><a href=\"https:\/\/i0.wp.com\/emblemedequebec.marret.co\/wp-content\/uploads\/2018\/05\/5751-YB-Pot-3-2010-21_069d_wp.jpg?ssl=1\"><img data-recalc-dims=\"1\" loading=\"lazy\" decoding=\"async\" data-attachment-id=\"9123\" data-permalink=\"https:\/\/emblemedequebec.marret.co\/index.php\/sur-la-vaisselle\/5751-yb-pot-3-2010-21_069d_wp\/\" data-orig-file=\"https:\/\/i0.wp.com\/emblemedequebec.marret.co\/wp-content\/uploads\/2018\/05\/5751-YB-Pot-3-2010-21_069d_wp.jpg?fit=777%2C886&amp;ssl=1\" data-orig-size=\"777,886\" data-comments-opened=\"1\" data-image-meta=\"{&quot;aperture&quot;:&quot;5.6&quot;,&quot;credit&quot;:&quot;&quot;,&quot;camera&quot;:&quot;Canon EOS DIGITAL REBEL XSi&quot;,&quot;caption&quot;:&quot;&quot;,&quot;created_timestamp&quot;:&quot;1284053362&quot;,&quot;copyright&quot;:&quot;&quot;,&quot;focal_length&quot;:&quot;55&quot;,&quot;iso&quot;:&quot;400&quot;,&quot;shutter_speed&quot;:&quot;0.016666666666667&quot;,&quot;title&quot;:&quot;&quot;,&quot;orientation&quot;:&quot;1&quot;}\" data-image-title=\"5811-YB Pot 3 (2010-21_069d)_wp\" data-image-description=\"\" data-image-caption=\"&lt;p&gt;Marque inconnue&lt;\/p&gt;\n\" data-medium-file=\"https:\/\/i0.wp.com\/emblemedequebec.marret.co\/wp-content\/uploads\/2018\/05\/5751-YB-Pot-3-2010-21_069d_wp.jpg?fit=263%2C300&amp;ssl=1\" data-large-file=\"https:\/\/i0.wp.com\/emblemedequebec.marret.co\/wp-content\/uploads\/2018\/05\/5751-YB-Pot-3-2010-21_069d_wp.jpg?fit=640%2C730&amp;ssl=1\" class=\"wp-image-9123 alignleft\" src=\"https:\/\/i0.wp.com\/emblemedequebec.marret.co\/wp-content\/uploads\/2018\/05\/5751-YB-Pot-3-2010-21_069d_wp.jpg?resize=250%2C285&#038;ssl=1\" alt=\"\" width=\"250\" height=\"285\" data-wp-pid=\"9123\" srcset=\"https:\/\/i0.wp.com\/emblemedequebec.marret.co\/wp-content\/uploads\/2018\/05\/5751-YB-Pot-3-2010-21_069d_wp.jpg?w=777&amp;ssl=1 777w, https:\/\/i0.wp.com\/emblemedequebec.marret.co\/wp-content\/uploads\/2018\/05\/5751-YB-Pot-3-2010-21_069d_wp.jpg?resize=263%2C300&amp;ssl=1 263w, https:\/\/i0.wp.com\/emblemedequebec.marret.co\/wp-content\/uploads\/2018\/05\/5751-YB-Pot-3-2010-21_069d_wp.jpg?resize=768%2C876&amp;ssl=1 768w, https:\/\/i0.wp.com\/emblemedequebec.marret.co\/wp-content\/uploads\/2018\/05\/5751-YB-Pot-3-2010-21_069d_wp.jpg?resize=526%2C600&amp;ssl=1 526w\" sizes=\"auto, (max-width: 250px) 100vw, 250px\" \/><\/a><\/p>\n<p>&nbsp;<\/p>\n<p>&nbsp;<\/p>\n<p>5) Marque inconnue.<\/p>\n<p>&nbsp;<\/p>\n<p><a href=\"https:\/\/i0.wp.com\/emblemedequebec.marret.co\/wp-content\/uploads\/2018\/05\/5761-HC-Chope-1d_wp.jpg?ssl=1\"><img data-recalc-dims=\"1\" loading=\"lazy\" decoding=\"async\" data-attachment-id=\"9124\" data-permalink=\"https:\/\/emblemedequebec.marret.co\/index.php\/sur-la-vaisselle\/5761-hc-chope-1d_wp\/\" data-orig-file=\"https:\/\/i0.wp.com\/emblemedequebec.marret.co\/wp-content\/uploads\/2018\/05\/5761-HC-Chope-1d_wp.jpg?fit=473%2C591&amp;ssl=1\" data-orig-size=\"473,591\" data-comments-opened=\"1\" data-image-meta=\"{&quot;aperture&quot;:&quot;0&quot;,&quot;credit&quot;:&quot;&quot;,&quot;camera&quot;:&quot;&quot;,&quot;caption&quot;:&quot;&quot;,&quot;created_timestamp&quot;:&quot;0&quot;,&quot;copyright&quot;:&quot;&quot;,&quot;focal_length&quot;:&quot;0&quot;,&quot;iso&quot;:&quot;0&quot;,&quot;shutter_speed&quot;:&quot;0&quot;,&quot;title&quot;:&quot;&quot;,&quot;orientation&quot;:&quot;1&quot;}\" data-image-title=\"5821-HC Chope 1d_wp\" data-image-description=\"\" data-image-caption=\"&lt;p&gt;Marque inconnue&lt;\/p&gt;\n\" data-medium-file=\"https:\/\/i0.wp.com\/emblemedequebec.marret.co\/wp-content\/uploads\/2018\/05\/5761-HC-Chope-1d_wp.jpg?fit=240%2C300&amp;ssl=1\" data-large-file=\"https:\/\/i0.wp.com\/emblemedequebec.marret.co\/wp-content\/uploads\/2018\/05\/5761-HC-Chope-1d_wp.jpg?fit=473%2C591&amp;ssl=1\" class=\"wp-image-9124 alignright\" src=\"https:\/\/i0.wp.com\/emblemedequebec.marret.co\/wp-content\/uploads\/2018\/05\/5761-HC-Chope-1d_wp.jpg?resize=250%2C312&#038;ssl=1\" alt=\"\" width=\"250\" height=\"312\" data-wp-pid=\"9124\" srcset=\"https:\/\/i0.wp.com\/emblemedequebec.marret.co\/wp-content\/uploads\/2018\/05\/5761-HC-Chope-1d_wp.jpg?w=473&amp;ssl=1 473w, https:\/\/i0.wp.com\/emblemedequebec.marret.co\/wp-content\/uploads\/2018\/05\/5761-HC-Chope-1d_wp.jpg?resize=240%2C300&amp;ssl=1 240w\" sizes=\"auto, (max-width: 250px) 100vw, 250px\" \/><\/a><\/p>\n<p>&nbsp;<\/p>\n<p>&nbsp;<\/p>\n<p>&nbsp;<\/p>\n<p>&nbsp;<\/p>\n<p style=\"padding-left: 150px;\">6) Marque inconnue.<\/p>\n","protected":false},"excerpt":{"rendered":"<p>Le dessin de Joseph L\u00e9gar\u00e9 se pr\u00eate bien \u00e0 une reproduction sur la porcelaine, la fa\u00efence ou la terre cuite, &nbsp;ce qui explique qu\u2019on le retrouve sur des assiettes, des tasses, des pots ou sur des vases, ainsi que sur &hellip; <a href=\"https:\/\/emblemedequebec.marret.co\/index.php\/sur-la-vaisselle\/\">Continuer la lecture <span class=\"meta-nav\">&rarr;<\/span><\/a><\/p>\n","protected":false},"author":1,"featured_media":0,"parent":0,"menu_order":0,"comment_status":"closed","ping_status":"closed","template":"","meta":{"ngg_post_thumbnail":0,"jetpack_post_was_ever_published":false,"footnotes":""},"class_list":["post-8296","page","type-page","status-publish","hentry"],"aioseo_notices":[],"jetpack_sharing_enabled":true,"jetpack_shortlink":"https:\/\/wp.me\/P9K7xB-29O","jetpack-related-posts":[{"id":9168,"url":"https:\/\/emblemedequebec.marret.co\/index.php\/a-la-ville-de-quebec\/evolution-de-lembleme-a-la-ville-de-quebec\/","url_meta":{"origin":8296,"position":0},"title":"\u00c9volution de l&#8217;embl\u00e8me \u00e0 la ville de Qu\u00e9bec","author":"marretgravereaux","date":"12 mai 2018","format":false,"excerpt":"Apr\u00e8s son adoption officielle, le 23 mai 1834, le nouveau sceau de Qu\u00e9bec fait son apparition pour authentifier les ordonnances, r\u00e8glements ou r\u00e9solutions officiels. Mais, en m\u00eame temps, il devient l\u2019embl\u00e8me de la ville et, \u00e0 ce titre, orne ou illustre de multiples documents administratifs. Le sceau est toujours demeur\u00e9\u2026","rel":"","context":"Article similaire","block_context":{"text":"Article similaire","link":""},"img":{"alt_text":"","src":"https:\/\/i0.wp.com\/emblemedequebec.marret.co\/wp-content\/uploads\/2018\/05\/QP1-1-PV-1833-1834-23-mai-1834p_wp.jpg?resize=350%2C200","width":350,"height":200},"classes":[]},{"id":66,"url":"https:\/\/emblemedequebec.marret.co\/","url_meta":{"origin":8296,"position":1},"title":"Le premier embl\u00e8me de la ville de Qu\u00e9bec","author":"marretgravereaux","date":"24 octobre 2015","format":false,"excerpt":"Incorpor\u00e9e en 1833, la ville de Qu\u00e9bec tint ses premi\u00e8res \u00e9lections en avril. Lors de l\u2019une de ses premi\u00e8res r\u00e9unions, quelques semaines plus tard, le conseil de ville adopta un sceau dont le dessin fut r\u00e9alis\u00e9 par l\u2019un de ses conseillers, Joseph L\u00e9gar\u00e9. Utilis\u00e9 comme embl\u00e8me, voire comme armoiries, pour\u2026","rel":"","context":"Article similaire","block_context":{"text":"Article similaire","link":""},"img":{"alt_text":"","src":"https:\/\/i0.wp.com\/emblemedequebec.marret.co\/wp-content\/uploads\/2018\/03\/Ville-de-Qu%C3%A9bec-Dessin-original_wp-997x1024.jpg?resize=350%2C200","width":350,"height":200},"classes":[]},{"id":8922,"url":"https:\/\/emblemedequebec.marret.co\/index.php\/sur-des-bijoux\/quebec-curling-club\/","url_meta":{"origin":8296,"position":2},"title":"Quebec Curling Club","author":"marretgravereaux","date":"1 mai 2018","format":false,"excerpt":"Le curling se joue \u00e0 l'origine sur des surfaces glac\u00e9es naturelles, telles, \u00e0 Qu\u00e9bec, le Saint-Laurent ou la rivi\u00e8re Saint-Charles. Mais, \u00e0 l\u2019initiative des \u00c9cossais le Quebec Curling Club voit le jour en 1821 et, au d\u00e9but, seuls des fils et des filles d'\u00c9cossais peuvent en devenir membres. Apr\u00e8s Montr\u00e9al\u2026","rel":"","context":"Dans &quot;Non class\u00e9&quot;","block_context":{"text":"Non class\u00e9","link":"https:\/\/emblemedequebec.marret.co\/index.php\/category\/non-classe\/"},"img":{"alt_text":"","src":"https:\/\/i0.wp.com\/emblemedequebec.marret.co\/wp-content\/uploads\/2018\/04\/2321-MMC-M930_50_1_638_wp.jpg?resize=350%2C200","width":350,"height":200},"classes":[]},{"id":8306,"url":"https:\/\/emblemedequebec.marret.co\/index.php\/ses-origines\/sources-dinspiration-pour-le-sceau-de-quebec\/","url_meta":{"origin":8296,"position":3},"title":"Sources d\u2019inspiration pour le sceau de Qu\u00e9bec","author":"marretgravereaux","date":"18 mars 2018","format":false,"excerpt":"\u00c9lu au conseil de la Cit\u00e9 de Qu\u00e9bec le 25\u00a0avril 1833, Joseph L\u00e9gar\u00e9 soumet dans les jours suivants un projet de sceau pour la Corporation municipale, lequel fait l\u2019objet de discussions lors de la s\u00e9ance du 24\u00a0mai. Il n\u2019a donc eu que peu de temps pour le pr\u00e9parer et l\u2019on\u2026","rel":"","context":"Article similaire","block_context":{"text":"Article similaire","link":""},"img":{"alt_text":"","src":"https:\/\/i0.wp.com\/emblemedequebec.marret.co\/wp-content\/uploads\/2024\/10\/1749-Paix-dAix-la-Chapelle-10-Photoroom-a_50-300x297.png?resize=350%2C200&ssl=1","width":350,"height":200},"classes":[]},{"id":9824,"url":"https:\/\/emblemedequebec.marret.co\/index.php\/sur-la-vaisselle\/les-miniatures-goss\/","url_meta":{"origin":8296,"position":4},"title":"Des porcelaines et des miniatures Goss","author":"marretgravereaux","date":"20 ao\u00fbt 2018","format":false,"excerpt":"Apr\u00e8s des \u00e9tudes en dessin et un apprentissage chez des fabricants de c\u00e9ramique, William Henry Goss (1833-1906) d\u00e9marre en 1858 sa propre entreprise - la Falcon Pottery -, \u00e0 Stoke-on-Trent (Grande-Bretagne) laquelle produit vases, flacons et autres objets de porcelaine. Adolphus, son fils a\u00een\u00e9, y entre en 1880\u00a0; comme il\u2026","rel":"","context":"Article similaire","block_context":{"text":"Article similaire","link":""},"img":{"alt_text":"","src":"https:\/\/i0.wp.com\/emblemedequebec.marret.co\/wp-content\/uploads\/2018\/08\/Buste-William-Goss-2006BB2163_2500_wp.jpg?resize=350%2C200","width":350,"height":200},"classes":[]},{"id":7614,"url":"https:\/\/emblemedequebec.marret.co\/index.php\/ses-origines\/","url_meta":{"origin":8296,"position":5},"title":"Histoire officielle du premier embl\u00e8me de Qu\u00e9bec","author":"marretgravereaux","date":"13 mars 2018","format":false,"excerpt":"Qu\u00e9bec aurait pu avoir des armes d\u00e8s le XVIIe si\u00e8cle si le gouverneur de Frontenac avait men\u00e9 \u00e0 bien son projet. En effet, le 13\u00a0octobre 1673, il \u00e9crivait au ministre\u00a0: \u00ab\u00a0C\u2019est \u00e0 quoi, Mgr, vous aviserez, s\u2019il vous pla\u00eet, comme aussi aux livr\u00e9es et aux armes que le Roi voudra\u2026","rel":"","context":"Article similaire","block_context":{"text":"Article similaire","link":""},"img":{"alt_text":"","src":"https:\/\/i0.wp.com\/emblemedequebec.marret.co\/wp-content\/uploads\/2018\/03\/Frontenac_wp.jpg?resize=350%2C200","width":350,"height":200},"classes":[]}],"_links":{"self":[{"href":"https:\/\/emblemedequebec.marret.co\/index.php\/wp-json\/wp\/v2\/pages\/8296","targetHints":{"allow":["GET"]}}],"collection":[{"href":"https:\/\/emblemedequebec.marret.co\/index.php\/wp-json\/wp\/v2\/pages"}],"about":[{"href":"https:\/\/emblemedequebec.marret.co\/index.php\/wp-json\/wp\/v2\/types\/page"}],"author":[{"embeddable":true,"href":"https:\/\/emblemedequebec.marret.co\/index.php\/wp-json\/wp\/v2\/users\/1"}],"replies":[{"embeddable":true,"href":"https:\/\/emblemedequebec.marret.co\/index.php\/wp-json\/wp\/v2\/comments?post=8296"}],"version-history":[{"count":2,"href":"https:\/\/emblemedequebec.marret.co\/index.php\/wp-json\/wp\/v2\/pages\/8296\/revisions"}],"predecessor-version":[{"id":10969,"href":"https:\/\/emblemedequebec.marret.co\/index.php\/wp-json\/wp\/v2\/pages\/8296\/revisions\/10969"}],"wp:attachment":[{"href":"https:\/\/emblemedequebec.marret.co\/index.php\/wp-json\/wp\/v2\/media?parent=8296"}],"curies":[{"name":"wp","href":"https:\/\/api.w.org\/{rel}","templated":true}]}}