{"id":7681,"date":"2018-03-15T10:51:45","date_gmt":"2018-03-15T09:51:45","guid":{"rendered":"http:\/\/emblemedequebec.marret.co\/?page_id=7681"},"modified":"2018-05-13T08:50:19","modified_gmt":"2018-05-13T07:50:19","slug":"les-premiers-sceaux-de-quebec","status":"publish","type":"page","link":"https:\/\/emblemedequebec.marret.co\/index.php\/ses-origines\/les-premiers-sceaux-de-quebec\/","title":{"rendered":"Sceau provisoire, sceau permanent"},"content":{"rendered":"<p>Qu\u00e9bec aurait pu avoir des armes d\u00e8s le XVIIe si\u00e8cle si le gouverneur de Frontenac avait men\u00e9 \u00e0 bien son projet. En effet, le 13&nbsp;octobre 1673, il \u00e9crivait au ministre&nbsp;:<\/p>\n<p style=\"padding-left: 30px;\">\u00ab&nbsp;<em>C\u2019est \u00e0 quoi, Mgr, vous aviserez, s\u2019il vous pla\u00eet, comme aussi aux livr\u00e9es et aux armes que le Roi voudra donner \u00e0 la ville de Qu\u00e9bec. Je croyais que les fleurs de lys sans nombre, au chef d\u2019or, charg\u00e9 d\u2019un castor de sable, lui conviendraient assez bien avec deux orignaux pour supporter, et le bleu et le blanc pour les livr\u00e9es de la ville. J\u2019attendrai sur cela les ordres de Sa Majest\u00e9 et les v\u00f4tres.&nbsp;\u00bb<\/em><\/p>\n<p>Historien et archiviste, Pierre-Georges Roy <span lang=\"FR\" style=\"margin: 0px; padding: 0cm; border: 1pt windowtext; color: #333333; font-family: 'Georgia','serif'; font-size: 12pt;\">(1870-1953) <\/span> ajoute&nbsp;:<\/p>\n<p style=\"padding-left: 30px;\"><em>\u00ab&nbsp;La suggestion du grand gouverneur demeura sans r\u00e9ponse. Et, comme sous le r\u00e8gne de Louis&nbsp;XIV, la lumi\u00e8re devait venir de Paris ou de Versailles. M.&nbsp;de Frontenac, qui avait d\u00e9j\u00e0 \u00e9t\u00e9 bl\u00e2m\u00e9 pour des initiatives bien anodines, ne parla plus de son projet<\/em>.&nbsp;\u00bb<\/p>\n<p>Il faudra donc un peu plus d\u2019un si\u00e8cle et demi pour que Qu\u00e9bec se dote d\u2019armes et de devise\u2026<\/p>\n<p>\u00c0 la suite de l\u2019incorporation de la cit\u00e9 de Qu\u00e9bec en 1833, les \u00e9lections municipales se tiennent le 25 avril et le nouveau conseil se r\u00e9unit pour la premi\u00e8re fois le 1<sup>er<\/sup>&nbsp;mai. Trois semaines plus tard, la question du sceau de la ville est discut\u00e9e au conseil. Car Joseph L\u00e9gar\u00e9 (1795-1855), le repr\u00e9sentant du quartier du Palais, mais aussi peintre d\u00e9j\u00e0 reconnu \u2013 il avait particip\u00e9 en 1832 \u00e0 la d\u00e9coration du nouveau Th\u00e9\u00e2tre Royal de Qu\u00e9bec &nbsp;&#8211; a soumis peu avant un dessin pour le sceau de la Corporation.<\/p>\n<p>Lors de cette m\u00eame s\u00e9ance du conseil, le 24 mai 1833, il est donc<\/p>\n<p style=\"padding-left: 30px;\">\u00ab&nbsp;<em>R\u00e9solu que le Sceau de la Corporation tel que pr\u00e9sent\u00e9 par M.&nbsp;L\u00e9gar\u00e9 soit adopt\u00e9 comme le Sceau de la Corporation. Le dit Sce<\/em><em>au repr\u00e9sentant 1\u00b0 Le cap aux Diamants et la Basse ville 2\u00b0 La D\u00e9esse Str\u00e9nua, D\u00e9esse de l&rsquo;activit\u00e9 &amp; du travail montrant d&rsquo;une main le Fleuve St-Laurent et de l&rsquo;autre tenant quelques \u00e9pis de bled 3\u00b0 Une ruche d&rsquo;abeille et un Castor, enfin un Lion tenant une clef, d\u00e9signant Qu\u00e9bec comme la Clef du Canada. Et que le maire prenne des mesures pour le faire graver suivant qu\u2019il le jugera convenable<\/em>.&nbsp;\u00bb<\/p>\n<p>La Cit\u00e9 de Qu\u00e9bec a bien adopt\u00e9 un sceau officiel, mais la fabrication de celui-ci demande du temps et son absence pose un important probl\u00e8me l\u00e9gal. Dans une lettre d\u00e9pos\u00e9e au Conseil le 17&nbsp;juin&nbsp;1833, l\u2019avocat de la ville, M.&nbsp;Vanfelson, en fait \u00e9tat&nbsp;:<\/p>\n<p style=\"padding-left: 30px;\"><em>\u00ab&nbsp;Je m\u2019empresse de vous faire savoir que les juges m\u2019ont envoy\u00e9 qu\u00e9rir cette apr\u00e8s-midi et m\u2019ont inform\u00e9 de diverses observations contre les ordonnances pr\u00e9sent\u00e9es pour confirmation savoir&nbsp;: <\/em><\/p>\n<p style=\"padding-left: 60px;\"><em>\u00ab\u00a0Point de sceau, point de preuve de la majorit\u00e9 absolue du Conseil.\u00a0\u00bb<br \/>\n\u00ab\u00a0point de preuve de l\u2019\u00e9lection des membres du Conseil [\u2026]&nbsp;\u00bb<\/em><\/p>\n<p>Le conseil d\u00e9cide donc, lors de cette m\u00eame s\u00e9ance, d\u2019une part, de mandater le maire pour r\u00e9gler le probl\u00e8me<\/p>\n<p style=\"padding-left: 30px;\"><em>\u00ab&nbsp;Que le Maire soit charg\u00e9 de prendre toutes les mesures n\u00e9cessaires pour faire dispara\u00eetre toutes les objections \u00e0 la forme mentionn\u00e9es dans la Lettre de l\u2019avocat de la Corporation de ce jour, comme faites par la Cour du Banc du Roi de Sa Majest\u00e9 pour le District de Qu\u00e9bec, \u00e0 l\u2019homologation des Ordonnances adopt\u00e9es par le Conseil de ville pour la salubrit\u00e9 de la ville.&nbsp;\u00bb<\/em><\/p>\n<p>Et, d\u2019autre part,<\/p>\n<div id=\"attachment_7648\" style=\"width: 211px\" class=\"wp-caption alignright\"><a href=\"https:\/\/i0.wp.com\/emblemedequebec.marret.co\/wp-content\/uploads\/2018\/03\/1833-06-17-Sceau-2010-09_031_wp.jpg?ssl=1\"><img data-recalc-dims=\"1\" loading=\"lazy\" decoding=\"async\" aria-describedby=\"caption-attachment-7648\" data-attachment-id=\"7648\" data-permalink=\"https:\/\/emblemedequebec.marret.co\/index.php\/ses-origines\/1833-06-17-sceau-2010-09_031_wp\/\" data-orig-file=\"https:\/\/i0.wp.com\/emblemedequebec.marret.co\/wp-content\/uploads\/2018\/03\/1833-06-17-Sceau-2010-09_031_wp.jpg?fit=589%2C591&amp;ssl=1\" data-orig-size=\"589,591\" data-comments-opened=\"1\" data-image-meta=\"{&quot;aperture&quot;:&quot;4.5&quot;,&quot;credit&quot;:&quot;&quot;,&quot;camera&quot;:&quot;Canon EOS DIGITAL REBEL XSi&quot;,&quot;caption&quot;:&quot;&quot;,&quot;created_timestamp&quot;:&quot;1279884991&quot;,&quot;copyright&quot;:&quot;&quot;,&quot;focal_length&quot;:&quot;29&quot;,&quot;iso&quot;:&quot;400&quot;,&quot;shutter_speed&quot;:&quot;0.016666666666667&quot;,&quot;title&quot;:&quot;&quot;,&quot;orientation&quot;:&quot;1&quot;}\" data-image-title=\"1833-06-17 Sceau (2010-09_031)_wp\" data-image-description=\"&lt;p&gt;Cachet adopt\u00e9 par le Conseil de ville de Qu\u00e9bec le 17 juin 1733, en attendant que le sceau officiel soit grav\u00e9&lt;\/p&gt;\n\" data-image-caption=\"&lt;p&gt;Sceau temporaire de la ville de Qu\u00e9bec en 1833&lt;\/p&gt;\n\" data-medium-file=\"https:\/\/i0.wp.com\/emblemedequebec.marret.co\/wp-content\/uploads\/2018\/03\/1833-06-17-Sceau-2010-09_031_wp.jpg?fit=300%2C300&amp;ssl=1\" data-large-file=\"https:\/\/i0.wp.com\/emblemedequebec.marret.co\/wp-content\/uploads\/2018\/03\/1833-06-17-Sceau-2010-09_031_wp.jpg?fit=589%2C591&amp;ssl=1\" width=\"201\" height=\"202\" class=\" wp-image-7648\" alt=\"\" src=\"https:\/\/i0.wp.com\/emblemedequebec.marret.co\/wp-content\/uploads\/2018\/03\/1833-06-17-Sceau-2010-09_031_wp.jpg?resize=201%2C202&#038;ssl=1\" data-wp-pid=\"7648\" srcset=\"https:\/\/i0.wp.com\/emblemedequebec.marret.co\/wp-content\/uploads\/2018\/03\/1833-06-17-Sceau-2010-09_031_wp.jpg?w=589&amp;ssl=1 589w, https:\/\/i0.wp.com\/emblemedequebec.marret.co\/wp-content\/uploads\/2018\/03\/1833-06-17-Sceau-2010-09_031_wp.jpg?resize=150%2C150&amp;ssl=1 150w, https:\/\/i0.wp.com\/emblemedequebec.marret.co\/wp-content\/uploads\/2018\/03\/1833-06-17-Sceau-2010-09_031_wp.jpg?resize=300%2C300&amp;ssl=1 300w\" sizes=\"auto, (max-width: 201px) 100vw, 201px\" \/><\/a><p id=\"caption-attachment-7648\" class=\"wp-caption-text\">Sceau temporaire<\/p><\/div>\n<p style=\"padding-left: 30px;\">\u00ab&nbsp;<em>Que le cachet, dont l&#8217;empreinte est ci-jointe, portant la lettre \u00ab\u00a0L\u00a0\u00bb soit adopt\u00e9 comme celui du Conseil de ville jusqu&rsquo;\u00e0 ce que le Cachet adopt\u00e9 ci-devant par la Corporation, soit grav\u00e9<\/em>.&nbsp;\u00bb<\/p>\n<p style=\"padding-left: 60px;\">Selon Ren\u00e9 Vincent, un ancien archiviste de la ville, cette lettre \u00ab&nbsp;L&nbsp;\u00bb \u00e9tait tout simplement la premi\u00e8re lettre du nom du conseiller L\u00e9gar\u00e9\u2026<\/p>\n<p>&nbsp;<\/p>\n<div id=\"attachment_9161\" style=\"width: 250px\" class=\"wp-caption alignleft\"><a href=\"https:\/\/i0.wp.com\/emblemedequebec.marret.co\/wp-content\/uploads\/2018\/05\/QP1-1-PV-1833-1834-23-mai-1834p_wp.jpg?ssl=1\"><img data-recalc-dims=\"1\" loading=\"lazy\" decoding=\"async\" aria-describedby=\"caption-attachment-9161\" data-attachment-id=\"9161\" data-permalink=\"https:\/\/emblemedequebec.marret.co\/index.php\/a-la-ville-de-quebec\/evolution-de-lembleme-a-la-ville-de-quebec\/qp1-1-pv-1833-1834-23-mai-1834p_wp\/\" data-orig-file=\"https:\/\/i0.wp.com\/emblemedequebec.marret.co\/wp-content\/uploads\/2018\/05\/QP1-1-PV-1833-1834-23-mai-1834p_wp.jpg?fit=886%2C886&amp;ssl=1\" data-orig-size=\"886,886\" data-comments-opened=\"1\" data-image-meta=\"{&quot;aperture&quot;:&quot;0&quot;,&quot;credit&quot;:&quot;&quot;,&quot;camera&quot;:&quot;&quot;,&quot;caption&quot;:&quot;&quot;,&quot;created_timestamp&quot;:&quot;0&quot;,&quot;copyright&quot;:&quot;&quot;,&quot;focal_length&quot;:&quot;0&quot;,&quot;iso&quot;:&quot;0&quot;,&quot;shutter_speed&quot;:&quot;0&quot;,&quot;title&quot;:&quot;&quot;,&quot;orientation&quot;:&quot;1&quot;}\" data-image-title=\"QP1-1 PV 1833-1834 &amp;#8211; 23 mai 1834p_wp\" data-image-description=\"\" data-image-caption=\"&lt;p&gt;Journal des proc\u00e9d\u00e9s du Conseil de ville. 23 mai 1834&lt;\/p&gt;\n\" data-medium-file=\"https:\/\/i0.wp.com\/emblemedequebec.marret.co\/wp-content\/uploads\/2018\/05\/QP1-1-PV-1833-1834-23-mai-1834p_wp.jpg?fit=300%2C300&amp;ssl=1\" data-large-file=\"https:\/\/i0.wp.com\/emblemedequebec.marret.co\/wp-content\/uploads\/2018\/05\/QP1-1-PV-1833-1834-23-mai-1834p_wp.jpg?fit=640%2C640&amp;ssl=1\" width=\"240\" height=\"240\" class=\" wp-image-9161\" alt=\"\" src=\"https:\/\/i0.wp.com\/emblemedequebec.marret.co\/wp-content\/uploads\/2018\/05\/QP1-1-PV-1833-1834-23-mai-1834p_wp.jpg?resize=240%2C240&#038;ssl=1\" data-wp-pid=\"9161\" srcset=\"https:\/\/i0.wp.com\/emblemedequebec.marret.co\/wp-content\/uploads\/2018\/05\/QP1-1-PV-1833-1834-23-mai-1834p_wp.jpg?w=886&amp;ssl=1 886w, https:\/\/i0.wp.com\/emblemedequebec.marret.co\/wp-content\/uploads\/2018\/05\/QP1-1-PV-1833-1834-23-mai-1834p_wp.jpg?resize=150%2C150&amp;ssl=1 150w, https:\/\/i0.wp.com\/emblemedequebec.marret.co\/wp-content\/uploads\/2018\/05\/QP1-1-PV-1833-1834-23-mai-1834p_wp.jpg?resize=300%2C300&amp;ssl=1 300w, https:\/\/i0.wp.com\/emblemedequebec.marret.co\/wp-content\/uploads\/2018\/05\/QP1-1-PV-1833-1834-23-mai-1834p_wp.jpg?resize=768%2C768&amp;ssl=1 768w, https:\/\/i0.wp.com\/emblemedequebec.marret.co\/wp-content\/uploads\/2018\/05\/QP1-1-PV-1833-1834-23-mai-1834p_wp.jpg?resize=800%2C800&amp;ssl=1 800w, https:\/\/i0.wp.com\/emblemedequebec.marret.co\/wp-content\/uploads\/2018\/05\/QP1-1-PV-1833-1834-23-mai-1834p_wp.jpg?resize=600%2C600&amp;ssl=1 600w\" sizes=\"auto, (max-width: 240px) 100vw, 240px\" \/><\/a><p id=\"caption-attachment-9161\" class=\"wp-caption-text\">Sceau permanent<\/p><\/div>\n<p>&nbsp;<\/p>\n<p><span style=\"font: 400 12pt\/18px Georgia,'Bitstream Charter',serif; text-align: left; color: #444444; text-transform: none; text-indent: 0px; letter-spacing: normal; text-decoration: none; word-spacing: 0px; display: inline !important; white-space: normal; cursor: text; orphans: 2; float: none; -webkit-text-stroke-width: 0px; background-color: transparent;\">Et ce ne sera qu\u2019un an plus tard, le 23 mai 1834, que&nbsp;:<\/span><\/p>\n<p style=\"padding-left: 30px;\"><em>\u00ab&nbsp;Le nouveau Sceau a \u00e9t\u00e9 produit et adopt\u00e9 comme le Sceau de la Corporation au lieu et place de celui adopt\u00e9 temporairement \/ 272 \/ le 17 juin 1833; et une empreinte du nouveau sceau a \u00e9t\u00e9 ordonn\u00e9e d\u2019\u00eatre mise sur la marge de ce Livre.&nbsp;\u00bb<\/em><\/p>\n<p>&nbsp;<\/p>\n","protected":false},"excerpt":{"rendered":"<p>Qu\u00e9bec aurait pu avoir des armes d\u00e8s le XVIIe si\u00e8cle si le gouverneur de Frontenac avait men\u00e9 \u00e0 bien son projet. En effet, le 13&nbsp;octobre 1673, il \u00e9crivait au ministre&nbsp;: \u00ab&nbsp;C\u2019est \u00e0 quoi, Mgr, vous aviserez, s\u2019il vous pla\u00eet, comme &hellip; <a href=\"https:\/\/emblemedequebec.marret.co\/index.php\/ses-origines\/les-premiers-sceaux-de-quebec\/\">Continuer la lecture <span class=\"meta-nav\">&rarr;<\/span><\/a><\/p>\n","protected":false},"author":1,"featured_media":0,"parent":7614,"menu_order":0,"comment_status":"closed","ping_status":"closed","template":"","meta":{"ngg_post_thumbnail":0,"jetpack_post_was_ever_published":false,"footnotes":""},"class_list":["post-7681","page","type-page","status-publish","hentry"],"aioseo_notices":[],"jetpack_sharing_enabled":true,"jetpack_shortlink":"https:\/\/wp.me\/P9K7xB-1ZT","jetpack-related-posts":[{"id":7614,"url":"https:\/\/emblemedequebec.marret.co\/index.php\/ses-origines\/","url_meta":{"origin":7681,"position":0},"title":"Histoire officielle du premier embl\u00e8me de Qu\u00e9bec","author":"marretgravereaux","date":"13 mars 2018","format":false,"excerpt":"Qu\u00e9bec aurait pu avoir des armes d\u00e8s le XVIIe si\u00e8cle si le gouverneur de Frontenac avait men\u00e9 \u00e0 bien son projet. En effet, le 13\u00a0octobre 1673, il \u00e9crivait au ministre\u00a0: \u00ab\u00a0C\u2019est \u00e0 quoi, Mgr, vous aviserez, s\u2019il vous pla\u00eet, comme aussi aux livr\u00e9es et aux armes que le Roi voudra\u2026","rel":"","context":"Article similaire","block_context":{"text":"Article similaire","link":""},"img":{"alt_text":"","src":"https:\/\/i0.wp.com\/emblemedequebec.marret.co\/wp-content\/uploads\/2018\/03\/Frontenac_wp.jpg?resize=350%2C200","width":350,"height":200},"classes":[]},{"id":8306,"url":"https:\/\/emblemedequebec.marret.co\/index.php\/ses-origines\/sources-dinspiration-pour-le-sceau-de-quebec\/","url_meta":{"origin":7681,"position":1},"title":"Sources d\u2019inspiration pour le sceau de Qu\u00e9bec","author":"marretgravereaux","date":"18 mars 2018","format":false,"excerpt":"\u00c9lu au conseil de la Cit\u00e9 de Qu\u00e9bec le 25\u00a0avril 1833, Joseph L\u00e9gar\u00e9 soumet dans les jours suivants un projet de sceau pour la Corporation municipale, lequel fait l\u2019objet de discussions lors de la s\u00e9ance du 24\u00a0mai. Il n\u2019a donc eu que peu de temps pour le pr\u00e9parer et l\u2019on\u2026","rel":"","context":"Article similaire","block_context":{"text":"Article similaire","link":""},"img":{"alt_text":"","src":"https:\/\/i0.wp.com\/emblemedequebec.marret.co\/wp-content\/uploads\/2024\/10\/1749-Paix-dAix-la-Chapelle-10-Photoroom-a_50-300x297.png?resize=350%2C200&ssl=1","width":350,"height":200},"classes":[]},{"id":8324,"url":"https:\/\/emblemedequebec.marret.co\/index.php\/ses-origines\/le-dessin-du-sceau\/","url_meta":{"origin":7681,"position":2},"title":"Le dessin du sceau","author":"marretgravereaux","date":"19 mars 2018","format":false,"excerpt":"Les \u00e9lections municipales de la Cit\u00e9 de Qu\u00e9bec ont lieu \u00e0 la fin avril\u00a01833. Le 24\u00a0mai, soit moins d\u2019un mois apr\u00e8s, le Conseil choisit son nouveau sceau\u00a0: \u00ab\u00a0R\u00e9solu que le Sceau de la Corporation tel que pr\u00e9sent\u00e9 par M.\u00a0L\u00e9gar\u00e9 soit adopt\u00e9 comme le Sceau de la Corporation. Le dit Sceau\u2026","rel":"","context":"Article similaire","block_context":{"text":"Article similaire","link":""},"img":{"alt_text":"","src":"https:\/\/i0.wp.com\/emblemedequebec.marret.co\/wp-content\/uploads\/2018\/05\/QP1-1-PV-1833-1834-23-mai-1834p_wp.jpg?resize=350%2C200","width":350,"height":200},"classes":[]},{"id":66,"url":"https:\/\/emblemedequebec.marret.co\/","url_meta":{"origin":7681,"position":3},"title":"Le premier embl\u00e8me de la ville de Qu\u00e9bec","author":"marretgravereaux","date":"24 octobre 2015","format":false,"excerpt":"Incorpor\u00e9e en 1833, la ville de Qu\u00e9bec tint ses premi\u00e8res \u00e9lections en avril. Lors de l\u2019une de ses premi\u00e8res r\u00e9unions, quelques semaines plus tard, le conseil de ville adopta un sceau dont le dessin fut r\u00e9alis\u00e9 par l\u2019un de ses conseillers, Joseph L\u00e9gar\u00e9. Utilis\u00e9 comme embl\u00e8me, voire comme armoiries, pour\u2026","rel":"","context":"Article similaire","block_context":{"text":"Article similaire","link":""},"img":{"alt_text":"","src":"https:\/\/i0.wp.com\/emblemedequebec.marret.co\/wp-content\/uploads\/2018\/03\/Ville-de-Qu%C3%A9bec-Dessin-original_wp-997x1024.jpg?resize=350%2C200","width":350,"height":200},"classes":[]},{"id":9168,"url":"https:\/\/emblemedequebec.marret.co\/index.php\/a-la-ville-de-quebec\/evolution-de-lembleme-a-la-ville-de-quebec\/","url_meta":{"origin":7681,"position":4},"title":"\u00c9volution de l&#8217;embl\u00e8me \u00e0 la ville de Qu\u00e9bec","author":"marretgravereaux","date":"12 mai 2018","format":false,"excerpt":"Apr\u00e8s son adoption officielle, le 23 mai 1834, le nouveau sceau de Qu\u00e9bec fait son apparition pour authentifier les ordonnances, r\u00e8glements ou r\u00e9solutions officiels. Mais, en m\u00eame temps, il devient l\u2019embl\u00e8me de la ville et, \u00e0 ce titre, orne ou illustre de multiples documents administratifs. Le sceau est toujours demeur\u00e9\u2026","rel":"","context":"Article similaire","block_context":{"text":"Article similaire","link":""},"img":{"alt_text":"","src":"https:\/\/i0.wp.com\/emblemedequebec.marret.co\/wp-content\/uploads\/2018\/05\/QP1-1-PV-1833-1834-23-mai-1834p_wp.jpg?resize=350%2C200","width":350,"height":200},"classes":[]},{"id":7617,"url":"https:\/\/emblemedequebec.marret.co\/index.php\/a-la-ville-de-quebec\/","url_meta":{"origin":7681,"position":5},"title":"&#8230; \u00e0 la ville de Qu\u00e9bec","author":"marretgravereaux","date":"13 mars 2018","format":false,"excerpt":"Le nouveau sceau de la ville de Qu\u00e9bec a \u00e9t\u00e9 adopt\u00e9 officiellement le 23 mai 1834 et il a, d\u00e8s ce moment-l\u00e0, \u00e9t\u00e9 utilis\u00e9 par la ville chaque fois que n\u00e9cessaire pour identifier des objets ou des personnes, illustrer des documents ou orner des meubles. L\u2019embl\u00e8me officiel est demeur\u00e9 le\u2026","rel":"","context":"Article similaire","block_context":{"text":"Article similaire","link":""},"img":{"alt_text":"","src":"https:\/\/i0.wp.com\/emblemedequebec.marret.co\/wp-content\/uploads\/2018\/05\/QP1-1-PV-1833-1834-23-mai-1834p_wp.jpg?resize=350%2C200","width":350,"height":200},"classes":[]}],"_links":{"self":[{"href":"https:\/\/emblemedequebec.marret.co\/index.php\/wp-json\/wp\/v2\/pages\/7681","targetHints":{"allow":["GET"]}}],"collection":[{"href":"https:\/\/emblemedequebec.marret.co\/index.php\/wp-json\/wp\/v2\/pages"}],"about":[{"href":"https:\/\/emblemedequebec.marret.co\/index.php\/wp-json\/wp\/v2\/types\/page"}],"author":[{"embeddable":true,"href":"https:\/\/emblemedequebec.marret.co\/index.php\/wp-json\/wp\/v2\/users\/1"}],"replies":[{"embeddable":true,"href":"https:\/\/emblemedequebec.marret.co\/index.php\/wp-json\/wp\/v2\/comments?post=7681"}],"version-history":[{"count":0,"href":"https:\/\/emblemedequebec.marret.co\/index.php\/wp-json\/wp\/v2\/pages\/7681\/revisions"}],"up":[{"embeddable":true,"href":"https:\/\/emblemedequebec.marret.co\/index.php\/wp-json\/wp\/v2\/pages\/7614"}],"wp:attachment":[{"href":"https:\/\/emblemedequebec.marret.co\/index.php\/wp-json\/wp\/v2\/media?parent=7681"}],"curies":[{"name":"wp","href":"https:\/\/api.w.org\/{rel}","templated":true}]}}