{"id":7617,"date":"2018-03-13T19:20:51","date_gmt":"2018-03-13T18:20:51","guid":{"rendered":"http:\/\/emblemedequebec.marret.co\/?page_id=7617"},"modified":"2024-10-02T00:37:15","modified_gmt":"2024-10-01T23:37:15","slug":"a-la-ville-de-quebec","status":"publish","type":"page","link":"https:\/\/emblemedequebec.marret.co\/index.php\/a-la-ville-de-quebec\/","title":{"rendered":"&#8230; \u00e0 la ville de Qu\u00e9bec"},"content":{"rendered":"<div id=\"attachment_9161\" style=\"width: 210px\" class=\"wp-caption alignleft\"><a href=\"https:\/\/i0.wp.com\/emblemedequebec.marret.co\/wp-content\/uploads\/2018\/05\/QP1-1-PV-1833-1834-23-mai-1834p_wp.jpg?ssl=1\"><img data-recalc-dims=\"1\" loading=\"lazy\" decoding=\"async\" aria-describedby=\"caption-attachment-9161\" data-attachment-id=\"9161\" data-permalink=\"https:\/\/emblemedequebec.marret.co\/index.php\/a-la-ville-de-quebec\/evolution-de-lembleme-a-la-ville-de-quebec\/qp1-1-pv-1833-1834-23-mai-1834p_wp\/\" data-orig-file=\"https:\/\/i0.wp.com\/emblemedequebec.marret.co\/wp-content\/uploads\/2018\/05\/QP1-1-PV-1833-1834-23-mai-1834p_wp.jpg?fit=886%2C886&amp;ssl=1\" data-orig-size=\"886,886\" data-comments-opened=\"1\" data-image-meta=\"{&quot;aperture&quot;:&quot;0&quot;,&quot;credit&quot;:&quot;&quot;,&quot;camera&quot;:&quot;&quot;,&quot;caption&quot;:&quot;&quot;,&quot;created_timestamp&quot;:&quot;0&quot;,&quot;copyright&quot;:&quot;&quot;,&quot;focal_length&quot;:&quot;0&quot;,&quot;iso&quot;:&quot;0&quot;,&quot;shutter_speed&quot;:&quot;0&quot;,&quot;title&quot;:&quot;&quot;,&quot;orientation&quot;:&quot;1&quot;}\" data-image-title=\"QP1-1 PV 1833-1834 &amp;#8211; 23 mai 1834p_wp\" data-image-description=\"\" data-image-caption=\"&lt;p&gt;Journal des proc\u00e9d\u00e9s du Conseil de ville. 23 mai 1834&lt;\/p&gt;\n\" data-medium-file=\"https:\/\/i0.wp.com\/emblemedequebec.marret.co\/wp-content\/uploads\/2018\/05\/QP1-1-PV-1833-1834-23-mai-1834p_wp.jpg?fit=300%2C300&amp;ssl=1\" data-large-file=\"https:\/\/i0.wp.com\/emblemedequebec.marret.co\/wp-content\/uploads\/2018\/05\/QP1-1-PV-1833-1834-23-mai-1834p_wp.jpg?fit=640%2C640&amp;ssl=1\" class=\" wp-image-9161\" src=\"https:\/\/i0.wp.com\/emblemedequebec.marret.co\/wp-content\/uploads\/2018\/05\/QP1-1-PV-1833-1834-23-mai-1834p_wp.jpg?resize=200%2C200&#038;ssl=1\" alt=\"\" width=\"200\" height=\"200\" data-wp-pid=\"9161\" srcset=\"https:\/\/i0.wp.com\/emblemedequebec.marret.co\/wp-content\/uploads\/2018\/05\/QP1-1-PV-1833-1834-23-mai-1834p_wp.jpg?w=886&amp;ssl=1 886w, https:\/\/i0.wp.com\/emblemedequebec.marret.co\/wp-content\/uploads\/2018\/05\/QP1-1-PV-1833-1834-23-mai-1834p_wp.jpg?resize=150%2C150&amp;ssl=1 150w, https:\/\/i0.wp.com\/emblemedequebec.marret.co\/wp-content\/uploads\/2018\/05\/QP1-1-PV-1833-1834-23-mai-1834p_wp.jpg?resize=300%2C300&amp;ssl=1 300w, https:\/\/i0.wp.com\/emblemedequebec.marret.co\/wp-content\/uploads\/2018\/05\/QP1-1-PV-1833-1834-23-mai-1834p_wp.jpg?resize=768%2C768&amp;ssl=1 768w, https:\/\/i0.wp.com\/emblemedequebec.marret.co\/wp-content\/uploads\/2018\/05\/QP1-1-PV-1833-1834-23-mai-1834p_wp.jpg?resize=800%2C800&amp;ssl=1 800w, https:\/\/i0.wp.com\/emblemedequebec.marret.co\/wp-content\/uploads\/2018\/05\/QP1-1-PV-1833-1834-23-mai-1834p_wp.jpg?resize=600%2C600&amp;ssl=1 600w\" sizes=\"auto, (max-width: 200px) 100vw, 200px\" \/><\/a><p id=\"caption-attachment-9161\" class=\"wp-caption-text\">Journal des proc\u00e9d\u00e9s du Conseil de ville. 23 mai 1834<\/p><\/div>\n<p><span lang=\"FR\"><span style=\"color: #333333;\">Le nouveau sceau de la ville de Qu\u00e9bec a \u00e9t\u00e9 adopt\u00e9 officiellement le 23 mai 1834 et il a, d\u00e8s ce moment-l\u00e0, \u00e9t\u00e9 utilis\u00e9 par la ville chaque fois que n\u00e9cessaire pour identifier des objets ou des personnes, illustrer des documents ou orner des meubles.<\/span><\/span><\/p>\n<p><span lang=\"FR\"><span style=\"color: #333333;\">L\u2019embl\u00e8me officiel est demeur\u00e9 le m\u00eame au fil du temps, mais sa pr\u00e9sentation a subi plusieurs modifications, s\u2019\u00e9loignant quelque peu de l\u2019original propos\u00e9 par Joseph L\u00e9gar\u00e9. Cette \u00e9volution est particuli\u00e8rement apparente si l\u2019on observe la page couverture des rapports annuels \u2013 facilement consultables dans les archives de la ville, ou sur les autres documents officiels, lettres, cartes, etc.<\/span><\/span><\/p>\n<p><span lang=\"FR\"><span style=\"color: #333333;\">De la m\u00eame fa\u00e7on, les d\u00e9pliants et brochures touristiques de la ville de Qu\u00e9bec ont pr\u00e9sent\u00e9 un tel embl\u00e8me jusqu\u2019\u00e0 la disparition de celui-ci en 1949.<\/span><\/span><\/p>\n<p><span lang=\"FR\"><span style=\"color: #333333;\"><img data-recalc-dims=\"1\" loading=\"lazy\" decoding=\"async\" data-attachment-id=\"10489\" data-permalink=\"https:\/\/emblemedequebec.marret.co\/index.php\/a-la-ville-de-quebec\/les-fauteuils-des-maires\/9128-avq-fauteuil-du-maire-joseph-oscar-auger-2010-12_044-photoroom-a_\/\" data-orig-file=\"https:\/\/i0.wp.com\/emblemedequebec.marret.co\/wp-content\/uploads\/2024\/10\/9128-AVQ-Fauteuil-du-maire-Joseph-Oscar-Auger-2010-12_044-Photoroom-a_.png?fit=477%2C521&amp;ssl=1\" data-orig-size=\"477,521\" data-comments-opened=\"1\" data-image-meta=\"{&quot;aperture&quot;:&quot;0&quot;,&quot;credit&quot;:&quot;&quot;,&quot;camera&quot;:&quot;&quot;,&quot;caption&quot;:&quot;&quot;,&quot;created_timestamp&quot;:&quot;0&quot;,&quot;copyright&quot;:&quot;&quot;,&quot;focal_length&quot;:&quot;0&quot;,&quot;iso&quot;:&quot;0&quot;,&quot;shutter_speed&quot;:&quot;0&quot;,&quot;title&quot;:&quot;&quot;,&quot;orientation&quot;:&quot;0&quot;}\" data-image-title=\"9128-AVQ Fauteuil du maire &amp;#8211; Joseph-Oscar Auger 2010-12_044-Photoroom a_\" data-image-description=\"\" data-image-caption=\"\" data-medium-file=\"https:\/\/i0.wp.com\/emblemedequebec.marret.co\/wp-content\/uploads\/2024\/10\/9128-AVQ-Fauteuil-du-maire-Joseph-Oscar-Auger-2010-12_044-Photoroom-a_.png?fit=275%2C300&amp;ssl=1\" data-large-file=\"https:\/\/i0.wp.com\/emblemedequebec.marret.co\/wp-content\/uploads\/2024\/10\/9128-AVQ-Fauteuil-du-maire-Joseph-Oscar-Auger-2010-12_044-Photoroom-a_.png?fit=477%2C521&amp;ssl=1\" class=\"wp-image-10489 alignleft\" src=\"https:\/\/i0.wp.com\/emblemedequebec.marret.co\/wp-content\/uploads\/2024\/10\/9128-AVQ-Fauteuil-du-maire-Joseph-Oscar-Auger-2010-12_044-Photoroom-a_.png?resize=184%2C201&#038;ssl=1\" alt=\"\" width=\"184\" height=\"201\" srcset=\"https:\/\/i0.wp.com\/emblemedequebec.marret.co\/wp-content\/uploads\/2024\/10\/9128-AVQ-Fauteuil-du-maire-Joseph-Oscar-Auger-2010-12_044-Photoroom-a_.png?resize=275%2C300&amp;ssl=1 275w, https:\/\/i0.wp.com\/emblemedequebec.marret.co\/wp-content\/uploads\/2024\/10\/9128-AVQ-Fauteuil-du-maire-Joseph-Oscar-Auger-2010-12_044-Photoroom-a_.png?w=477&amp;ssl=1 477w\" sizes=\"auto, (max-width: 184px) 100vw, 184px\" \/>Le dessin a \u00e9galement \u00e9t\u00e9 reproduit &#8211;&nbsp; et r\u00e9interpr\u00e9t\u00e9 \u2013 par des \u00e9b\u00e9nistes lorsqu\u2019il s\u2019agissait de d\u00e9corer <a href=\"https:\/\/emblemedequebec.marret.co\/index.php\/a-la-ville-de-quebec\/les-fauteuils-des-maires\/\">le fauteuil du maire<\/a>. Celui-ci en \u00ab&nbsp;h\u00e9ritait&nbsp;\u00bb \u00e0 la fin de son ou de ses mandats et il n\u2019en reste donc que deux connus et conserv\u00e9s par la ville elle-m\u00eame. Et l\u2019on peut aussi consid\u00e9rer que cet embl\u00e8me de la ville de Qu\u00e9bec continue \u00e0 pr\u00e9sider les d\u00e9lib\u00e9rations du Conseil municipal\u2026 puisqu\u2019il est au centre d\u2019une <a href=\"https:\/\/emblemedequebec.marret.co\/index.php\/la-tribune-de-la-salle-du-conseil\/\">ornementation<\/a> impressionnante situ\u00e9e en arri\u00e8re du fauteuil du pr\u00e9sident du conseil.<\/span><\/span><\/p>\n<p><span lang=\"FR\"><span style=\"color: #333333;\"><a href=\"https:\/\/i0.wp.com\/emblemedequebec.marret.co\/wp-content\/uploads\/2018\/05\/3818b-JLM-Insigne-policier-FR1a_wp.jpg?ssl=1\"><img data-recalc-dims=\"1\" loading=\"lazy\" decoding=\"async\" data-attachment-id=\"9045\" data-permalink=\"https:\/\/emblemedequebec.marret.co\/index.php\/a-la-ville-de-quebec\/3818b-jlm-insigne-policier-fr1a_wp\/\" data-orig-file=\"https:\/\/i0.wp.com\/emblemedequebec.marret.co\/wp-content\/uploads\/2018\/05\/3818b-JLM-Insigne-policier-FR1a_wp.jpg?fit=653%2C886&amp;ssl=1\" data-orig-size=\"653,886\" data-comments-opened=\"1\" data-image-meta=\"{&quot;aperture&quot;:&quot;11&quot;,&quot;credit&quot;:&quot;&quot;,&quot;camera&quot;:&quot;NIKON D7000&quot;,&quot;caption&quot;:&quot;&quot;,&quot;created_timestamp&quot;:&quot;1387813567&quot;,&quot;copyright&quot;:&quot;&quot;,&quot;focal_length&quot;:&quot;105&quot;,&quot;iso&quot;:&quot;100&quot;,&quot;shutter_speed&quot;:&quot;0.076923076923077&quot;,&quot;title&quot;:&quot;&quot;,&quot;orientation&quot;:&quot;1&quot;}\" data-image-title=\"3818b-JLM Insigne policier FR1a_wp\" data-image-description=\"\" data-image-caption=\"\" data-medium-file=\"https:\/\/i0.wp.com\/emblemedequebec.marret.co\/wp-content\/uploads\/2018\/05\/3818b-JLM-Insigne-policier-FR1a_wp.jpg?fit=221%2C300&amp;ssl=1\" data-large-file=\"https:\/\/i0.wp.com\/emblemedequebec.marret.co\/wp-content\/uploads\/2018\/05\/3818b-JLM-Insigne-policier-FR1a_wp.jpg?fit=640%2C868&amp;ssl=1\" class=\"wp-image-9045 alignright\" src=\"https:\/\/i0.wp.com\/emblemedequebec.marret.co\/wp-content\/uploads\/2018\/05\/3818b-JLM-Insigne-policier-FR1a_wp.jpg?resize=148%2C201&#038;ssl=1\" alt=\"\" width=\"148\" height=\"201\" data-wp-pid=\"9045\" srcset=\"https:\/\/i0.wp.com\/emblemedequebec.marret.co\/wp-content\/uploads\/2018\/05\/3818b-JLM-Insigne-policier-FR1a_wp.jpg?w=653&amp;ssl=1 653w, https:\/\/i0.wp.com\/emblemedequebec.marret.co\/wp-content\/uploads\/2018\/05\/3818b-JLM-Insigne-policier-FR1a_wp.jpg?resize=221%2C300&amp;ssl=1 221w, https:\/\/i0.wp.com\/emblemedequebec.marret.co\/wp-content\/uploads\/2018\/05\/3818b-JLM-Insigne-policier-FR1a_wp.jpg?resize=442%2C600&amp;ssl=1 442w\" sizes=\"auto, (max-width: 148px) 100vw, 148px\" \/><\/a>Par ailleurs, pour officialiser leurs fonctions, les policiers de la ville de Qu\u00e9bec ont arbor\u00e9 longtemps un <a href=\"https:\/\/emblemedequebec.marret.co\/index.php\/sur-des-bijoux\/les-insignes-policiers-a-la-ville-de-quebec\/\">insigne<\/a> avec l\u2019embl\u00e8me de leur employeur&nbsp;; des vari\u00e9t\u00e9s de cet insigne retiennent encore l\u2019int\u00e9r\u00eat de collectionneurs.<\/span><\/span><\/p>\n<p><span lang=\"FR\"><span style=\"color: #333333;\">Les v\u00e9hicules <span lang=\"FR\" style=\"margin: 0px; padding: 0cm; border: 1pt windowtext; color: #333333; font-family: 'Georgia','serif'; font-size: 12pt;\">municipaux arboraient <\/span> de m\u00eame cet embl\u00e8me, mais, semble-t-il, il n\u2019en reste actuellement plus qu\u2019un&nbsp; &#8211; un v\u00e9hicule de pompiers \u2013 et celui-ci ne servirait plus que tr\u00e8s occasionnellement, pour des d\u00e9fil\u00e9s ou des \u00e9v\u00e8nements particuliers.<\/span><\/span><\/p>\n","protected":false},"excerpt":{"rendered":"<p>Le nouveau sceau de la ville de Qu\u00e9bec a \u00e9t\u00e9 adopt\u00e9 officiellement le 23 mai 1834 et il a, d\u00e8s ce moment-l\u00e0, \u00e9t\u00e9 utilis\u00e9 par la ville chaque fois que n\u00e9cessaire pour identifier des objets ou des personnes, illustrer des &hellip; <a href=\"https:\/\/emblemedequebec.marret.co\/index.php\/a-la-ville-de-quebec\/\">Continuer la lecture <span class=\"meta-nav\">&rarr;<\/span><\/a><\/p>\n","protected":false},"author":1,"featured_media":0,"parent":0,"menu_order":0,"comment_status":"closed","ping_status":"closed","template":"","meta":{"ngg_post_thumbnail":0,"jetpack_post_was_ever_published":false,"footnotes":""},"class_list":["post-7617","page","type-page","status-publish","hentry"],"aioseo_notices":[],"jetpack_sharing_enabled":true,"jetpack_shortlink":"https:\/\/wp.me\/P9K7xB-1YR","jetpack-related-posts":[{"id":9168,"url":"https:\/\/emblemedequebec.marret.co\/index.php\/a-la-ville-de-quebec\/evolution-de-lembleme-a-la-ville-de-quebec\/","url_meta":{"origin":7617,"position":0},"title":"\u00c9volution de l&#8217;embl\u00e8me \u00e0 la ville de Qu\u00e9bec","author":"marretgravereaux","date":"12 mai 2018","format":false,"excerpt":"Apr\u00e8s son adoption officielle, le 23 mai 1834, le nouveau sceau de Qu\u00e9bec fait son apparition pour authentifier les ordonnances, r\u00e8glements ou r\u00e9solutions officiels. Mais, en m\u00eame temps, il devient l\u2019embl\u00e8me de la ville et, \u00e0 ce titre, orne ou illustre de multiples documents administratifs. Le sceau est toujours demeur\u00e9\u2026","rel":"","context":"Article similaire","block_context":{"text":"Article similaire","link":""},"img":{"alt_text":"","src":"https:\/\/i0.wp.com\/emblemedequebec.marret.co\/wp-content\/uploads\/2018\/05\/QP1-1-PV-1833-1834-23-mai-1834p_wp.jpg?resize=350%2C200","width":350,"height":200},"classes":[]},{"id":9265,"url":"https:\/\/emblemedequebec.marret.co\/index.php\/a-la-ville-de-quebec\/les-cartes-dalfred-hawkins\/","url_meta":{"origin":7617,"position":1},"title":"Les cartes d&rsquo;Alfred Hawkins","author":"marretgravereaux","date":"24 mai 2018","format":false,"excerpt":"N\u00e9 en 1792 en Angleterre, Alfred Hawkins s\u2019installe \u00e0 Qu\u00e9bec en 1817 et s\u2019associe avec John Leland Maquay pour op\u00e9rer un commerce de vins et spiritueux. Il s\u2019implique tr\u00e8s rapidement dans la vie sociale et \u00e9conomique de Qu\u00e9bec, tant dans des associations mondaines que financi\u00e8res, telles la Quebec Assembly, la\u2026","rel":"","context":"Article similaire","block_context":{"text":"Article similaire","link":""},"img":{"alt_text":"","src":"https:\/\/i0.wp.com\/emblemedequebec.marret.co\/wp-content\/uploads\/2018\/05\/Hawkins-Alfred-Pictures-of-Quebec-p290a_wp.jpg?resize=350%2C200","width":350,"height":200},"classes":[]},{"id":7597,"url":"https:\/\/emblemedequebec.marret.co\/index.php\/sur-des-imprimes\/","url_meta":{"origin":7617,"position":2},"title":"&#8230; sur des imprim\u00e9s","author":"marretgravereaux","date":"13 mars 2018","format":false,"excerpt":"Adopt\u00e9 officiellement le 23 mai 1834, le nouveau sceau de la ville de Qu\u00e9bec a d\u00e8s lors \u00e9t\u00e9 utilis\u00e9 par celle-ci pour s\u2019identifier sur des documents officiels, ou les illustrer. Il appara\u00eet donc sur le papier \u00e0 lettres et les \u00ab comptes de taxes \u00bb, les divers rapports de commissions\u2026","rel":"","context":"Article similaire","block_context":{"text":"Article similaire","link":""},"img":{"alt_text":"","src":"https:\/\/i0.wp.com\/emblemedequebec.marret.co\/wp-content\/uploads\/2018\/03\/1835-Carte-de-Hawkins-2010-17_008a_wp-1024x982.jpg?resize=350%2C200","width":350,"height":200},"classes":[]},{"id":7681,"url":"https:\/\/emblemedequebec.marret.co\/index.php\/ses-origines\/les-premiers-sceaux-de-quebec\/","url_meta":{"origin":7617,"position":3},"title":"Sceau provisoire, sceau permanent","author":"marretgravereaux","date":"15 mars 2018","format":false,"excerpt":"Qu\u00e9bec aurait pu avoir des armes d\u00e8s le XVIIe si\u00e8cle si le gouverneur de Frontenac avait men\u00e9 \u00e0 bien son projet. En effet, le 13\u00a0octobre 1673, il \u00e9crivait au ministre\u00a0: \u00ab\u00a0C\u2019est \u00e0 quoi, Mgr, vous aviserez, s\u2019il vous pla\u00eet, comme aussi aux livr\u00e9es et aux armes que le Roi voudra\u2026","rel":"","context":"Article similaire","block_context":{"text":"Article similaire","link":""},"img":{"alt_text":"","src":"https:\/\/i0.wp.com\/emblemedequebec.marret.co\/wp-content\/uploads\/2018\/03\/1833-06-17-Sceau-2010-09_031_wp.jpg?resize=350%2C200","width":350,"height":200},"classes":[]},{"id":8324,"url":"https:\/\/emblemedequebec.marret.co\/index.php\/ses-origines\/le-dessin-du-sceau\/","url_meta":{"origin":7617,"position":4},"title":"Le dessin du sceau","author":"marretgravereaux","date":"19 mars 2018","format":false,"excerpt":"Les \u00e9lections municipales de la Cit\u00e9 de Qu\u00e9bec ont lieu \u00e0 la fin avril\u00a01833. Le 24\u00a0mai, soit moins d\u2019un mois apr\u00e8s, le Conseil choisit son nouveau sceau\u00a0: \u00ab\u00a0R\u00e9solu que le Sceau de la Corporation tel que pr\u00e9sent\u00e9 par M.\u00a0L\u00e9gar\u00e9 soit adopt\u00e9 comme le Sceau de la Corporation. Le dit Sceau\u2026","rel":"","context":"Article similaire","block_context":{"text":"Article similaire","link":""},"img":{"alt_text":"","src":"https:\/\/i0.wp.com\/emblemedequebec.marret.co\/wp-content\/uploads\/2018\/05\/QP1-1-PV-1833-1834-23-mai-1834p_wp.jpg?resize=350%2C200","width":350,"height":200},"classes":[]},{"id":66,"url":"https:\/\/emblemedequebec.marret.co\/","url_meta":{"origin":7617,"position":5},"title":"Le premier embl\u00e8me de la ville de Qu\u00e9bec","author":"marretgravereaux","date":"24 octobre 2015","format":false,"excerpt":"Incorpor\u00e9e en 1833, la ville de Qu\u00e9bec tint ses premi\u00e8res \u00e9lections en avril. Lors de l\u2019une de ses premi\u00e8res r\u00e9unions, quelques semaines plus tard, le conseil de ville adopta un sceau dont le dessin fut r\u00e9alis\u00e9 par l\u2019un de ses conseillers, Joseph L\u00e9gar\u00e9. Utilis\u00e9 comme embl\u00e8me, voire comme armoiries, pour\u2026","rel":"","context":"Article similaire","block_context":{"text":"Article similaire","link":""},"img":{"alt_text":"","src":"https:\/\/i0.wp.com\/emblemedequebec.marret.co\/wp-content\/uploads\/2018\/03\/Ville-de-Qu%C3%A9bec-Dessin-original_wp-997x1024.jpg?resize=350%2C200","width":350,"height":200},"classes":[]}],"_links":{"self":[{"href":"https:\/\/emblemedequebec.marret.co\/index.php\/wp-json\/wp\/v2\/pages\/7617","targetHints":{"allow":["GET"]}}],"collection":[{"href":"https:\/\/emblemedequebec.marret.co\/index.php\/wp-json\/wp\/v2\/pages"}],"about":[{"href":"https:\/\/emblemedequebec.marret.co\/index.php\/wp-json\/wp\/v2\/types\/page"}],"author":[{"embeddable":true,"href":"https:\/\/emblemedequebec.marret.co\/index.php\/wp-json\/wp\/v2\/users\/1"}],"replies":[{"embeddable":true,"href":"https:\/\/emblemedequebec.marret.co\/index.php\/wp-json\/wp\/v2\/comments?post=7617"}],"version-history":[{"count":2,"href":"https:\/\/emblemedequebec.marret.co\/index.php\/wp-json\/wp\/v2\/pages\/7617\/revisions"}],"predecessor-version":[{"id":10497,"href":"https:\/\/emblemedequebec.marret.co\/index.php\/wp-json\/wp\/v2\/pages\/7617\/revisions\/10497"}],"wp:attachment":[{"href":"https:\/\/emblemedequebec.marret.co\/index.php\/wp-json\/wp\/v2\/media?parent=7617"}],"curies":[{"name":"wp","href":"https:\/\/api.w.org\/{rel}","templated":true}]}}