{"id":7599,"date":"2018-03-13T19:12:22","date_gmt":"2018-03-13T18:12:22","guid":{"rendered":"http:\/\/emblemedequebec.marret.co\/?page_id=7599"},"modified":"2018-08-12T01:55:36","modified_gmt":"2018-08-12T00:55:36","slug":"a-la-societe-numismatique-de-quebec-s-n-q","status":"publish","type":"page","link":"https:\/\/emblemedequebec.marret.co\/index.php\/a-la-societe-numismatique-de-quebec-s-n-q\/","title":{"rendered":"&#8230; \u00e0 la Soci\u00e9t\u00e9 numismatique de Qu\u00e9bec (S.N.Q.)"},"content":{"rendered":"<p><span lang=\"FR\"><span style=\"color: #333333;\"><a href=\"https:\/\/i0.wp.com\/emblemedequebec.marret.co\/wp-content\/uploads\/2018\/05\/1966-02-08-5e-SNQ-Programme-p2-3-c_wp.jpg?ssl=1\"><img data-recalc-dims=\"1\" loading=\"lazy\" decoding=\"async\" data-attachment-id=\"9091\" data-permalink=\"https:\/\/emblemedequebec.marret.co\/index.php\/a-la-societe-numismatique-de-quebec-s-n-q\/1966-02-08-5e-snq-programme-p2-3-c_wp\/\" data-orig-file=\"https:\/\/i0.wp.com\/emblemedequebec.marret.co\/wp-content\/uploads\/2018\/05\/1966-02-08-5e-SNQ-Programme-p2-3-c_wp.jpg?fit=200%2C200&amp;ssl=1\" data-orig-size=\"200,200\" data-comments-opened=\"1\" data-image-meta=\"{&quot;aperture&quot;:&quot;0&quot;,&quot;credit&quot;:&quot;&quot;,&quot;camera&quot;:&quot;&quot;,&quot;caption&quot;:&quot;&quot;,&quot;created_timestamp&quot;:&quot;0&quot;,&quot;copyright&quot;:&quot;&quot;,&quot;focal_length&quot;:&quot;0&quot;,&quot;iso&quot;:&quot;0&quot;,&quot;shutter_speed&quot;:&quot;0&quot;,&quot;title&quot;:&quot;&quot;,&quot;orientation&quot;:&quot;1&quot;}\" data-image-title=\"1966-02-08 5e SNQ &amp;#8211; Programme p2-3 c_wp\" data-image-description=\"&lt;p&gt;Soci\u00e9t\u00e9 numismatique de Qu\u00e9bec&lt;br \/&gt;\n5e anniversaire &amp;#8211; 8 f\u00e9vrier 1966&lt;br \/&gt;\nRestaurant \u00ab \u00c0 la porte Saint-Jean \u00bb&lt;br \/&gt;\nProgramme&lt;\/p&gt;\n\" data-image-caption=\"\" data-medium-file=\"https:\/\/i0.wp.com\/emblemedequebec.marret.co\/wp-content\/uploads\/2018\/05\/1966-02-08-5e-SNQ-Programme-p2-3-c_wp.jpg?fit=200%2C200&amp;ssl=1\" data-large-file=\"https:\/\/i0.wp.com\/emblemedequebec.marret.co\/wp-content\/uploads\/2018\/05\/1966-02-08-5e-SNQ-Programme-p2-3-c_wp.jpg?fit=200%2C200&amp;ssl=1\" width=\"150\" height=\"150\" class=\"wp-image-9091 alignright\" alt=\"\" src=\"https:\/\/i0.wp.com\/emblemedequebec.marret.co\/wp-content\/uploads\/2018\/05\/1966-02-08-5e-SNQ-Programme-p2-3-c_wp.jpg?resize=150%2C150&#038;ssl=1\" data-wp-pid=\"9091\" srcset=\"https:\/\/i0.wp.com\/emblemedequebec.marret.co\/wp-content\/uploads\/2018\/05\/1966-02-08-5e-SNQ-Programme-p2-3-c_wp.jpg?w=200&amp;ssl=1 200w, https:\/\/i0.wp.com\/emblemedequebec.marret.co\/wp-content\/uploads\/2018\/05\/1966-02-08-5e-SNQ-Programme-p2-3-c_wp.jpg?resize=150%2C150&amp;ssl=1 150w\" sizes=\"auto, (max-width: 150px) 100vw, 150px\" \/><\/a><\/span><\/span><\/p>\n<p><span lang=\"FR\"><span style=\"color: #333333;\">Fond\u00e9e en 1960, la Soci\u00e9t\u00e9 numismatique de Qu\u00e9bec adopte comme embl\u00e8me, quelques mois plus tard \u2013 le 21 f\u00e9vrier 1961 -, le dessin apparaissant sur le jeton d\u2019un penny de la Banque de Qu\u00e9bec, lui-m\u00eame inspir\u00e9 de celui de la ville de Qu\u00e9bec.<\/span><\/span><\/p>\n<p><span lang=\"FR\"><span style=\"color: #333333;\">Dans les ann\u00e9es qui suivent, l\u2019on voit donc cet embl\u00e8me dans les documents officiels de la S.N.Q. \u2013 la premi\u00e8re fois peut-\u00eatre, sur le programme des f\u00eates du 5<sup><span style=\"font-size: small;\">e<\/span><\/sup> anniversaire qui eurent lieu le 8&nbsp;f\u00e9vrier 1966 au Restaurant \u00ab&nbsp;\u00c0 la Porte St-Jean&nbsp;\u00bb. <\/span><\/span><\/p>\n<p><span lang=\"FR\"><span style=\"color: #333333;\">Mais ce n\u2019est qu\u2019en 1980 que la Soci\u00e9t\u00e9 numismatique de Qu\u00e9bec fait frapper une premi\u00e8re m\u00e9daille avec cet embl\u00e8me. Dans les ann\u00e9es suivantes, d\u2019autres m\u00e9dailles, des jetons, des billets et divers objets sont fabriqu\u00e9s et diffus\u00e9s avec ce m\u00eame embl\u00e8me.<\/span><\/span><\/p>\n<p><span lang=\"FR\"><span style=\"color: #333333;\"><a href=\"https:\/\/i0.wp.com\/emblemedequebec.marret.co\/wp-content\/uploads\/2018\/05\/Logo-SNQ-r%C3%A9cent_wp.jpg?ssl=1\"><img data-recalc-dims=\"1\" loading=\"lazy\" decoding=\"async\" data-attachment-id=\"9090\" data-permalink=\"https:\/\/emblemedequebec.marret.co\/index.php\/a-la-societe-numismatique-de-quebec-s-n-q\/logo-snq-recent_wp\/\" data-orig-file=\"https:\/\/i0.wp.com\/emblemedequebec.marret.co\/wp-content\/uploads\/2018\/05\/Logo-SNQ-r%C3%A9cent_wp.jpg?fit=877%2C886&amp;ssl=1\" data-orig-size=\"877,886\" data-comments-opened=\"1\" data-image-meta=\"{&quot;aperture&quot;:&quot;0&quot;,&quot;credit&quot;:&quot;&quot;,&quot;camera&quot;:&quot;HP ScanJet 4070&quot;,&quot;caption&quot;:&quot;&quot;,&quot;created_timestamp&quot;:&quot;1203534579&quot;,&quot;copyright&quot;:&quot;&quot;,&quot;focal_length&quot;:&quot;0&quot;,&quot;iso&quot;:&quot;0&quot;,&quot;shutter_speed&quot;:&quot;0&quot;,&quot;title&quot;:&quot;&quot;,&quot;orientation&quot;:&quot;1&quot;}\" data-image-title=\"Logo SNQ &amp;#8211; r\u00e9cent_wp\" data-image-description=\"\" data-image-caption=\"\" data-medium-file=\"https:\/\/i0.wp.com\/emblemedequebec.marret.co\/wp-content\/uploads\/2018\/05\/Logo-SNQ-r%C3%A9cent_wp.jpg?fit=297%2C300&amp;ssl=1\" data-large-file=\"https:\/\/i0.wp.com\/emblemedequebec.marret.co\/wp-content\/uploads\/2018\/05\/Logo-SNQ-r%C3%A9cent_wp.jpg?fit=640%2C647&amp;ssl=1\" width=\"150\" height=\"152\" class=\"wp-image-9090 alignleft\" alt=\"\" src=\"https:\/\/i0.wp.com\/emblemedequebec.marret.co\/wp-content\/uploads\/2018\/05\/Logo-SNQ-r%C3%A9cent_wp.jpg?resize=150%2C152&#038;ssl=1\" data-wp-pid=\"9090\" srcset=\"https:\/\/i0.wp.com\/emblemedequebec.marret.co\/wp-content\/uploads\/2018\/05\/Logo-SNQ-r%C3%A9cent_wp.jpg?w=877&amp;ssl=1 877w, https:\/\/i0.wp.com\/emblemedequebec.marret.co\/wp-content\/uploads\/2018\/05\/Logo-SNQ-r%C3%A9cent_wp.jpg?resize=297%2C300&amp;ssl=1 297w, https:\/\/i0.wp.com\/emblemedequebec.marret.co\/wp-content\/uploads\/2018\/05\/Logo-SNQ-r%C3%A9cent_wp.jpg?resize=768%2C776&amp;ssl=1 768w, https:\/\/i0.wp.com\/emblemedequebec.marret.co\/wp-content\/uploads\/2018\/05\/Logo-SNQ-r%C3%A9cent_wp.jpg?resize=800%2C808&amp;ssl=1 800w, https:\/\/i0.wp.com\/emblemedequebec.marret.co\/wp-content\/uploads\/2018\/05\/Logo-SNQ-r%C3%A9cent_wp.jpg?resize=594%2C600&amp;ssl=1 594w\" sizes=\"auto, (max-width: 150px) 100vw, 150px\" \/><\/a><\/span><\/span><\/p>\n<p>&nbsp;<\/p>\n<p><span lang=\"FR\"><span style=\"color: #333333;\">En 1997, et pour rajeunir son image, la S.N.Q. modifie son \u00ab&nbsp;logo&nbsp;\u00bb, s\u2019inspirant plus de l\u2019ancien embl\u00e8me officiel de la ville de Qu\u00e9bec que du motif du jeton de la Quebec Bank.<\/span><\/span><\/p>\n<p>&nbsp;<\/p>\n<p>Ce site ne pr\u00e9sente pas toutes les pi\u00e8ces, tous les billets ou tous les autres objets que la Soci\u00e9t\u00e9 numismatique de Qu\u00e9bec a \u00e9mis et produits, mais seulement ceux qui portent une illustration du premier embl\u00e8me de la ville de Qu\u00e9bec. Pour conna\u00eetre l\u2019ensemble des \u00e9missions de la S.N.Q., consulter la publication d\u2019Yvon Marquis et de Jean-Luc Marret&nbsp;: <em>Album souvenir des produits \u00e9mis par la Soci\u00e9t\u00e9 numismatique de Qu\u00e9bec<\/em>.<\/p>\n<p>&nbsp;<\/p>\n<p style=\"text-align: center;\">~~~~~~~<\/p>\n<div id=\"attachment_7630\" style=\"width: 311px\" class=\"wp-caption aligncenter\"><a href=\"https:\/\/i0.wp.com\/emblemedequebec.marret.co\/wp-content\/uploads\/2018\/03\/Revers-M%C3%A9daille-SNQ-2d_wp.jpg?ssl=1\"><img data-recalc-dims=\"1\" loading=\"lazy\" decoding=\"async\" aria-describedby=\"caption-attachment-7630\" data-attachment-id=\"7630\" data-permalink=\"https:\/\/emblemedequebec.marret.co\/index.php\/a-la-societe-numismatique-de-quebec-s-n-q\/revers-medaille-snq-2d_wp\/\" data-orig-file=\"https:\/\/i0.wp.com\/emblemedequebec.marret.co\/wp-content\/uploads\/2018\/03\/Revers-M%C3%A9daille-SNQ-2d_wp.jpg?fit=1180%2C1181&amp;ssl=1\" data-orig-size=\"1180,1181\" data-comments-opened=\"1\" data-image-meta=\"{&quot;aperture&quot;:&quot;0&quot;,&quot;credit&quot;:&quot;&quot;,&quot;camera&quot;:&quot;&quot;,&quot;caption&quot;:&quot;&quot;,&quot;created_timestamp&quot;:&quot;0&quot;,&quot;copyright&quot;:&quot;&quot;,&quot;focal_length&quot;:&quot;0&quot;,&quot;iso&quot;:&quot;0&quot;,&quot;shutter_speed&quot;:&quot;0&quot;,&quot;title&quot;:&quot;&quot;,&quot;orientation&quot;:&quot;1&quot;}\" data-image-title=\"Revers &amp;#8211; M\u00e9daille SNQ 2d_wp\" data-image-description=\"&lt;p&gt;Revers de plusieurs m\u00e9daillons \u00e9mis par la Soci\u00e9t\u00e9 numismatique de Qu\u00e9bec. Atelier mon\u00e9taire : Pressed Metal Products (Vancouver, Canada)&lt;\/p&gt;\n\" data-image-caption=\"&lt;p&gt;M\u00e9daillon S.N.Q. &amp;#8211; Revers&lt;\/p&gt;\n\" data-medium-file=\"https:\/\/i0.wp.com\/emblemedequebec.marret.co\/wp-content\/uploads\/2018\/03\/Revers-M%C3%A9daille-SNQ-2d_wp.jpg?fit=300%2C300&amp;ssl=1\" data-large-file=\"https:\/\/i0.wp.com\/emblemedequebec.marret.co\/wp-content\/uploads\/2018\/03\/Revers-M%C3%A9daille-SNQ-2d_wp.jpg?fit=640%2C640&amp;ssl=1\" width=\"301\" height=\"301\" class=\" wp-image-7630\" alt=\"\" src=\"https:\/\/i0.wp.com\/emblemedequebec.marret.co\/wp-content\/uploads\/2018\/03\/Revers-M%C3%A9daille-SNQ-2d_wp.jpg?resize=301%2C301&#038;ssl=1\" data-wp-pid=\"7630\" srcset=\"https:\/\/i0.wp.com\/emblemedequebec.marret.co\/wp-content\/uploads\/2018\/03\/Revers-M%C3%A9daille-SNQ-2d_wp.jpg?resize=1024%2C1024&amp;ssl=1 1024w, https:\/\/i0.wp.com\/emblemedequebec.marret.co\/wp-content\/uploads\/2018\/03\/Revers-M%C3%A9daille-SNQ-2d_wp.jpg?resize=150%2C150&amp;ssl=1 150w, https:\/\/i0.wp.com\/emblemedequebec.marret.co\/wp-content\/uploads\/2018\/03\/Revers-M%C3%A9daille-SNQ-2d_wp.jpg?resize=300%2C300&amp;ssl=1 300w, https:\/\/i0.wp.com\/emblemedequebec.marret.co\/wp-content\/uploads\/2018\/03\/Revers-M%C3%A9daille-SNQ-2d_wp.jpg?resize=768%2C769&amp;ssl=1 768w, https:\/\/i0.wp.com\/emblemedequebec.marret.co\/wp-content\/uploads\/2018\/03\/Revers-M%C3%A9daille-SNQ-2d_wp.jpg?resize=800%2C801&amp;ssl=1 800w, https:\/\/i0.wp.com\/emblemedequebec.marret.co\/wp-content\/uploads\/2018\/03\/Revers-M%C3%A9daille-SNQ-2d_wp.jpg?resize=600%2C600&amp;ssl=1 600w, https:\/\/i0.wp.com\/emblemedequebec.marret.co\/wp-content\/uploads\/2018\/03\/Revers-M%C3%A9daille-SNQ-2d_wp.jpg?w=1180&amp;ssl=1 1180w\" sizes=\"auto, (max-width: 301px) 100vw, 301px\" \/><\/a><p id=\"caption-attachment-7630\" class=\"wp-caption-text\">M\u00e9daillons S.N.Q. &#8211; Revers<\/p><\/div>\n<p>&nbsp;<\/p>\n<p>&nbsp;<\/p>\n<p>&nbsp;<\/p>\n<p><u><span style=\"color: #005005; background-color: #bfe6ff;\">&nbsp;<\/span><\/u><\/p>\n","protected":false},"excerpt":{"rendered":"<p>Fond\u00e9e en 1960, la Soci\u00e9t\u00e9 numismatique de Qu\u00e9bec adopte comme embl\u00e8me, quelques mois plus tard \u2013 le 21 f\u00e9vrier 1961 -, le dessin apparaissant sur le jeton d\u2019un penny de la Banque de Qu\u00e9bec, lui-m\u00eame inspir\u00e9 de celui de la &hellip; <a href=\"https:\/\/emblemedequebec.marret.co\/index.php\/a-la-societe-numismatique-de-quebec-s-n-q\/\">Continuer la lecture <span class=\"meta-nav\">&rarr;<\/span><\/a><\/p>\n","protected":false},"author":1,"featured_media":0,"parent":0,"menu_order":0,"comment_status":"closed","ping_status":"closed","template":"","meta":{"ngg_post_thumbnail":0,"jetpack_post_was_ever_published":false,"footnotes":""},"class_list":["post-7599","page","type-page","status-publish","hentry"],"aioseo_notices":[],"jetpack_sharing_enabled":true,"jetpack_shortlink":"https:\/\/wp.me\/P9K7xB-1Yz","jetpack-related-posts":[{"id":9771,"url":"https:\/\/emblemedequebec.marret.co\/index.php\/a-la-societe-numismatique-de-quebec-s-n-q\/jetons-et-billets-en-bois\/","url_meta":{"origin":7599,"position":0},"title":"Jetons et billets en bois","author":"marretgravereaux","date":"15 ao\u00fbt 2018","format":false,"excerpt":"1987 \u2013 Embl\u00e8me de la S.N.Q. (premier dessin) En 1987, la Soci\u00e9t\u00e9 numismatique de Qu\u00e9bec \u00e9met pour la premi\u00e8re fois un jeton en bois. Celui-ci arbore, \u00e0 l\u2019avers, l\u2019embl\u00e8me officiel de la S.N.Q. Sur le revers apparaissent, en bleu \u2013 en noir pour le num\u00e9ro -, les inscriptions\u00a0: \u00ab Banquet\u2026","rel":"","context":"Article similaire","block_context":{"text":"Article similaire","link":""},"img":{"alt_text":"","src":"https:\/\/i0.wp.com\/emblemedequebec.marret.co\/wp-content\/uploads\/2018\/08\/SNQ1-Banquet-1987-a_wp.jpg?resize=350%2C200","width":350,"height":200},"classes":[]},{"id":9528,"url":"https:\/\/emblemedequebec.marret.co\/index.php\/a-la-societe-numismatique-de-quebec-s-n-q\/billets-a-valeur-1997-2000\/","url_meta":{"origin":7599,"position":1},"title":"Billets \u00ab \u00e0 valeur \u00bb (1997-2000)","author":"marretgravereaux","date":"9 ao\u00fbt 2018","format":false,"excerpt":"Pendant les ann\u00e9es 1997, 1998 et 1999, la Soci\u00e9t\u00e9 numismatique de Qu\u00e9bec et son club junior associ\u00e9, les Jeunes Mordus de la Monnaie, d\u00e9cident d\u2019\u00e9mettre des billets pour mettre en valeur le patrimoine local, dans une s\u00e9rie intitul\u00e9e \u00ab\u00a0Vision de Qu\u00e9bec\u00a0\u00bb. Les collectionneurs int\u00e9ress\u00e9s peuvent ainsi se procurer deux billets\u2026","rel":"","context":"Article similaire","block_context":{"text":"Article similaire","link":""},"img":{"alt_text":"","src":"https:\/\/i0.wp.com\/emblemedequebec.marret.co\/wp-content\/uploads\/2018\/08\/SNQ-1997-Vision-de-Qu%C3%A9bec-Enveloppe_wp.jpg?resize=350%2C200","width":350,"height":200},"classes":[]},{"id":9422,"url":"https:\/\/emblemedequebec.marret.co\/index.php\/a-la-societe-numismatique-de-quebec-s-n-q\/dollar-souvenir-1980\/","url_meta":{"origin":7599,"position":2},"title":"Dollar souvenir (1980)","author":"marretgravereaux","date":"7 ao\u00fbt 2018","format":false,"excerpt":"Fond\u00e9e en 1960, la Soci\u00e9t\u00e9 numismatique de Qu\u00e9bec a attendu vingt ans pour \u00e9mettre une premi\u00e8re pi\u00e8ce. En 1980, les jetons d\u2019\u00e9change \u2013 appel\u00e9s alors dollars de commerce \u2013 \u00e9tant populaires, les dirigeants de la S.N.Q. d\u00e9cident d\u2019en \u00e9mettre un pour souligner le 20e anniversaire de fondation de leur association\u2026","rel":"","context":"Article similaire","block_context":{"text":"Article similaire","link":""},"img":{"alt_text":"","src":"https:\/\/i0.wp.com\/emblemedequebec.marret.co\/wp-content\/uploads\/2018\/08\/SNQ-1980-pi%C3%A8ce-recto_wp.jpg?resize=350%2C200","width":350,"height":200},"classes":[]},{"id":9655,"url":"https:\/\/emblemedequebec.marret.co\/index.php\/a-la-societe-numismatique-de-quebec-s-n-q\/jeton-en-plastique-1983\/","url_meta":{"origin":7599,"position":3},"title":"Jeton en plastique (1983)","author":"marretgravereaux","date":"10 ao\u00fbt 2018","format":false,"excerpt":"En 1983, la Soci\u00e9t\u00e9 numismatique de Qu\u00e9bec d\u00e9cide d\u2019\u00e9mettre un jeton en plastique rigide (\u00ab\u00a0gravoply\u00a0\u00bb) pour souligner l\u2019exposition tenue dans le cadre de son 23e\u00a0anniversaire. De forme dod\u00e9cagonale - 12 c\u00f4t\u00e9s -, le jeton est grav\u00e9 sur une mince couche m\u00e9tallique de couleur bleue, le fond \u00e9tant de couleur argent.\u2026","rel":"","context":"Article similaire","block_context":{"text":"Article similaire","link":""},"img":{"alt_text":"","src":"https:\/\/i0.wp.com\/emblemedequebec.marret.co\/wp-content\/uploads\/2018\/08\/SNQ-1983-jeton-avers_wp.jpg?resize=350%2C200","width":350,"height":200},"classes":[]},{"id":9432,"url":"https:\/\/emblemedequebec.marret.co\/index.php\/a-la-societe-numismatique-de-quebec-s-n-q\/medaillons-1984-2010\/","url_meta":{"origin":7599,"position":4},"title":"M\u00e9daillons (1984 \u2013 2010)","author":"marretgravereaux","date":"7 ao\u00fbt 2018","format":false,"excerpt":"Entre 1984 et 2010, la Soci\u00e9t\u00e9 numismatique de Qu\u00e9bec a \u00e9mis des m\u00e9dailles \u00e0 douze reprises pour souligner ses activit\u00e9s et divers anniversaires. Elle fit appel \u00e0 un atelier mon\u00e9taire canadien \u2013 Pressed Metal Products - pour frapper ces pi\u00e8ces. L\u2019avers de celles-ci, le m\u00eame durant toutes ces ann\u00e9es, montre\u2026","rel":"","context":"Article similaire","block_context":{"text":"Article similaire","link":""},"img":{"alt_text":"","src":"https:\/\/i0.wp.com\/emblemedequebec.marret.co\/wp-content\/uploads\/2018\/08\/Revers-M%C3%A9daille-SNQ-2d_wp-1024x1024.jpg?resize=350%2C200","width":350,"height":200},"classes":[]},{"id":9627,"url":"https:\/\/emblemedequebec.marret.co\/index.php\/a-la-societe-numismatique-de-quebec-s-n-q\/billets-du-50e-anniversaire-2010\/","url_meta":{"origin":7599,"position":5},"title":"Billets du 50e anniversaire (2010)","author":"marretgravereaux","date":"12 ao\u00fbt 2018","format":false,"excerpt":"En 2010, la Soci\u00e9t\u00e9 numismatique de Qu\u00e9bec f\u00eate le 50e\u00a0anniversaire de sa fondation. \u00c0 cette occasion, elle organise diverses activit\u00e9s et \u00e9met des billets dont dix rappellent sommairement l\u2019histoire du club et deux soulignent l\u2019exposition et le banquet ayant lieu pendant les f\u00eates\u2026 S\u00e9rie historique \u00c9mis mensuellement, de novembre\u00a02009 \u00e0\u2026","rel":"","context":"Article similaire","block_context":{"text":"Article similaire","link":""},"img":{"alt_text":"","src":"https:\/\/i0.wp.com\/emblemedequebec.marret.co\/wp-content\/uploads\/2018\/08\/SNQ-50e-Billets-01-10-Avers-NB_wp.jpg?resize=350%2C200","width":350,"height":200},"classes":[]}],"_links":{"self":[{"href":"https:\/\/emblemedequebec.marret.co\/index.php\/wp-json\/wp\/v2\/pages\/7599","targetHints":{"allow":["GET"]}}],"collection":[{"href":"https:\/\/emblemedequebec.marret.co\/index.php\/wp-json\/wp\/v2\/pages"}],"about":[{"href":"https:\/\/emblemedequebec.marret.co\/index.php\/wp-json\/wp\/v2\/types\/page"}],"author":[{"embeddable":true,"href":"https:\/\/emblemedequebec.marret.co\/index.php\/wp-json\/wp\/v2\/users\/1"}],"replies":[{"embeddable":true,"href":"https:\/\/emblemedequebec.marret.co\/index.php\/wp-json\/wp\/v2\/comments?post=7599"}],"version-history":[{"count":0,"href":"https:\/\/emblemedequebec.marret.co\/index.php\/wp-json\/wp\/v2\/pages\/7599\/revisions"}],"wp:attachment":[{"href":"https:\/\/emblemedequebec.marret.co\/index.php\/wp-json\/wp\/v2\/media?parent=7599"}],"curies":[{"name":"wp","href":"https:\/\/api.w.org\/{rel}","templated":true}]}}