{"id":7593,"date":"2018-03-13T19:10:25","date_gmt":"2018-03-13T18:10:25","guid":{"rendered":"http:\/\/emblemedequebec.marret.co\/?page_id=7593"},"modified":"2024-10-04T23:59:28","modified_gmt":"2024-10-04T22:59:28","slug":"dans-la-numismatique","status":"publish","type":"page","link":"https:\/\/emblemedequebec.marret.co\/index.php\/dans-la-numismatique\/","title":{"rendered":"&#8230; dans la numismatique"},"content":{"rendered":"<p><a href=\"https:\/\/i0.wp.com\/emblemedequebec.marret.co\/wp-content\/uploads\/2018\/03\/1102-JLM1-Penny-FR1_wp.jpg?ssl=1\"><img data-recalc-dims=\"1\" loading=\"lazy\" decoding=\"async\" data-attachment-id=\"7629\" data-permalink=\"https:\/\/emblemedequebec.marret.co\/index.php\/dans-la-numismatique\/1102-jlm1-penny-fr1_wp\/\" data-orig-file=\"https:\/\/i0.wp.com\/emblemedequebec.marret.co\/wp-content\/uploads\/2018\/03\/1102-JLM1-Penny-FR1_wp.jpg?fit=1177%2C1181&amp;ssl=1\" data-orig-size=\"1177,1181\" data-comments-opened=\"1\" data-image-meta=\"{&quot;aperture&quot;:&quot;8&quot;,&quot;credit&quot;:&quot;&quot;,&quot;camera&quot;:&quot;NIKON D7000&quot;,&quot;caption&quot;:&quot;&quot;,&quot;created_timestamp&quot;:&quot;1387743388&quot;,&quot;copyright&quot;:&quot;&quot;,&quot;focal_length&quot;:&quot;105&quot;,&quot;iso&quot;:&quot;200&quot;,&quot;shutter_speed&quot;:&quot;0.066666666666667&quot;,&quot;title&quot;:&quot;&quot;,&quot;orientation&quot;:&quot;1&quot;}\" data-image-title=\"1102-JLM1 Penny FR1_wp\" data-image-description=\"&lt;p&gt;M\u00e9tal : cuivre. Diam\u00e8tre : 34 mm. Inscrit aux catalogues Bowman (no 3781a), Breton (no 528) et Leroux (no 532).&lt;\/p&gt;\n\" data-image-caption=\"&lt;p&gt;One penny &amp;#8211; Deux sous (Banque de Qu\u00e9bec)&lt;\/p&gt;\n\" data-medium-file=\"https:\/\/i0.wp.com\/emblemedequebec.marret.co\/wp-content\/uploads\/2018\/03\/1102-JLM1-Penny-FR1_wp.jpg?fit=300%2C300&amp;ssl=1\" data-large-file=\"https:\/\/i0.wp.com\/emblemedequebec.marret.co\/wp-content\/uploads\/2018\/03\/1102-JLM1-Penny-FR1_wp.jpg?fit=640%2C642&amp;ssl=1\" class=\"wp-image-7629 alignright\" src=\"https:\/\/i0.wp.com\/emblemedequebec.marret.co\/wp-content\/uploads\/2018\/03\/1102-JLM1-Penny-FR1_wp.jpg?resize=200%2C201&#038;ssl=1\" alt=\"\" width=\"200\" height=\"201\" data-wp-pid=\"7629\" srcset=\"https:\/\/i0.wp.com\/emblemedequebec.marret.co\/wp-content\/uploads\/2018\/03\/1102-JLM1-Penny-FR1_wp.jpg?resize=1021%2C1024&amp;ssl=1 1021w, https:\/\/i0.wp.com\/emblemedequebec.marret.co\/wp-content\/uploads\/2018\/03\/1102-JLM1-Penny-FR1_wp.jpg?resize=150%2C150&amp;ssl=1 150w, https:\/\/i0.wp.com\/emblemedequebec.marret.co\/wp-content\/uploads\/2018\/03\/1102-JLM1-Penny-FR1_wp.jpg?resize=300%2C300&amp;ssl=1 300w, https:\/\/i0.wp.com\/emblemedequebec.marret.co\/wp-content\/uploads\/2018\/03\/1102-JLM1-Penny-FR1_wp.jpg?resize=768%2C771&amp;ssl=1 768w, https:\/\/i0.wp.com\/emblemedequebec.marret.co\/wp-content\/uploads\/2018\/03\/1102-JLM1-Penny-FR1_wp.jpg?resize=800%2C803&amp;ssl=1 800w, https:\/\/i0.wp.com\/emblemedequebec.marret.co\/wp-content\/uploads\/2018\/03\/1102-JLM1-Penny-FR1_wp.jpg?resize=598%2C600&amp;ssl=1 598w, https:\/\/i0.wp.com\/emblemedequebec.marret.co\/wp-content\/uploads\/2018\/03\/1102-JLM1-Penny-FR1_wp.jpg?resize=600%2C600&amp;ssl=1 600w, https:\/\/i0.wp.com\/emblemedequebec.marret.co\/wp-content\/uploads\/2018\/03\/1102-JLM1-Penny-FR1_wp.jpg?w=1177&amp;ssl=1 1177w\" sizes=\"auto, (max-width: 200px) 100vw, 200px\" \/><\/a><\/p>\n<p>&nbsp;<\/p>\n<p>Les premi\u00e8res pi\u00e8ces portant l\u2019embl\u00e8me de Qu\u00e9bec furent \u00e9mises par la <a href=\"https:\/\/emblemedequebec.marret.co\/index.php\/banque-de-quebec-1852-a-1911\/\">Banque de Qu\u00e9bec<\/a> en 1852&nbsp;; cette m\u00eame banque \u00e9mit des billets avec le m\u00eame embl\u00e8me entre 1863 et 1911.<\/p>\n<p>De son c\u00f4t\u00e9, la <a href=\"https:\/\/emblemedequebec.marret.co\/index.php\/banque-nationale-1860-1922\/\">Banque Nationale<\/a> fut \u00e0 l\u2019origine de billets avec la m\u00eame illustration entre 1860 et 1922.<\/p>\n<p>Plusieurs organismes et associations firent aussi frapper des m\u00e9dailles pr\u00e9sentant le m\u00eame embl\u00e8me, souvent pour souligner des \u00e9v\u00e8nements, tels&nbsp;:<\/p>\n<ul>\n<li>la ville de Qu\u00e9bec (vers 1860);<\/li>\n<li>le <a href=\"https:\/\/emblemedequebec.marret.co\/index.php\/dans-la-numismatique\/henry-fry-english-prize-1864\/\">Henry Fry English Prize<\/a> (vers 1870) ;<\/li>\n<li>le <a title=\"Carnaval de Qu\u00e9bec (1894)\" href=\"https:\/\/emblemedequebec.marret.co\/index.php\/carnaval-de-quebec-1894\/\">Carnaval de Qu\u00e9bec (1894)<\/a><\/li>\n<li>l\u2019<a href=\"https:\/\/emblemedequebec.marret.co\/index.php\/dans-la-numismatique\/exposition-commerciale-de-quebec-1894\/\">exposition commerciale de Qu\u00e9bec<\/a> (1894)&nbsp;;<\/li>\n<li>les <a href=\"https:\/\/emblemedequebec.marret.co\/index.php\/dans-la-numismatique\/60e-anniversaire-du-regne-de-la-reine-victoria-1897\/\">60&nbsp;ans de r\u00e8gne<\/a> de la reine Victoria (1897)&nbsp;;<\/li>\n<li>l\u2019<a href=\"https:\/\/emblemedequebec.marret.co\/index.php\/dans-la-numismatique\/medaille-du-royal-arcanum-1903\/\">assembl\u00e9e annuelle<\/a> du <em>Conseil Supr\u00eame du Royal Arcanum<\/em> (1903)&nbsp;;<\/li>\n<li>le <a href=\"https:\/\/emblemedequebec.marret.co\/index.php\/dans-la-numismatique\/le-tricentenaire-de-quebec-1908\/\">Tricentenaire de Qu\u00e9bec<\/a> (1908)&nbsp;;<\/li>\n<li>le <a title=\"Championnat du monde des raquetteurs (1908)\" href=\"https:\/\/emblemedequebec.marret.co\/index.php\/dans-la-numismatique\/championnat-du-monde-des-raquetteurs-1908\/\">Championnat du monde des raquetteurs<\/a> (1908)<\/li>\n<li>le <a title=\"Mardi Gras \u2013 Carnaval de Qu\u00e9bec (1912)\" href=\"https:\/\/emblemedequebec.marret.co\/index.php\/dans-la-numismatique\/mardi-gras-carnaval-de-quebec-1912\/\">Carnaval de Qu\u00e9bec (1912)<\/a>&nbsp;;<\/li>\n<li>les expositions provinciales \u00e0 Qu\u00e9bec <a title=\"Exposition provinciale 1913\" href=\"https:\/\/emblemedequebec.marret.co\/index.php\/dans-la-numismatique\/exposition-provinciale-1913\/\">de 1913<\/a>, <a title=\"Exposition provinciale 1914\" href=\"https:\/\/emblemedequebec.marret.co\/index.php\/dans-la-numismatique\/exposition-provinciale-1914\/\">de 1914<\/a> et <a title=\"Exposition provinciale 1920\" href=\"https:\/\/emblemedequebec.marret.co\/index.php\/dans-la-numismatique\/exposition-provinciale-1920\/\">de 1920<\/a> ;<\/li>\n<li>le&nbsp;50<sup>e<\/sup> anniversaire du Quebec High School (1991);<\/li>\n<li>le <a href=\"https:\/\/emblemedequebec.marret.co\/index.php\/dans-la-numismatique\/400e-anniversaire-de-quebec-2008\/\">400<sup>e<\/sup> anniversaire de Qu\u00e9bec<\/a> (2008).<\/li>\n<\/ul>\n<p><a href=\"https:\/\/i0.wp.com\/emblemedequebec.marret.co\/wp-content\/uploads\/2018\/03\/Revers-M%C3%A9daille-SNQ-2d_wp.jpg?ssl=1\"><img data-recalc-dims=\"1\" loading=\"lazy\" decoding=\"async\" data-attachment-id=\"7630\" data-permalink=\"https:\/\/emblemedequebec.marret.co\/index.php\/a-la-societe-numismatique-de-quebec-s-n-q\/revers-medaille-snq-2d_wp\/\" data-orig-file=\"https:\/\/i0.wp.com\/emblemedequebec.marret.co\/wp-content\/uploads\/2018\/03\/Revers-M%C3%A9daille-SNQ-2d_wp.jpg?fit=1180%2C1181&amp;ssl=1\" data-orig-size=\"1180,1181\" data-comments-opened=\"1\" data-image-meta=\"{&quot;aperture&quot;:&quot;0&quot;,&quot;credit&quot;:&quot;&quot;,&quot;camera&quot;:&quot;&quot;,&quot;caption&quot;:&quot;&quot;,&quot;created_timestamp&quot;:&quot;0&quot;,&quot;copyright&quot;:&quot;&quot;,&quot;focal_length&quot;:&quot;0&quot;,&quot;iso&quot;:&quot;0&quot;,&quot;shutter_speed&quot;:&quot;0&quot;,&quot;title&quot;:&quot;&quot;,&quot;orientation&quot;:&quot;1&quot;}\" data-image-title=\"Revers &amp;#8211; M\u00e9daille SNQ 2d_wp\" data-image-description=\"&lt;p&gt;Revers de plusieurs m\u00e9daillons \u00e9mis par la Soci\u00e9t\u00e9 numismatique de Qu\u00e9bec. Atelier mon\u00e9taire : Pressed Metal Products (Vancouver, Canada)&lt;\/p&gt;\n\" data-image-caption=\"&lt;p&gt;M\u00e9daillon S.N.Q. &amp;#8211; Revers&lt;\/p&gt;\n\" data-medium-file=\"https:\/\/i0.wp.com\/emblemedequebec.marret.co\/wp-content\/uploads\/2018\/03\/Revers-M%C3%A9daille-SNQ-2d_wp.jpg?fit=300%2C300&amp;ssl=1\" data-large-file=\"https:\/\/i0.wp.com\/emblemedequebec.marret.co\/wp-content\/uploads\/2018\/03\/Revers-M%C3%A9daille-SNQ-2d_wp.jpg?fit=640%2C640&amp;ssl=1\" class=\"wp-image-7630 alignleft\" src=\"https:\/\/i0.wp.com\/emblemedequebec.marret.co\/wp-content\/uploads\/2018\/03\/Revers-M%C3%A9daille-SNQ-2d_wp.jpg?resize=201%2C201&#038;ssl=1\" alt=\"\" width=\"201\" height=\"201\" data-wp-pid=\"7630\" srcset=\"https:\/\/i0.wp.com\/emblemedequebec.marret.co\/wp-content\/uploads\/2018\/03\/Revers-M%C3%A9daille-SNQ-2d_wp.jpg?resize=1024%2C1024&amp;ssl=1 1024w, https:\/\/i0.wp.com\/emblemedequebec.marret.co\/wp-content\/uploads\/2018\/03\/Revers-M%C3%A9daille-SNQ-2d_wp.jpg?resize=150%2C150&amp;ssl=1 150w, https:\/\/i0.wp.com\/emblemedequebec.marret.co\/wp-content\/uploads\/2018\/03\/Revers-M%C3%A9daille-SNQ-2d_wp.jpg?resize=300%2C300&amp;ssl=1 300w, https:\/\/i0.wp.com\/emblemedequebec.marret.co\/wp-content\/uploads\/2018\/03\/Revers-M%C3%A9daille-SNQ-2d_wp.jpg?resize=768%2C769&amp;ssl=1 768w, https:\/\/i0.wp.com\/emblemedequebec.marret.co\/wp-content\/uploads\/2018\/03\/Revers-M%C3%A9daille-SNQ-2d_wp.jpg?resize=800%2C801&amp;ssl=1 800w, https:\/\/i0.wp.com\/emblemedequebec.marret.co\/wp-content\/uploads\/2018\/03\/Revers-M%C3%A9daille-SNQ-2d_wp.jpg?resize=600%2C600&amp;ssl=1 600w, https:\/\/i0.wp.com\/emblemedequebec.marret.co\/wp-content\/uploads\/2018\/03\/Revers-M%C3%A9daille-SNQ-2d_wp.jpg?w=1180&amp;ssl=1 1180w\" sizes=\"auto, (max-width: 201px) 100vw, 201px\" \/><\/a><\/p>\n<p>&nbsp;<\/p>\n<p>Et, bien s\u00fbr, la <a title=\"\u2026 \u00e0 la Soci\u00e9t\u00e9 numismatique de Qu\u00e9bec (S.N.Q.)\" href=\"https:\/\/emblemedequebec.marret.co\/index.php\/a-la-societe-numismatique-de-quebec-s-n-q\/\"><em>Soci\u00e9t\u00e9 Numismatique de Qu\u00e9bec<\/em><\/a> fut \u00e0 l\u2019origine de nombreuses m\u00e9dailles et de plusieurs billets\u2026<\/p>\n<p>&nbsp;<\/p>\n<p>&nbsp;<\/p>\n<p>&nbsp;<\/p>\n<p>&nbsp;<\/p>\n<p>&nbsp;<\/p>\n<p>&nbsp;<\/p>\n<p>&nbsp;<\/p>\n","protected":false},"excerpt":{"rendered":"<p>&nbsp; Les premi\u00e8res pi\u00e8ces portant l\u2019embl\u00e8me de Qu\u00e9bec furent \u00e9mises par la Banque de Qu\u00e9bec en 1852&nbsp;; cette m\u00eame banque \u00e9mit des billets avec le m\u00eame embl\u00e8me entre 1863 et 1911. De son c\u00f4t\u00e9, la Banque Nationale fut \u00e0 l\u2019origine &hellip; <a href=\"https:\/\/emblemedequebec.marret.co\/index.php\/dans-la-numismatique\/\">Continuer la lecture <span class=\"meta-nav\">&rarr;<\/span><\/a><\/p>\n","protected":false},"author":1,"featured_media":0,"parent":0,"menu_order":0,"comment_status":"closed","ping_status":"closed","template":"","meta":{"ngg_post_thumbnail":0,"jetpack_post_was_ever_published":false,"footnotes":""},"class_list":["post-7593","page","type-page","status-publish","hentry"],"aioseo_notices":[],"jetpack_sharing_enabled":true,"jetpack_shortlink":"https:\/\/wp.me\/P9K7xB-1Yt","jetpack-related-posts":[{"id":7599,"url":"https:\/\/emblemedequebec.marret.co\/index.php\/a-la-societe-numismatique-de-quebec-s-n-q\/","url_meta":{"origin":7593,"position":0},"title":"&#8230; \u00e0 la Soci\u00e9t\u00e9 numismatique de Qu\u00e9bec (S.N.Q.)","author":"marretgravereaux","date":"13 mars 2018","format":false,"excerpt":"Fond\u00e9e en 1960, la Soci\u00e9t\u00e9 numismatique de Qu\u00e9bec adopte comme embl\u00e8me, quelques mois plus tard \u2013 le 21 f\u00e9vrier 1961 -, le dessin apparaissant sur le jeton d\u2019un penny de la Banque de Qu\u00e9bec, lui-m\u00eame inspir\u00e9 de celui de la ville de Qu\u00e9bec. Dans les ann\u00e9es qui suivent, l\u2019on voit\u2026","rel":"","context":"Article similaire","block_context":{"text":"Article similaire","link":""},"img":{"alt_text":"","src":"https:\/\/i0.wp.com\/emblemedequebec.marret.co\/wp-content\/uploads\/2018\/05\/1966-02-08-5e-SNQ-Programme-p2-3-c_wp.jpg?resize=350%2C200","width":350,"height":200},"classes":[]},{"id":66,"url":"https:\/\/emblemedequebec.marret.co\/","url_meta":{"origin":7593,"position":1},"title":"Le premier embl\u00e8me de la ville de Qu\u00e9bec","author":"marretgravereaux","date":"24 octobre 2015","format":false,"excerpt":"Incorpor\u00e9e en 1833, la ville de Qu\u00e9bec tint ses premi\u00e8res \u00e9lections en avril. Lors de l\u2019une de ses premi\u00e8res r\u00e9unions, quelques semaines plus tard, le conseil de ville adopta un sceau dont le dessin fut r\u00e9alis\u00e9 par l\u2019un de ses conseillers, Joseph L\u00e9gar\u00e9. Utilis\u00e9 comme embl\u00e8me, voire comme armoiries, pour\u2026","rel":"","context":"Article similaire","block_context":{"text":"Article similaire","link":""},"img":{"alt_text":"","src":"https:\/\/i0.wp.com\/emblemedequebec.marret.co\/wp-content\/uploads\/2018\/03\/Ville-de-Qu%C3%A9bec-Dessin-original_wp-997x1024.jpg?resize=350%2C200","width":350,"height":200},"classes":[]},{"id":8761,"url":"https:\/\/emblemedequebec.marret.co\/index.php\/dans-la-numismatique\/banque-de-quebec-1852-a-1911\/","url_meta":{"origin":7593,"position":2},"title":"Banque de Qu\u00e9bec (1852 \u00e0 1911)","author":"marretgravereaux","date":"24 avril 2018","format":false,"excerpt":"\u00c0 quelques reprises, au XIXe\u00a0si\u00e8cle, la p\u00e9nurie de monnaie amena les autorit\u00e9s canadiennes \u00e0 autoriser des banques \u00e0 frapper des jetons. La banque du Qu\u00e9bec le fut une premi\u00e8re fois en 1837 puis de nouveau en 1852, \u00e9mettant alors deux jetons, l\u2019un d\u2019un penny et l\u2019autre d\u2019un demi-penny. \u00c0 cette\u2026","rel":"","context":"Article similaire","block_context":{"text":"Article similaire","link":""},"img":{"alt_text":"","src":"https:\/\/i0.wp.com\/emblemedequebec.marret.co\/wp-content\/uploads\/2018\/03\/1101-JLM-Half-penny-FR1_wp-1024x1021.jpg?resize=350%2C200","width":350,"height":200},"classes":[]},{"id":9509,"url":"https:\/\/emblemedequebec.marret.co\/index.php\/a-la-societe-numismatique-de-quebec-s-n-q\/billets-sur-lhistoire-des-banques-fondees-a-quebec-1995-1999\/","url_meta":{"origin":7593,"position":3},"title":"Billets sur l\u2019histoire des banques fond\u00e9es \u00e0 Qu\u00e9bec (1995-1999)","author":"marretgravereaux","date":"8 ao\u00fbt 2018","format":false,"excerpt":"Au cours des ann\u00e9es 1995 \u00e0 1999, la Soci\u00e9t\u00e9 numismatique de Qu\u00e9bec veut rappeler le souvenir des cinq banques \u00e0 charte qui ont \u00e9t\u00e9 fond\u00e9es dans la ville de Qu\u00e9bec lors du XIXe si\u00e8cle. Elle demande \u00e0 Jean-Pierre Par\u00e9, membre fondateur de la S.N.Q. et sp\u00e9cialiste des banques, de faire\u2026","rel":"","context":"Article similaire","block_context":{"text":"Article similaire","link":""},"img":{"alt_text":"","src":"https:\/\/i0.wp.com\/emblemedequebec.marret.co\/wp-content\/uploads\/2018\/08\/SNQ-1995-35e-Banque-de-Qu%C3%A9bec-Avers-d%C3%A9tail_wp.jpg?resize=350%2C200","width":350,"height":200},"classes":[]},{"id":9905,"url":"https:\/\/emblemedequebec.marret.co\/index.php\/a-la-societe-numismatique-de-quebec-s-n-q\/billets-danniversaire-2015-2019\/","url_meta":{"origin":7593,"position":4},"title":"Billets d&rsquo;anniversaire (2015-2020)","author":"marretgravereaux","date":"25 ao\u00fbt 2018","format":false,"excerpt":"En 2015, la Soci\u00e9t\u00e9 numismatique de Qu\u00e9bec d\u00e9cide de proc\u00e9der \u00e0 l\u2019\u00e9mission d\u2019une s\u00e9rie de cinq billets, \u00e0 para\u00eetre chaque ann\u00e9e, jusqu\u2019en 2020, date de son 60e\u00a0anniversaire de fondation. De fabrication artisanale, ce billet garde la m\u00eame facture au fil de la s\u00e9rie, mais les couleurs, les signes et les\u2026","rel":"","context":"Article similaire","block_context":{"text":"Article similaire","link":""},"img":{"alt_text":"","src":"https:\/\/i0.wp.com\/emblemedequebec.marret.co\/wp-content\/uploads\/2018\/08\/SNQ-2015-Billet-anniversaire-a_wp.jpg?resize=350%2C200","width":350,"height":200},"classes":[]},{"id":8783,"url":"https:\/\/emblemedequebec.marret.co\/index.php\/dans-la-numismatique\/banque-nationale-1860-1922\/","url_meta":{"origin":7593,"position":5},"title":"Banque Nationale (1860-1922)","author":"marretgravereaux","date":"24 avril 2018","format":false,"excerpt":"Habilit\u00e9e \u00e0 \u00e9mettre des billets, la Banque Nationale en a \u00e9mis, entre 1860 et 1922, plusieurs s\u00e9ries et certains d'entre eux affichaient l\u2019embl\u00e8me de la ville de Qu\u00e9bec. Lors de sept \u00e9missions, il y aurait donc eu 14 billets \u2013 communiquer avec l'\u00e9dimestre en cas d\u2019erreur ou d\u2019oubli \u2013 sur\u2026","rel":"","context":"Article similaire","block_context":{"text":"Article similaire","link":""},"img":{"alt_text":"","src":"https:\/\/i0.wp.com\/emblemedequebec.marret.co\/wp-content\/uploads\/2018\/04\/1922-Banque-Nationale-10-r-JLM-FR1c_wp.jpg?resize=350%2C200","width":350,"height":200},"classes":[]}],"_links":{"self":[{"href":"https:\/\/emblemedequebec.marret.co\/index.php\/wp-json\/wp\/v2\/pages\/7593","targetHints":{"allow":["GET"]}}],"collection":[{"href":"https:\/\/emblemedequebec.marret.co\/index.php\/wp-json\/wp\/v2\/pages"}],"about":[{"href":"https:\/\/emblemedequebec.marret.co\/index.php\/wp-json\/wp\/v2\/types\/page"}],"author":[{"embeddable":true,"href":"https:\/\/emblemedequebec.marret.co\/index.php\/wp-json\/wp\/v2\/users\/1"}],"replies":[{"embeddable":true,"href":"https:\/\/emblemedequebec.marret.co\/index.php\/wp-json\/wp\/v2\/comments?post=7593"}],"version-history":[{"count":6,"href":"https:\/\/emblemedequebec.marret.co\/index.php\/wp-json\/wp\/v2\/pages\/7593\/revisions"}],"predecessor-version":[{"id":10698,"href":"https:\/\/emblemedequebec.marret.co\/index.php\/wp-json\/wp\/v2\/pages\/7593\/revisions\/10698"}],"wp:attachment":[{"href":"https:\/\/emblemedequebec.marret.co\/index.php\/wp-json\/wp\/v2\/media?parent=7593"}],"curies":[{"name":"wp","href":"https:\/\/api.w.org\/{rel}","templated":true}]}}