{"id":7505,"date":"2018-01-29T18:07:40","date_gmt":"2018-01-29T17:07:40","guid":{"rendered":"http:\/\/emblemedequebec.marret.co\/?page_id=7505"},"modified":"2018-01-29T18:07:40","modified_gmt":"2018-01-29T17:07:40","slug":"contact-edimestre","status":"publish","type":"page","link":"https:\/\/emblemedequebec.marret.co\/index.php\/contact-edimestre\/","title":{"rendered":"Contact \u00e9dimestre"},"content":{"rendered":"\n<div class=\"wpcf7 no-js\" id=\"wpcf7-f7501-o1\" lang=\"fr-FR\" dir=\"ltr\" data-wpcf7-id=\"7501\">\n<div class=\"screen-reader-response\"><p role=\"status\" aria-live=\"polite\" aria-atomic=\"true\"><\/p> <ul><\/ul><\/div>\n<form action=\"\/index.php\/wp-json\/wp\/v2\/pages\/7505#wpcf7-f7501-o1\" method=\"post\" class=\"wpcf7-form init\" aria-label=\"Formulaire de contact\" novalidate=\"novalidate\" data-status=\"init\">\n<fieldset class=\"hidden-fields-container\"><input type=\"hidden\" name=\"_wpcf7\" value=\"7501\" \/><input type=\"hidden\" name=\"_wpcf7_version\" value=\"6.1.5\" \/><input type=\"hidden\" name=\"_wpcf7_locale\" value=\"fr_FR\" \/><input type=\"hidden\" name=\"_wpcf7_unit_tag\" value=\"wpcf7-f7501-o1\" \/><input type=\"hidden\" name=\"_wpcf7_container_post\" value=\"0\" \/><input type=\"hidden\" name=\"_wpcf7_posted_data_hash\" value=\"\" \/>\n<\/fieldset>\n<p><label> Votre nom (obligatoire)<br \/>\n<span class=\"wpcf7-form-control-wrap\" data-name=\"your-name\"><input size=\"40\" maxlength=\"400\" class=\"wpcf7-form-control wpcf7-text wpcf7-validates-as-required\" aria-required=\"true\" aria-invalid=\"false\" value=\"\" type=\"text\" name=\"your-name\" \/><\/span> <\/label>\n<\/p>\n<p><label> Votre adresse de messagerie (obligatoire)<br \/>\n<span class=\"wpcf7-form-control-wrap\" data-name=\"your-email\"><input size=\"40\" maxlength=\"400\" class=\"wpcf7-form-control wpcf7-email wpcf7-validates-as-required wpcf7-text wpcf7-validates-as-email\" aria-required=\"true\" aria-invalid=\"false\" value=\"\" type=\"email\" name=\"your-email\" \/><\/span> <\/label>\n<\/p>\n<p><label> Objet<br \/>\n<span class=\"wpcf7-form-control-wrap\" data-name=\"your-subject\"><input size=\"40\" maxlength=\"400\" class=\"wpcf7-form-control wpcf7-text\" aria-invalid=\"false\" value=\"\" type=\"text\" name=\"your-subject\" \/><\/span> <\/label>\n<\/p>\n<p><label> Votre message<br \/>\n<span class=\"wpcf7-form-control-wrap\" data-name=\"your-message\"><textarea cols=\"40\" rows=\"10\" maxlength=\"2000\" class=\"wpcf7-form-control wpcf7-textarea\" aria-invalid=\"false\" name=\"your-message\"><\/textarea><\/span> <\/label>\n<\/p>\n<p><input class=\"wpcf7-form-control wpcf7-submit has-spinner\" type=\"submit\" value=\"Envoyer\" \/>\n<\/p><p style=\"display: none !important;\" class=\"akismet-fields-container\" data-prefix=\"_wpcf7_ak_\"><label>&#916;<textarea name=\"_wpcf7_ak_hp_textarea\" cols=\"45\" rows=\"8\" maxlength=\"100\"><\/textarea><\/label><input type=\"hidden\" id=\"ak_js_1\" name=\"_wpcf7_ak_js\" value=\"165\"\/><script>document.getElementById( \"ak_js_1\" ).setAttribute( \"value\", ( new Date() ).getTime() );<\/script><\/p><div class=\"wpcf7-response-output\" aria-hidden=\"true\"><\/div>\n<\/form>\n<\/div>\n\n","protected":false},"excerpt":{"rendered":"","protected":false},"author":1,"featured_media":0,"parent":0,"menu_order":0,"comment_status":"closed","ping_status":"closed","template":"","meta":{"ngg_post_thumbnail":0,"jetpack_post_was_ever_published":false,"footnotes":""},"class_list":["post-7505","page","type-page","status-publish","hentry"],"aioseo_notices":[],"jetpack_sharing_enabled":true,"jetpack_shortlink":"https:\/\/wp.me\/P9K7xB-1X3","jetpack-related-posts":[{"id":9053,"url":"https:\/\/emblemedequebec.marret.co\/index.php\/a-la-ville-de-quebec\/les-fauteuils-des-maires\/","url_meta":{"origin":7505,"position":0},"title":"Les fauteuils des maires","author":"marretgravereaux","date":"4 mai 2018","format":false,"excerpt":"Premier officier du conseil municipal, le maire dispose souvent d\u2019un si\u00e8ge distinctif. Il semblerait qu\u2019\u00e0 Qu\u00e9bec, l\u2019on ait pendant longtemps fait fabriquer par des \u00e9b\u00e9nistes un fauteuil particulier pour chaque maire et que celui-ci pouvait, s\u2019il le d\u00e9sirait, l\u2019emporter avec lui lorsqu\u2019il abandonnait ses fonctions. Et sur tous ceux dont\u2026","rel":"","context":"Article similaire","block_context":{"text":"Article similaire","link":""},"img":{"alt_text":"","src":"https:\/\/i0.wp.com\/emblemedequebec.marret.co\/wp-content\/uploads\/2018\/05\/1896-08-21-La-Presse-p1b.jpg?resize=350%2C200","width":350,"height":200,"srcset":"https:\/\/i0.wp.com\/emblemedequebec.marret.co\/wp-content\/uploads\/2018\/05\/1896-08-21-La-Presse-p1b.jpg?resize=350%2C200 1x, https:\/\/i0.wp.com\/emblemedequebec.marret.co\/wp-content\/uploads\/2018\/05\/1896-08-21-La-Presse-p1b.jpg?resize=525%2C300 1.5x, https:\/\/i0.wp.com\/emblemedequebec.marret.co\/wp-content\/uploads\/2018\/05\/1896-08-21-La-Presse-p1b.jpg?resize=700%2C400 2x"},"classes":[]},{"id":9905,"url":"https:\/\/emblemedequebec.marret.co\/index.php\/a-la-societe-numismatique-de-quebec-s-n-q\/billets-danniversaire-2015-2019\/","url_meta":{"origin":7505,"position":1},"title":"Billets d&rsquo;anniversaire (2015-2020)","author":"marretgravereaux","date":"25 ao\u00fbt 2018","format":false,"excerpt":"En 2015, la Soci\u00e9t\u00e9 numismatique de Qu\u00e9bec d\u00e9cide de proc\u00e9der \u00e0 l\u2019\u00e9mission d\u2019une s\u00e9rie de cinq billets, \u00e0 para\u00eetre chaque ann\u00e9e, jusqu\u2019en 2020, date de son 60e\u00a0anniversaire de fondation. De fabrication artisanale, ce billet garde la m\u00eame facture au fil de la s\u00e9rie, mais les couleurs, les signes et les\u2026","rel":"","context":"Article similaire","block_context":{"text":"Article similaire","link":""},"img":{"alt_text":"","src":"https:\/\/i0.wp.com\/emblemedequebec.marret.co\/wp-content\/uploads\/2018\/08\/SNQ-2015-Billet-anniversaire-a_wp.jpg?resize=350%2C200","width":350,"height":200},"classes":[]},{"id":9627,"url":"https:\/\/emblemedequebec.marret.co\/index.php\/a-la-societe-numismatique-de-quebec-s-n-q\/billets-du-50e-anniversaire-2010\/","url_meta":{"origin":7505,"position":2},"title":"Billets du 50e anniversaire (2010)","author":"marretgravereaux","date":"12 ao\u00fbt 2018","format":false,"excerpt":"En 2010, la Soci\u00e9t\u00e9 numismatique de Qu\u00e9bec f\u00eate le 50e\u00a0anniversaire de sa fondation. \u00c0 cette occasion, elle organise diverses activit\u00e9s et \u00e9met des billets dont dix rappellent sommairement l\u2019histoire du club et deux soulignent l\u2019exposition et le banquet ayant lieu pendant les f\u00eates\u2026 S\u00e9rie historique \u00c9mis mensuellement, de novembre\u00a02009 \u00e0\u2026","rel":"","context":"Article similaire","block_context":{"text":"Article similaire","link":""},"img":{"alt_text":"","src":"https:\/\/i0.wp.com\/emblemedequebec.marret.co\/wp-content\/uploads\/2018\/08\/SNQ-50e-Billets-01-10-Avers-NB_wp.jpg?resize=350%2C200","width":350,"height":200},"classes":[]}],"_links":{"self":[{"href":"https:\/\/emblemedequebec.marret.co\/index.php\/wp-json\/wp\/v2\/pages\/7505","targetHints":{"allow":["GET"]}}],"collection":[{"href":"https:\/\/emblemedequebec.marret.co\/index.php\/wp-json\/wp\/v2\/pages"}],"about":[{"href":"https:\/\/emblemedequebec.marret.co\/index.php\/wp-json\/wp\/v2\/types\/page"}],"author":[{"embeddable":true,"href":"https:\/\/emblemedequebec.marret.co\/index.php\/wp-json\/wp\/v2\/users\/1"}],"replies":[{"embeddable":true,"href":"https:\/\/emblemedequebec.marret.co\/index.php\/wp-json\/wp\/v2\/comments?post=7505"}],"version-history":[{"count":0,"href":"https:\/\/emblemedequebec.marret.co\/index.php\/wp-json\/wp\/v2\/pages\/7505\/revisions"}],"wp:attachment":[{"href":"https:\/\/emblemedequebec.marret.co\/index.php\/wp-json\/wp\/v2\/media?parent=7505"}],"curies":[{"name":"wp","href":"https:\/\/api.w.org\/{rel}","templated":true}]}}