{"id":66,"date":"2015-10-24T14:32:07","date_gmt":"2015-10-24T13:32:07","guid":{"rendered":"http:\/\/marret.co\/?page_id=66"},"modified":"2024-10-27T16:14:32","modified_gmt":"2024-10-27T15:14:32","slug":"etablissement-gravereaux","status":"publish","type":"page","link":"https:\/\/emblemedequebec.marret.co\/","title":{"rendered":"Le premier embl\u00e8me de la ville de Qu\u00e9bec"},"content":{"rendered":"<p>Incorpor\u00e9e en 1833, la ville de Qu\u00e9bec tint ses premi\u00e8res \u00e9lections en avril. Lors de l\u2019une de ses premi\u00e8res r\u00e9unions, quelques semaines plus tard, le conseil de ville adopta un sceau dont le dessin fut r\u00e9alis\u00e9 par l\u2019un de ses conseillers, Joseph L\u00e9gar\u00e9.<\/p>\n<div id=\"attachment_7628\" style=\"width: 309px\" class=\"wp-caption alignright\"><a href=\"https:\/\/i0.wp.com\/emblemedequebec.marret.co\/wp-content\/uploads\/2018\/03\/Ville-de-Qu%C3%A9bec-Dessin-original_wp.jpg?ssl=1\"><img data-recalc-dims=\"1\" loading=\"lazy\" decoding=\"async\" aria-describedby=\"caption-attachment-7628\" data-attachment-id=\"7628\" data-permalink=\"https:\/\/emblemedequebec.marret.co\/index.php\/a-la-ville-de-quebec\/ville-de-quebec-dessin-original_wp\/\" data-orig-file=\"https:\/\/i0.wp.com\/emblemedequebec.marret.co\/wp-content\/uploads\/2018\/03\/Ville-de-Qu%C3%A9bec-Dessin-original_wp.jpg?fit=1150%2C1181&amp;ssl=1\" data-orig-size=\"1150,1181\" data-comments-opened=\"1\" data-image-meta=\"{&quot;aperture&quot;:&quot;0&quot;,&quot;credit&quot;:&quot;&quot;,&quot;camera&quot;:&quot;&quot;,&quot;caption&quot;:&quot;&quot;,&quot;created_timestamp&quot;:&quot;0&quot;,&quot;copyright&quot;:&quot;&quot;,&quot;focal_length&quot;:&quot;0&quot;,&quot;iso&quot;:&quot;0&quot;,&quot;shutter_speed&quot;:&quot;0&quot;,&quot;title&quot;:&quot;&quot;,&quot;orientation&quot;:&quot;1&quot;}\" data-image-title=\"Ville de Qu\u00e9bec &amp;#8211; Dessin original_wp\" data-image-description=\"\" data-image-caption=\"&lt;p&gt;Armoiries officielles de la ville de Qu\u00e9bec (1834-1949)&lt;\/p&gt;\n\" data-medium-file=\"https:\/\/i0.wp.com\/emblemedequebec.marret.co\/wp-content\/uploads\/2018\/03\/Ville-de-Qu%C3%A9bec-Dessin-original_wp.jpg?fit=292%2C300&amp;ssl=1\" data-large-file=\"https:\/\/i0.wp.com\/emblemedequebec.marret.co\/wp-content\/uploads\/2018\/03\/Ville-de-Qu%C3%A9bec-Dessin-original_wp.jpg?fit=640%2C657&amp;ssl=1\" class=\" wp-image-7628\" src=\"https:\/\/i0.wp.com\/emblemedequebec.marret.co\/wp-content\/uploads\/2018\/03\/Ville-de-Qu%C3%A9bec-Dessin-original_wp.jpg?resize=299%2C307&#038;ssl=1\" alt=\"\" width=\"299\" height=\"307\" data-wp-pid=\"7628\" srcset=\"https:\/\/i0.wp.com\/emblemedequebec.marret.co\/wp-content\/uploads\/2018\/03\/Ville-de-Qu%C3%A9bec-Dessin-original_wp.jpg?resize=997%2C1024&amp;ssl=1 997w, https:\/\/i0.wp.com\/emblemedequebec.marret.co\/wp-content\/uploads\/2018\/03\/Ville-de-Qu%C3%A9bec-Dessin-original_wp.jpg?resize=292%2C300&amp;ssl=1 292w, https:\/\/i0.wp.com\/emblemedequebec.marret.co\/wp-content\/uploads\/2018\/03\/Ville-de-Qu%C3%A9bec-Dessin-original_wp.jpg?resize=768%2C789&amp;ssl=1 768w, https:\/\/i0.wp.com\/emblemedequebec.marret.co\/wp-content\/uploads\/2018\/03\/Ville-de-Qu%C3%A9bec-Dessin-original_wp.jpg?resize=800%2C822&amp;ssl=1 800w, https:\/\/i0.wp.com\/emblemedequebec.marret.co\/wp-content\/uploads\/2018\/03\/Ville-de-Qu%C3%A9bec-Dessin-original_wp.jpg?resize=584%2C600&amp;ssl=1 584w, https:\/\/i0.wp.com\/emblemedequebec.marret.co\/wp-content\/uploads\/2018\/03\/Ville-de-Qu%C3%A9bec-Dessin-original_wp.jpg?w=1150&amp;ssl=1 1150w\" sizes=\"auto, (max-width: 299px) 100vw, 299px\" \/><\/a><p id=\"caption-attachment-7628\" class=\"wp-caption-text\">Armoiries de la ville de Qu\u00e9bec (1834-1949)<\/p><\/div>\n<p>Utilis\u00e9 comme embl\u00e8me, voire comme armoiries, pour les documents de la ville, ce dessin fut \u00e9galement reproduit sur de multiples objets au cours du&nbsp; XIX<sup>e<\/sup>&nbsp;si\u00e8cle. On le vit ainsi appara\u00eetre sur des pi\u00e8ces de la banque de Qu\u00e9bec et des billets de la Banque Nationale de m\u00eame que sur plusieurs autres m\u00e9dailles.<\/p>\n<p>Le tricentenaire de Qu\u00e9bec, en 1908, fut une occasion exceptionnelle pour le mettre en valeur, non seulement sur les m\u00e9dailles et sur des insignes officiels, mais aussi sur des objets souvenirs tels des broches, des assiettes et des cuill\u00e8res.<\/p>\n<p>En 1949, la ville l\u2019abandonna au profit d\u2019une image rajeunie et les nouvelles armoiries montr\u00e8rent alors un vaisseau repr\u00e9sentant l\u2019histoire et la vocation maritime de la ville. L\u2019ancien embl\u00e8me semblait donc vou\u00e9 \u00e0 l\u2019oubli.<\/p>\n<p>Mais en 1961, la Soci\u00e9t\u00e9 numismatique de Qu\u00e9bec, nouvellement cr\u00e9\u00e9e, d\u00e9cida d\u2019en faire son propre embl\u00e8me et depuis, elle l\u2019a utilis\u00e9 et reproduit maintes fois, sur des m\u00e9dailles, des jetons, des billets ou d\u2019autres documents.<em>&nbsp;<\/em><\/p>\n<p><em>On trouvera donc sur ce site des informations, des photos et des documents relatifs au premier sceau de Qu\u00e9bec&nbsp;; \u00e0 son origine ainsi qu&rsquo;\u00e0 l&rsquo;utilisation qui en a \u00e9t\u00e9 faite dans le domaine de la numismatique, sur des imprim\u00e9s, pour des objets de maison de m\u00eame que sur des monuments de la ville de Qu\u00e9bec.<\/em><\/p>\n<p style=\"padding-left: 40px;\"><span lang=\"FR\"><span style=\"color: #333333;\">Nous invitons toute personne ayant identifi\u00e9 d\u2019autres objets et documents avec le premier embl\u00e8me de Qu\u00e9bec \u00e0 <a href=\"https:\/\/emblemedequebec.marret.co\/index.php\/contact-edimestre\/\">communiquer avec l\u2019\u00e9dimestre<\/a> pour nous fournir des informations, nous faire parvenir des photos ou nous proposer leur acquisition.<\/span><\/span><\/p>\n<p style=\"text-align: center;\"><span lang=\"FR\">~~~~~~~<\/span><\/p>\n<p><a href=\"https:\/\/i0.wp.com\/emblemedequebec.marret.co\/wp-content\/uploads\/2020\/01\/Sceau-de-Qu%C3%A9bec-Judicieux_wp.jpg?ssl=1\"><img data-recalc-dims=\"1\" loading=\"lazy\" decoding=\"async\" data-attachment-id=\"10210\" data-permalink=\"https:\/\/emblemedequebec.marret.co\/index.php\/etablissement-gravereaux\/sceau-de-quebec-judicieux_wp\/\" data-orig-file=\"https:\/\/i0.wp.com\/emblemedequebec.marret.co\/wp-content\/uploads\/2020\/01\/Sceau-de-Qu%C3%A9bec-Judicieux_wp.jpg?fit=1181%2C1181&amp;ssl=1\" data-orig-size=\"1181,1181\" data-comments-opened=\"1\" data-image-meta=\"{&quot;aperture&quot;:&quot;0&quot;,&quot;credit&quot;:&quot;&quot;,&quot;camera&quot;:&quot;&quot;,&quot;caption&quot;:&quot;&quot;,&quot;created_timestamp&quot;:&quot;0&quot;,&quot;copyright&quot;:&quot;&quot;,&quot;focal_length&quot;:&quot;0&quot;,&quot;iso&quot;:&quot;0&quot;,&quot;shutter_speed&quot;:&quot;0&quot;,&quot;title&quot;:&quot;&quot;,&quot;orientation&quot;:&quot;1&quot;}\" data-image-title=\"Sceau de Qu\u00e9bec &amp;#8211; Judicieux_wp\" data-image-description=\"\" data-image-caption=\"\" data-medium-file=\"https:\/\/i0.wp.com\/emblemedequebec.marret.co\/wp-content\/uploads\/2020\/01\/Sceau-de-Qu%C3%A9bec-Judicieux_wp.jpg?fit=300%2C300&amp;ssl=1\" data-large-file=\"https:\/\/i0.wp.com\/emblemedequebec.marret.co\/wp-content\/uploads\/2020\/01\/Sceau-de-Qu%C3%A9bec-Judicieux_wp.jpg?fit=640%2C640&amp;ssl=1\" class=\"wp-image-10210 alignright\" src=\"https:\/\/i0.wp.com\/emblemedequebec.marret.co\/wp-content\/uploads\/2020\/01\/Sceau-de-Qu%C3%A9bec-Judicieux_wp.jpg?resize=150%2C150&#038;ssl=1\" alt=\"\" width=\"150\" height=\"150\" data-wp-pid=\"10210\" srcset=\"https:\/\/i0.wp.com\/emblemedequebec.marret.co\/wp-content\/uploads\/2020\/01\/Sceau-de-Qu%C3%A9bec-Judicieux_wp.jpg?resize=1024%2C1024&amp;ssl=1 1024w, https:\/\/i0.wp.com\/emblemedequebec.marret.co\/wp-content\/uploads\/2020\/01\/Sceau-de-Qu%C3%A9bec-Judicieux_wp.jpg?resize=300%2C300&amp;ssl=1 300w, https:\/\/i0.wp.com\/emblemedequebec.marret.co\/wp-content\/uploads\/2020\/01\/Sceau-de-Qu%C3%A9bec-Judicieux_wp.jpg?resize=150%2C150&amp;ssl=1 150w, https:\/\/i0.wp.com\/emblemedequebec.marret.co\/wp-content\/uploads\/2020\/01\/Sceau-de-Qu%C3%A9bec-Judicieux_wp.jpg?resize=768%2C768&amp;ssl=1 768w, https:\/\/i0.wp.com\/emblemedequebec.marret.co\/wp-content\/uploads\/2020\/01\/Sceau-de-Qu%C3%A9bec-Judicieux_wp.jpg?resize=800%2C800&amp;ssl=1 800w, https:\/\/i0.wp.com\/emblemedequebec.marret.co\/wp-content\/uploads\/2020\/01\/Sceau-de-Qu%C3%A9bec-Judicieux_wp.jpg?w=1181&amp;ssl=1 1181w\" sizes=\"auto, (max-width: 150px) 100vw, 150px\" \/><\/a><\/p>\n<p>Le premier sceau et embl\u00e8me de Qu\u00e9bec, cr\u00e9\u00e9 en 1833 et abandonn\u00e9 en 1949, peut encore int\u00e9resser, en 2020, curieux et artistes\u2026<\/p>\n<p>Un certain \u00ab&nbsp;Judicieux&nbsp;\u00bb a \u00e9prouv\u00e9 le besoin d\u2019en faire un <a href=\"https:\/\/fr.wikipedia.org\/wiki\/Sceau_de_Qu%C3%A9bec\" target=\"_blank\" rel=\"noopener noreferrer\">article sur Wikip\u00e9dia<\/a>, mais aussi de cr\u00e9er une nouvelle version de ce sceau!<\/p>\n<p style=\"text-align: center;\" align=\"center\"><span lang=\"FR\"><span style=\"color: #333333;\">~~~~~~~<\/span><\/span><\/p>\n<p><a href=\"https:\/\/i0.wp.com\/emblemedequebec.marret.co\/wp-content\/uploads\/2019\/11\/Embl%C3%A8me-de-Qu%C3%A9bec-D%C3%A9pliant-v04-c1.jpg?ssl=1\"><img data-recalc-dims=\"1\" loading=\"lazy\" decoding=\"async\" data-attachment-id=\"10176\" data-permalink=\"https:\/\/emblemedequebec.marret.co\/index.php\/etablissement-gravereaux\/embleme-de-quebec-depliant-v04-c1\/\" data-orig-file=\"https:\/\/i0.wp.com\/emblemedequebec.marret.co\/wp-content\/uploads\/2019\/11\/Embl%C3%A8me-de-Qu%C3%A9bec-D%C3%A9pliant-v04-c1.jpg?fit=956%2C2332&amp;ssl=1\" data-orig-size=\"956,2332\" data-comments-opened=\"1\" data-image-meta=\"{&quot;aperture&quot;:&quot;0&quot;,&quot;credit&quot;:&quot;Jean-Luc Marret HP10&quot;,&quot;camera&quot;:&quot;&quot;,&quot;caption&quot;:&quot;&quot;,&quot;created_timestamp&quot;:&quot;0&quot;,&quot;copyright&quot;:&quot;&quot;,&quot;focal_length&quot;:&quot;0&quot;,&quot;iso&quot;:&quot;0&quot;,&quot;shutter_speed&quot;:&quot;0&quot;,&quot;title&quot;:&quot;&quot;,&quot;orientation&quot;:&quot;1&quot;}\" data-image-title=\"Embl\u00e8me de Qu\u00e9bec &amp;#8211; D\u00e9pliant v04 c1\" data-image-description=\"\" data-image-caption=\"\" data-medium-file=\"https:\/\/i0.wp.com\/emblemedequebec.marret.co\/wp-content\/uploads\/2019\/11\/Embl%C3%A8me-de-Qu%C3%A9bec-D%C3%A9pliant-v04-c1.jpg?fit=123%2C300&amp;ssl=1\" data-large-file=\"https:\/\/i0.wp.com\/emblemedequebec.marret.co\/wp-content\/uploads\/2019\/11\/Embl%C3%A8me-de-Qu%C3%A9bec-D%C3%A9pliant-v04-c1.jpg?fit=420%2C1024&amp;ssl=1\" class=\"wp-image-10176 alignleft\" src=\"https:\/\/i0.wp.com\/emblemedequebec.marret.co\/wp-content\/uploads\/2019\/11\/Embl%C3%A8me-de-Qu%C3%A9bec-D%C3%A9pliant-v04-c1.jpg?resize=151%2C368&#038;ssl=1\" alt=\"\" width=\"151\" height=\"368\" data-wp-pid=\"10176\" srcset=\"https:\/\/i0.wp.com\/emblemedequebec.marret.co\/wp-content\/uploads\/2019\/11\/Embl%C3%A8me-de-Qu%C3%A9bec-D%C3%A9pliant-v04-c1.jpg?resize=420%2C1024&amp;ssl=1 420w, https:\/\/i0.wp.com\/emblemedequebec.marret.co\/wp-content\/uploads\/2019\/11\/Embl%C3%A8me-de-Qu%C3%A9bec-D%C3%A9pliant-v04-c1.jpg?resize=123%2C300&amp;ssl=1 123w, https:\/\/i0.wp.com\/emblemedequebec.marret.co\/wp-content\/uploads\/2019\/11\/Embl%C3%A8me-de-Qu%C3%A9bec-D%C3%A9pliant-v04-c1.jpg?resize=768%2C1873&amp;ssl=1 768w, https:\/\/i0.wp.com\/emblemedequebec.marret.co\/wp-content\/uploads\/2019\/11\/Embl%C3%A8me-de-Qu%C3%A9bec-D%C3%A9pliant-v04-c1.jpg?resize=630%2C1536&amp;ssl=1 630w, https:\/\/i0.wp.com\/emblemedequebec.marret.co\/wp-content\/uploads\/2019\/11\/Embl%C3%A8me-de-Qu%C3%A9bec-D%C3%A9pliant-v04-c1.jpg?resize=840%2C2048&amp;ssl=1 840w, https:\/\/i0.wp.com\/emblemedequebec.marret.co\/wp-content\/uploads\/2019\/11\/Embl%C3%A8me-de-Qu%C3%A9bec-D%C3%A9pliant-v04-c1.jpg?resize=492%2C1200&amp;ssl=1 492w, https:\/\/i0.wp.com\/emblemedequebec.marret.co\/wp-content\/uploads\/2019\/11\/Embl%C3%A8me-de-Qu%C3%A9bec-D%C3%A9pliant-v04-c1.jpg?resize=738%2C1800&amp;ssl=1 738w, https:\/\/i0.wp.com\/emblemedequebec.marret.co\/wp-content\/uploads\/2019\/11\/Embl%C3%A8me-de-Qu%C3%A9bec-D%C3%A9pliant-v04-c1.jpg?w=956&amp;ssl=1 956w\" sizes=\"auto, (max-width: 151px) 100vw, 151px\" \/><\/a><\/p>\n<p>&nbsp;<\/p>\n<p>Produit \u00e0 l&rsquo;intention des marchands de monnaies, antiquaires et autres sp\u00e9cialistes en numismatique, ce d\u00e9pliant pr\u00e9sente sommairement diff\u00e9rents objets pr\u00e9sentant le premier sceau de la ville de Qu\u00e9bec sous cinq th\u00e8mes&nbsp;: <strong>\u00d8 <\/strong>\u00c0 la ville de Qu\u00e9bec. <strong>\u00d8 <\/strong>Sur des pi\u00e8ces et des m\u00e9dailles. <strong>\u00d8 <\/strong>Sur des imprim\u00e9s. <strong>\u00d8 <\/strong>Sur des bijoux et des insignes. <strong>\u00d8 <\/strong>Sur la vaisselle et les ustensiles. Il est t\u00e9l\u00e9chargeable en cliquant ici : <a href=\"https:\/\/emblemedequebec.marret.co\/wp-content\/uploads\/2024\/10\/Embleme-de-Quebec-Depliant-v05.pdf\">D\u00e9pliant<\/a><\/p>\n<p style=\"text-align: center;\"><span lang=\"FR\">~~~~~~~<\/span><\/p>\n<hr>\n<p style=\"text-align: right;\"><span style=\"font-family: book antiqua,palatino,serif; font-size: 10pt;\">Pour plus d&rsquo;informations sur le site et les renseignements qui s&rsquo;y trouvent,<\/span><br \/>\n<span style=\"font-family: book antiqua,palatino,serif; font-size: 10pt;\"><a href=\"https:\/\/emblemedequebec.marret.co\/index.php\/contact-edimestre\/\" target=\"_blank\" rel=\"noopener noreferrer\"> contacter l&rsquo;\u00e9dimestre<\/a> responsable de ce site.<\/span><\/p>\n","protected":false},"excerpt":{"rendered":"<p>Incorpor\u00e9e en 1833, la ville de Qu\u00e9bec tint ses premi\u00e8res \u00e9lections en avril. Lors de l\u2019une de ses premi\u00e8res r\u00e9unions, quelques semaines plus tard, le conseil de ville adopta un sceau dont le dessin fut r\u00e9alis\u00e9 par l\u2019un de ses &hellip; <a href=\"https:\/\/emblemedequebec.marret.co\/\">Continuer la lecture <span class=\"meta-nav\">&rarr;<\/span><\/a><\/p>\n","protected":false},"author":1,"featured_media":0,"parent":0,"menu_order":0,"comment_status":"closed","ping_status":"closed","template":"","meta":{"ngg_post_thumbnail":0,"jetpack_post_was_ever_published":false,"footnotes":""},"class_list":["post-66","page","type-page","status-publish","hentry"],"aioseo_notices":[],"jetpack_sharing_enabled":true,"jetpack_shortlink":"https:\/\/wp.me\/P9K7xB-14","jetpack-related-posts":[{"id":7614,"url":"https:\/\/emblemedequebec.marret.co\/index.php\/ses-origines\/","url_meta":{"origin":66,"position":0},"title":"Histoire officielle du premier embl\u00e8me de Qu\u00e9bec","author":"marretgravereaux","date":"13 mars 2018","format":false,"excerpt":"Qu\u00e9bec aurait pu avoir des armes d\u00e8s le XVIIe si\u00e8cle si le gouverneur de Frontenac avait men\u00e9 \u00e0 bien son projet. En effet, le 13\u00a0octobre 1673, il \u00e9crivait au ministre\u00a0: \u00ab\u00a0C\u2019est \u00e0 quoi, Mgr, vous aviserez, s\u2019il vous pla\u00eet, comme aussi aux livr\u00e9es et aux armes que le Roi voudra\u2026","rel":"","context":"Article similaire","block_context":{"text":"Article similaire","link":""},"img":{"alt_text":"","src":"https:\/\/i0.wp.com\/emblemedequebec.marret.co\/wp-content\/uploads\/2018\/03\/Frontenac_wp.jpg?resize=350%2C200","width":350,"height":200},"classes":[]},{"id":7593,"url":"https:\/\/emblemedequebec.marret.co\/index.php\/dans-la-numismatique\/","url_meta":{"origin":66,"position":1},"title":"&#8230; dans la numismatique","author":"marretgravereaux","date":"13 mars 2018","format":false,"excerpt":"\u00a0 Les premi\u00e8res pi\u00e8ces portant l\u2019embl\u00e8me de Qu\u00e9bec furent \u00e9mises par la Banque de Qu\u00e9bec en 1852\u00a0; cette m\u00eame banque \u00e9mit des billets avec le m\u00eame embl\u00e8me entre 1863 et 1911. De son c\u00f4t\u00e9, la Banque Nationale fut \u00e0 l\u2019origine de billets avec la m\u00eame illustration entre 1860 et 1922.\u2026","rel":"","context":"Article similaire","block_context":{"text":"Article similaire","link":""},"img":{"alt_text":"","src":"https:\/\/i0.wp.com\/emblemedequebec.marret.co\/wp-content\/uploads\/2018\/03\/1102-JLM1-Penny-FR1_wp-1021x1024.jpg?resize=350%2C200","width":350,"height":200},"classes":[]},{"id":7599,"url":"https:\/\/emblemedequebec.marret.co\/index.php\/a-la-societe-numismatique-de-quebec-s-n-q\/","url_meta":{"origin":66,"position":2},"title":"&#8230; \u00e0 la Soci\u00e9t\u00e9 numismatique de Qu\u00e9bec (S.N.Q.)","author":"marretgravereaux","date":"13 mars 2018","format":false,"excerpt":"Fond\u00e9e en 1960, la Soci\u00e9t\u00e9 numismatique de Qu\u00e9bec adopte comme embl\u00e8me, quelques mois plus tard \u2013 le 21 f\u00e9vrier 1961 -, le dessin apparaissant sur le jeton d\u2019un penny de la Banque de Qu\u00e9bec, lui-m\u00eame inspir\u00e9 de celui de la ville de Qu\u00e9bec. Dans les ann\u00e9es qui suivent, l\u2019on voit\u2026","rel":"","context":"Article similaire","block_context":{"text":"Article similaire","link":""},"img":{"alt_text":"","src":"https:\/\/i0.wp.com\/emblemedequebec.marret.co\/wp-content\/uploads\/2018\/05\/1966-02-08-5e-SNQ-Programme-p2-3-c_wp.jpg?resize=350%2C200","width":350,"height":200},"classes":[]},{"id":9168,"url":"https:\/\/emblemedequebec.marret.co\/index.php\/a-la-ville-de-quebec\/evolution-de-lembleme-a-la-ville-de-quebec\/","url_meta":{"origin":66,"position":3},"title":"\u00c9volution de l&#8217;embl\u00e8me \u00e0 la ville de Qu\u00e9bec","author":"marretgravereaux","date":"12 mai 2018","format":false,"excerpt":"Apr\u00e8s son adoption officielle, le 23 mai 1834, le nouveau sceau de Qu\u00e9bec fait son apparition pour authentifier les ordonnances, r\u00e8glements ou r\u00e9solutions officiels. Mais, en m\u00eame temps, il devient l\u2019embl\u00e8me de la ville et, \u00e0 ce titre, orne ou illustre de multiples documents administratifs. Le sceau est toujours demeur\u00e9\u2026","rel":"","context":"Article similaire","block_context":{"text":"Article similaire","link":""},"img":{"alt_text":"","src":"https:\/\/i0.wp.com\/emblemedequebec.marret.co\/wp-content\/uploads\/2018\/05\/QP1-1-PV-1833-1834-23-mai-1834p_wp.jpg?resize=350%2C200","width":350,"height":200},"classes":[]},{"id":8306,"url":"https:\/\/emblemedequebec.marret.co\/index.php\/ses-origines\/sources-dinspiration-pour-le-sceau-de-quebec\/","url_meta":{"origin":66,"position":4},"title":"Sources d\u2019inspiration pour le sceau de Qu\u00e9bec","author":"marretgravereaux","date":"18 mars 2018","format":false,"excerpt":"\u00c9lu au conseil de la Cit\u00e9 de Qu\u00e9bec le 25\u00a0avril 1833, Joseph L\u00e9gar\u00e9 soumet dans les jours suivants un projet de sceau pour la Corporation municipale, lequel fait l\u2019objet de discussions lors de la s\u00e9ance du 24\u00a0mai. Il n\u2019a donc eu que peu de temps pour le pr\u00e9parer et l\u2019on\u2026","rel":"","context":"Article similaire","block_context":{"text":"Article similaire","link":""},"img":{"alt_text":"","src":"https:\/\/i0.wp.com\/emblemedequebec.marret.co\/wp-content\/uploads\/2024\/10\/1749-Paix-dAix-la-Chapelle-10-Photoroom-a_50-300x297.png?resize=350%2C200&ssl=1","width":350,"height":200},"classes":[]},{"id":7617,"url":"https:\/\/emblemedequebec.marret.co\/index.php\/a-la-ville-de-quebec\/","url_meta":{"origin":66,"position":5},"title":"&#8230; \u00e0 la ville de Qu\u00e9bec","author":"marretgravereaux","date":"13 mars 2018","format":false,"excerpt":"Le nouveau sceau de la ville de Qu\u00e9bec a \u00e9t\u00e9 adopt\u00e9 officiellement le 23 mai 1834 et il a, d\u00e8s ce moment-l\u00e0, \u00e9t\u00e9 utilis\u00e9 par la ville chaque fois que n\u00e9cessaire pour identifier des objets ou des personnes, illustrer des documents ou orner des meubles. L\u2019embl\u00e8me officiel est demeur\u00e9 le\u2026","rel":"","context":"Article similaire","block_context":{"text":"Article similaire","link":""},"img":{"alt_text":"","src":"https:\/\/i0.wp.com\/emblemedequebec.marret.co\/wp-content\/uploads\/2018\/05\/QP1-1-PV-1833-1834-23-mai-1834p_wp.jpg?resize=350%2C200","width":350,"height":200},"classes":[]}],"_links":{"self":[{"href":"https:\/\/emblemedequebec.marret.co\/index.php\/wp-json\/wp\/v2\/pages\/66","targetHints":{"allow":["GET"]}}],"collection":[{"href":"https:\/\/emblemedequebec.marret.co\/index.php\/wp-json\/wp\/v2\/pages"}],"about":[{"href":"https:\/\/emblemedequebec.marret.co\/index.php\/wp-json\/wp\/v2\/types\/page"}],"author":[{"embeddable":true,"href":"https:\/\/emblemedequebec.marret.co\/index.php\/wp-json\/wp\/v2\/users\/1"}],"replies":[{"embeddable":true,"href":"https:\/\/emblemedequebec.marret.co\/index.php\/wp-json\/wp\/v2\/comments?post=66"}],"version-history":[{"count":6,"href":"https:\/\/emblemedequebec.marret.co\/index.php\/wp-json\/wp\/v2\/pages\/66\/revisions"}],"predecessor-version":[{"id":10940,"href":"https:\/\/emblemedequebec.marret.co\/index.php\/wp-json\/wp\/v2\/pages\/66\/revisions\/10940"}],"wp:attachment":[{"href":"https:\/\/emblemedequebec.marret.co\/index.php\/wp-json\/wp\/v2\/media?parent=66"}],"curies":[{"name":"wp","href":"https:\/\/api.w.org\/{rel}","templated":true}]}}