{"id":6054,"date":"2017-05-12T04:06:39","date_gmt":"2017-05-12T03:06:39","guid":{"rendered":"http:\/\/emblemedequebec.marret.co\/?page_id=6054"},"modified":"2021-05-17T23:25:39","modified_gmt":"2021-05-17T22:25:39","slug":"documents-et-references","status":"publish","type":"page","link":"https:\/\/emblemedequebec.marret.co\/index.php\/documents-et-references\/","title":{"rendered":"Documents et r\u00e9f\u00e9rences"},"content":{"rendered":"<p><strong>\u00c0 propos de l\u2019ensemble du site.<\/strong><\/p>\n<ul>\n<li>Marret, Jean-Luc. <em>Le premier embl\u00e8me de la ville de Qu\u00e9bec. Histoire et usage<br \/>\n(1831-2010)<\/em>. Qu\u00e9bec, 2010.<\/li>\n<\/ul>\n<p><strong>Origine de l&#8217;embl\u00e8me de Qu\u00e9bec<\/strong><\/p>\n<ul>\n<li>Cogn\u00e9, Daniel. <em>The seal of Quebec City<\/em>. Heraldic America.<\/li>\n<li>Vachon, Auguste. <em><a href=\"http:\/\/heraldicscienceheraldique.com\/la-meacutedaille-kebeca-liberata-a-t-elle-inspireacute-le-premier-sceau-de-la-ville-de-queacutebec.html\" target=\"_blank\" rel=\"noopener\">La m\u00e9daille Kebeca Liberata<\/a> a-t-elle inspir\u00e9 le premier sceau de la ville de Qu\u00e9bec?<\/em> Heraldic Science H\u00e9raldique.<\/li>\n<\/ul>\n<p><strong>Joseph L\u00e9gar\u00e9<\/strong><\/p>\n<ul>\n<li><em><a href=\"http:\/\/www.biographi.ca\/fr\/bio\/legare_joseph_8F.html\" target=\"_blank\" rel=\"noopener\">Joseph L\u00e9gar\u00e9<\/a><\/em> &#8211; Dictionnaire biographique du Canada.<\/li>\n<\/ul>\n<p><strong>L&#8217;embl\u00e8me de la Soci\u00e9t\u00e9 numismatique de Qu\u00e9bec<\/strong><\/p>\n<p>Marquis, Yvon et Jean-Luc Marret. <em>Album Souvenir des produits \u00e9mis par la Soci\u00e9t\u00e9 numismatique de Qu\u00e9bec<\/em><em>.<\/em> Les \u00c9ditions Numispro. 2010.<\/p>\n<p>Marquis, Yvon et Jean-Luc Marret. <em>R\u00e9pertoire d&rsquo;objets de collection associ\u00e9s \u00e0 la Soci\u00e9t\u00e9 numismatique de Qu\u00e9bec<\/em>. 2020.<\/p>\n<p>Tom Wallace, Yvon Marquis et Rick Craig. <em>Catalogue of Medals Issued by Members of the Association of Personnalized Medal Issuers (APMI) \u2013 Catalogue des m\u00e9dailles \u00e9mises par les membres de l\u2019Association des \u00c9metteurs de M\u00e9dailles Personnalis\u00e9es (AEMP)<\/em>. First Edition \u2013 Premi\u00e8re \u00e9dition. 2010.<\/p>\n","protected":false},"excerpt":{"rendered":"<p>\u00c0 propos de l\u2019ensemble du site. Marret, Jean-Luc. Le premier embl\u00e8me de la ville de Qu\u00e9bec. Histoire et usage (1831-2010). Qu\u00e9bec, 2010. Origine de l&#8217;embl\u00e8me de Qu\u00e9bec Cogn\u00e9, Daniel. The seal of Quebec City. Heraldic America. Vachon, Auguste. La m\u00e9daille &hellip; <a href=\"https:\/\/emblemedequebec.marret.co\/index.php\/documents-et-references\/\">Continuer la lecture <span class=\"meta-nav\">&rarr;<\/span><\/a><\/p>\n","protected":false},"author":1,"featured_media":0,"parent":0,"menu_order":0,"comment_status":"closed","ping_status":"closed","template":"","meta":{"ngg_post_thumbnail":0,"jetpack_post_was_ever_published":false,"footnotes":""},"class_list":["post-6054","page","type-page","status-publish","hentry"],"aioseo_notices":[],"jetpack_sharing_enabled":true,"jetpack_shortlink":"https:\/\/wp.me\/P9K7xB-1zE","jetpack-related-posts":[{"id":9466,"url":"https:\/\/emblemedequebec.marret.co\/index.php\/a-la-societe-numismatique-de-quebec-s-n-q\/medaille-du-congres-de-lassociation-canadienne-de-numismatique-1989\/","url_meta":{"origin":6054,"position":0},"title":"M\u00e9daille du congr\u00e8s de l\u2019Association canadienne de numismatique (1989)","author":"marretgravereaux","date":"8 ao\u00fbt 2018","format":false,"excerpt":"En 1989, la Soci\u00e9t\u00e9 numismatique de Qu\u00e9bec est l\u2019h\u00f4te du Congr\u00e8s annuel de l\u2019Association Canadienne de Numismatique - le plus important \u00e9v\u00e8nement du genre au Canada - et celui-ci a lieu \u00e0 Qu\u00e9bec du 26 au 30 juillet. \u00c0 cette occasion, la Monnaie Royale Canadienne est mandat\u00e9e pour frapper la\u2026","rel":"","context":"Article similaire","block_context":{"text":"Article similaire","link":""},"img":{"alt_text":"","src":"https:\/\/i0.wp.com\/emblemedequebec.marret.co\/wp-content\/uploads\/2018\/08\/SNQ-1989-Congr%C3%A8s-ACN-a-1_wp.jpg?resize=350%2C200","width":350,"height":200},"classes":[]},{"id":7599,"url":"https:\/\/emblemedequebec.marret.co\/index.php\/a-la-societe-numismatique-de-quebec-s-n-q\/","url_meta":{"origin":6054,"position":1},"title":"&#8230; \u00e0 la Soci\u00e9t\u00e9 numismatique de Qu\u00e9bec (S.N.Q.)","author":"marretgravereaux","date":"13 mars 2018","format":false,"excerpt":"Fond\u00e9e en 1960, la Soci\u00e9t\u00e9 numismatique de Qu\u00e9bec adopte comme embl\u00e8me, quelques mois plus tard \u2013 le 21 f\u00e9vrier 1961 -, le dessin apparaissant sur le jeton d\u2019un penny de la Banque de Qu\u00e9bec, lui-m\u00eame inspir\u00e9 de celui de la ville de Qu\u00e9bec. Dans les ann\u00e9es qui suivent, l\u2019on voit\u2026","rel":"","context":"Article similaire","block_context":{"text":"Article similaire","link":""},"img":{"alt_text":"","src":"https:\/\/i0.wp.com\/emblemedequebec.marret.co\/wp-content\/uploads\/2018\/05\/1966-02-08-5e-SNQ-Programme-p2-3-c_wp.jpg?resize=350%2C200","width":350,"height":200},"classes":[]},{"id":9771,"url":"https:\/\/emblemedequebec.marret.co\/index.php\/a-la-societe-numismatique-de-quebec-s-n-q\/jetons-et-billets-en-bois\/","url_meta":{"origin":6054,"position":2},"title":"Jetons et billets en bois","author":"marretgravereaux","date":"15 ao\u00fbt 2018","format":false,"excerpt":"1987 \u2013 Embl\u00e8me de la S.N.Q. (premier dessin) En 1987, la Soci\u00e9t\u00e9 numismatique de Qu\u00e9bec \u00e9met pour la premi\u00e8re fois un jeton en bois. Celui-ci arbore, \u00e0 l\u2019avers, l\u2019embl\u00e8me officiel de la S.N.Q. Sur le revers apparaissent, en bleu \u2013 en noir pour le num\u00e9ro -, les inscriptions\u00a0: \u00ab Banquet\u2026","rel":"","context":"Article similaire","block_context":{"text":"Article similaire","link":""},"img":{"alt_text":"","src":"https:\/\/i0.wp.com\/emblemedequebec.marret.co\/wp-content\/uploads\/2018\/08\/SNQ1-Banquet-1987-a_wp.jpg?resize=350%2C200","width":350,"height":200},"classes":[]},{"id":9432,"url":"https:\/\/emblemedequebec.marret.co\/index.php\/a-la-societe-numismatique-de-quebec-s-n-q\/medaillons-1984-2010\/","url_meta":{"origin":6054,"position":3},"title":"M\u00e9daillons (1984 \u2013 2010)","author":"marretgravereaux","date":"7 ao\u00fbt 2018","format":false,"excerpt":"Entre 1984 et 2010, la Soci\u00e9t\u00e9 numismatique de Qu\u00e9bec a \u00e9mis des m\u00e9dailles \u00e0 douze reprises pour souligner ses activit\u00e9s et divers anniversaires. Elle fit appel \u00e0 un atelier mon\u00e9taire canadien \u2013 Pressed Metal Products - pour frapper ces pi\u00e8ces. L\u2019avers de celles-ci, le m\u00eame durant toutes ces ann\u00e9es, montre\u2026","rel":"","context":"Article similaire","block_context":{"text":"Article similaire","link":""},"img":{"alt_text":"","src":"https:\/\/i0.wp.com\/emblemedequebec.marret.co\/wp-content\/uploads\/2018\/08\/Revers-M%C3%A9daille-SNQ-2d_wp-1024x1024.jpg?resize=350%2C200","width":350,"height":200},"classes":[]},{"id":7593,"url":"https:\/\/emblemedequebec.marret.co\/index.php\/dans-la-numismatique\/","url_meta":{"origin":6054,"position":4},"title":"&#8230; dans la numismatique","author":"marretgravereaux","date":"13 mars 2018","format":false,"excerpt":"\u00a0 Les premi\u00e8res pi\u00e8ces portant l\u2019embl\u00e8me de Qu\u00e9bec furent \u00e9mises par la Banque de Qu\u00e9bec en 1852\u00a0; cette m\u00eame banque \u00e9mit des billets avec le m\u00eame embl\u00e8me entre 1863 et 1911. De son c\u00f4t\u00e9, la Banque Nationale fut \u00e0 l\u2019origine de billets avec la m\u00eame illustration entre 1860 et 1922.\u2026","rel":"","context":"Article similaire","block_context":{"text":"Article similaire","link":""},"img":{"alt_text":"","src":"https:\/\/i0.wp.com\/emblemedequebec.marret.co\/wp-content\/uploads\/2018\/03\/1102-JLM1-Penny-FR1_wp-1021x1024.jpg?resize=350%2C200","width":350,"height":200},"classes":[]},{"id":9509,"url":"https:\/\/emblemedequebec.marret.co\/index.php\/a-la-societe-numismatique-de-quebec-s-n-q\/billets-sur-lhistoire-des-banques-fondees-a-quebec-1995-1999\/","url_meta":{"origin":6054,"position":5},"title":"Billets sur l\u2019histoire des banques fond\u00e9es \u00e0 Qu\u00e9bec (1995-1999)","author":"marretgravereaux","date":"8 ao\u00fbt 2018","format":false,"excerpt":"Au cours des ann\u00e9es 1995 \u00e0 1999, la Soci\u00e9t\u00e9 numismatique de Qu\u00e9bec veut rappeler le souvenir des cinq banques \u00e0 charte qui ont \u00e9t\u00e9 fond\u00e9es dans la ville de Qu\u00e9bec lors du XIXe si\u00e8cle. Elle demande \u00e0 Jean-Pierre Par\u00e9, membre fondateur de la S.N.Q. et sp\u00e9cialiste des banques, de faire\u2026","rel":"","context":"Article similaire","block_context":{"text":"Article similaire","link":""},"img":{"alt_text":"","src":"https:\/\/i0.wp.com\/emblemedequebec.marret.co\/wp-content\/uploads\/2018\/08\/SNQ-1995-35e-Banque-de-Qu%C3%A9bec-Avers-d%C3%A9tail_wp.jpg?resize=350%2C200","width":350,"height":200},"classes":[]}],"_links":{"self":[{"href":"https:\/\/emblemedequebec.marret.co\/index.php\/wp-json\/wp\/v2\/pages\/6054","targetHints":{"allow":["GET"]}}],"collection":[{"href":"https:\/\/emblemedequebec.marret.co\/index.php\/wp-json\/wp\/v2\/pages"}],"about":[{"href":"https:\/\/emblemedequebec.marret.co\/index.php\/wp-json\/wp\/v2\/types\/page"}],"author":[{"embeddable":true,"href":"https:\/\/emblemedequebec.marret.co\/index.php\/wp-json\/wp\/v2\/users\/1"}],"replies":[{"embeddable":true,"href":"https:\/\/emblemedequebec.marret.co\/index.php\/wp-json\/wp\/v2\/comments?post=6054"}],"version-history":[{"count":2,"href":"https:\/\/emblemedequebec.marret.co\/index.php\/wp-json\/wp\/v2\/pages\/6054\/revisions"}],"predecessor-version":[{"id":10362,"href":"https:\/\/emblemedequebec.marret.co\/index.php\/wp-json\/wp\/v2\/pages\/6054\/revisions\/10362"}],"wp:attachment":[{"href":"https:\/\/emblemedequebec.marret.co\/index.php\/wp-json\/wp\/v2\/media?parent=6054"}],"curies":[{"name":"wp","href":"https:\/\/api.w.org\/{rel}","templated":true}]}}