{"id":1523,"date":"2016-04-10T18:25:15","date_gmt":"2016-04-10T17:25:15","guid":{"rendered":"http:\/\/lesgravereaux.marret.co\/?page_id=1523"},"modified":"2018-03-14T12:35:00","modified_gmt":"2018-03-14T11:35:00","slug":"liens-utiles","status":"publish","type":"page","link":"https:\/\/emblemedequebec.marret.co\/index.php\/liens-utiles\/","title":{"rendered":"Liens utiles"},"content":{"rendered":"<h3><b>&nbsp;<\/b><\/h3>\n<h3>&nbsp;<\/h3>\n<h3><b>\u00c0 propos de la Soci\u00e9t\u00e9 numismatique de Qu\u00e9bec<\/b><\/h3>\n<p><span lang=\"FR\"><span style=\"color: #333333;\"><a href=\"https:\/\/snquebec.ca\/\" target=\"_blank\" rel=\"noopener\">Soci\u00e9t\u00e9 numismatique de Qu\u00e9bec<\/a>. &nbsp; <span lang=\"FR\" style=\"margin: 0px; padding: 0cm; border: 1pt windowtext; color: #333333; font-family: 'Georgia','serif'; font-size: 12pt;\">Site officiel.<\/span><\/span><\/span><\/p>\n<p><span lang=\"FR\"><span style=\"color: #333333;\"><a href=\"https:\/\/sites.google.com\/site\/societenumismatiquedequebec50e\/\" target=\"_blank\" rel=\"noopener\">Soci\u00e9t\u00e9 numismatique de Qu\u00e9bec \u2013 50<sup><span style=\"font-size: small;\">e<\/span><\/sup><\/a>. &nbsp; Histoire de la Soci\u00e9t\u00e9 numismatique de Qu\u00e9bec &nbsp;(S.N.Q.) et activit\u00e9s organis\u00e9es \u00e0 l\u2019occasion du 50<sup><span style=\"font-size: small;\">e<\/span><\/sup> anniversaire de sa fondation.<\/span><\/span><\/p>\n","protected":false},"excerpt":{"rendered":"<p>&nbsp; &nbsp; \u00c0 propos de la Soci\u00e9t\u00e9 numismatique de Qu\u00e9bec Soci\u00e9t\u00e9 numismatique de Qu\u00e9bec. &nbsp; Site officiel. Soci\u00e9t\u00e9 numismatique de Qu\u00e9bec \u2013 50e. &nbsp; Histoire de la Soci\u00e9t\u00e9 numismatique de Qu\u00e9bec &nbsp;(S.N.Q.) et activit\u00e9s organis\u00e9es \u00e0 l\u2019occasion du 50e anniversaire &hellip; <a href=\"https:\/\/emblemedequebec.marret.co\/index.php\/liens-utiles\/\">Continuer la lecture <span class=\"meta-nav\">&rarr;<\/span><\/a><\/p>\n","protected":false},"author":1,"featured_media":0,"parent":0,"menu_order":0,"comment_status":"closed","ping_status":"closed","template":"","meta":{"ngg_post_thumbnail":0,"jetpack_post_was_ever_published":false,"footnotes":""},"class_list":["post-1523","page","type-page","status-publish","hentry"],"aioseo_notices":[],"jetpack_sharing_enabled":true,"jetpack_shortlink":"https:\/\/wp.me\/P9K7xB-oz","jetpack-related-posts":[{"id":9627,"url":"https:\/\/emblemedequebec.marret.co\/index.php\/a-la-societe-numismatique-de-quebec-s-n-q\/billets-du-50e-anniversaire-2010\/","url_meta":{"origin":1523,"position":0},"title":"Billets du 50e anniversaire (2010)","author":"marretgravereaux","date":"12 ao\u00fbt 2018","format":false,"excerpt":"En 2010, la Soci\u00e9t\u00e9 numismatique de Qu\u00e9bec f\u00eate le 50e\u00a0anniversaire de sa fondation. \u00c0 cette occasion, elle organise diverses activit\u00e9s et \u00e9met des billets dont dix rappellent sommairement l\u2019histoire du club et deux soulignent l\u2019exposition et le banquet ayant lieu pendant les f\u00eates\u2026 S\u00e9rie historique \u00c9mis mensuellement, de novembre\u00a02009 \u00e0\u2026","rel":"","context":"Article similaire","block_context":{"text":"Article similaire","link":""},"img":{"alt_text":"","src":"https:\/\/i0.wp.com\/emblemedequebec.marret.co\/wp-content\/uploads\/2018\/08\/SNQ-50e-Billets-01-10-Avers-NB_wp.jpg?resize=350%2C200","width":350,"height":200},"classes":[]},{"id":7593,"url":"https:\/\/emblemedequebec.marret.co\/index.php\/dans-la-numismatique\/","url_meta":{"origin":1523,"position":1},"title":"&#8230; dans la numismatique","author":"marretgravereaux","date":"13 mars 2018","format":false,"excerpt":"\u00a0 Les premi\u00e8res pi\u00e8ces portant l\u2019embl\u00e8me de Qu\u00e9bec furent \u00e9mises par la Banque de Qu\u00e9bec en 1852\u00a0; cette m\u00eame banque \u00e9mit des billets avec le m\u00eame embl\u00e8me entre 1863 et 1911. De son c\u00f4t\u00e9, la Banque Nationale fut \u00e0 l\u2019origine de billets avec la m\u00eame illustration entre 1860 et 1922.\u2026","rel":"","context":"Article similaire","block_context":{"text":"Article similaire","link":""},"img":{"alt_text":"","src":"https:\/\/i0.wp.com\/emblemedequebec.marret.co\/wp-content\/uploads\/2018\/03\/1102-JLM1-Penny-FR1_wp-1021x1024.jpg?resize=350%2C200","width":350,"height":200},"classes":[]},{"id":7599,"url":"https:\/\/emblemedequebec.marret.co\/index.php\/a-la-societe-numismatique-de-quebec-s-n-q\/","url_meta":{"origin":1523,"position":2},"title":"&#8230; \u00e0 la Soci\u00e9t\u00e9 numismatique de Qu\u00e9bec (S.N.Q.)","author":"marretgravereaux","date":"13 mars 2018","format":false,"excerpt":"Fond\u00e9e en 1960, la Soci\u00e9t\u00e9 numismatique de Qu\u00e9bec adopte comme embl\u00e8me, quelques mois plus tard \u2013 le 21 f\u00e9vrier 1961 -, le dessin apparaissant sur le jeton d\u2019un penny de la Banque de Qu\u00e9bec, lui-m\u00eame inspir\u00e9 de celui de la ville de Qu\u00e9bec. Dans les ann\u00e9es qui suivent, l\u2019on voit\u2026","rel":"","context":"Article similaire","block_context":{"text":"Article similaire","link":""},"img":{"alt_text":"","src":"https:\/\/i0.wp.com\/emblemedequebec.marret.co\/wp-content\/uploads\/2018\/05\/1966-02-08-5e-SNQ-Programme-p2-3-c_wp.jpg?resize=350%2C200","width":350,"height":200},"classes":[]},{"id":9466,"url":"https:\/\/emblemedequebec.marret.co\/index.php\/a-la-societe-numismatique-de-quebec-s-n-q\/medaille-du-congres-de-lassociation-canadienne-de-numismatique-1989\/","url_meta":{"origin":1523,"position":3},"title":"M\u00e9daille du congr\u00e8s de l\u2019Association canadienne de numismatique (1989)","author":"marretgravereaux","date":"8 ao\u00fbt 2018","format":false,"excerpt":"En 1989, la Soci\u00e9t\u00e9 numismatique de Qu\u00e9bec est l\u2019h\u00f4te du Congr\u00e8s annuel de l\u2019Association Canadienne de Numismatique - le plus important \u00e9v\u00e8nement du genre au Canada - et celui-ci a lieu \u00e0 Qu\u00e9bec du 26 au 30 juillet. \u00c0 cette occasion, la Monnaie Royale Canadienne est mandat\u00e9e pour frapper la\u2026","rel":"","context":"Article similaire","block_context":{"text":"Article similaire","link":""},"img":{"alt_text":"","src":"https:\/\/i0.wp.com\/emblemedequebec.marret.co\/wp-content\/uploads\/2018\/08\/SNQ-1989-Congr%C3%A8s-ACN-a-1_wp.jpg?resize=350%2C200","width":350,"height":200},"classes":[]},{"id":9432,"url":"https:\/\/emblemedequebec.marret.co\/index.php\/a-la-societe-numismatique-de-quebec-s-n-q\/medaillons-1984-2010\/","url_meta":{"origin":1523,"position":4},"title":"M\u00e9daillons (1984 \u2013 2010)","author":"marretgravereaux","date":"7 ao\u00fbt 2018","format":false,"excerpt":"Entre 1984 et 2010, la Soci\u00e9t\u00e9 numismatique de Qu\u00e9bec a \u00e9mis des m\u00e9dailles \u00e0 douze reprises pour souligner ses activit\u00e9s et divers anniversaires. Elle fit appel \u00e0 un atelier mon\u00e9taire canadien \u2013 Pressed Metal Products - pour frapper ces pi\u00e8ces. L\u2019avers de celles-ci, le m\u00eame durant toutes ces ann\u00e9es, montre\u2026","rel":"","context":"Article similaire","block_context":{"text":"Article similaire","link":""},"img":{"alt_text":"","src":"https:\/\/i0.wp.com\/emblemedequebec.marret.co\/wp-content\/uploads\/2018\/08\/Revers-M%C3%A9daille-SNQ-2d_wp-1024x1024.jpg?resize=350%2C200","width":350,"height":200},"classes":[]},{"id":9816,"url":"https:\/\/emblemedequebec.marret.co\/index.php\/a-la-societe-numismatique-de-quebec-s-n-q\/epinglettes\/","url_meta":{"origin":1523,"position":5},"title":"\u00c9pinglettes","author":"marretgravereaux","date":"16 ao\u00fbt 2018","format":false,"excerpt":"1988 \u2013 \u00c9pinglette souvenir En 1988, la Soci\u00e9t\u00e9 numismatique de Qu\u00e9bec fait fabrique pour ses membres, une \u00e9pinglette avec l\u2019embl\u00e8me de l\u2019association\u00a0; celle-ci renforce le sentiment d\u2019appartenance et constitue en m\u00eame temps un souvenir\u2026 Donn\u00e9es techniques : Mat\u00e9riau\u00a0: M\u00e9tal couleur argent. Diam\u00e8tre\u00a0: 23\u00a0mm. Fabricant\u00a0: L\u2019\u00c9pinglerie (Candiac, Qu\u00e9bec). Date de fabrication\u00a0:\u2026","rel":"","context":"Article similaire","block_context":{"text":"Article similaire","link":""},"img":{"alt_text":"","src":"https:\/\/i0.wp.com\/emblemedequebec.marret.co\/wp-content\/uploads\/2018\/08\/SNQ-%C3%89pinglette-2010-16_003_1_wp.jpg?resize=350%2C200","width":350,"height":200},"classes":[]}],"_links":{"self":[{"href":"https:\/\/emblemedequebec.marret.co\/index.php\/wp-json\/wp\/v2\/pages\/1523","targetHints":{"allow":["GET"]}}],"collection":[{"href":"https:\/\/emblemedequebec.marret.co\/index.php\/wp-json\/wp\/v2\/pages"}],"about":[{"href":"https:\/\/emblemedequebec.marret.co\/index.php\/wp-json\/wp\/v2\/types\/page"}],"author":[{"embeddable":true,"href":"https:\/\/emblemedequebec.marret.co\/index.php\/wp-json\/wp\/v2\/users\/1"}],"replies":[{"embeddable":true,"href":"https:\/\/emblemedequebec.marret.co\/index.php\/wp-json\/wp\/v2\/comments?post=1523"}],"version-history":[{"count":0,"href":"https:\/\/emblemedequebec.marret.co\/index.php\/wp-json\/wp\/v2\/pages\/1523\/revisions"}],"wp:attachment":[{"href":"https:\/\/emblemedequebec.marret.co\/index.php\/wp-json\/wp\/v2\/media?parent=1523"}],"curies":[{"name":"wp","href":"https:\/\/api.w.org\/{rel}","templated":true}]}}