{"id":10268,"date":"2020-05-28T18:33:41","date_gmt":"2020-05-28T17:33:41","guid":{"rendered":"http:\/\/emblemedequebec.marret.co\/?page_id=10268"},"modified":"2024-10-03T15:00:26","modified_gmt":"2024-10-03T14:00:26","slug":"carnaval-de-quebec-1894","status":"publish","type":"page","link":"https:\/\/emblemedequebec.marret.co\/index.php\/dans-la-numismatique\/exposition-commerciale-de-quebec-1894\/carnaval-de-quebec-1894\/","title":{"rendered":"Carnaval de Qu\u00e9bec (1894)"},"content":{"rendered":"<p><a href=\"https:\/\/i0.wp.com\/emblemedequebec.marret.co\/wp-content\/uploads\/2020\/05\/1521-HC-Carnival-4_wp.jpg?ssl=1\"><img data-recalc-dims=\"1\" loading=\"lazy\" decoding=\"async\" data-attachment-id=\"10523\" data-permalink=\"https:\/\/emblemedequebec.marret.co\/index.php\/dans-la-numismatique\/exposition-commerciale-de-quebec-1894\/carnaval-de-quebec-1894\/1521-jfd-carnival-photoroom-a\/\" data-orig-file=\"https:\/\/i0.wp.com\/emblemedequebec.marret.co\/wp-content\/uploads\/2024\/10\/1521-JFD-Carnival-Photoroom-a.png?fit=762%2C1120&amp;ssl=1\" data-orig-size=\"762,1120\" data-comments-opened=\"1\" data-image-meta=\"{&quot;aperture&quot;:&quot;0&quot;,&quot;credit&quot;:&quot;&quot;,&quot;camera&quot;:&quot;&quot;,&quot;caption&quot;:&quot;&quot;,&quot;created_timestamp&quot;:&quot;0&quot;,&quot;copyright&quot;:&quot;&quot;,&quot;focal_length&quot;:&quot;0&quot;,&quot;iso&quot;:&quot;0&quot;,&quot;shutter_speed&quot;:&quot;0&quot;,&quot;title&quot;:&quot;&quot;,&quot;orientation&quot;:&quot;0&quot;}\" data-image-title=\"1521-JFD Carnival-Photoroom a\" data-image-description=\"\" data-image-caption=\"\" data-medium-file=\"https:\/\/i0.wp.com\/emblemedequebec.marret.co\/wp-content\/uploads\/2024\/10\/1521-JFD-Carnival-Photoroom-a.png?fit=204%2C300&amp;ssl=1\" data-large-file=\"https:\/\/i0.wp.com\/emblemedequebec.marret.co\/wp-content\/uploads\/2024\/10\/1521-JFD-Carnival-Photoroom-a.png?fit=640%2C940&amp;ssl=1\" class=\" wp-image-10523 aligncenter\" src=\"https:\/\/i0.wp.com\/emblemedequebec.marret.co\/wp-content\/uploads\/2024\/10\/1521-JFD-Carnival-Photoroom-a.png?resize=200%2C294&#038;ssl=1\" alt=\"\" width=\"200\" height=\"294\" srcset=\"https:\/\/i0.wp.com\/emblemedequebec.marret.co\/wp-content\/uploads\/2024\/10\/1521-JFD-Carnival-Photoroom-a.png?resize=204%2C300&amp;ssl=1 204w, https:\/\/i0.wp.com\/emblemedequebec.marret.co\/wp-content\/uploads\/2024\/10\/1521-JFD-Carnival-Photoroom-a.png?resize=697%2C1024&amp;ssl=1 697w, https:\/\/i0.wp.com\/emblemedequebec.marret.co\/wp-content\/uploads\/2024\/10\/1521-JFD-Carnival-Photoroom-a.png?w=762&amp;ssl=1 762w\" sizes=\"auto, (max-width: 200px) 100vw, 200px\" \/><\/a><\/p>\n<p style=\"text-align: center;\">~~~~~<\/p>\n<div id=\"attachment_10265\" style=\"width: 260px\" class=\"wp-caption alignright\"><a href=\"https:\/\/i0.wp.com\/emblemedequebec.marret.co\/wp-content\/uploads\/2020\/05\/3511-v3_wp.jpg?ssl=1\"><img data-recalc-dims=\"1\" loading=\"lazy\" decoding=\"async\" aria-describedby=\"caption-attachment-10265\" data-attachment-id=\"10265\" data-permalink=\"https:\/\/emblemedequebec.marret.co\/index.php\/dans-la-numismatique\/exposition-commerciale-de-quebec-1894\/carnaval-de-quebec-1894\/3511-v3_wp\/\" data-orig-file=\"https:\/\/i0.wp.com\/emblemedequebec.marret.co\/wp-content\/uploads\/2020\/05\/3511-v3_wp.jpg?fit=989%2C1417&amp;ssl=1\" data-orig-size=\"989,1417\" data-comments-opened=\"1\" data-image-meta=\"{&quot;aperture&quot;:&quot;0&quot;,&quot;credit&quot;:&quot;&quot;,&quot;camera&quot;:&quot;&quot;,&quot;caption&quot;:&quot;&quot;,&quot;created_timestamp&quot;:&quot;0&quot;,&quot;copyright&quot;:&quot;&quot;,&quot;focal_length&quot;:&quot;0&quot;,&quot;iso&quot;:&quot;0&quot;,&quot;shutter_speed&quot;:&quot;0&quot;,&quot;title&quot;:&quot;&quot;,&quot;orientation&quot;:&quot;1&quot;}\" data-image-title=\"3511-v3_wp\" data-image-description=\"\" data-image-caption=\"&lt;p&gt;Source : Carnival Number of Daily Quebec Telegraph. 1894&lt;\/p&gt;\n\" data-medium-file=\"https:\/\/i0.wp.com\/emblemedequebec.marret.co\/wp-content\/uploads\/2020\/05\/3511-v3_wp.jpg?fit=209%2C300&amp;ssl=1\" data-large-file=\"https:\/\/i0.wp.com\/emblemedequebec.marret.co\/wp-content\/uploads\/2020\/05\/3511-v3_wp.jpg?fit=640%2C917&amp;ssl=1\" class=\" wp-image-10265\" src=\"https:\/\/i0.wp.com\/emblemedequebec.marret.co\/wp-content\/uploads\/2020\/05\/3511-v3_wp.jpg?resize=250%2C359&#038;ssl=1\" alt=\"\" width=\"250\" height=\"359\" data-wp-pid=\"10265\" srcset=\"https:\/\/i0.wp.com\/emblemedequebec.marret.co\/wp-content\/uploads\/2020\/05\/3511-v3_wp.jpg?resize=715%2C1024&amp;ssl=1 715w, https:\/\/i0.wp.com\/emblemedequebec.marret.co\/wp-content\/uploads\/2020\/05\/3511-v3_wp.jpg?resize=209%2C300&amp;ssl=1 209w, https:\/\/i0.wp.com\/emblemedequebec.marret.co\/wp-content\/uploads\/2020\/05\/3511-v3_wp.jpg?resize=768%2C1100&amp;ssl=1 768w, https:\/\/i0.wp.com\/emblemedequebec.marret.co\/wp-content\/uploads\/2020\/05\/3511-v3_wp.jpg?resize=800%2C1146&amp;ssl=1 800w, https:\/\/i0.wp.com\/emblemedequebec.marret.co\/wp-content\/uploads\/2020\/05\/3511-v3_wp.jpg?w=989&amp;ssl=1 989w\" sizes=\"auto, (max-width: 250px) 100vw, 250px\" \/><\/a><p id=\"caption-attachment-10265\" class=\"wp-caption-text\"><span style=\"font-size: 10pt;\"><em>Source : Carnival Number of Daily Quebec Telegraph. 1894.<\/em><\/span><\/p><\/div>\n<p style=\"text-align: left;\">En 1893 &#8211; et alors que la ville est durement affect\u00e9e par le d\u00e9clin de ses activit\u00e9s portuaires -, Frank Carrel lance un appel dans le <em>Quebec Daily Telegraph<\/em> (dont il est propri\u00e9taire) pour que l\u2019on organise un carnaval l\u2019hiver suivant&nbsp;; le succ\u00e8s rencontr\u00e9 \u00e0 Montr\u00e9al l\u2019a inspir\u00e9 et il convainc le milieu des affaires en \u00e9voquant les retomb\u00e9es financi\u00e8res \u00e0 venir.<\/p>\n<p>Le premier grand carnaval d\u2019hiver voit donc le jour \u00e0 Qu\u00e9bec en 1894, s\u2019y d\u00e9roulant du lundi 29&nbsp;janvier au samedi 3&nbsp;f\u00e9vrier. Un architecte r\u00e9put\u00e9 a \u00e9lev\u00e9 un palais de glace et les habitants des diff\u00e9rents quartiers ont d\u00e9cor\u00e9 les rues avec de grandes arches ainsi que des sculptures de glace&nbsp;; les monuments sont illumin\u00e9s le soir&#8230;<\/p>\n<p>&nbsp;<\/p>\n<div id=\"attachment_10264\" style=\"width: 260px\" class=\"wp-caption alignleft\"><a href=\"https:\/\/i0.wp.com\/emblemedequebec.marret.co\/wp-content\/uploads\/2020\/05\/1894-02-10-Le-Monde-illustr%C3%A9_wp.jpg?ssl=1\"><img data-recalc-dims=\"1\" loading=\"lazy\" decoding=\"async\" aria-describedby=\"caption-attachment-10264\" data-attachment-id=\"10264\" data-permalink=\"https:\/\/emblemedequebec.marret.co\/index.php\/dans-la-numismatique\/exposition-commerciale-de-quebec-1894\/carnaval-de-quebec-1894\/1894-02-10-le-monde-illustre_wp\/\" data-orig-file=\"https:\/\/i0.wp.com\/emblemedequebec.marret.co\/wp-content\/uploads\/2020\/05\/1894-02-10-Le-Monde-illustr%C3%A9_wp.jpg?fit=867%2C1181&amp;ssl=1\" data-orig-size=\"867,1181\" data-comments-opened=\"1\" data-image-meta=\"{&quot;aperture&quot;:&quot;0&quot;,&quot;credit&quot;:&quot;&quot;,&quot;camera&quot;:&quot;&quot;,&quot;caption&quot;:&quot;&quot;,&quot;created_timestamp&quot;:&quot;1401544438&quot;,&quot;copyright&quot;:&quot;&quot;,&quot;focal_length&quot;:&quot;0&quot;,&quot;iso&quot;:&quot;0&quot;,&quot;shutter_speed&quot;:&quot;0&quot;,&quot;title&quot;:&quot;&quot;,&quot;orientation&quot;:&quot;1&quot;}\" data-image-title=\"1894-02-10 Le Monde illustr\u00e9_wp\" data-image-description=\"\" data-image-caption=\"&lt;p&gt;Source : Le Monde illustr\u00e9. 10 f\u00e9vrier 1894.&lt;\/p&gt;\n\" data-medium-file=\"https:\/\/i0.wp.com\/emblemedequebec.marret.co\/wp-content\/uploads\/2020\/05\/1894-02-10-Le-Monde-illustr%C3%A9_wp.jpg?fit=220%2C300&amp;ssl=1\" data-large-file=\"https:\/\/i0.wp.com\/emblemedequebec.marret.co\/wp-content\/uploads\/2020\/05\/1894-02-10-Le-Monde-illustr%C3%A9_wp.jpg?fit=640%2C871&amp;ssl=1\" class=\" wp-image-10264\" src=\"https:\/\/i0.wp.com\/emblemedequebec.marret.co\/wp-content\/uploads\/2020\/05\/1894-02-10-Le-Monde-illustr%C3%A9_wp.jpg?resize=250%2C340&#038;ssl=1\" alt=\"\" width=\"250\" height=\"340\" data-wp-pid=\"10264\" srcset=\"https:\/\/i0.wp.com\/emblemedequebec.marret.co\/wp-content\/uploads\/2020\/05\/1894-02-10-Le-Monde-illustr%C3%A9_wp.jpg?resize=752%2C1024&amp;ssl=1 752w, https:\/\/i0.wp.com\/emblemedequebec.marret.co\/wp-content\/uploads\/2020\/05\/1894-02-10-Le-Monde-illustr%C3%A9_wp.jpg?resize=220%2C300&amp;ssl=1 220w, https:\/\/i0.wp.com\/emblemedequebec.marret.co\/wp-content\/uploads\/2020\/05\/1894-02-10-Le-Monde-illustr%C3%A9_wp.jpg?resize=768%2C1046&amp;ssl=1 768w, https:\/\/i0.wp.com\/emblemedequebec.marret.co\/wp-content\/uploads\/2020\/05\/1894-02-10-Le-Monde-illustr%C3%A9_wp.jpg?resize=800%2C1090&amp;ssl=1 800w, https:\/\/i0.wp.com\/emblemedequebec.marret.co\/wp-content\/uploads\/2020\/05\/1894-02-10-Le-Monde-illustr%C3%A9_wp.jpg?w=867&amp;ssl=1 867w\" sizes=\"auto, (max-width: 250px) 100vw, 250px\" \/><\/a><p id=\"caption-attachment-10264\" class=\"wp-caption-text\"><span style=\"font-size: 10pt;\"><em>Source : Le Monde illustr\u00e9. 10 f\u00e9vrier 1894.<\/em><\/span><\/p><\/div>\n<p>&nbsp;<\/p>\n<p>&nbsp;<\/p>\n<p>Le comit\u00e9 organisateur a mis au programme des comp\u00e9titions sportives et des spectacles dans diff\u00e9rents domaines&nbsp;: curling, hockey, patinage artistique, souque \u00e0 la corde&nbsp;; courses de canots de glace, de raquette ou de chevaux.<\/p>\n<p>S\u2019y ajoutent \u00e9videmment un d\u00e9fil\u00e9, un bal et un feu d\u2019artifice.<\/p>\n<p style=\"text-align: center;\">~~~~~~~<\/p>\n<p>&nbsp;<\/p>\n<p>&nbsp;<\/p>\n<p>\u00c0 l\u2019occasion de ce Carnaval, les organisateurs font frapper une m\u00e9daille par la Maison de joaillerie <em>Gustave Seifert<\/em>.<\/p>\n<p style=\"padding-left: 40px;\"><em>M\u00e9tal<\/em>&nbsp;: Argent (Sterling)<br \/>\n<em>Diam\u00e8tre de la m\u00e9daille<\/em>&nbsp;: 47&nbsp;mm.<br \/>\n<em>Atelier<\/em>&nbsp;: Seifert<br \/>\n<em>Inscriptions<\/em>&nbsp;:<br \/>\n&nbsp; &nbsp; &nbsp;Avers : &nbsp;&nbsp;&nbsp;&nbsp;&nbsp;&nbsp;&nbsp;&nbsp;&nbsp; Quebec Winter Carnival \/ 1894<br \/>\n&nbsp; &nbsp; &nbsp;Revers : &nbsp;&nbsp;&nbsp;&nbsp;&nbsp;&nbsp;&nbsp; L. S. Brown (gravure) \/ Seifert \/ Sterling<br \/>\n&nbsp; &nbsp; &nbsp;Barrette: &nbsp;&nbsp;&nbsp;&nbsp;&nbsp;&nbsp; Sterling<\/p>\n<p style=\"text-align: center;\"><img data-recalc-dims=\"1\" loading=\"lazy\" decoding=\"async\" data-attachment-id=\"10521\" data-permalink=\"https:\/\/emblemedequebec.marret.co\/index.php\/dans-la-numismatique\/exposition-commerciale-de-quebec-1894\/carnaval-de-quebec-1894\/1521-hc-carnival-1-photoroom-a\/\" data-orig-file=\"https:\/\/i0.wp.com\/emblemedequebec.marret.co\/wp-content\/uploads\/2024\/10\/1521-HC-Carnival-1-Photoroom-a.png?fit=804%2C1058&amp;ssl=1\" data-orig-size=\"804,1058\" data-comments-opened=\"1\" data-image-meta=\"{&quot;aperture&quot;:&quot;0&quot;,&quot;credit&quot;:&quot;&quot;,&quot;camera&quot;:&quot;&quot;,&quot;caption&quot;:&quot;&quot;,&quot;created_timestamp&quot;:&quot;0&quot;,&quot;copyright&quot;:&quot;&quot;,&quot;focal_length&quot;:&quot;0&quot;,&quot;iso&quot;:&quot;0&quot;,&quot;shutter_speed&quot;:&quot;0&quot;,&quot;title&quot;:&quot;&quot;,&quot;orientation&quot;:&quot;0&quot;}\" data-image-title=\"1521-HC Carnival 1-Photoroom a\" data-image-description=\"\" data-image-caption=\"\" data-medium-file=\"https:\/\/i0.wp.com\/emblemedequebec.marret.co\/wp-content\/uploads\/2024\/10\/1521-HC-Carnival-1-Photoroom-a.png?fit=228%2C300&amp;ssl=1\" data-large-file=\"https:\/\/i0.wp.com\/emblemedequebec.marret.co\/wp-content\/uploads\/2024\/10\/1521-HC-Carnival-1-Photoroom-a.png?fit=640%2C842&amp;ssl=1\" class=\"alignnone wp-image-10521\" src=\"https:\/\/i0.wp.com\/emblemedequebec.marret.co\/wp-content\/uploads\/2024\/10\/1521-HC-Carnival-1-Photoroom-a.png?resize=200%2C263&#038;ssl=1\" alt=\"\" width=\"200\" height=\"263\" srcset=\"https:\/\/i0.wp.com\/emblemedequebec.marret.co\/wp-content\/uploads\/2024\/10\/1521-HC-Carnival-1-Photoroom-a.png?resize=228%2C300&amp;ssl=1 228w, https:\/\/i0.wp.com\/emblemedequebec.marret.co\/wp-content\/uploads\/2024\/10\/1521-HC-Carnival-1-Photoroom-a.png?resize=778%2C1024&amp;ssl=1 778w, https:\/\/i0.wp.com\/emblemedequebec.marret.co\/wp-content\/uploads\/2024\/10\/1521-HC-Carnival-1-Photoroom-a.png?resize=768%2C1011&amp;ssl=1 768w, https:\/\/i0.wp.com\/emblemedequebec.marret.co\/wp-content\/uploads\/2024\/10\/1521-HC-Carnival-1-Photoroom-a.png?w=804&amp;ssl=1 804w\" sizes=\"auto, (max-width: 200px) 100vw, 200px\" \/> &nbsp; &nbsp;<img data-recalc-dims=\"1\" loading=\"lazy\" decoding=\"async\" data-attachment-id=\"10522\" data-permalink=\"https:\/\/emblemedequebec.marret.co\/index.php\/dans-la-numismatique\/exposition-commerciale-de-quebec-1894\/carnaval-de-quebec-1894\/1521-hc-carnival-2-photoroom-a\/\" data-orig-file=\"https:\/\/i0.wp.com\/emblemedequebec.marret.co\/wp-content\/uploads\/2024\/10\/1521-HC-Carnival-2-Photoroom-a.png?fit=748%2C1088&amp;ssl=1\" data-orig-size=\"748,1088\" data-comments-opened=\"1\" data-image-meta=\"{&quot;aperture&quot;:&quot;0&quot;,&quot;credit&quot;:&quot;&quot;,&quot;camera&quot;:&quot;&quot;,&quot;caption&quot;:&quot;&quot;,&quot;created_timestamp&quot;:&quot;0&quot;,&quot;copyright&quot;:&quot;&quot;,&quot;focal_length&quot;:&quot;0&quot;,&quot;iso&quot;:&quot;0&quot;,&quot;shutter_speed&quot;:&quot;0&quot;,&quot;title&quot;:&quot;&quot;,&quot;orientation&quot;:&quot;0&quot;}\" data-image-title=\"1521-HC Carnival 2-Photoroom a\" data-image-description=\"\" data-image-caption=\"\" data-medium-file=\"https:\/\/i0.wp.com\/emblemedequebec.marret.co\/wp-content\/uploads\/2024\/10\/1521-HC-Carnival-2-Photoroom-a.png?fit=206%2C300&amp;ssl=1\" data-large-file=\"https:\/\/i0.wp.com\/emblemedequebec.marret.co\/wp-content\/uploads\/2024\/10\/1521-HC-Carnival-2-Photoroom-a.png?fit=640%2C931&amp;ssl=1\" class=\"alignnone wp-image-10522\" src=\"https:\/\/i0.wp.com\/emblemedequebec.marret.co\/wp-content\/uploads\/2024\/10\/1521-HC-Carnival-2-Photoroom-a.png?resize=174%2C253&#038;ssl=1\" alt=\"\" width=\"174\" height=\"253\" srcset=\"https:\/\/i0.wp.com\/emblemedequebec.marret.co\/wp-content\/uploads\/2024\/10\/1521-HC-Carnival-2-Photoroom-a.png?resize=206%2C300&amp;ssl=1 206w, https:\/\/i0.wp.com\/emblemedequebec.marret.co\/wp-content\/uploads\/2024\/10\/1521-HC-Carnival-2-Photoroom-a.png?resize=704%2C1024&amp;ssl=1 704w, https:\/\/i0.wp.com\/emblemedequebec.marret.co\/wp-content\/uploads\/2024\/10\/1521-HC-Carnival-2-Photoroom-a.png?w=748&amp;ssl=1 748w\" sizes=\"auto, (max-width: 174px) 100vw, 174px\" \/><\/p>\n<p>L\u2019un des exemplaires de celle-ci, en argent, porte, grav\u00e9, le nom de <em>L.S.&nbsp;Brown<\/em>. Celui-ci \u00e9tait-il un organisateur, un dignitaire, le r\u00e9cipiendaire d\u2019un prix ou le gagnant d\u2019un concours ? Toute personne pouvant fournir des informations \u00e0 ce sujet est invit\u00e9e \u00e0 <a title=\"Contact \u00e9dimestre\" href=\"https:\/\/emblemedequebec.marret.co\/index.php\/contact-edimestre\/\" target=\"_blank\" rel=\"noopener noreferrer\">communiquer avec l&rsquo;\u00e9dimestre<\/a> de ce site.<\/p>\n<div id=\"attachment_10266\" style=\"width: 410px\" class=\"wp-caption aligncenter\"><a href=\"https:\/\/i0.wp.com\/emblemedequebec.marret.co\/wp-content\/uploads\/2020\/05\/3519-v3a_wp.jpg?ssl=1\"><img data-recalc-dims=\"1\" loading=\"lazy\" decoding=\"async\" aria-describedby=\"caption-attachment-10266\" data-attachment-id=\"10266\" data-permalink=\"https:\/\/emblemedequebec.marret.co\/index.php\/dans-la-numismatique\/exposition-commerciale-de-quebec-1894\/carnaval-de-quebec-1894\/3519-v3a_wp\/\" data-orig-file=\"https:\/\/i0.wp.com\/emblemedequebec.marret.co\/wp-content\/uploads\/2020\/05\/3519-v3a_wp.jpg?fit=994%2C472&amp;ssl=1\" data-orig-size=\"994,472\" data-comments-opened=\"1\" data-image-meta=\"{&quot;aperture&quot;:&quot;0&quot;,&quot;credit&quot;:&quot;&quot;,&quot;camera&quot;:&quot;&quot;,&quot;caption&quot;:&quot;&quot;,&quot;created_timestamp&quot;:&quot;0&quot;,&quot;copyright&quot;:&quot;&quot;,&quot;focal_length&quot;:&quot;0&quot;,&quot;iso&quot;:&quot;0&quot;,&quot;shutter_speed&quot;:&quot;0&quot;,&quot;title&quot;:&quot;&quot;,&quot;orientation&quot;:&quot;1&quot;}\" data-image-title=\"3519-v3a_wp\" data-image-description=\"\" data-image-caption=\"&lt;p&gt;Source : Carnival Number of Daily Quebec Telegraph. 1894&lt;\/p&gt;\n\" data-medium-file=\"https:\/\/i0.wp.com\/emblemedequebec.marret.co\/wp-content\/uploads\/2020\/05\/3519-v3a_wp.jpg?fit=300%2C142&amp;ssl=1\" data-large-file=\"https:\/\/i0.wp.com\/emblemedequebec.marret.co\/wp-content\/uploads\/2020\/05\/3519-v3a_wp.jpg?fit=640%2C304&amp;ssl=1\" class=\" wp-image-10266\" src=\"https:\/\/i0.wp.com\/emblemedequebec.marret.co\/wp-content\/uploads\/2020\/05\/3519-v3a_wp.jpg?resize=400%2C190&#038;ssl=1\" alt=\"\" width=\"400\" height=\"190\" data-wp-pid=\"10266\" srcset=\"https:\/\/i0.wp.com\/emblemedequebec.marret.co\/wp-content\/uploads\/2020\/05\/3519-v3a_wp.jpg?w=994&amp;ssl=1 994w, https:\/\/i0.wp.com\/emblemedequebec.marret.co\/wp-content\/uploads\/2020\/05\/3519-v3a_wp.jpg?resize=300%2C142&amp;ssl=1 300w, https:\/\/i0.wp.com\/emblemedequebec.marret.co\/wp-content\/uploads\/2020\/05\/3519-v3a_wp.jpg?resize=768%2C365&amp;ssl=1 768w, https:\/\/i0.wp.com\/emblemedequebec.marret.co\/wp-content\/uploads\/2020\/05\/3519-v3a_wp.jpg?resize=800%2C380&amp;ssl=1 800w\" sizes=\"auto, (max-width: 400px) 100vw, 400px\" \/><\/a><p id=\"caption-attachment-10266\" class=\"wp-caption-text\"><span style=\"font-size: 10pt;\"><em>Source : Carnival Number of Daily Quebec Telegraph. 1894.<\/em><\/span><\/p><\/div>\n","protected":false},"excerpt":{"rendered":"<p>~~~~~ En 1893 &#8211; et alors que la ville est durement affect\u00e9e par le d\u00e9clin de ses activit\u00e9s portuaires -, Frank Carrel lance un appel dans le Quebec Daily Telegraph (dont il est propri\u00e9taire) pour que l\u2019on organise un carnaval &hellip; <a href=\"https:\/\/emblemedequebec.marret.co\/index.php\/dans-la-numismatique\/exposition-commerciale-de-quebec-1894\/carnaval-de-quebec-1894\/\">Continuer la lecture <span class=\"meta-nav\">&rarr;<\/span><\/a><\/p>\n","protected":false},"author":1,"featured_media":0,"parent":8701,"menu_order":0,"comment_status":"closed","ping_status":"closed","template":"","meta":{"ngg_post_thumbnail":0,"jetpack_post_was_ever_published":false,"footnotes":""},"class_list":["post-10268","page","type-page","status-publish","hentry"],"aioseo_notices":[],"jetpack_sharing_enabled":true,"jetpack_shortlink":"https:\/\/wp.me\/P9K7xB-2FC","jetpack-related-posts":[{"id":7593,"url":"https:\/\/emblemedequebec.marret.co\/index.php\/dans-la-numismatique\/","url_meta":{"origin":10268,"position":0},"title":"&#8230; dans la numismatique","author":"marretgravereaux","date":"13 mars 2018","format":false,"excerpt":"\u00a0 Les premi\u00e8res pi\u00e8ces portant l\u2019embl\u00e8me de Qu\u00e9bec furent \u00e9mises par la Banque de Qu\u00e9bec en 1852\u00a0; cette m\u00eame banque \u00e9mit des billets avec le m\u00eame embl\u00e8me entre 1863 et 1911. De son c\u00f4t\u00e9, la Banque Nationale fut \u00e0 l\u2019origine de billets avec la m\u00eame illustration entre 1860 et 1922.\u2026","rel":"","context":"Article similaire","block_context":{"text":"Article similaire","link":""},"img":{"alt_text":"","src":"https:\/\/i0.wp.com\/emblemedequebec.marret.co\/wp-content\/uploads\/2018\/03\/1102-JLM1-Penny-FR1_wp-1021x1024.jpg?resize=350%2C200","width":350,"height":200},"classes":[]},{"id":8658,"url":"https:\/\/emblemedequebec.marret.co\/index.php\/dans-la-numismatique\/mardi-gras-carnaval-de-quebec-1912\/","url_meta":{"origin":10268,"position":1},"title":"Mardi Gras \u2013 Carnaval de Qu\u00e9bec (1912)","author":"marretgravereaux","date":"20 avril 2018","format":false,"excerpt":"Le premier grand carnaval d\u2019hiver a vu le jour \u00e0 Qu\u00e9bec en 1894. Depuis, il a eu lieu r\u00e9guli\u00e8rement, sauf au moment des guerres mondiales et lors de la crise \u00e9conomique de 1929. Mais certaines de ces f\u00eates ont eu plus d\u2019ampleur et sont rest\u00e9es longtemps grav\u00e9es dans les m\u00e9moires.\u2026","rel":"","context":"Article similaire","block_context":{"text":"Article similaire","link":""},"img":{"alt_text":"","src":"https:\/\/i0.wp.com\/emblemedequebec.marret.co\/wp-content\/uploads\/2018\/04\/1912-Carnaval-de-Qu%C3%A9bec-Affiche-1a_wp.jpg?resize=350%2C200","width":350,"height":200},"classes":[]},{"id":8701,"url":"https:\/\/emblemedequebec.marret.co\/index.php\/dans-la-numismatique\/exposition-commerciale-de-quebec-1894\/","url_meta":{"origin":10268,"position":2},"title":"Exposition commerciale de Qu\u00e9bec (1894)","author":"marretgravereaux","date":"22 avril 2018","format":false,"excerpt":"La premi\u00e8re exposition agricole de Qu\u00e9bec, organis\u00e9e par la Soci\u00e9t\u00e9 d'agriculture de Qu\u00e9bec, se tient les 20 et 21 octobre 1818. Mais il faut attendre 1854 pour que Qu\u00e9bec mette sur pied une exposition d\u2019envergure r\u00e9ellement provinciale et visant \u00e0 promouvoir l\u2019agriculture, l\u2019industrie et le commerce. Cet \u00e9v\u00e8nement aurait d\u00fb\u2026","rel":"","context":"Article similaire","block_context":{"text":"Article similaire","link":""},"img":{"alt_text":"","src":"https:\/\/i0.wp.com\/emblemedequebec.marret.co\/wp-content\/uploads\/2018\/04\/Exposition-provinciale-1894_wp-1024x601.jpg?resize=350%2C200","width":350,"height":200},"classes":[]},{"id":8922,"url":"https:\/\/emblemedequebec.marret.co\/index.php\/sur-des-bijoux\/quebec-curling-club\/","url_meta":{"origin":10268,"position":3},"title":"Quebec Curling Club","author":"marretgravereaux","date":"1 mai 2018","format":false,"excerpt":"Le curling se joue \u00e0 l'origine sur des surfaces glac\u00e9es naturelles, telles, \u00e0 Qu\u00e9bec, le Saint-Laurent ou la rivi\u00e8re Saint-Charles. Mais, \u00e0 l\u2019initiative des \u00c9cossais le Quebec Curling Club voit le jour en 1821 et, au d\u00e9but, seuls des fils et des filles d'\u00c9cossais peuvent en devenir membres. Apr\u00e8s Montr\u00e9al\u2026","rel":"","context":"Dans &quot;Non class\u00e9&quot;","block_context":{"text":"Non class\u00e9","link":"https:\/\/emblemedequebec.marret.co\/index.php\/category\/non-classe\/"},"img":{"alt_text":"","src":"https:\/\/i0.wp.com\/emblemedequebec.marret.co\/wp-content\/uploads\/2018\/04\/2321-MMC-M930_50_1_638_wp.jpg?resize=350%2C200","width":350,"height":200},"classes":[]},{"id":9079,"url":"https:\/\/emblemedequebec.marret.co\/index.php\/sur-des-imprimes\/city-district-telegraph-company\/","url_meta":{"origin":10268,"position":4},"title":"City District Telegraph Company","author":"marretgravereaux","date":"6 mai 2018","format":false,"excerpt":"N\u00e9 en 1927 \u00e0 Breslau (Prusse) - aujourd\u2019hui Wroclaw, en Pologne - Sigismund Mohr aurait obtenu dans cette m\u00eame ville un dipl\u00f4me d\u2019ing\u00e9nieur en \u00e9lectricit\u00e9. Apr\u00e8s avoir r\u00e9sid\u00e9 \u00e0 Londres, il s\u2019\u00e9tablit \u00e0 Qu\u00e9bec vers 1871. Ses d\u00e9buts commerciaux s\u2019av\u00e8rent difficiles, mais il finit par obtenir du conseil municipal de\u2026","rel":"","context":"Article similaire","block_context":{"text":"Article similaire","link":""},"img":{"alt_text":"","src":"https:\/\/i0.wp.com\/emblemedequebec.marret.co\/wp-content\/uploads\/2018\/05\/City-District-Telegraph-Company-1-1e_wp.jpg?resize=350%2C200","width":350,"height":200},"classes":[]},{"id":9053,"url":"https:\/\/emblemedequebec.marret.co\/index.php\/a-la-ville-de-quebec\/les-fauteuils-des-maires\/","url_meta":{"origin":10268,"position":5},"title":"Les fauteuils des maires","author":"marretgravereaux","date":"4 mai 2018","format":false,"excerpt":"Premier officier du conseil municipal, le maire dispose souvent d\u2019un si\u00e8ge distinctif. Il semblerait qu\u2019\u00e0 Qu\u00e9bec, l\u2019on ait pendant longtemps fait fabriquer par des \u00e9b\u00e9nistes un fauteuil particulier pour chaque maire et que celui-ci pouvait, s\u2019il le d\u00e9sirait, l\u2019emporter avec lui lorsqu\u2019il abandonnait ses fonctions. Et sur tous ceux dont\u2026","rel":"","context":"Article similaire","block_context":{"text":"Article similaire","link":""},"img":{"alt_text":"","src":"https:\/\/i0.wp.com\/emblemedequebec.marret.co\/wp-content\/uploads\/2018\/05\/1896-08-21-La-Presse-p1b.jpg?resize=350%2C200","width":350,"height":200,"srcset":"https:\/\/i0.wp.com\/emblemedequebec.marret.co\/wp-content\/uploads\/2018\/05\/1896-08-21-La-Presse-p1b.jpg?resize=350%2C200 1x, https:\/\/i0.wp.com\/emblemedequebec.marret.co\/wp-content\/uploads\/2018\/05\/1896-08-21-La-Presse-p1b.jpg?resize=525%2C300 1.5x, https:\/\/i0.wp.com\/emblemedequebec.marret.co\/wp-content\/uploads\/2018\/05\/1896-08-21-La-Presse-p1b.jpg?resize=700%2C400 2x"},"classes":[]}],"_links":{"self":[{"href":"https:\/\/emblemedequebec.marret.co\/index.php\/wp-json\/wp\/v2\/pages\/10268","targetHints":{"allow":["GET"]}}],"collection":[{"href":"https:\/\/emblemedequebec.marret.co\/index.php\/wp-json\/wp\/v2\/pages"}],"about":[{"href":"https:\/\/emblemedequebec.marret.co\/index.php\/wp-json\/wp\/v2\/types\/page"}],"author":[{"embeddable":true,"href":"https:\/\/emblemedequebec.marret.co\/index.php\/wp-json\/wp\/v2\/users\/1"}],"replies":[{"embeddable":true,"href":"https:\/\/emblemedequebec.marret.co\/index.php\/wp-json\/wp\/v2\/comments?post=10268"}],"version-history":[{"count":9,"href":"https:\/\/emblemedequebec.marret.co\/index.php\/wp-json\/wp\/v2\/pages\/10268\/revisions"}],"predecessor-version":[{"id":10545,"href":"https:\/\/emblemedequebec.marret.co\/index.php\/wp-json\/wp\/v2\/pages\/10268\/revisions\/10545"}],"up":[{"embeddable":true,"href":"https:\/\/emblemedequebec.marret.co\/index.php\/wp-json\/wp\/v2\/pages\/8701"}],"wp:attachment":[{"href":"https:\/\/emblemedequebec.marret.co\/index.php\/wp-json\/wp\/v2\/media?parent=10268"}],"curies":[{"name":"wp","href":"https:\/\/api.w.org\/{rel}","templated":true}]}}